{"id":101,"date":"2015-04-20T02:16:22","date_gmt":"2015-04-20T05:16:22","guid":{"rendered":"http:\/\/www.viajeraeditorial.com.ar\/?page_id=101"},"modified":"2020-11-02T21:02:39","modified_gmt":"2020-11-03T00:02:39","slug":"natalia-monsegur","status":"publish","type":"page","link":"https:\/\/viajeraeditorial.ar\/blog\/catalogo\/natalia-monsegur\/","title":{"rendered":"Natalia Monsegur"},"content":{"rendered":"<p><a href=\"http:\/\/www.viajeraeditorial.ar\/blog\/wp-content\/uploads\/2015\/04\/fotonataliamonsegur.jpg\"><img loading=\"lazy\" class=\"alignright size-full wp-image-511\" src=\"http:\/\/www.viajeraeditorial.ar\/blog\/wp-content\/uploads\/2015\/04\/fotonataliamonsegur.jpg\" alt=\"Natalia Monsegur\" width=\"350\" height=\"350\" \/><\/a>Naci\u00f3 el 1 de junio de 1983 en Barcelona, Espa\u00f1a. En 1992, su familia decidi\u00f3 volver a Buenos Aires y, desde entonces, vive ac\u00e1. Aunque porte\u00f1a como cualquiera, por cuestiones burocr\u00e1ticas nunca dej\u00f3 de ser una residente extranjera.<\/p>\n<p>En general, viajar le proporciona un tema para escribir, recurriendo una y otra vez a un lugar donde todo termina siendo una\u00a0<em>road movie<\/em>, como le dijeron algunos. Adem\u00e1s, tambi\u00e9n es una de las actividades que m\u00e1s legusta hacer y m\u00e1s le gusta pensar.<\/p>\n<p>En lo que se refiere a la profesi\u00f3n, es licenciada en Letras por la Universidad de Buenos Aires y se encuenta cursando el profesorado. Fue co-coordinadora de un taller de escritura y trabaja, en el presente, como correctora eventual y docente.<\/p>\n<p>Con respecto a la escritura, asiste hace varios a\u00f1os al taller\u00a0<em>Tangerina<\/em>\u00a0que coordina Ana Guillot, y\u00a0tambi\u00e9n estudi\u00f3 gui\u00f3n cinematogr\u00e1fico.<\/p>\n<p>Con estos poemas, particip\u00f3 en concursos y los hizo circular en lecturas, y musicalmente con guitarras, en bares y encuentros, introduciendo bandas de amigos, o leyendo sobre m\u00fasica improvisada.<\/p>\n<p><span style=\"text-decoration: underline;\"><strong>En Viajera<\/strong><\/span><\/p>\n<p style=\"padding-left: 30px;\"><a href=\"http:\/\/www.viajeraeditorial.ar\/blog\/descubrir\/casa-de-viaje\/\"><img loading=\"lazy\" class=\"alignnone size-full wp-image-4530\" src=\"http:\/\/www.viajeraeditorial.ar\/blog\/wp-content\/uploads\/2015\/03\/casadeviajetapa_tn20.jpg\" alt=\"Casa de Viaje\" width=\"13\" height=\"20\" \/><\/a>\u00a0<a href=\"http:\/\/www.viajeraeditorial.ar\/blog\/descubrir\/casa-de-viaje\/\">Casa de Viaje<\/a> (<a href=\"http:\/\/www.viajeraeditorial.ar\/blog\/descubrir\/\">Descubrir<\/a>, 2010)<\/p>\n<p><span style=\"text-decoration: underline;\"><strong>Contenido sobre Natalia<\/strong><\/span><\/p>\n<ul class = \"posts-by-tag-list\"><li class=\"posts-by-tag-item Minuto Magdalena Natalia Monsegur\" id=\"posts-by-tag-item-415\"><a class = \"posts-by-tag-item-title\" href=\"https:\/\/viajeraeditorial.ar\/blog\/2014\/08\/natalia-monsegur-minuto-magdalena\/\">Natalia Monsegur: Minuto Magdalena<\/a><\/li><li class=\"posts-by-tag-item Apariciones P\u00fablicas Karina Macci\u00f3 Natalia Monsegur\" id=\"posts-by-tag-item-417\"><a class = \"posts-by-tag-item-title\" href=\"https:\/\/viajeraeditorial.ar\/blog\/2014\/08\/este-jueves-karina-maccio-y-natalia-monsegur\/\">Este jueves: Karina Macci\u00f3 y Natalia Monsegur<\/a><\/li><li class=\"posts-by-tag-item Apariciones P\u00fablicas Casa de Viaje Natalia Monsegur Viajera\" id=\"posts-by-tag-item-2181\"><a class = \"posts-by-tag-item-title\" href=\"https:\/\/viajeraeditorial.ar\/blog\/2014\/07\/pablo-milani-entrevista-a-natalia-monsegur\/\">Pablo Milani entrevista a Natalia Monsegur<\/a><\/li><li class=\"posts-by-tag-item Alejo Steimberg Eugenia Coiro Fabio Rivas Rivera Jan De Jager Juan Rearte Karina Macci\u00f3 Lorena Garc\u00eda Mario Nosotti Natalia Monsegur Viajera\" id=\"posts-by-tag-item-2183\"><a class = \"posts-by-tag-item-title\" href=\"https:\/\/viajeraeditorial.ar\/blog\/2014\/07\/musicalpoesia-247-en-rechazando-coimas\/\">musicalpoes\u00eda! 24\/7 en Rechazando Coimas<\/a><\/li><li class=\"posts-by-tag-item Minuto Magdalena Natalia Monsegur Viajera\" id=\"posts-by-tag-item-2209\"><a class = \"posts-by-tag-item-title\" href=\"https:\/\/viajeraeditorial.ar\/blog\/2014\/06\/natalia-monsegur-minuto-magdalena-2\/\">Natalia Monsegur: Minuto Magdalena<\/a><\/li><li class=\"posts-by-tag-item Casa de Viaje Minuto Magdalena Natalia Monsegur\" id=\"posts-by-tag-item-2062\"><a class = \"posts-by-tag-item-title\" href=\"https:\/\/viajeraeditorial.ar\/blog\/2014\/05\/natalia-monsegur-minuto-magdalena-3\/\">Natalia Monsegur - Minuto Magdalena<\/a><\/li><li class=\"posts-by-tag-item Casa de Viaje Natalia Monsegur Viajera\" id=\"posts-by-tag-item-2079\"><a class = \"posts-by-tag-item-title\" href=\"https:\/\/viajeraeditorial.ar\/blog\/2014\/04\/una-bandada-de-pajaros-natalia-monsegur\/\">una bandada de p\u00e1jaros - Natalia Monsegur<\/a><\/li><li class=\"posts-by-tag-item Casa de Viaje Natalia Monsegur Viajera\" id=\"posts-by-tag-item-972\"><a class = \"posts-by-tag-item-title\" href=\"https:\/\/viajeraeditorial.ar\/blog\/2013\/12\/el-calor-fue-rotundo-natalia-monsegur\/\">el calor fue rotundo - Natalia Monsegur<\/a><\/li><li class=\"posts-by-tag-item Casa de Viaje Natalia Monsegur Viajera\" id=\"posts-by-tag-item-1234\"><a class = \"posts-by-tag-item-title\" href=\"https:\/\/viajeraeditorial.ar\/blog\/2013\/08\/sobre-casa-de-viaje-de-natalia-monsegur\/\">Sobre \"Casa de Viaje\" de Natalia Monsegur<\/a><\/li><li class=\"posts-by-tag-item Amor Casa de Viaje Natalia Monsegur Viajera\" id=\"posts-by-tag-item-1304\"><a class = \"posts-by-tag-item-title\" href=\"https:\/\/viajeraeditorial.ar\/blog\/2013\/08\/el-amor-en-viajera-natalia-monsegur\/\">El Amor en Viajera - Natalia Monsegur<\/a><\/li><li class=\"posts-by-tag-item Casa de Viaje Natalia Monsegur Viajera\" id=\"posts-by-tag-item-1336\"><a class = \"posts-by-tag-item-title\" href=\"https:\/\/viajeraeditorial.ar\/blog\/2013\/07\/natalia-monsegur-morada-violeta\/\">Natalia Monsegur: Morada Violeta<\/a><\/li><li class=\"posts-by-tag-item Apariciones P\u00fablicas Cecilia Maugeri Natalia Monsegur\" id=\"posts-by-tag-item-1638\"><a class = \"posts-by-tag-item-title\" href=\"https:\/\/viajeraeditorial.ar\/blog\/2012\/09\/cecilia-maugeri-y-natalia-monsegur-en-el-iv-festival-de-poesia-joven-argentina\/\">Cecilia Maugeri y Natalia Monsegur en el IV Festival de Poes\u00eda Joven Argentina<\/a><\/li><li class=\"posts-by-tag-item Carlos Battilana Casa de Viaje Natalia Monsegur Presente Continuo\" id=\"posts-by-tag-item-1919\"><a class = \"posts-by-tag-item-title\" href=\"https:\/\/viajeraeditorial.ar\/blog\/2010\/11\/presentacion-de-nuevos-titulos\/\">Presentaci\u00f3n de nuevos t\u00edtulos<\/a><\/li><li class=\"posts-by-tag-item Carlos Battilana Casa de Viaje Natalia Monsegur Presente Continuo\" id=\"posts-by-tag-item-1929\"><a class = \"posts-by-tag-item-title\" href=\"https:\/\/viajeraeditorial.ar\/blog\/2010\/11\/cronograma-viajero\/\">Cronograma viajero!<\/a><\/li><li class=\"posts-by-tag-item An\u00edbal Ilguisonis Carlos Battilana Casa de Viaje Cecilia Maugeri clin caja Estuche negro Karina Macci\u00f3 La Cajita de Pandora La P\u00e9rdida o La Perdida La Playa Lengua Espiral Loreley El Jaber malapalabra Mar\u00eda Victoria Verzura Natalia Monsegur Perla Ericl\u00e9e Quinteros Presente Continuo Ricardo Czikk Sentir \u00d3seo Virginia Janza visitante\/the visitor\" id=\"posts-by-tag-item-1941\"><a class = \"posts-by-tag-item-title\" href=\"https:\/\/viajeraeditorial.ar\/blog\/2010\/11\/este-martes-23-de-noviembre-leemos-en-la-casa\/\">Este martes 23 de noviembre leemos en la Casa!<\/a><\/li><li class=\"posts-by-tag-item An\u00edbal Ilguisonis Carlos Battilana Casa de Viaje Cecilia Maugeri clin caja Estuche negro herpes Karina Macci\u00f3 La Cajita de Pandora La P\u00e9rdida o La Perdida La Playa Lengua Espiral Loreley El Jaber malapalabra Mana Mar\u00eda Victoria Verzura Natalia Monsegur Perla Ericl\u00e9e Quinteros Presente Continuo Ricardo Czikk Sentir \u00d3seo Virginia Janza visitante\/the visitor\" id=\"posts-by-tag-item-1946\"><a class = \"posts-by-tag-item-title\" href=\"https:\/\/viajeraeditorial.ar\/blog\/2010\/11\/viajera-visita-la-casa-de-la-lectura-3\/\">Viajera visita la Casa de la Lectura<\/a><\/li><\/ul>\n","protected":false},"excerpt":{"rendered":"<p>Naci\u00f3 el 1 de junio de 1983 en Barcelona, Espa\u00f1a. En 1992, su familia decidi\u00f3 volver a Buenos Aires y, desde entonces, vive ac\u00e1. Aunque porte\u00f1a como cualquiera, por cuestiones burocr\u00e1ticas nunca dej\u00f3 de ser una residente extranjera. En general, viajar le proporciona un tema para escribir, recurriendo una y otra vez a un lugar [&hellip;]<\/p>\n","protected":false},"author":3,"featured_media":0,"parent":8710,"menu_order":0,"comment_status":"closed","ping_status":"open","template":"","meta":[],"_links":{"self":[{"href":"https:\/\/viajeraeditorial.ar\/blog\/wp-json\/wp\/v2\/pages\/101"}],"collection":[{"href":"https:\/\/viajeraeditorial.ar\/blog\/wp-json\/wp\/v2\/pages"}],"about":[{"href":"https:\/\/viajeraeditorial.ar\/blog\/wp-json\/wp\/v2\/types\/page"}],"author":[{"embeddable":true,"href":"https:\/\/viajeraeditorial.ar\/blog\/wp-json\/wp\/v2\/users\/3"}],"replies":[{"embeddable":true,"href":"https:\/\/viajeraeditorial.ar\/blog\/wp-json\/wp\/v2\/comments?post=101"}],"version-history":[{"count":5,"href":"https:\/\/viajeraeditorial.ar\/blog\/wp-json\/wp\/v2\/pages\/101\/revisions"}],"predecessor-version":[{"id":4581,"href":"https:\/\/viajeraeditorial.ar\/blog\/wp-json\/wp\/v2\/pages\/101\/revisions\/4581"}],"up":[{"embeddable":true,"href":"https:\/\/viajeraeditorial.ar\/blog\/wp-json\/wp\/v2\/pages\/8710"}],"wp:attachment":[{"href":"https:\/\/viajeraeditorial.ar\/blog\/wp-json\/wp\/v2\/media?parent=101"}],"curies":[{"name":"wp","href":"https:\/\/api.w.org\/{rel}","templated":true}]}}