{"id":103,"date":"2015-04-20T02:16:41","date_gmt":"2015-04-20T05:16:41","guid":{"rendered":"http:\/\/www.viajeraeditorial.com.ar\/?page_id=103"},"modified":"2020-11-02T21:07:47","modified_gmt":"2020-11-03T00:07:47","slug":"gabriel-kirchuk","status":"publish","type":"page","link":"https:\/\/viajeraeditorial.ar\/blog\/catalogo\/gabriel-kirchuk\/","title":{"rendered":"Gabriel Kirchuk"},"content":{"rendered":"<p><a href=\"http:\/\/www.viajeraeditorial.ar\/blog\/wp-content\/uploads\/2015\/04\/fotogabrielkirchuk.jpg\"><img loading=\"lazy\" class=\"alignright size-full wp-image-467\" src=\"http:\/\/www.viajeraeditorial.ar\/blog\/wp-content\/uploads\/2015\/04\/fotogabrielkirchuk.jpg\" alt=\"Gabriel Kirchuk\" width=\"350\" height=\"299\" \/><\/a>Naci\u00f3 el 18 de octubre de 1986 en la Ciuda de Buenos Aires. Por unos meses, no vio campe\u00f3n del mundo a la Argentina (por lo tanto, nunca). Y por un d\u00eda, no naci\u00f3 en el D\u00eda de la Lealtad, quiz\u00e1s \u00e9sa sea la raz\u00f3n por la que no es peronista.<\/p>\n<p>Realiz\u00f3 su secundaria en la Escuela Superior de Comercio Carlos Pellegrini, obteniendo el t\u00edtulo de Perito Mercantil (que todav\u00eda no le sirvi\u00f3 para ning\u00fan empleo). Curs\u00f3 en la Facultad de Filosof\u00eda y Letras de la UBA varias materias de la carrera de Artes con orientaci\u00f3n en M\u00fasica, y tambi\u00e9n de la carrera Letras.<\/p>\n<p>Comenz\u00f3 a escribir en el inicio de su adolescencia, acerc\u00e1ndose primero desde las canciones, y pronto anim\u00e1ndose a escribir cuento y poes\u00eda. Tambi\u00e9n se interes\u00f3 por el mundo period\u00edstico musical, realizando rese\u00f1as de discos, cr\u00f3nicas de recitales y entrevistas a artistas. Otro de sus h\u00e1bitats es la radio, donde trabaj\u00f3 como conductor, productor y musicalizador en algunos programas (FM <em>F\u00e9nix<\/em>, FM <em>Signos<\/em>). Hoy lleva adelante un proyecto de su autor\u00eda: <a href=\"http:\/\/www.radiocolmena.com.ar\/\">Radio Colmena<\/a>, radio por internet, que tiene por objetivo difundir artistas independientes y espacios culturales autogestionados.<\/p>\n<p>La Radio se encuentra en el <em>Club Cultural Matienzo<\/em>, uno de los lugares emergentes de la cultura porte\u00f1a. All\u00ed ha sido responsable del ciclo de artes combinadas \u00abJueves Afines\u00bb, y hoy es el programador musical y tambi\u00e9n uno de los productores del espacio.<\/p>\n<p>En los \u00faltimos a\u00f1os se involucr\u00f3 en la fotograf\u00eda, y en gui\u00f3n de cine y televisi\u00f3n.<\/p>\n<p>Ha integrado el grupo de m\u00fasica <em>Honguitos<\/em>, como autor de las letras y cantante (tambi\u00e9n baila).<\/p>\n<p>Ha le\u00eddo en varios festivales art\u00edsticos y en ciclos de lectura como <em>Viajera Viceversa<\/em> y <em>Medias y Sombreros<\/em>. Public\u00f3 en 2010 un pliego de Poes\u00eda Port\u00e1til,\u00a0<em>Hojas de agua<\/em>.<\/p>\n<p><strong><span style=\"text-decoration: underline;\">En Viajera<\/span><\/strong><\/p>\n<p style=\"padding-left: 30px;\"><a href=\"http:\/\/www.viajeraeditorial.ar\/blog\/descubrir\/pecespajaros\/\"><img loading=\"lazy\" class=\"alignnone size-full wp-image-4512\" src=\"http:\/\/www.viajeraeditorial.ar\/blog\/wp-content\/uploads\/2015\/03\/pecespajarostapa_tn20.jpg\" alt=\"pecespajaros\" width=\"13\" height=\"20\" \/><\/a>\u00a0<a href=\"http:\/\/www.viajeraeditorial.ar\/blog\/descubrir\/pecespajaros\/\">pecesp\u00e1jaros<\/a> (<a href=\"http:\/\/www.viajeraeditorial.ar\/blog\/descubrir\/\">Descubrir<\/a>, 2011)<\/p>\n<p><strong><span style=\"text-decoration: underline;\">Contactar a Gabriel<\/span><\/strong><\/p>\n<p style=\"padding-left: 30px;\"><a href=\"http:\/\/pezpajaro.blogspot.com\">Blog<br \/>\n<\/a><a href=\"http:\/\/flickr.com\/gabikirchuk\">Flickr<\/a><\/p>\n<p><strong><span style=\"text-decoration: underline;\">Contenido sobre Gabriel<\/span><\/strong><\/p>\n<ul class = \"posts-by-tag-list\"><li class=\"posts-by-tag-item Gabriel Kirchuk pecesp\u00e1jaros Viajera\" id=\"posts-by-tag-item-2083\"><a class = \"posts-by-tag-item-title\" href=\"https:\/\/viajeraeditorial.ar\/blog\/2014\/04\/ellen-page-gabriel-kirchuk\/\">Ellen Page - Gabriel Kirchuk<\/a><\/li><li class=\"posts-by-tag-item Gabriel Kirchuk Marat\u00f3n Viajera\" id=\"posts-by-tag-item-952\"><a class = \"posts-by-tag-item-title\" href=\"https:\/\/viajeraeditorial.ar\/blog\/2014\/01\/gabriel-kirchuk-en-maraton-viajera\/\">Gabriel Kirchuk en Marat\u00f3n Viajera<\/a><\/li><li class=\"posts-by-tag-item Gabriel Kirchuk pecesp\u00e1jaros Viajera\" id=\"posts-by-tag-item-991\"><a class = \"posts-by-tag-item-title\" href=\"https:\/\/viajeraeditorial.ar\/blog\/2013\/12\/viajera-inspira-en-el-colegio-zoe-taricco-garcia\/\">Viajera Inspira en el colegio - Zoe Taricco Garc\u00eda<\/a><\/li><li class=\"posts-by-tag-item Apariciones P\u00fablicas Gabriel Kirchuk pecesp\u00e1jaros Viajera Visita\" id=\"posts-by-tag-item-1107\"><a class = \"posts-by-tag-item-title\" href=\"https:\/\/viajeraeditorial.ar\/blog\/2013\/10\/gabriel-kirchuk-en-el-ciclo-intervenciones-literarias-no-convencionales-clasica-y-moderna\/\">Gabriel Kirchuk en el ciclo Intervenciones Literarias No Convencionales - Cl\u00e1sica y Moderna<\/a><\/li><li class=\"posts-by-tag-item Apariciones P\u00fablicas Belara Mich\u00e1n Cecilia Maugeri Diego Recalde Eugenia Coiro Gabriel Kirchuk Karina Macci\u00f3 Mauricio Dreiling Nadina Tauhil Viajera Visita\" id=\"posts-by-tag-item-1125\"><a class = \"posts-by-tag-item-title\" href=\"https:\/\/viajeraeditorial.ar\/blog\/2013\/10\/tus-peores-poemas-de-amor-lunes-2110\/\">Tus peores poemas de amor - Lunes 21\/10<\/a><\/li><li class=\"posts-by-tag-item Amor Gabriel Kirchuk pecesp\u00e1jaros Viajera\" id=\"posts-by-tag-item-1300\"><a class = \"posts-by-tag-item-title\" href=\"https:\/\/viajeraeditorial.ar\/blog\/2013\/08\/el-amor-en-viajera-sin-arrugas-de-gabriel-kirchuk\/\">El Amor en Viajera - \"Sin arrugas\" de Gabriel Kirchuk<\/a><\/li><li class=\"posts-by-tag-item Gabriel Kirchuk La Playa Loreley El Jaber pecesp\u00e1jaros Viajera\" id=\"posts-by-tag-item-1365\"><a class = \"posts-by-tag-item-title\" href=\"https:\/\/viajeraeditorial.ar\/blog\/2013\/06\/gabriel-kirchuk-amarillo\/\">Gabriel Kirchuk: Amarillo<\/a><\/li><li class=\"posts-by-tag-item bicicleteada po\u00e9tica Cecilia Maugeri Diego Recalde Eugenia Coiro Gabriel Kirchuk Karina Macci\u00f3 Nicol\u00e1s Di Candia Noche de las librer\u00edas Viajera Virginia Janza\" id=\"posts-by-tag-item-1497\"><a class = \"posts-by-tag-item-title\" href=\"https:\/\/viajeraeditorial.ar\/blog\/2012\/12\/bicicleteada-poetica\/\">Bicicleteada po\u00e9tica<\/a><\/li><li class=\"posts-by-tag-item Gabriel Kirchuk Gabriela Tavolara Patricio Foglia Tamara Domenech Ting Ting Mei Viajera Visita\" id=\"posts-by-tag-item-1757\"><a class = \"posts-by-tag-item-title\" href=\"https:\/\/viajeraeditorial.ar\/blog\/2012\/07\/lecturas-viajeras-en-vuela-el-pez\/\">Lecturas viajeras en Vuela el Pez<\/a><\/li><li class=\"posts-by-tag-item Gabriel Kirchuk Gabriela Tavolara Oliverio Coelho Patricio Foglia Tamara Domenech Ting Ting Mei\" id=\"posts-by-tag-item-1781\"><a class = \"posts-by-tag-item-title\" href=\"https:\/\/viajeraeditorial.ar\/blog\/2012\/07\/viajera-visita-vuela-el-pez\/\">Viajera visita Vuela el Pez!<\/a><\/li><li class=\"posts-by-tag-item Gabriel Kirchuk pecesp\u00e1jaros\" id=\"posts-by-tag-item-1869\"><a class = \"posts-by-tag-item-title\" href=\"https:\/\/viajeraeditorial.ar\/blog\/2011\/11\/pecespajaros-en-revista-casquiavana\/\">pecesp\u00e1jaros en Revista Casquiavana<\/a><\/li><li class=\"posts-by-tag-item Cecilia Maugeri Diario de la Transformaci\u00f3n Gabriel Kirchuk Karina Macci\u00f3 pecesp\u00e1jaros visitante\/the visitor\" id=\"posts-by-tag-item-1898\"><a class = \"posts-by-tag-item-title\" href=\"https:\/\/viajeraeditorial.ar\/blog\/2011\/06\/el-1ro-de-julio-viajera-lanza-nuevos-titulos\/\">El 1ro de julio Viajera lanza nuevos t\u00edtulos<\/a><\/li><li class=\"posts-by-tag-item Cecilia Maugeri Diario de la Transformaci\u00f3n Gabriel Kirchuk Karina Macci\u00f3 pecesp\u00e1jaros visitante\/the visitor\" id=\"posts-by-tag-item-1901\"><a class = \"posts-by-tag-item-title\" href=\"https:\/\/viajeraeditorial.ar\/blog\/2011\/05\/algo-de-lo-que-fue-viajera-visita-en-el-ccc\/\">Algo de lo que fue Viajera visita en el CCC<\/a><\/li><\/ul>\n","protected":false},"excerpt":{"rendered":"<p>Naci\u00f3 el 18 de octubre de 1986 en la Ciuda de Buenos Aires. Por unos meses, no vio campe\u00f3n del mundo a la Argentina (por lo tanto, nunca). Y por un d\u00eda, no naci\u00f3 en el D\u00eda de la Lealtad, quiz\u00e1s \u00e9sa sea la raz\u00f3n por la que no es peronista. Realiz\u00f3 su secundaria en [&hellip;]<\/p>\n","protected":false},"author":3,"featured_media":0,"parent":8710,"menu_order":0,"comment_status":"closed","ping_status":"open","template":"","meta":[],"_links":{"self":[{"href":"https:\/\/viajeraeditorial.ar\/blog\/wp-json\/wp\/v2\/pages\/103"}],"collection":[{"href":"https:\/\/viajeraeditorial.ar\/blog\/wp-json\/wp\/v2\/pages"}],"about":[{"href":"https:\/\/viajeraeditorial.ar\/blog\/wp-json\/wp\/v2\/types\/page"}],"author":[{"embeddable":true,"href":"https:\/\/viajeraeditorial.ar\/blog\/wp-json\/wp\/v2\/users\/3"}],"replies":[{"embeddable":true,"href":"https:\/\/viajeraeditorial.ar\/blog\/wp-json\/wp\/v2\/comments?post=103"}],"version-history":[{"count":7,"href":"https:\/\/viajeraeditorial.ar\/blog\/wp-json\/wp\/v2\/pages\/103\/revisions"}],"predecessor-version":[{"id":4562,"href":"https:\/\/viajeraeditorial.ar\/blog\/wp-json\/wp\/v2\/pages\/103\/revisions\/4562"}],"up":[{"embeddable":true,"href":"https:\/\/viajeraeditorial.ar\/blog\/wp-json\/wp\/v2\/pages\/8710"}],"wp:attachment":[{"href":"https:\/\/viajeraeditorial.ar\/blog\/wp-json\/wp\/v2\/media?parent=103"}],"curies":[{"name":"wp","href":"https:\/\/api.w.org\/{rel}","templated":true}]}}