{"id":109,"date":"2015-04-20T02:17:15","date_gmt":"2015-04-20T05:17:15","guid":{"rendered":"http:\/\/www.viajeraeditorial.com.ar\/?page_id=109"},"modified":"2020-11-02T21:07:47","modified_gmt":"2020-11-03T00:07:47","slug":"belara-michan","status":"publish","type":"page","link":"https:\/\/viajeraeditorial.ar\/blog\/catalogo\/belara-michan\/","title":{"rendered":"Belara Mich\u00e1n"},"content":{"rendered":"<p><strong><a href=\"http:\/\/www.viajeraeditorial.ar\/blog\/wp-content\/uploads\/2015\/04\/belaramichan.jpg\"><img loading=\"lazy\" class=\"alignright size-full wp-image-243\" src=\"http:\/\/www.viajeraeditorial.ar\/blog\/wp-content\/uploads\/2015\/04\/belaramichan.jpg\" alt=\"Belara Mich\u00e1n\" width=\"350\" height=\"256\" \/><\/a>Belara Mich\u00e1n<\/strong> naci\u00f3 en Buenos Aires. Es bailarina, poeta y docente. Da clases de Lengua y de Danza. Est\u00e1 concluyendo la carrera de Letras (UBA). Es autora de <em>Cuerpoadentro<\/em> (2011) publicado por Viajera Editorial. Otras de sus publicaciones son: el pliego de poes\u00eda port\u00e1til <em>Cuerpo-boca<\/em> (2009) y el libro-objeto <em>Anatom\u00eda po\u00e9tica (<\/em>2009), por Siempre de Viaje. Textos de su autor\u00eda se editaron en <em>Danzar Mundos<\/em>, entre otros medios. Ha le\u00eddo sus poemas en varias librer\u00edas y diversos eventos. Actualmente est\u00e1 preparando una nueva producci\u00f3n po\u00e9tica: <em>Caen hojas. <\/em><\/p>\n<p><span style=\"text-decoration: underline;\"><strong>En Viajera<\/strong><\/span><\/p>\n<p style=\"padding-left: 30px;\"><a href=\"http:\/\/www.viajeraeditorial.ar\/blog\/descubrir\/cuerpoadentro\/\"><img loading=\"lazy\" class=\"alignnone size-full wp-image-4506\" src=\"http:\/\/www.viajeraeditorial.ar\/blog\/wp-content\/uploads\/2015\/03\/cuerpoadentrotapa_tn20.jpg\" alt=\"cuerpoadentro\" width=\"13\" height=\"20\" \/><\/a>\u00a0<a href=\"http:\/\/www.viajeraeditorial.ar\/blog\/descubrir\/cuerpoadentro\/\">cuerpoadentro<\/a> (<a href=\"http:\/\/www.viajeraeditorial.ar\/blog\/descubrir\/\">Descubrir<\/a>, 2011)<\/p>\n<p>Contenido sobre Belara<\/p>\n<ul class = \"posts-by-tag-list\"><li class=\"posts-by-tag-item Axel Levin Belara Mich\u00e1n Diego Recalde Eugenia Coiro Feria del Libro Gabriela Aristegui Gabriela Pedrotti Karina Macci\u00f3 Lola Ullmann Lorena Garc\u00eda Marcela Manuel Mar\u00eda del Carmen Sarquis Mar\u00eda Victoria Verzura Mauricio Dreiling Minuto4 Nicol\u00e1s Di Candia Pablo M\u00fcllner Paula Maff\u00eda Portada Sof\u00eda Ciravegna Viajera Viajera Visita Virginia Janza\" id=\"posts-by-tag-item-814\"><a class = \"posts-by-tag-item-title\" href=\"https:\/\/viajeraeditorial.ar\/blog\/2015\/05\/viajera-en-la-feria-del-libro\/\">Viajera en la Feria del Libro<\/a><\/li><li class=\"posts-by-tag-item Andrea Larrieu An\u00edbal Ilguisonis Axel Levin Belara Mich\u00e1n Cat\u00e1logo Feria del Libro Gabriela Tavolara Habitar mi camino\/Dwelling my path Karina Macci\u00f3 Mar\u00eda del Carmen Sarquis Mauricio Dreiling Nicol\u00e1s Di Candia Strip-Dancer Vidrio\" id=\"posts-by-tag-item-2221\"><a class = \"posts-by-tag-item-title\" href=\"https:\/\/viajeraeditorial.ar\/blog\/2015\/05\/viajera-en-la-feria-del-libro-de-buenos-aires-este-domingo-10-de-mayo\/\">Viajera en la Feria del Libro de Buenos Aires este domingo 10 de mayo<\/a><\/li><li class=\"posts-by-tag-item Belara Mich\u00e1n cuerpoadentro Viajera\" id=\"posts-by-tag-item-157\"><a class = \"posts-by-tag-item-title\" href=\"https:\/\/viajeraeditorial.ar\/blog\/2014\/12\/quise-escribir-de-hoy-belara-michan\/\">quise escribir de hoy - Belara Mich\u00e1n<\/a><\/li><li class=\"posts-by-tag-item Belara Mich\u00e1n cuerpoadentro Viajera\" id=\"posts-by-tag-item-2146\"><a class = \"posts-by-tag-item-title\" href=\"https:\/\/viajeraeditorial.ar\/blog\/2014\/10\/estar-en-el-cuerpo-belara-michan\/\">estar en el cuerpo - Belara Mich\u00e1n<\/a><\/li><li class=\"posts-by-tag-item Belara Mich\u00e1n cuerpoadentro Viajera\" id=\"posts-by-tag-item-2154\"><a class = \"posts-by-tag-item-title\" href=\"https:\/\/viajeraeditorial.ar\/blog\/2014\/09\/cuando-de-repente-belara-michan\/\">\u00bfcu\u00e1ndo de repente - Belara Mich\u00e1n<\/a><\/li><li class=\"posts-by-tag-item Belara Mich\u00e1n cuerpoadentro Viajera\" id=\"posts-by-tag-item-2166\"><a class = \"posts-by-tag-item-title\" href=\"https:\/\/viajeraeditorial.ar\/blog\/2014\/08\/ella-ya-esta-belara-michan\/\">ella ya est\u00e1 - Belara Mich\u00e1n<\/a><\/li><li class=\"posts-by-tag-item Belara Mich\u00e1n cuerpoadentro Viajera\" id=\"posts-by-tag-item-2182\"><a class = \"posts-by-tag-item-title\" href=\"https:\/\/viajeraeditorial.ar\/blog\/2014\/07\/mirarse-en-el-espejo-de-la-noche-belara-michan\/\">mirarse en el espejo de la noche - Belara Mich\u00e1n<\/a><\/li><li class=\"posts-by-tag-item Belara Mich\u00e1n cuerpoadentro Viajera\" id=\"posts-by-tag-item-2199\"><a class = \"posts-by-tag-item-title\" href=\"https:\/\/viajeraeditorial.ar\/blog\/2014\/06\/ella-cuelga-belara-michan\/\">ella cuelga - Belara Mich\u00e1n<\/a><\/li><li class=\"posts-by-tag-item Belara Mich\u00e1n cuerpoadentro Viajera\" id=\"posts-by-tag-item-2056\"><a class = \"posts-by-tag-item-title\" href=\"https:\/\/viajeraeditorial.ar\/blog\/2014\/05\/en-la-bifurcacion-belara-michan\/\">en la bifurcaci\u00f3n - Belara Mich\u00e1n<\/a><\/li><li class=\"posts-by-tag-item Belara Mich\u00e1n cuerpoadentro Viajera\" id=\"posts-by-tag-item-2082\"><a class = \"posts-by-tag-item-title\" href=\"https:\/\/viajeraeditorial.ar\/blog\/2014\/04\/yo-su-perla-belara-michan\/\">Yo su perla - Belara Mich\u00e1n<\/a><\/li><li class=\"posts-by-tag-item Belara Mich\u00e1n cuerpoadentro Viajera\" id=\"posts-by-tag-item-2088\"><a class = \"posts-by-tag-item-title\" href=\"https:\/\/viajeraeditorial.ar\/blog\/2014\/04\/pero-si-tan-ciega-estoy-belara-michan\/\">pero si tan ciega estoy - Belara Mich\u00e1n<\/a><\/li><li class=\"posts-by-tag-item Belara Mich\u00e1n cuerpoadentro Viajera\" id=\"posts-by-tag-item-2102\"><a class = \"posts-by-tag-item-title\" href=\"https:\/\/viajeraeditorial.ar\/blog\/2014\/03\/yo-no-belara-michan\/\">yo NO - Belara Mich\u00e1n<\/a><\/li><li class=\"posts-by-tag-item Belara Mich\u00e1n cuerpoadentro Viajera\" id=\"posts-by-tag-item-2112\"><a class = \"posts-by-tag-item-title\" href=\"https:\/\/viajeraeditorial.ar\/blog\/2014\/03\/y-yo-la-paralisis-belara-michan\/\">y yo la par\u00e1lisis - Belara Mich\u00e1n<\/a><\/li><li class=\"posts-by-tag-item Belara Mich\u00e1n cuerpoadentro Viajera\" id=\"posts-by-tag-item-2124\"><a class = \"posts-by-tag-item-title\" href=\"https:\/\/viajeraeditorial.ar\/blog\/2014\/02\/que-comience-en-el-codo-belara-michan\/\">que comience en el codo - Belara Mich\u00e1n<\/a><\/li><li class=\"posts-by-tag-item Belara Mich\u00e1n cuerpoadentro Viajera\" id=\"posts-by-tag-item-2138\"><a class = \"posts-by-tag-item-title\" href=\"https:\/\/viajeraeditorial.ar\/blog\/2014\/02\/yo-veo-eso-belara-michan\/\">yo veo eso - Belara Mich\u00e1n<\/a><\/li><li class=\"posts-by-tag-item Belara Mich\u00e1n cuerpoadentro Viajera\" id=\"posts-by-tag-item-2043\"><a class = \"posts-by-tag-item-title\" href=\"https:\/\/viajeraeditorial.ar\/blog\/2014\/01\/vos-me-ves-como-un-raton-belara-michan\/\">vos me ves como un rat\u00f3n... - Belara Mich\u00e1n<\/a><\/li><li class=\"posts-by-tag-item Apariciones P\u00fablicas Belara Mich\u00e1n cuerpoadentro Viajera Visita\" id=\"posts-by-tag-item-1109\"><a class = \"posts-by-tag-item-title\" href=\"https:\/\/viajeraeditorial.ar\/blog\/2013\/10\/performance-poetica-belara-michan-en-clasica-y-moderna\/\">Performance Po\u00e9tica - Belara Mich\u00e1n en Cl\u00e1sica y Moderna<\/a><\/li><li class=\"posts-by-tag-item Apariciones P\u00fablicas Belara Mich\u00e1n Cecilia Maugeri Diego Recalde Eugenia Coiro Gabriel Kirchuk Karina Macci\u00f3 Mauricio Dreiling Nadina Tauhil Viajera Visita\" id=\"posts-by-tag-item-1125\"><a class = \"posts-by-tag-item-title\" href=\"https:\/\/viajeraeditorial.ar\/blog\/2013\/10\/tus-peores-poemas-de-amor-lunes-2110\/\">Tus peores poemas de amor - Lunes 21\/10<\/a><\/li><li class=\"posts-by-tag-item Amor Belara Mich\u00e1n cuerpoadentro Viajera\" id=\"posts-by-tag-item-1319\"><a class = \"posts-by-tag-item-title\" href=\"https:\/\/viajeraeditorial.ar\/blog\/2013\/07\/el-amor-en-viajera-belara-michan\/\">El Amor en Viajera - Belara Mich\u00e1n<\/a><\/li><li class=\"posts-by-tag-item Belara Mich\u00e1n cuerpoadentro Viajera\" id=\"posts-by-tag-item-1354\"><a class = \"posts-by-tag-item-title\" href=\"https:\/\/viajeraeditorial.ar\/blog\/2013\/06\/belara-michan-color-cuerpo\/\">Belara Mich\u00e1n: color cuerpo<\/a><\/li><li class=\"posts-by-tag-item Belara Mich\u00e1n Fedro Fin del mundo\" id=\"posts-by-tag-item-1515\"><a class = \"posts-by-tag-item-title\" href=\"https:\/\/viajeraeditorial.ar\/blog\/2012\/12\/que-harias-si-fuera-el-fin-del-mundo-responde-belara-michan\/\">\u00bfQu\u00e9 har\u00edas si fuera el fin del mundo? Responde: Belara Mich\u00e1n<\/a><\/li><li class=\"posts-by-tag-item Belara Mich\u00e1n cuerpoadentro Viajera Visita\" id=\"posts-by-tag-item-1529\"><a class = \"posts-by-tag-item-title\" href=\"https:\/\/viajeraeditorial.ar\/blog\/2012\/12\/belara-michan-en-viajera-visita\/\">Belara Mich\u00e1n en Viajera Visita<\/a><\/li><li class=\"posts-by-tag-item Belara Mich\u00e1n Bengala Hotel Cecilia Maugeri cuerpoadentro Diario de la Transformaci\u00f3n Eugenia Coiro Karina Macci\u00f3 Lado G\u00e9minis L\u00e9ame malapalabra Nadina Tauhil Nicol\u00e1s Di Candia ranamadre Virginia Janza\" id=\"posts-by-tag-item-1802\"><a class = \"posts-by-tag-item-title\" href=\"https:\/\/viajeraeditorial.ar\/blog\/2012\/05\/nuestro-paso-por-la-feria-del-libro\/\">Nuestro paso por la Feria del Libro<\/a><\/li><li class=\"posts-by-tag-item Belara Mich\u00e1n Bengala Hotel cuerpoadentro Eugenia Coiro L\u00e9ame Nadina Tauhil Nicol\u00e1s Di Candia ranamadre\" id=\"posts-by-tag-item-1814\"><a class = \"posts-by-tag-item-title\" href=\"https:\/\/viajeraeditorial.ar\/blog\/2012\/04\/andanzas-viajeras-diciembre-2011-abril-2012\/\">Andanzas viajeras Diciembre 2011-Abril 2012<\/a><\/li><li class=\"posts-by-tag-item Belara Mich\u00e1n cuerpoadentro\" id=\"posts-by-tag-item-1819\"><a class = \"posts-by-tag-item-title\" href=\"https:\/\/viajeraeditorial.ar\/blog\/2012\/04\/resena-de-cuerpoadentro-en-revista-siamesa\/\">Rese\u00f1a de cuerpoadentro en Revista Siamesa<\/a><\/li><li class=\"posts-by-tag-item Belara Mich\u00e1n cuerpoadentro\" id=\"posts-by-tag-item-1829\"><a class = \"posts-by-tag-item-title\" href=\"https:\/\/viajeraeditorial.ar\/blog\/2012\/04\/cuerpoadentro-en-revista-casquivana\/\">Cuerpoadentro en Revista Casquivana<\/a><\/li><li class=\"posts-by-tag-item Belara Mich\u00e1n Bengala Hotel cuerpoadentro Eugenia Coiro Viceversa\" id=\"posts-by-tag-item-1854\"><a class = \"posts-by-tag-item-title\" href=\"https:\/\/viajeraeditorial.ar\/blog\/2012\/01\/sobre-bengala-hotel-de-eugenia-coiro-2\/\">Sobre \"Bengala Hotel\" de Eugenia Coiro<\/a><\/li><li class=\"posts-by-tag-item Belara Mich\u00e1n Bengala Hotel cuerpoadentro Eugenia Coiro Viceversa\" id=\"posts-by-tag-item-1857\"><a class = \"posts-by-tag-item-title\" href=\"https:\/\/viajeraeditorial.ar\/blog\/2012\/01\/sobre-cuerpoadentro-de-belara-michan\/\">Sobre \"cuerpoadentro\" de Belara Mich\u00e1n<\/a><\/li><li class=\"posts-by-tag-item Belara Mich\u00e1n Bengala Hotel cuerpoadentro Eugenia Coiro L\u00e9ame Nadina Tauhil Nicol\u00e1s Di Candia ranamadre\" id=\"posts-by-tag-item-1864\"><a class = \"posts-by-tag-item-title\" href=\"https:\/\/viajeraeditorial.ar\/blog\/2011\/12\/presentacion-de-los-nuevos-libros-de-viajera\/\">Presentaci\u00f3n de los nuevos libros de Viajera!<\/a><\/li><\/ul>\n","protected":false},"excerpt":{"rendered":"<p>Belara Mich\u00e1n naci\u00f3 en Buenos Aires. Es bailarina, poeta y docente. Da clases de Lengua y de Danza. Est\u00e1 concluyendo la carrera de Letras (UBA). Es autora de Cuerpoadentro (2011) publicado por Viajera Editorial. Otras de sus publicaciones son: el pliego de poes\u00eda port\u00e1til Cuerpo-boca (2009) y el libro-objeto Anatom\u00eda po\u00e9tica (2009), por Siempre de [&hellip;]<\/p>\n","protected":false},"author":3,"featured_media":0,"parent":8710,"menu_order":0,"comment_status":"closed","ping_status":"open","template":"","meta":[],"_links":{"self":[{"href":"https:\/\/viajeraeditorial.ar\/blog\/wp-json\/wp\/v2\/pages\/109"}],"collection":[{"href":"https:\/\/viajeraeditorial.ar\/blog\/wp-json\/wp\/v2\/pages"}],"about":[{"href":"https:\/\/viajeraeditorial.ar\/blog\/wp-json\/wp\/v2\/types\/page"}],"author":[{"embeddable":true,"href":"https:\/\/viajeraeditorial.ar\/blog\/wp-json\/wp\/v2\/users\/3"}],"replies":[{"embeddable":true,"href":"https:\/\/viajeraeditorial.ar\/blog\/wp-json\/wp\/v2\/comments?post=109"}],"version-history":[{"count":7,"href":"https:\/\/viajeraeditorial.ar\/blog\/wp-json\/wp\/v2\/pages\/109\/revisions"}],"predecessor-version":[{"id":4552,"href":"https:\/\/viajeraeditorial.ar\/blog\/wp-json\/wp\/v2\/pages\/109\/revisions\/4552"}],"up":[{"embeddable":true,"href":"https:\/\/viajeraeditorial.ar\/blog\/wp-json\/wp\/v2\/pages\/8710"}],"wp:attachment":[{"href":"https:\/\/viajeraeditorial.ar\/blog\/wp-json\/wp\/v2\/media?parent=109"}],"curies":[{"name":"wp","href":"https:\/\/api.w.org\/{rel}","templated":true}]}}