{"id":111,"date":"2015-04-20T02:17:44","date_gmt":"2015-04-20T05:17:44","guid":{"rendered":"http:\/\/www.viajeraeditorial.com.ar\/?page_id=111"},"modified":"2020-11-02T21:02:39","modified_gmt":"2020-11-03T00:02:39","slug":"nicolas-di-candia","status":"publish","type":"page","link":"https:\/\/viajeraeditorial.ar\/blog\/catalogo\/nicolas-di-candia\/","title":{"rendered":"Nicol\u00e1s Di Candia"},"content":{"rendered":"<p><a href=\"http:\/\/www.viajeraeditorial.ar\/blog\/wp-content\/uploads\/2015\/04\/nicolasdicandia.jpg\"><img loading=\"lazy\" class=\"alignright wp-image-238 size-full\" src=\"http:\/\/www.viajeraeditorial.ar\/blog\/wp-content\/uploads\/2015\/04\/nicolasdicandia.jpg\" alt=\"\" width=\"350\" height=\"256\" \/><\/a>Naci\u00f3 en Buenos Aires en 1980. En su experiencia, es bueno nacer en un a\u00f1o terminado en cero porque facilita el c\u00e1lculo de la edad, adem\u00e1s de hacer coincidir las d\u00e9cadas con la vida.<\/p>\n<p>Antes de empezar la escuela le\u00eda. Antes de terminar la escuela escrib\u00eda en revistas de computaci\u00f3n. Despu\u00e9s\u00a0comenz\u00f3\u00a0una presencia sensible en la web. Tuvo un sitio sobre los Simpsons, escribi\u00f3 en <a href=\"http:\/\/www.la-redo.net\">La Red\u00f3<\/a>\u00a0y <a href=\"http:\/\/esrevista.wordpress.com\">Revista Blog<\/a>\u00a0y gener\u00f3 varios proyectos que\u00a0permanecer\u00e1n en el olvido.<\/p>\n<p>Estudi\u00f3 cine en ORT,\u00a0y grande fue su sorpresa cuando\u00a0el t\u00edtulo que recibi\u00f3 fue el de \u00abproductor integral de medios audiovisuales\u00bb. Como la instituci\u00f3n era lejana, esa\u00a0experiencia le dej\u00f3 un profundo inter\u00e9s por el transporte subterr\u00e1neo.<\/p>\n<p>Entre las instituciones\u00a0de educaci\u00f3n formal a las que concurri\u00f3 figuran la Escuela Modelo de F\u00fatbol y Deportes de Claudio Marangoni, el Instituto Licin de hardware y el Centro de Altos Estudios Musicales \u00abManuela\u00bb.<\/p>\n<p>Tambi\u00e9n estudi\u00f3 piano durante varios a\u00f1os, y canto m\u00e1s tiempo todav\u00eda. Hace poco, sin que le diera verg\u00fcenza, se ense\u00f1\u00f3 a tocar ukelele.<\/p>\n<p>La formaci\u00f3n\u00a0en m\u00fasica y cine ha dado frutos en\u00a0su literatura.<\/p>\n<p>Es lector habitual en los ciclos de Viajera. Tambi\u00e9n colabora en la editorial en tareas miscel\u00e1neas. A veces se anima a dar talleres.<\/p>\n<p>Y vio un planeador.<\/p>\n<p><strong><span style=\"text-decoration: underline;\">En Viajera<\/span><\/strong><\/p>\n<p style=\"padding-left: 30px;\"><a href=\"http:\/\/www.viajeraeditorial.ar\/blog\/descubrir\/leame\/\"><img loading=\"lazy\" class=\"alignnone size-full wp-image-4522\" src=\"http:\/\/www.viajeraeditorial.ar\/blog\/wp-content\/uploads\/2015\/03\/leametapa_tn20.jpg\" alt=\"L\u00e9ame\" width=\"13\" height=\"20\" \/><\/a>\u00a0<a href=\"http:\/\/www.viajeraeditorial.ar\/blog\/descubrir\/leame\/\">L\u00e9ame<\/a> (<a href=\"http:\/\/www.viajeraeditorial.ar\/blog\/descubrir\/\">Descubrir<\/a>, 2011)<br \/>\nRel\u00e9ame (Virtual, 2014)<br \/>\n<img loading=\"lazy\" class=\"wp-image-5720 alignnone\" src=\"http:\/\/www.viajeraeditorial.ar\/blog\/wp-content\/uploads\/2016\/08\/dosbocast-632x965.jpg\" alt=\"dosbocasT\" width=\"10\" height=\"15\" srcset=\"https:\/\/viajeraeditorial.ar\/blog\/wp-content\/uploads\/2016\/08\/dosbocast-632x965.jpg 632w, https:\/\/viajeraeditorial.ar\/blog\/wp-content\/uploads\/2016\/08\/dosbocast-1020x1558.jpg 1020w, https:\/\/viajeraeditorial.ar\/blog\/wp-content\/uploads\/2016\/08\/dosbocast-100x150.jpg 100w, https:\/\/viajeraeditorial.ar\/blog\/wp-content\/uploads\/2016\/08\/dosbocast-253x387.jpg 253w, https:\/\/viajeraeditorial.ar\/blog\/wp-content\/uploads\/2016\/08\/dosbocast-344x525.jpg 344w, https:\/\/viajeraeditorial.ar\/blog\/wp-content\/uploads\/2016\/08\/dosbocast.jpg 1069w\" sizes=\"(max-width: 10px) 100vw, 10px\" \/>\u00a0Dos bocas (<a href=\"http:\/\/www.viajeraeditorial.ar\/blog\/explorar\/\">Explorar<\/a>, 2015)<\/p>\n<p><span style=\"text-decoration: underline;\"><strong>Contactar a Nicol\u00e1s<\/strong><\/span><\/p>\n<p style=\"padding-left: 30px;\"><a href=\"http:\/\/www.nicolasdicandia.com.ar\">Web<\/a><br \/>\n<a href=\"http:\/\/twitter.com\/nicolasdicandia\">Twitter<\/a><br \/>\n<a href=\"http:\/\/facebook.com\/nicolasdicandia\">Facebook<\/a><\/p>\n<p><span style=\"text-decoration: underline;\"><strong>Contenidos sobre Nicol\u00e1s<\/strong><\/span><\/p>\n<ul class = \"posts-by-tag-list\"><li class=\"posts-by-tag-item Diego Recalde Nicol\u00e1s Di Candia\" id=\"posts-by-tag-item-5816\"><a class = \"posts-by-tag-item-title\" href=\"https:\/\/viajeraeditorial.ar\/blog\/2016\/10\/nicolas-di-candia-y-diego-recalde-en-radio-trend-topic\/\">Nicol\u00e1s Di Candia y Diego Recalde en Radio Trend Topic<\/a><\/li><li class=\"posts-by-tag-item Dos bocas Nicol\u00e1s Di Candia Portada\" id=\"posts-by-tag-item-5131\"><a class = \"posts-by-tag-item-title\" href=\"https:\/\/viajeraeditorial.ar\/blog\/2015\/11\/eva-lanfranchini-sobre-dos-bocas\/\">Eva Lanfranchini sobre Dos bocas<\/a><\/li><li class=\"posts-by-tag-item Nicol\u00e1s Di Candia Portada\" id=\"posts-by-tag-item-5083\"><a class = \"posts-by-tag-item-title\" href=\"https:\/\/viajeraeditorial.ar\/blog\/2015\/10\/mucha-gente-va-a-las-vegas-nicolas-di-candia\/\">Mucha gente va a Las Vegas * Nicol\u00e1s Di Candia<\/a><\/li><li class=\"posts-by-tag-item Alejandro Chaluat Diego Recalde Dos bocas Eugenia Coiro Explorar Fede Flotta Gabriela Tavolara Karina Macci\u00f3 Lola Ullmann Lorena Garc\u00eda Nicol\u00e1s Di Candia Paula Wolff Portada Sol Altare Valentina Nicanoff Ver\u00f3nica Tarzia Viajera\" id=\"posts-by-tag-item-5073\"><a class = \"posts-by-tag-item-title\" href=\"https:\/\/viajeraeditorial.ar\/blog\/2015\/10\/que-es-dos-bocas\/\">Qu\u00e9 es Dos bocas<\/a><\/li><li class=\"posts-by-tag-item backstage viajero creaci\u00f3n de libros Dos bocas L\u00e9ame libros electr\u00f3nicos Nicol\u00e1s Di Candia Portada proceso creativo Rel\u00e9ame Virginia Janza Virtual\" id=\"posts-by-tag-item-4879\"><a class = \"posts-by-tag-item-title\" href=\"https:\/\/viajeraeditorial.ar\/blog\/2015\/09\/releame-vs-leame\/\">Rel\u00e9ame vs. L\u00e9ame<\/a><\/li><li class=\"posts-by-tag-item Biblioteca Nacional Delfina Uriburu Eugenia Coiro Gabriela Aristegui Gabriela Oyola Gabriela Tavolara Gloria Candioti Mauricio Dreiling Nicol\u00e1s Di Candia Pablo M\u00fcllner Portada Susana Cella Viajera Invernal Virginia Janza\" id=\"posts-by-tag-item-4628\"><a class = \"posts-by-tag-item-title\" href=\"https:\/\/viajeraeditorial.ar\/blog\/2015\/06\/viajera-de-invierno-en-la-biblioteca-nacional\/\">Viajera de Invierno en la Biblioteca Nacional<\/a><\/li><li class=\"posts-by-tag-item Axel Levin Belara Mich\u00e1n Diego Recalde Eugenia Coiro Feria del Libro Gabriela Aristegui Gabriela Pedrotti Karina Macci\u00f3 Lola Ullmann Lorena Garc\u00eda Marcela Manuel Mar\u00eda del Carmen Sarquis Mar\u00eda Victoria Verzura Mauricio Dreiling Minuto4 Nicol\u00e1s Di Candia Pablo M\u00fcllner Paula Maff\u00eda Portada Sof\u00eda Ciravegna Viajera Viajera Visita Virginia Janza\" id=\"posts-by-tag-item-814\"><a class = \"posts-by-tag-item-title\" href=\"https:\/\/viajeraeditorial.ar\/blog\/2015\/05\/viajera-en-la-feria-del-libro\/\">Viajera en la Feria del Libro<\/a><\/li><li class=\"posts-by-tag-item Andrea Larrieu An\u00edbal Ilguisonis Axel Levin Belara Mich\u00e1n Cat\u00e1logo Feria del Libro Gabriela Tavolara Habitar mi camino\/Dwelling my path Karina Macci\u00f3 Mar\u00eda del Carmen Sarquis Mauricio Dreiling Nicol\u00e1s Di Candia Strip-Dancer Vidrio\" id=\"posts-by-tag-item-2221\"><a class = \"posts-by-tag-item-title\" href=\"https:\/\/viajeraeditorial.ar\/blog\/2015\/05\/viajera-en-la-feria-del-libro-de-buenos-aires-este-domingo-10-de-mayo\/\">Viajera en la Feria del Libro de Buenos Aires este domingo 10 de mayo<\/a><\/li><li class=\"posts-by-tag-item Minuto Terror Nicol\u00e1s Di Candia Viajera\" id=\"posts-by-tag-item-78\"><a class = \"posts-by-tag-item-title\" href=\"https:\/\/viajeraeditorial.ar\/blog\/2015\/03\/minuto-de-terror-nicolas-di-candia\/\">Minuto de Terror - Nicol\u00e1s Di Candia<\/a><\/li><li class=\"posts-by-tag-item Bengala Hotel Eugenia Coiro Gabriela Tavolara Karina Macci\u00f3 La Cajita de Pandora La P\u00e9rdida o La Perdida L\u00e9ame Lorena Garc\u00eda Minuto Fuego Nicol\u00e1s Di Candia Peligrosa Horizontal Strip-Dancer Viajera Virginia Janza\" id=\"posts-by-tag-item-2248\"><a class = \"posts-by-tag-item-title\" href=\"https:\/\/viajeraeditorial.ar\/blog\/2014\/12\/cronicas-viajeras-por-carolina-calvo\/\">Cr\u00f3nicas viajeras, por Carolina Calvo<\/a><\/li><li class=\"posts-by-tag-item Minuto Fuego Nicol\u00e1s Di Candia\" id=\"posts-by-tag-item-2249\"><a class = \"posts-by-tag-item-title\" href=\"https:\/\/viajeraeditorial.ar\/blog\/2014\/12\/el-fuego-no-se-apaga-nicolas-di-candia\/\">El fuego no se apaga - Nicol\u00e1s Di Candia<\/a><\/li><li class=\"posts-by-tag-item Nicol\u00e1s Di Candia Viajera\" id=\"posts-by-tag-item-178\"><a class = \"posts-by-tag-item-title\" href=\"https:\/\/viajeraeditorial.ar\/blog\/2014\/12\/aniversauro-adelanto-de-releame\/\">Aniversauro * Adelanto de Rel\u00e9ame<\/a><\/li><li class=\"posts-by-tag-item Karina Macci\u00f3 Mis Peores Poemas de Amor\/My Worst Love Poems Nicol\u00e1s Di Candia Viajera Viajera B\u00edfida\" id=\"posts-by-tag-item-2260\"><a class = \"posts-by-tag-item-title\" href=\"https:\/\/viajeraeditorial.ar\/blog\/2014\/11\/karina-maccio-y-nicolas-di-candia-mis-peores-poemas-de-amor-my-worst\/\">Karina Macci\u00f3 y Nicol\u00e1s Di Candia - Mis peores poemas de amor \/ My Worst...<\/a><\/li><li class=\"posts-by-tag-item L\u00e9ame Nicol\u00e1s Di Candia Viajera\" id=\"posts-by-tag-item-329\"><a class = \"posts-by-tag-item-title\" href=\"https:\/\/viajeraeditorial.ar\/blog\/2014\/10\/el-bano-y-el-otro-lado-nicolas-di-candia\/\">El ba\u00f1o y el otro lado - Nicol\u00e1s Di Candia<\/a><\/li><li class=\"posts-by-tag-item Minuto Ruptura Nicol\u00e1s Di Candia Proyecto Invierno Pasional\" id=\"posts-by-tag-item-347\"><a class = \"posts-by-tag-item-title\" href=\"https:\/\/viajeraeditorial.ar\/blog\/2014\/09\/nicolas-di-candia-minuto-ruptura\/\">Nicol\u00e1s Di Candia: Minuto Ruptura<\/a><\/li><li class=\"posts-by-tag-item Axel Levin Lorena Garc\u00eda musicalpoes\u00eda! Nicol\u00e1s Di Candia\" id=\"posts-by-tag-item-404\"><a class = \"posts-by-tag-item-title\" href=\"https:\/\/viajeraeditorial.ar\/blog\/2014\/08\/musicalpoesia-segunda-edicion-49\/\">musicalpoes\u00eda! segunda edici\u00f3n 4\/9<\/a><\/li><li class=\"posts-by-tag-item Minuto Magdalena Nicol\u00e1s Di Candia\" id=\"posts-by-tag-item-2175\"><a class = \"posts-by-tag-item-title\" href=\"https:\/\/viajeraeditorial.ar\/blog\/2014\/08\/nicolas-di-candia-minuto-magdalena\/\">Nicol\u00e1s Di Candia: Minuto Magdalena<\/a><\/li><li class=\"posts-by-tag-item Apariciones P\u00fablicas Nicol\u00e1s Di Candia\" id=\"posts-by-tag-item-2188\"><a class = \"posts-by-tag-item-title\" href=\"https:\/\/viajeraeditorial.ar\/blog\/2014\/07\/nicolas-di-candia-en-la-sade\/\">Nicol\u00e1s Di Candia en la SADE<\/a><\/li><li class=\"posts-by-tag-item L\u00e9ame Nicol\u00e1s Di Candia Viajera\" id=\"posts-by-tag-item-2197\"><a class = \"posts-by-tag-item-title\" href=\"https:\/\/viajeraeditorial.ar\/blog\/2014\/06\/planta-vegetariana-nicolas-di-candia\/\">Planta vegetariana - Nicol\u00e1s Di Candia<\/a><\/li><li class=\"posts-by-tag-item Andrea Larrieu B\u00edfida Cecilia Maugeri Encontradas y Perdidas Eugenia Coiro Karina Macci\u00f3 Mis Peores Poemas de Amor\/My Worst Love Poems Nicol\u00e1s Di Candia Ricardo Czikk Viajera Virginia Janza\" id=\"posts-by-tag-item-2202\"><a class = \"posts-by-tag-item-title\" href=\"https:\/\/viajeraeditorial.ar\/blog\/2014\/06\/martes-246-presentacion-mis-peores-poemas-de-amor-y-encontradas-y-perdidas\/\">Martes 24\/6 Presentaci\u00f3n: Mis peores poemas de amor y Encontradas y Perdidas<\/a><\/li><li class=\"posts-by-tag-item L\u00e9ame Nicol\u00e1s Di Candia Viajera\" id=\"posts-by-tag-item-585\"><a class = \"posts-by-tag-item-title\" href=\"https:\/\/viajeraeditorial.ar\/blog\/2014\/06\/usted-es-de-los-buenos-nicolas-di-candia\/\">Usted es de los buenos - Nicol\u00e1s Di Candia<\/a><\/li><li class=\"posts-by-tag-item Apariciones P\u00fablicas Diego Recalde Karina Macci\u00f3 Nicol\u00e1s Di Candia\" id=\"posts-by-tag-item-2061\"><a class = \"posts-by-tag-item-title\" href=\"https:\/\/viajeraeditorial.ar\/blog\/2014\/05\/escritores-de-viajera-editorial-charlan-sobre-literatura-politica-cultural-nuevas-tecnologias\/\">Escritores de Viajera Editorial charlan sobre literatura, pol\u00ectica cultural, nuevas tecnolog\u00edas<\/a><\/li><li class=\"posts-by-tag-item Nicol\u00e1s Di Candia\" id=\"posts-by-tag-item-2076\"><a class = \"posts-by-tag-item-title\" href=\"https:\/\/viajeraeditorial.ar\/blog\/2014\/05\/nicolas-di-candia-adelanto-de-dos-bocas-viajera-editorial\/\">Nicol\u00e1s Di Candia: Adelanto de Dos Bocas Viajera Editorial<\/a><\/li><li class=\"posts-by-tag-item Nicol\u00e1s Di Candia Viajera\" id=\"posts-by-tag-item-2097\"><a class = \"posts-by-tag-item-title\" href=\"https:\/\/viajeraeditorial.ar\/blog\/2014\/03\/grito-gutural-nicolas-di-candia-adelanto-del-nuevo-titulo-de-viajera\/\">Grito gutural - Nicol\u00e1s Di Candia - Adelanto del nuevo t\u00edtulo de Viajera<\/a><\/li><li class=\"posts-by-tag-item Nicol\u00e1s Di Candia\" id=\"posts-by-tag-item-776\"><a class = \"posts-by-tag-item-title\" href=\"https:\/\/viajeraeditorial.ar\/blog\/2014\/03\/nicolas-di-candia-anticipo\/\">Nicol\u00e1s Di Candia - Anticipo<\/a><\/li><li class=\"posts-by-tag-item Nicol\u00e1s Di Candia Viajera\" id=\"posts-by-tag-item-2120\"><a class = \"posts-by-tag-item-title\" href=\"https:\/\/viajeraeditorial.ar\/blog\/2014\/02\/la-danza-de-los-vumetros-nicolas-di-candia-adelanto-del-proximo-titulo-de-viajera\/\">La danza de los v\u00fametros - Nicol\u00e1s Di Candia - Adelanto del pr\u00f3ximo t\u00edtulo de Viajera<\/a><\/li><li class=\"posts-by-tag-item Nicol\u00e1s Di Candia Viajera\" id=\"posts-by-tag-item-872\"><a class = \"posts-by-tag-item-title\" href=\"https:\/\/viajeraeditorial.ar\/blog\/2014\/02\/trazo-de-los-libres-nicolas-di-candia-adelanto-del-proximo-titulo-de-viajera\/\">Trazo de los libres - Nicol\u00e1s Di Candia - Adelanto del pr\u00f3ximo t\u00edtulo de Viajera<\/a><\/li><li class=\"posts-by-tag-item L\u00e9ame Nicol\u00e1s Di Candia Viajera\" id=\"posts-by-tag-item-2035\"><a class = \"posts-by-tag-item-title\" href=\"https:\/\/viajeraeditorial.ar\/blog\/2014\/01\/verdades-acerca-de-usted-nicolas-di-candia\/\">Verdades acerca de usted - Nicol\u00e1s Di Candia<\/a><\/li><li class=\"posts-by-tag-item L\u00e9ame Nicol\u00e1s Di Candia Viajera\" id=\"posts-by-tag-item-2045\"><a class = \"posts-by-tag-item-title\" href=\"https:\/\/viajeraeditorial.ar\/blog\/2014\/01\/un-paso-hacia-adelante-nicolas-di-candia\/\">Un paso hacia adelante - Nicol\u00e1s Di Candia<\/a><\/li><li class=\"posts-by-tag-item L\u00e9ame Nicol\u00e1s Di Candia Viajera Viajera inspira\" id=\"posts-by-tag-item-986\"><a class = \"posts-by-tag-item-title\" href=\"https:\/\/viajeraeditorial.ar\/blog\/2013\/12\/viajera-inspira-a-los-chicos-ana-chuit\/\">Viajera Inspira a los chicos - Ana Chuit<\/a><\/li><li class=\"posts-by-tag-item L\u00e9ame Nicol\u00e1s Di Candia Viajera Viajera inspira\" id=\"posts-by-tag-item-990\"><a class = \"posts-by-tag-item-title\" href=\"https:\/\/viajeraeditorial.ar\/blog\/2013\/12\/viajera-inspira-a-los-chicos-giuliana-aprea\/\">Viajera Inspira a los chicos - Giuliana Aprea<\/a><\/li><li class=\"posts-by-tag-item L\u00e9ame Nicol\u00e1s Di Candia Viajera Viajera inspira\" id=\"posts-by-tag-item-997\"><a class = \"posts-by-tag-item-title\" href=\"https:\/\/viajeraeditorial.ar\/blog\/2013\/12\/viajera-inspira-a-los-chicos-ona-hirsch\/\">Viajera Inspira a los chicos - Ona Hirsch<\/a><\/li><li class=\"posts-by-tag-item Apariciones P\u00fablicas Cecilia Maugeri Feria del Libro de Sierra de la Ventana Karina Macci\u00f3 Nicol\u00e1s Di Candia\" id=\"posts-by-tag-item-1049\"><a class = \"posts-by-tag-item-title\" href=\"https:\/\/viajeraeditorial.ar\/blog\/2013\/11\/mas-sobre-viajera-en-sierra-de-la-ventana\/\">M\u00e1s sobre Viajera en Sierra de la Ventana<\/a><\/li><li class=\"posts-by-tag-item Apariciones P\u00fablicas Cecilia Maugeri Karina Macci\u00f3 Nicol\u00e1s Di Candia Viajera\" id=\"posts-by-tag-item-1050\"><a class = \"posts-by-tag-item-title\" href=\"https:\/\/viajeraeditorial.ar\/blog\/2013\/11\/viajera-en-sierra-de-la-ventana-imagenes-de-la-iv-feria-del-libro\/\">Viajera en Sierra de la Ventana - Im\u00e1genes de la IV Feria del Libro<\/a><\/li><li class=\"posts-by-tag-item Apariciones P\u00fablicas Festival de Literatura de Azul Lorena Garc\u00eda Nicol\u00e1s Di Candia Viajera Virginia Janza\" id=\"posts-by-tag-item-1064\"><a class = \"posts-by-tag-item-title\" href=\"https:\/\/viajeraeditorial.ar\/blog\/2013\/11\/viajera-invitada-al-i-festival-internacional-de-literatura-de-azul-grilla-de-actividades\/\">Viajera, invitada al I Festival Internacional de Literatura de Azul - Grilla de actividades<\/a><\/li><li class=\"posts-by-tag-item Apariciones P\u00fablicas Mauricio Dreiling Nicol\u00e1s Di Candia Virginia Janza\" id=\"posts-by-tag-item-1192\"><a class = \"posts-by-tag-item-title\" href=\"https:\/\/viajeraeditorial.ar\/blog\/2013\/09\/viajera-en-el-dia-de-la-bibliodiversidad\/\">Viajera en el d\u00eda de la Bibliodiversidad<\/a><\/li><li class=\"posts-by-tag-item Apariciones P\u00fablicas Karina Macci\u00f3 Nicol\u00e1s Di Candia Viajera\" id=\"posts-by-tag-item-1286\"><a class = \"posts-by-tag-item-title\" href=\"https:\/\/viajeraeditorial.ar\/blog\/2013\/08\/viajera-en-cordoba\/\">VIAJERA EN C\u00d3RDOBA<\/a><\/li><li class=\"posts-by-tag-item L\u00e9ame Nicol\u00e1s Di Candia Viajera\" id=\"posts-by-tag-item-1344\"><a class = \"posts-by-tag-item-title\" href=\"https:\/\/viajeraeditorial.ar\/blog\/2013\/07\/nicolas-di-candia-rojo-vivo\/\">Nicol\u00e1s Di Candia: Rojo vivo<\/a><\/li><li class=\"posts-by-tag-item Alain Lawo-Sukam Amalia Sato Cecilia Maugeri Daniel C\u00e1seres Karina Macci\u00f3 Mauricio Dreiling Nicol\u00e1s Di Candia Roc\u00edo Mari\u00f1o Viajera Virginia Janza\" id=\"posts-by-tag-item-1392\"><a class = \"posts-by-tag-item-title\" href=\"https:\/\/viajeraeditorial.ar\/blog\/2013\/05\/presentacion-de-sueno-con-africa-de-alain-lawo-sukam\/\">Presentaci\u00f3n de Sue\u00f1o con \u00c1frica de Alain Lawo-Sukam<\/a><\/li><li class=\"posts-by-tag-item Apariciones P\u00fablicas L\u00e9ame Nicol\u00e1s Di Candia Viajera\" id=\"posts-by-tag-item-1422\"><a class = \"posts-by-tag-item-title\" href=\"https:\/\/viajeraeditorial.ar\/blog\/2013\/05\/nicolas-di-candia-en-la-feria-del-libro\/\">Nicol\u00e1s Di Candia en la Feria del Libro<\/a><\/li><li class=\"posts-by-tag-item Alain Lawo-Sukam Apariciones P\u00fablicas B\u00edfida Cecilia Maugeri Karina Macci\u00f3 Nicol\u00e1s Di Candia\" id=\"posts-by-tag-item-1441\"><a class = \"posts-by-tag-item-title\" href=\"https:\/\/viajeraeditorial.ar\/blog\/2013\/04\/viajera-editorial-llega-a-texas-usa\/\">Viajera Editorial llega a Texas, USA!<\/a><\/li><li class=\"posts-by-tag-item Apariciones P\u00fablicas L\u00e9ame Nicol\u00e1s Di Candia Viajera\" id=\"posts-by-tag-item-1459\"><a class = \"posts-by-tag-item-title\" href=\"https:\/\/viajeraeditorial.ar\/blog\/2013\/03\/nicolas-di-candia-invitado-en-fi-radio\/\">Nicol\u00e1s Di Candia invitado en FI Radio<\/a><\/li><li class=\"posts-by-tag-item Ad\u00e9lia Prado bicicleteada po\u00e9tica Karina Macci\u00f3 Nicol\u00e1s Di Candia Noche de las librer\u00edas Viajera Virginia Janza\" id=\"posts-by-tag-item-1492\"><a class = \"posts-by-tag-item-title\" href=\"https:\/\/viajeraeditorial.ar\/blog\/2012\/12\/bicicleteada-poetica-cuarta-parada\/\">Bicicleteada po\u00e9tica. Cuarta parada<\/a><\/li><li class=\"posts-by-tag-item bicicleteada po\u00e9tica Cecilia Maugeri Diego Recalde Eugenia Coiro Gabriel Kirchuk Karina Macci\u00f3 Nicol\u00e1s Di Candia Noche de las librer\u00edas Viajera Virginia Janza\" id=\"posts-by-tag-item-1497\"><a class = \"posts-by-tag-item-title\" href=\"https:\/\/viajeraeditorial.ar\/blog\/2012\/12\/bicicleteada-poetica\/\">Bicicleteada po\u00e9tica<\/a><\/li><li class=\"posts-by-tag-item bicicleteada po\u00e9tica Karina Macci\u00f3 Nicol\u00e1s Di Candia Noche de las librer\u00edas Viajera\" id=\"posts-by-tag-item-1505\"><a class = \"posts-by-tag-item-title\" href=\"https:\/\/viajeraeditorial.ar\/blog\/2012\/12\/bicicleteada-poetica-primera-parada\/\">Bicicleteada po\u00e9tica. Primera parada.<\/a><\/li><li class=\"posts-by-tag-item Nicol\u00e1s Di Candia Orsai Viajera Visita\" id=\"posts-by-tag-item-1553\"><a class = \"posts-by-tag-item-title\" href=\"https:\/\/viajeraeditorial.ar\/blog\/2012\/11\/nicolas-di-candia-en-orsai\/\">Nicol\u00e1s Di Candia en Orsai<\/a><\/li><li class=\"posts-by-tag-item Axel Levin B\u00e1rbara Belloc Laura L\u00f3pez Lucas Oliveira Nadina Tauhil Nicol\u00e1s Di Candia Valentina Nicanoff Yair Magrino\" id=\"posts-by-tag-item-1615\"><a class = \"posts-by-tag-item-title\" href=\"https:\/\/viajeraeditorial.ar\/blog\/2012\/10\/viajera-visita-la-casa-de-la-lectura\/\">Viajera visita la Casa de la Lectura<\/a><\/li><li class=\"posts-by-tag-item Axel Levin B\u00e1rbara Belloc Laura L\u00f3pez Lucas Oliveira Nadina Tauhil Nicol\u00e1s Di Candia Valentina Nicanoff Viajera Visita Yair Magrino\" id=\"posts-by-tag-item-1618\"><a class = \"posts-by-tag-item-title\" href=\"https:\/\/viajeraeditorial.ar\/blog\/2012\/10\/algo-de-lo-que-fue-viajera-visita-casa-de-la-lectura\/\">Algo de lo que fue Viajera visita Casa de la Lectura<\/a><\/li><li class=\"posts-by-tag-item L\u00e9ame Nicol\u00e1s Di Candia Viajera Visita\" id=\"posts-by-tag-item-1641\"><a class = \"posts-by-tag-item-title\" href=\"https:\/\/viajeraeditorial.ar\/blog\/2012\/09\/nicolas-di-candia-en-viajera-visita\/\">Nicol\u00e1s Di Candia en Viajera Visita<\/a><\/li><li class=\"posts-by-tag-item Apariciones P\u00fablicas L\u00e9ame Nicol\u00e1s Di Candia\" id=\"posts-by-tag-item-1667\"><a class = \"posts-by-tag-item-title\" href=\"https:\/\/viajeraeditorial.ar\/blog\/2012\/09\/nicolas-di-candia-en-palabras-errantes\/\">Nicol\u00e1s Di Candia en Palabras Errantes<\/a><\/li><li class=\"posts-by-tag-item Belara Mich\u00e1n Bengala Hotel Cecilia Maugeri cuerpoadentro Diario de la Transformaci\u00f3n Eugenia Coiro Karina Macci\u00f3 Lado G\u00e9minis L\u00e9ame malapalabra Nadina Tauhil Nicol\u00e1s Di Candia ranamadre Virginia Janza\" id=\"posts-by-tag-item-1802\"><a class = \"posts-by-tag-item-title\" href=\"https:\/\/viajeraeditorial.ar\/blog\/2012\/05\/nuestro-paso-por-la-feria-del-libro\/\">Nuestro paso por la Feria del Libro<\/a><\/li><li class=\"posts-by-tag-item Belara Mich\u00e1n Bengala Hotel cuerpoadentro Eugenia Coiro L\u00e9ame Nadina Tauhil Nicol\u00e1s Di Candia ranamadre\" id=\"posts-by-tag-item-1814\"><a class = \"posts-by-tag-item-title\" href=\"https:\/\/viajeraeditorial.ar\/blog\/2012\/04\/andanzas-viajeras-diciembre-2011-abril-2012\/\">Andanzas viajeras Diciembre 2011-Abril 2012<\/a><\/li><li class=\"posts-by-tag-item L\u00e9ame Nadina Tauhil Nicol\u00e1s Di Candia ranamadre Viceversa\" id=\"posts-by-tag-item-1839\"><a class = \"posts-by-tag-item-title\" href=\"https:\/\/viajeraeditorial.ar\/blog\/2012\/02\/sobre-leame\/\">Sobre \"L\u00e9ame\"<\/a><\/li><li class=\"posts-by-tag-item Belara Mich\u00e1n Bengala Hotel cuerpoadentro Eugenia Coiro L\u00e9ame Nadina Tauhil Nicol\u00e1s Di Candia ranamadre\" id=\"posts-by-tag-item-1864\"><a class = \"posts-by-tag-item-title\" href=\"https:\/\/viajeraeditorial.ar\/blog\/2011\/12\/presentacion-de-los-nuevos-libros-de-viajera\/\">Presentaci\u00f3n de los nuevos libros de Viajera!<\/a><\/li><\/ul>\n","protected":false},"excerpt":{"rendered":"<p>Naci\u00f3 en Buenos Aires en 1980. En su experiencia, es bueno nacer en un a\u00f1o terminado en cero porque facilita el c\u00e1lculo de la edad, adem\u00e1s de hacer coincidir las d\u00e9cadas con la vida. Antes de empezar la escuela le\u00eda. Antes de terminar la escuela escrib\u00eda en revistas de computaci\u00f3n. Despu\u00e9s\u00a0comenz\u00f3\u00a0una presencia sensible en la [&hellip;]<\/p>\n","protected":false},"author":3,"featured_media":0,"parent":8710,"menu_order":0,"comment_status":"closed","ping_status":"open","template":"","meta":[],"_links":{"self":[{"href":"https:\/\/viajeraeditorial.ar\/blog\/wp-json\/wp\/v2\/pages\/111"}],"collection":[{"href":"https:\/\/viajeraeditorial.ar\/blog\/wp-json\/wp\/v2\/pages"}],"about":[{"href":"https:\/\/viajeraeditorial.ar\/blog\/wp-json\/wp\/v2\/types\/page"}],"author":[{"embeddable":true,"href":"https:\/\/viajeraeditorial.ar\/blog\/wp-json\/wp\/v2\/users\/3"}],"replies":[{"embeddable":true,"href":"https:\/\/viajeraeditorial.ar\/blog\/wp-json\/wp\/v2\/comments?post=111"}],"version-history":[{"count":14,"href":"https:\/\/viajeraeditorial.ar\/blog\/wp-json\/wp\/v2\/pages\/111\/revisions"}],"predecessor-version":[{"id":5721,"href":"https:\/\/viajeraeditorial.ar\/blog\/wp-json\/wp\/v2\/pages\/111\/revisions\/5721"}],"up":[{"embeddable":true,"href":"https:\/\/viajeraeditorial.ar\/blog\/wp-json\/wp\/v2\/pages\/8710"}],"wp:attachment":[{"href":"https:\/\/viajeraeditorial.ar\/blog\/wp-json\/wp\/v2\/media?parent=111"}],"curies":[{"name":"wp","href":"https:\/\/api.w.org\/{rel}","templated":true}]}}