{"id":113,"date":"2015-04-20T02:18:05","date_gmt":"2015-04-20T05:18:05","guid":{"rendered":"http:\/\/www.viajeraeditorial.com.ar\/?page_id=113"},"modified":"2020-11-02T21:02:39","modified_gmt":"2020-11-03T00:02:39","slug":"nadina-tauhil","status":"publish","type":"page","link":"https:\/\/viajeraeditorial.ar\/blog\/catalogo\/nadina-tauhil\/","title":{"rendered":"Nadina Tauhil"},"content":{"rendered":"<p><a href=\"http:\/\/www.viajeraeditorial.ar\/blog\/wp-content\/uploads\/2015\/04\/fotonadinatauhil.jpg\"><img loading=\"lazy\" class=\"alignright size-full wp-image-507\" src=\"http:\/\/www.viajeraeditorial.ar\/blog\/wp-content\/uploads\/2015\/04\/fotonadinatauhil.jpg\" alt=\"Nadina Tauhil\" width=\"350\" height=\"263\" \/><\/a>Naci\u00f3 el 10 de abril de 1984 en la ciudad de Buenos Aires. Su nombre significa en \u00e1rabe <em>la que nunca pierde la esperanza<\/em>. Apasionada y testaruda, siempre sigue apostando.<\/p>\n<p>Es m\u00e9dica de profesi\u00f3n. Su cari\u00f1o por las palabras la llev\u00f3 a elegir Psiquiatr\u00eda, especialidad que adem\u00e1s ejerce su madre.<\/p>\n<p>Escribe desde siempre. Pero decidi\u00f3 comenzar un taller literario la misma semana que se fue a vivir sola, en el verano de 2008.<\/p>\n<p>Sali\u00f3 publicada en\u00a0<em>El libro de los talleres III<\/em> (Dunken, 2008) por el grupo Cruzagramas. Fue finalista en el premio Oblogo-Hipotecario por el texto \u00abSe busca\u00bb en el a\u00f1o 2009 y gan\u00f3 la primera menci\u00f3n, junto a Camila Rossi, con el fotopoema \u00abDetr\u00e1s de la puerta\u00bb (Revista de fotograf\u00eda contempor\u00e1nea aulafoto, Valencia, 2009). Public\u00f3 dos cuentos infantiles en el portal <a href=\"http:\/\/lalunanaranja.blogspot.com\">La Luna Naranja<\/a>.<\/p>\n<p><span style=\"text-decoration: underline;\"><strong>En Viajera<\/strong><\/span><\/p>\n<p style=\"padding-left: 30px;\"><a href=\"http:\/\/www.viajeraeditorial.ar\/blog\/descubrir\/ranamadre\/\"><img loading=\"lazy\" class=\"alignnone size-full wp-image-4536\" src=\"http:\/\/www.viajeraeditorial.ar\/blog\/wp-content\/uploads\/2015\/03\/ranamadretapa_tn20.jpg\" alt=\"ranamadre\" width=\"13\" height=\"20\" \/><\/a>\u00a0<a href=\"http:\/\/www.viajeraeditorial.ar\/blog\/descubrir\/ranamadre\/\">ranamadre<\/a> (<a href=\"http:\/\/www.viajeraeditorial.ar\/blog\/descubrir\/\">Descubrir<\/a>, 2011)<\/p>\n<p><span style=\"text-decoration: underline;\"><strong>Contactar a Nadina<\/strong><\/span><\/p>\n<p style=\"padding-left: 30px;\"><a href=\"http:\/\/nanu-desdemi.blogspot.com\">Blog<\/a><\/p>\n<p><span style=\"text-decoration: underline;\"><strong>Contenido sobre Nadina<\/strong><\/span><\/p>\n<ul class = \"posts-by-tag-list\"><li class=\"posts-by-tag-item Nadina Tauhil ranamadre Viajera\" id=\"posts-by-tag-item-2029\"><a class = \"posts-by-tag-item-title\" href=\"https:\/\/viajeraeditorial.ar\/blog\/2014\/02\/tengo-los-huesos-huecos-nadina-tauhil\/\">tengo los huesos huecos - Nadina Tauhil<\/a><\/li><li class=\"posts-by-tag-item Nadina Tauhil ranamadre Viajera\" id=\"posts-by-tag-item-2034\"><a class = \"posts-by-tag-item-title\" href=\"https:\/\/viajeraeditorial.ar\/blog\/2014\/01\/si-yo-no-quisiera-nadina-tauhil\/\">si yo no quisiera - Nadina Tauhil<\/a><\/li><li class=\"posts-by-tag-item Nadina Tauhil ranamadre Viajera\" id=\"posts-by-tag-item-2041\"><a class = \"posts-by-tag-item-title\" href=\"https:\/\/viajeraeditorial.ar\/blog\/2014\/01\/la-ultima-vez-nadina-tahuil\/\">la \u00faltima vez - Nadina Tahuil<\/a><\/li><li class=\"posts-by-tag-item Nadina Tauhil ranamadre\" id=\"posts-by-tag-item-1029\"><a class = \"posts-by-tag-item-title\" href=\"https:\/\/viajeraeditorial.ar\/blog\/2013\/11\/nadina-tauhil-en-viajera-visita\/\">Nadina Tauhil en Viajera Visita<\/a><\/li><li class=\"posts-by-tag-item Nadina Tauhil ranamadre Viajera\" id=\"posts-by-tag-item-1056\"><a class = \"posts-by-tag-item-title\" href=\"https:\/\/viajeraeditorial.ar\/blog\/2013\/11\/sacar-los-hijos-de-mi-sangre-nadina-tauhil\/\">sacar los hijos de mi sangre * Nadina Tauhil<\/a><\/li><li class=\"posts-by-tag-item Apariciones P\u00fablicas Nadina Tauhil ranamadre Viajera Visita\" id=\"posts-by-tag-item-1106\"><a class = \"posts-by-tag-item-title\" href=\"https:\/\/viajeraeditorial.ar\/blog\/2013\/10\/performance-poetica-en-clasica-y-moderna-nadina-tauhil\/\">Performance Po\u00e9tica en Cl\u00e1sica y Moderna - Nadina Tauhil<\/a><\/li><li class=\"posts-by-tag-item Apariciones P\u00fablicas Belara Mich\u00e1n Cecilia Maugeri Diego Recalde Eugenia Coiro Gabriel Kirchuk Karina Macci\u00f3 Mauricio Dreiling Nadina Tauhil Viajera Visita\" id=\"posts-by-tag-item-1125\"><a class = \"posts-by-tag-item-title\" href=\"https:\/\/viajeraeditorial.ar\/blog\/2013\/10\/tus-peores-poemas-de-amor-lunes-2110\/\">Tus peores poemas de amor - Lunes 21\/10<\/a><\/li><li class=\"posts-by-tag-item Nadina Tauhil ranamadre Viajera\" id=\"posts-by-tag-item-1138\"><a class = \"posts-by-tag-item-title\" href=\"https:\/\/viajeraeditorial.ar\/blog\/2013\/10\/entonces-lo-siento-incluido-en-ranamadre-de-nadina-tauhil\/\">\"entonces lo siento\" incluido en ranamadre, de Nadina Tauhil<\/a><\/li><li class=\"posts-by-tag-item Nadina Tauhil ranamadre Viajera\" id=\"posts-by-tag-item-1357\"><a class = \"posts-by-tag-item-title\" href=\"https:\/\/viajeraeditorial.ar\/blog\/2013\/06\/nadina-tauhil-verde-rana\/\">Nadina Tauhil: Verde rana<\/a><\/li><li class=\"posts-by-tag-item Axel Levin B\u00e1rbara Belloc Laura L\u00f3pez Lucas Oliveira Nadina Tauhil Nicol\u00e1s Di Candia Valentina Nicanoff Yair Magrino\" id=\"posts-by-tag-item-1615\"><a class = \"posts-by-tag-item-title\" href=\"https:\/\/viajeraeditorial.ar\/blog\/2012\/10\/viajera-visita-la-casa-de-la-lectura\/\">Viajera visita la Casa de la Lectura<\/a><\/li><li class=\"posts-by-tag-item Axel Levin B\u00e1rbara Belloc Laura L\u00f3pez Lucas Oliveira Nadina Tauhil Nicol\u00e1s Di Candia Valentina Nicanoff Viajera Visita Yair Magrino\" id=\"posts-by-tag-item-1618\"><a class = \"posts-by-tag-item-title\" href=\"https:\/\/viajeraeditorial.ar\/blog\/2012\/10\/algo-de-lo-que-fue-viajera-visita-casa-de-la-lectura\/\">Algo de lo que fue Viajera visita Casa de la Lectura<\/a><\/li><li class=\"posts-by-tag-item Nadina Tauhil ranamadre Viajera Visita\" id=\"posts-by-tag-item-1636\"><a class = \"posts-by-tag-item-title\" href=\"https:\/\/viajeraeditorial.ar\/blog\/2012\/09\/nadina-tauhil-en-viajera-visita-2\/\">Nadina Tauhil en Viajera Visita<\/a><\/li><li class=\"posts-by-tag-item Nadina Tauhil ranamadre\" id=\"posts-by-tag-item-1790\"><a class = \"posts-by-tag-item-title\" href=\"https:\/\/viajeraeditorial.ar\/blog\/2012\/05\/ranamadre-en-desmenuzarte-mejor\/\">ranamadre en DesmenuzArte Mejor<\/a><\/li><li class=\"posts-by-tag-item Belara Mich\u00e1n Bengala Hotel Cecilia Maugeri cuerpoadentro Diario de la Transformaci\u00f3n Eugenia Coiro Karina Macci\u00f3 Lado G\u00e9minis L\u00e9ame malapalabra Nadina Tauhil Nicol\u00e1s Di Candia ranamadre Virginia Janza\" id=\"posts-by-tag-item-1802\"><a class = \"posts-by-tag-item-title\" href=\"https:\/\/viajeraeditorial.ar\/blog\/2012\/05\/nuestro-paso-por-la-feria-del-libro\/\">Nuestro paso por la Feria del Libro<\/a><\/li><li class=\"posts-by-tag-item Belara Mich\u00e1n Bengala Hotel cuerpoadentro Eugenia Coiro L\u00e9ame Nadina Tauhil Nicol\u00e1s Di Candia ranamadre\" id=\"posts-by-tag-item-1814\"><a class = \"posts-by-tag-item-title\" href=\"https:\/\/viajeraeditorial.ar\/blog\/2012\/04\/andanzas-viajeras-diciembre-2011-abril-2012\/\">Andanzas viajeras Diciembre 2011-Abril 2012<\/a><\/li><li class=\"posts-by-tag-item Nadina Tauhil ranamadre\" id=\"posts-by-tag-item-1817\"><a class = \"posts-by-tag-item-title\" href=\"https:\/\/viajeraeditorial.ar\/blog\/2012\/04\/salimos-en-pagina12\/\">Salimos en P\u00e1gina\/12!<\/a><\/li><li class=\"posts-by-tag-item Nadina Tauhil ranamadre\" id=\"posts-by-tag-item-1823\"><a class = \"posts-by-tag-item-title\" href=\"https:\/\/viajeraeditorial.ar\/blog\/2012\/04\/ranamadre-en-revista-casquivana\/\">ranamadre en Revista Casquivana<\/a><\/li><li class=\"posts-by-tag-item Nadina Tauhil ranamadre\" id=\"posts-by-tag-item-1830\"><a class = \"posts-by-tag-item-title\" href=\"https:\/\/viajeraeditorial.ar\/blog\/2012\/04\/ranamadre-en-revista-casquivana-2\/\">ranamadre en Revista Casquivana<\/a><\/li><li class=\"posts-by-tag-item L\u00e9ame Nadina Tauhil Nicol\u00e1s Di Candia ranamadre Viceversa\" id=\"posts-by-tag-item-1839\"><a class = \"posts-by-tag-item-title\" href=\"https:\/\/viajeraeditorial.ar\/blog\/2012\/02\/sobre-leame\/\">Sobre \"L\u00e9ame\"<\/a><\/li><li class=\"posts-by-tag-item Nadina Tauhil ranamadre Viceversa\" id=\"posts-by-tag-item-1845\"><a class = \"posts-by-tag-item-title\" href=\"https:\/\/viajeraeditorial.ar\/blog\/2012\/01\/sobre-ranamadre-de-nadina-tauhil\/\">Sobre \"ranamadre\" de Nadina Tauhil<\/a><\/li><li class=\"posts-by-tag-item Belara Mich\u00e1n Bengala Hotel cuerpoadentro Eugenia Coiro L\u00e9ame Nadina Tauhil Nicol\u00e1s Di Candia ranamadre\" id=\"posts-by-tag-item-1864\"><a class = \"posts-by-tag-item-title\" href=\"https:\/\/viajeraeditorial.ar\/blog\/2011\/12\/presentacion-de-los-nuevos-libros-de-viajera\/\">Presentaci\u00f3n de los nuevos libros de Viajera!<\/a><\/li><\/ul>\n","protected":false},"excerpt":{"rendered":"<p>Naci\u00f3 el 10 de abril de 1984 en la ciudad de Buenos Aires. Su nombre significa en \u00e1rabe la que nunca pierde la esperanza. Apasionada y testaruda, siempre sigue apostando. Es m\u00e9dica de profesi\u00f3n. Su cari\u00f1o por las palabras la llev\u00f3 a elegir Psiquiatr\u00eda, especialidad que adem\u00e1s ejerce su madre. Escribe desde siempre. Pero decidi\u00f3 [&hellip;]<\/p>\n","protected":false},"author":3,"featured_media":0,"parent":8710,"menu_order":0,"comment_status":"closed","ping_status":"open","template":"","meta":[],"_links":{"self":[{"href":"https:\/\/viajeraeditorial.ar\/blog\/wp-json\/wp\/v2\/pages\/113"}],"collection":[{"href":"https:\/\/viajeraeditorial.ar\/blog\/wp-json\/wp\/v2\/pages"}],"about":[{"href":"https:\/\/viajeraeditorial.ar\/blog\/wp-json\/wp\/v2\/types\/page"}],"author":[{"embeddable":true,"href":"https:\/\/viajeraeditorial.ar\/blog\/wp-json\/wp\/v2\/users\/3"}],"replies":[{"embeddable":true,"href":"https:\/\/viajeraeditorial.ar\/blog\/wp-json\/wp\/v2\/comments?post=113"}],"version-history":[{"count":6,"href":"https:\/\/viajeraeditorial.ar\/blog\/wp-json\/wp\/v2\/pages\/113\/revisions"}],"predecessor-version":[{"id":4580,"href":"https:\/\/viajeraeditorial.ar\/blog\/wp-json\/wp\/v2\/pages\/113\/revisions\/4580"}],"up":[{"embeddable":true,"href":"https:\/\/viajeraeditorial.ar\/blog\/wp-json\/wp\/v2\/pages\/8710"}],"wp:attachment":[{"href":"https:\/\/viajeraeditorial.ar\/blog\/wp-json\/wp\/v2\/media?parent=113"}],"curies":[{"name":"wp","href":"https:\/\/api.w.org\/{rel}","templated":true}]}}