{"id":115,"date":"2015-04-20T02:18:22","date_gmt":"2015-04-20T05:18:22","guid":{"rendered":"http:\/\/www.viajeraeditorial.com.ar\/?page_id=115"},"modified":"2020-11-02T21:02:39","modified_gmt":"2020-11-03T00:02:39","slug":"nestor-cheb-terrab","status":"publish","type":"page","link":"https:\/\/viajeraeditorial.ar\/blog\/catalogo\/nestor-cheb-terrab\/","title":{"rendered":"N\u00e9stor Cheb Terrab"},"content":{"rendered":"<p><img loading=\"lazy\" class=\"wp-image-6388 alignright\" src=\"http:\/\/www.viajeraeditorial.ar\/blog\/wp-content\/uploads\/2015\/04\/cheb-632x955.jpg\" alt=\"\" width=\"225\" height=\"340\" srcset=\"https:\/\/viajeraeditorial.ar\/blog\/wp-content\/uploads\/2015\/04\/cheb-632x955.jpg 632w, https:\/\/viajeraeditorial.ar\/blog\/wp-content\/uploads\/2015\/04\/cheb-768x1161.jpg 768w, https:\/\/viajeraeditorial.ar\/blog\/wp-content\/uploads\/2015\/04\/cheb-100x150.jpg 100w, https:\/\/viajeraeditorial.ar\/blog\/wp-content\/uploads\/2015\/04\/cheb-257x387.jpg 257w, https:\/\/viajeraeditorial.ar\/blog\/wp-content\/uploads\/2015\/04\/cheb-347x525.jpg 347w, https:\/\/viajeraeditorial.ar\/blog\/wp-content\/uploads\/2015\/04\/cheb.jpg 913w\" sizes=\"(max-width: 225px) 100vw, 225px\" \/><\/p>\n<p>&nbsp;<\/p>\n<p>Naci\u00f3 en 1960 en Buenos Aires. Realiz\u00f3 estudios de Econom\u00eda y Psicolog\u00eda Social. Asiste al taller\u00a0<em>Tangerina<\/em>, coordinado por Ana Guillot.<\/p>\n<p>&nbsp;<\/p>\n<p><span style=\"text-decoration: underline;\"><strong>En Viajera<\/strong><\/span><\/p>\n<p style=\"padding-left: 30px;\"><a href=\"http:\/\/www.viajeraeditorial.ar\/blog\/descubrir\/sonomama\/\"><img loading=\"lazy\" class=\"alignnone size-full wp-image-4527\" src=\"http:\/\/www.viajeraeditorial.ar\/blog\/wp-content\/uploads\/2015\/03\/sonomamatapa_tn20.jpg\" alt=\"Sonomama\" width=\"13\" height=\"20\" \/><\/a>\u00a0<a href=\"http:\/\/www.viajeraeditorial.ar\/blog\/descubrir\/sonomama\/\">Sonomama<\/a> (<a href=\"http:\/\/www.viajeraeditorial.ar\/blog\/descubrir\/\">Descubrir<\/a>, 2012)<\/p>\n<p style=\"padding-left: 30px;\"><a href=\"http:\/\/www.viajeraeditorial.ar\/blog\/explorar\/la-fauna-de-un-topacio\/\"><img loading=\"lazy\" class=\"wp-image-6382 alignnone\" src=\"http:\/\/www.viajeraeditorial.ar\/blog\/wp-content\/uploads\/2015\/03\/fauna-e1500462672459.jpg\" alt=\"\" width=\"14\" height=\"22\" \/>La fauna de un topacio<\/a>\u00a0(<a href=\"http:\/\/www.viajeraeditorial.ar\/blog\/explorar\/\">Explorar<\/a>, 2017)<\/p>\n<p><span style=\"text-decoration: underline;\"><strong>Contenido sobre N\u00e9stor<\/strong><\/span><\/p>\n<ul class = \"posts-by-tag-list\"><li class=\"posts-by-tag-item La fauna de un topacio N\u00e9stor Cheb Terrab\" id=\"posts-by-tag-item-8266\"><a class = \"posts-by-tag-item-title\" href=\"https:\/\/viajeraeditorial.ar\/blog\/2020\/01\/dice-que-sus-ojos-nestor-cheb-terrab\/\">dice que sus ojos * N\u00e9stor Cheb Terrab<\/a><\/li><li class=\"posts-by-tag-item La fauna de un topacio N\u00e9stor Cheb Terrab\" id=\"posts-by-tag-item-7894\"><a class = \"posts-by-tag-item-title\" href=\"https:\/\/viajeraeditorial.ar\/blog\/2019\/06\/el-viento-nestor-cheb-terrab\/\">el viento * N\u00e9stor Cheb Terrab<\/a><\/li><li class=\"posts-by-tag-item La fauna de un topacio N\u00e9stor Cheb Terrab\" id=\"posts-by-tag-item-7729\"><a class = \"posts-by-tag-item-title\" href=\"https:\/\/viajeraeditorial.ar\/blog\/2019\/03\/nestor-cheb-terrab-en-el-festival-internacional-de-poesia-de-mar-del-plata\/\">N\u00e9stor Cheb Terrab en el Festival Internacional de Poes\u00eda de Mar del Plata<\/a><\/li><li class=\"posts-by-tag-item La fauna de un topacio N\u00e9stor Cheb Terrab\" id=\"posts-by-tag-item-7592\"><a class = \"posts-by-tag-item-title\" href=\"https:\/\/viajeraeditorial.ar\/blog\/2019\/02\/me-acerco-al-reves-nestor-cheb-terrab\/\">me acerco al rev\u00e9s * N\u00e9stor Cheb Terrab<\/a><\/li><li class=\"posts-by-tag-item La fauna de un topacio N\u00e9stor Cheb Terrab\" id=\"posts-by-tag-item-7543\"><a class = \"posts-by-tag-item-title\" href=\"https:\/\/viajeraeditorial.ar\/blog\/2019\/01\/destellos-de-simultaneidad-nestor-cheb-terrab\/\">destellos de simultaneidad * N\u00e9stor Cheb Terrab<\/a><\/li><li class=\"posts-by-tag-item La fauna de un topacio N\u00e9stor Cheb Terrab\" id=\"posts-by-tag-item-7360\"><a class = \"posts-by-tag-item-title\" href=\"https:\/\/viajeraeditorial.ar\/blog\/2018\/10\/atrapado-nestor-cheb-terrab\/\">atrapado * N\u00e9stor Cheb Terrab<\/a><\/li><li class=\"posts-by-tag-item La fauna de un topacio N\u00e9stor Cheb Terrab\" id=\"posts-by-tag-item-7327\"><a class = \"posts-by-tag-item-title\" href=\"https:\/\/viajeraeditorial.ar\/blog\/2018\/09\/hay-cometas-exoticos-nestor-cheb-terrab\/\">hay cometas ex\u00f3ticos * N\u00e9stor Cheb Terrab<\/a><\/li><li class=\"posts-by-tag-item Eugenia Coiro N\u00e9stor Cheb Terrab Nicol\u00e1s Alonso\" id=\"posts-by-tag-item-7239\"><a class = \"posts-by-tag-item-title\" href=\"https:\/\/viajeraeditorial.ar\/blog\/2018\/08\/nestor-cheb-terrab-nico-alonso-eugenia-coiro-como-decir-19\/\">N\u00e9stor Cheb Terrab, Nico Alonso, Eugenia Coiro * C\u00f3mo decir * 1\/9<\/a><\/li><li class=\"posts-by-tag-item La fauna de un topacio N\u00e9stor Cheb Terrab\" id=\"posts-by-tag-item-6893\"><a class = \"posts-by-tag-item-title\" href=\"https:\/\/viajeraeditorial.ar\/blog\/2018\/03\/pinto-resena-a-cheb-terrab-en-solo-tempestad\/\">Pinto rese\u00f1a a Cheb Terrab en Solo Tempestad<\/a><\/li><li class=\"posts-by-tag-item La fauna de un topacio N\u00e9stor Cheb Terrab\" id=\"posts-by-tag-item-6769\"><a class = \"posts-by-tag-item-title\" href=\"https:\/\/viajeraeditorial.ar\/blog\/2018\/02\/nestor-cheb-terrab-por-celeste-gagliano-para-la-opinion\/\">N\u00e9stor Cheb Terrab por Celeste Galiano para La Opini\u00f3n<\/a><\/li><li class=\"posts-by-tag-item La fauna de un topacio N\u00e9stor Cheb Terrab\" id=\"posts-by-tag-item-6747\"><a class = \"posts-by-tag-item-title\" href=\"https:\/\/viajeraeditorial.ar\/blog\/2018\/01\/6747\/\">el ruido de la lluvia * N\u00e9stor Cheb Terrab<\/a><\/li><li class=\"posts-by-tag-item Feria Regional del Libro de San Mart\u00edn de los Andes N\u00e9stor Cheb Terrab\" id=\"posts-by-tag-item-6518\"><a class = \"posts-by-tag-item-title\" href=\"https:\/\/viajeraeditorial.ar\/blog\/2017\/10\/nestor-cheb-terrab-en-la-xi-feria-regional-del-libro-de-san-martin-de-los-andes\/\">N\u00e9stor Cheb Terrab en la XI Feria regional del libro de San Mart\u00edn de los Andes<\/a><\/li><li class=\"posts-by-tag-item La fauna de un topacio N\u00e9stor Cheb Terrab Radio Sonomama\" id=\"posts-by-tag-item-6471\"><a class = \"posts-by-tag-item-title\" href=\"https:\/\/viajeraeditorial.ar\/blog\/2017\/09\/nestor-cheb-terrab-en-el-programa-poetica-viva\/\">N\u00e9stor Cheb Terrab en el programa Po\u00e9tica Viva<\/a><\/li><li class=\"posts-by-tag-item La fauna de un topacio N\u00e9stor Cheb Terrab\" id=\"posts-by-tag-item-6302\"><a class = \"posts-by-tag-item-title\" href=\"https:\/\/viajeraeditorial.ar\/blog\/2017\/07\/presentacion-de-la-fauna-de-un-topacio-0407\/\">Presentaci\u00f3n de la Fauna de un topacio * 04\/07<\/a><\/li><li class=\"posts-by-tag-item La fauna de un topacio N\u00e9stor Cheb Terrab\" id=\"posts-by-tag-item-6067\"><a class = \"posts-by-tag-item-title\" href=\"https:\/\/viajeraeditorial.ar\/blog\/2017\/07\/no-aguar-nestor-cheb-terrab\/\">no aguar * N\u00e9stor Cheb Terrab<\/a><\/li><li class=\"posts-by-tag-item La fauna de un topacio N\u00e9stor Cheb Terrab\" id=\"posts-by-tag-item-6057\"><a class = \"posts-by-tag-item-title\" href=\"https:\/\/viajeraeditorial.ar\/blog\/2017\/04\/adelanto-de-la-fauna-de-un-topacio\/\">Adelanto de La fauna de un topacio<\/a><\/li><li class=\"posts-by-tag-item La fauna de un topacio N\u00e9stor Cheb Terrab\" id=\"posts-by-tag-item-6063\"><a class = \"posts-by-tag-item-title\" href=\"https:\/\/viajeraeditorial.ar\/blog\/2017\/04\/detras-de-tu-pie-nestor-cheb-terrab\/\">detr\u00e1s de tu pie * N\u00e9stor Cheb Terrab<\/a><\/li><li class=\"posts-by-tag-item La fauna de un topacio N\u00e9stor Cheb Terrab\" id=\"posts-by-tag-item-6060\"><a class = \"posts-by-tag-item-title\" href=\"https:\/\/viajeraeditorial.ar\/blog\/2017\/03\/me-acecha-la-muerte-nestor-che-terrab\/\">me acecha la muerte * N\u00e9stor Che Terrab<\/a><\/li><li class=\"posts-by-tag-item N\u00e9stor Cheb Terrab\" id=\"posts-by-tag-item-6103\"><a class = \"posts-by-tag-item-title\" href=\"https:\/\/viajeraeditorial.ar\/blog\/2017\/02\/nestor-cheb-terrab-en-bolivia\/\">N\u00e9stor Cheb Terrab en Bolivia<\/a><\/li><li class=\"posts-by-tag-item La fauna de un topacio N\u00e9stor Cheb Terrab\" id=\"posts-by-tag-item-6054\"><a class = \"posts-by-tag-item-title\" href=\"https:\/\/viajeraeditorial.ar\/blog\/2017\/02\/me-deslizo-nestor-cheb-terrab\/\">me deslizo * N\u00e9stor Cheb Terrab<\/a><\/li><li class=\"posts-by-tag-item N\u00e9stor Cheb Terrab\" id=\"posts-by-tag-item-5915\"><a class = \"posts-by-tag-item-title\" href=\"https:\/\/viajeraeditorial.ar\/blog\/2016\/11\/hoy-nestor-cheb-terrab-en-la-radio-a-cierta-hora\/\">Hoy N\u00e9stor Cheb Terrab en la radio * A cierta hora<\/a><\/li><li class=\"posts-by-tag-item La fauna de un topacio N\u00e9stor Cheb Terrab\" id=\"posts-by-tag-item-5846\"><a class = \"posts-by-tag-item-title\" href=\"https:\/\/viajeraeditorial.ar\/blog\/2016\/11\/en-torno-de-respirar-nestor-cheb-terrab\/\">en torno de respirar * N\u00e9stor Cheb Terrab<\/a><\/li><li class=\"posts-by-tag-item La fauna de un topacio N\u00e9stor Cheb Terrab\" id=\"posts-by-tag-item-5849\"><a class = \"posts-by-tag-item-title\" href=\"https:\/\/viajeraeditorial.ar\/blog\/2016\/10\/me-acecha-la-muerte-nestor-cheb-terrab\/\">me acecha la muerte * N\u00e9stor Cheb Terrab<\/a><\/li><li class=\"posts-by-tag-item Alicia \u00c1lvarez Axel Levin Carolina Lesta Dami\u00e1n Boggino Daniel C\u00e1seres Diamar Pretelt Marrugo Eduardo Adrogu\u00e9 Eduardo Bunitow El Benny Elizabeth Vita Esther Ferrari Eugenia Coiro Gabriela Aristegui Gabriela Oyola Jos\u00e9 Lupia Juan Castro Walker Karina Macci\u00f3 Laura Amori Lorena Suez Macarena Cifuentes Mar\u00eda Victoria Verzura Mauricio Dreiling Minuto Sue\u00f1o N\u00e9stor Cheb Terrab Portada Virginia Janza\" id=\"posts-by-tag-item-870\"><a class = \"posts-by-tag-item-title\" href=\"https:\/\/viajeraeditorial.ar\/blog\/2015\/05\/minuto-sueno\/\">Minuto Sue\u00f1o<\/a><\/li><li class=\"posts-by-tag-item Apariciones P\u00fablicas N\u00e9stor Cheb Terrab Viajera\" id=\"posts-by-tag-item-2251\"><a class = \"posts-by-tag-item-title\" href=\"https:\/\/viajeraeditorial.ar\/blog\/2014\/11\/nestor-cheb-terrab-en-dulcinea-despierta-1811\/\">N\u00e9stor Cheb Terrab en Dulcinea despierta - 18\/11<\/a><\/li><li class=\"posts-by-tag-item N\u00e9stor Cheb Terrab Sonomama Viajera\" id=\"posts-by-tag-item-2085\"><a class = \"posts-by-tag-item-title\" href=\"https:\/\/viajeraeditorial.ar\/blog\/2014\/04\/cuento-los-pasos-nestor-cheb-terrab\/\">cuento los pasos - N\u00e9stor Cheb Terrab<\/a><\/li><li class=\"posts-by-tag-item Amor N\u00e9stor Cheb Terrab Sonomama Viajera\" id=\"posts-by-tag-item-1312\"><a class = \"posts-by-tag-item-title\" href=\"https:\/\/viajeraeditorial.ar\/blog\/2013\/07\/el-amor-en-viajera-nestor-cheb-terrab\/\">El amor en Viajera - N\u00e9stor Cheb Terrab<\/a><\/li><li class=\"posts-by-tag-item N\u00e9stor Cheb Terrab Sonomama Viajera\" id=\"posts-by-tag-item-1352\"><a class = \"posts-by-tag-item-title\" href=\"https:\/\/viajeraeditorial.ar\/blog\/2013\/06\/nestor-cheb-terrab-rojo-mora\/\">N\u00e9stor Cheb Terrab: Rojo mora<\/a><\/li><li class=\"posts-by-tag-item Apariciones P\u00fablicas N\u00e9stor Cheb Terrab Sonomama Viajera\" id=\"posts-by-tag-item-1424\"><a class = \"posts-by-tag-item-title\" href=\"https:\/\/viajeraeditorial.ar\/blog\/2013\/05\/nestor-cheb-terrab-en-la-feria-del-libro\/\">N\u00e9stor Cheb Terrab en la Feria del Libro<\/a><\/li><li class=\"posts-by-tag-item N\u00e9stor Cheb Terrab Sonomama\" id=\"posts-by-tag-item-1440\"><a class = \"posts-by-tag-item-title\" href=\"https:\/\/viajeraeditorial.ar\/blog\/2013\/04\/sonomama-resenado-en-desmenuzarte-mejor\/\">Sonomama rese\u00f1ado en Desmenuzarte mejor<\/a><\/li><li class=\"posts-by-tag-item Diego Recalde La Meta de Gregorio N\u00e9stor Cheb Terrab Sonomama Viajera Visita\" id=\"posts-by-tag-item-1471\"><a class = \"posts-by-tag-item-title\" href=\"https:\/\/viajeraeditorial.ar\/blog\/2012\/12\/presentacion-de-la-meta-de-gregorio-y-sonomama\/\">Presentaci\u00f3n de \"La meta de Gregorio\" y \"Sonomama\"<\/a><\/li><li class=\"posts-by-tag-item N\u00e9stor Cheb Terrab Sonomama\" id=\"posts-by-tag-item-1534\"><a class = \"posts-by-tag-item-title\" href=\"https:\/\/viajeraeditorial.ar\/blog\/2012\/12\/acerca-de-sonomama-de-nestor-cheb-terrab\/\">Acerca de \"Sonomama\" de N\u00e9stor Cheb Terrab<\/a><\/li><li class=\"posts-by-tag-item An\u00edbal Ilguisonis Cecilia Maugeri Diego Recalde Edgardo Scott Eugenia Coiro Karina Macci\u00f3 Mart\u00edn Jim\u00e9nez Guerra N\u00e9stor Cheb Terrab Viajera Visita Virginia Janza\" id=\"posts-by-tag-item-1550\"><a class = \"posts-by-tag-item-title\" href=\"https:\/\/viajeraeditorial.ar\/blog\/2012\/11\/viajera-en-orsai\/\">Viajera en Orsai!<\/a><\/li><li class=\"posts-by-tag-item Diego Recalde La Meta de Gregorio N\u00e9stor Cheb Terrab Sonomama\" id=\"posts-by-tag-item-1567\"><a class = \"posts-by-tag-item-title\" href=\"https:\/\/viajeraeditorial.ar\/blog\/2012\/11\/presentacion-viajera\/\">Presentaci\u00f3n Viajera!!!<\/a><\/li><li class=\"posts-by-tag-item An\u00edbal Ilguisonis Cecilia Maugeri Diego Recalde Edgardo Scott Eugenia Coiro Karina Macci\u00f3 Mart\u00edn Jim\u00e9nez Guerra N\u00e9stor Cheb Terrab Viajera Visita Virginia Janza\" id=\"posts-by-tag-item-1581\"><a class = \"posts-by-tag-item-title\" href=\"https:\/\/viajeraeditorial.ar\/blog\/2012\/11\/viajera-visita-orsai-bar\/\">Viajera Visita Orsai Bar<\/a><\/li><li class=\"posts-by-tag-item Diego Recalde Esteban Bieda Loreley El Jaber N\u00e9stor Cheb Terrab Oliverio Coelho Osvaldo Baz\u00e1n Sabrina Merayo N\u00fa\u00f1ez Viajera Visita Virginia Janza\" id=\"posts-by-tag-item-1673\"><a class = \"posts-by-tag-item-title\" href=\"https:\/\/viajeraeditorial.ar\/blog\/2012\/09\/viajera-visita-abulafia-libros\/\">Viajera visita Abulafia libros<\/a><\/li><li class=\"posts-by-tag-item Diego Recalde Esteban Bieda Loreley El Jaber N\u00e9stor Cheb Terrab Oliverio Coelho Osvaldo Baz\u00e1n Sabrina Merayo N\u00fa\u00f1ez Viajera Visita Virginia Janza\" id=\"posts-by-tag-item-1685\"><a class = \"posts-by-tag-item-title\" href=\"https:\/\/viajeraeditorial.ar\/blog\/2012\/09\/algunas-imagenes-de-viajera-en-abulafia-libros\/\">Algunas im\u00e1genes de Viajera en Abulafia Libros<\/a><\/li><li class=\"posts-by-tag-item Diego Recalde Esteban Bieda Loreley El Jaber N\u00e9stor Cheb Terrab Oliverio Coelho Sabrina Merayo N\u00fa\u00f1ez Viajera Visita Virginia Janza\" id=\"posts-by-tag-item-1693\"><a class = \"posts-by-tag-item-title\" href=\"https:\/\/viajeraeditorial.ar\/blog\/2012\/09\/1409-viajera-visita-abulafia\/\">14\/09: Viajera Visita Abulafia!<\/a><\/li><li class=\"posts-by-tag-item N\u00e9stor Cheb Terrab Sonomama\" id=\"posts-by-tag-item-1700\"><a class = \"posts-by-tag-item-title\" href=\"https:\/\/viajeraeditorial.ar\/blog\/2012\/09\/nestor-cheb-terrab-en-viajera-visita-2\/\">N\u00e9stor Cheb Terrab en Viajera Visita<\/a><\/li><\/ul>\n","protected":false},"excerpt":{"rendered":"<p>&nbsp; Naci\u00f3 en 1960 en Buenos Aires. Realiz\u00f3 estudios de Econom\u00eda y Psicolog\u00eda Social. Asiste al taller\u00a0Tangerina, coordinado por Ana Guillot. &nbsp; En Viajera \u00a0Sonomama (Descubrir, 2012) La fauna de un topacio\u00a0(Explorar, 2017) Contenido sobre N\u00e9stor<\/p>\n","protected":false},"author":3,"featured_media":0,"parent":8710,"menu_order":0,"comment_status":"closed","ping_status":"open","template":"","meta":[],"_links":{"self":[{"href":"https:\/\/viajeraeditorial.ar\/blog\/wp-json\/wp\/v2\/pages\/115"}],"collection":[{"href":"https:\/\/viajeraeditorial.ar\/blog\/wp-json\/wp\/v2\/pages"}],"about":[{"href":"https:\/\/viajeraeditorial.ar\/blog\/wp-json\/wp\/v2\/types\/page"}],"author":[{"embeddable":true,"href":"https:\/\/viajeraeditorial.ar\/blog\/wp-json\/wp\/v2\/users\/3"}],"replies":[{"embeddable":true,"href":"https:\/\/viajeraeditorial.ar\/blog\/wp-json\/wp\/v2\/comments?post=115"}],"version-history":[{"count":7,"href":"https:\/\/viajeraeditorial.ar\/blog\/wp-json\/wp\/v2\/pages\/115\/revisions"}],"predecessor-version":[{"id":6389,"href":"https:\/\/viajeraeditorial.ar\/blog\/wp-json\/wp\/v2\/pages\/115\/revisions\/6389"}],"up":[{"embeddable":true,"href":"https:\/\/viajeraeditorial.ar\/blog\/wp-json\/wp\/v2\/pages\/8710"}],"wp:attachment":[{"href":"https:\/\/viajeraeditorial.ar\/blog\/wp-json\/wp\/v2\/media?parent=115"}],"curies":[{"name":"wp","href":"https:\/\/api.w.org\/{rel}","templated":true}]}}