{"id":118,"date":"2015-04-20T02:18:53","date_gmt":"2015-04-20T05:18:53","guid":{"rendered":"http:\/\/www.viajeraeditorial.com.ar\/?page_id=118"},"modified":"2020-11-02T21:02:39","modified_gmt":"2020-11-03T00:02:39","slug":"maria-florencia-gimenez-de-castro","status":"publish","type":"page","link":"https:\/\/viajeraeditorial.ar\/blog\/catalogo\/maria-florencia-gimenez-de-castro\/","title":{"rendered":"Mar\u00eda Florencia Gim\u00e9nez de Castro"},"content":{"rendered":"<p><a href=\"http:\/\/www.viajeraeditorial.ar\/blog\/wp-content\/uploads\/2015\/04\/florenciagimenez.jpg\"><img loading=\"lazy\" class=\"alignright size-full wp-image-254\" src=\"http:\/\/www.viajeraeditorial.ar\/blog\/wp-content\/uploads\/2015\/04\/florenciagimenez.jpg\" alt=\"Mar\u00eda Florencia Gim\u00e9nez de Castro\" width=\"350\" height=\"233\" \/><\/a>M. Florencia naci\u00f3 la noche de un domingo, cuando el solsticio de invierno. Ten\u00eda la piel p\u00farpura, de a poco fue volvi\u00e9ndose morena. La cobijaron en el barrio de Caballito, Buenos Aires, la sonrisa dulce de una tucumana y el orgullo tanguero de un porte\u00f1o de ayer.<\/p>\n<p>Una tarde, despu\u00e9s de la siesta, descubri\u00f3 que trep\u00e1ndose a la cama ten\u00eda una biblioteca llena de libros para explorar. Cort\u00e1zar apareci\u00f3 all\u00ed, y con \u00e9l los puentes a esa otra orilla. No, no era solamente Par\u00eds, era su propia imaginaci\u00f3n.<\/p>\n<p>Entre letras de Sabina y una garganta con arena, fue adentr\u00e1ndose en las historias con m\u00fasica. Todav\u00eda hoy, y ma\u00f1ana tambi\u00e9n, siguen indisolubles en su literatura, la letra y la melod\u00eda. Encontr\u00f3 su eco adolescente hermanado en Pink Floyd. Y entendi\u00f3 su esencia con Luis Alberto Spinetta y el folklore latinoamericano.<\/p>\n<p>Ella es. Porte\u00f1a: gu\u00eda de turismo. Latinoamericana: profesora y licenciada en letras. Mujer: creadora. Todo gracias a la tierra. Es ella.<\/p>\n<p><strong><span style=\"text-decoration: underline;\">En Viajera<\/span><\/strong><\/p>\n<p style=\"padding-left: 30px;\"><a href=\"http:\/\/www.viajeraeditorial.ar\/blog\/descubrir\/cantata\/\"><img loading=\"lazy\" class=\"alignnone size-full wp-image-4517\" src=\"http:\/\/www.viajeraeditorial.ar\/blog\/wp-content\/uploads\/2015\/03\/cantatatapa_tn20.jpg\" alt=\"Cantata\" width=\"13\" height=\"20\" \/><\/a>\u00a0<a href=\"http:\/\/www.viajeraeditorial.ar\/blog\/descubrir\/cantata\/\">Cantata<\/a> (<a href=\"http:\/\/www.viajeraeditorial.ar\/blog\/descubrir\/\">Descubrir<\/a>, 2013)<\/p>\n<p><span style=\"text-decoration: underline;\"><strong>Contactar a Florencia<\/strong><\/span><\/p>\n<p style=\"padding-left: 30px;\"><a href=\"http:\/\/perlanaranjada.blogspot.com.ar\/\">Blog<\/a><br \/>\n<a href=\"https:\/\/www.facebook.com\/perlaanaranjada\">Facebook<\/a><br \/>\n<a href=\"mailto:mfgc87@gmail.com\">E-Mail<\/a><\/p>\n<p><strong><span style=\"text-decoration: underline;\">Contenido sobre Florencia<\/span><\/strong><\/p>\n<ul class = \"posts-by-tag-list\"><li class=\"posts-by-tag-item Mar\u00eda Florencia Gim\u00e9nez Minuto Ruptura Viajera\" id=\"posts-by-tag-item-2142\"><a class = \"posts-by-tag-item-title\" href=\"https:\/\/viajeraeditorial.ar\/blog\/2014\/10\/florencia-gimenez-minuto-ruptura\/\">Florencia Gim\u00e9nez - Minuto Ruptura<\/a><\/li><li class=\"posts-by-tag-item Mar\u00eda Florencia Gim\u00e9nez Viajera\" id=\"posts-by-tag-item-2201\"><a class = \"posts-by-tag-item-title\" href=\"https:\/\/viajeraeditorial.ar\/blog\/2014\/06\/maria-florencia-gimenez-de-castro-minuto-magdalena\/\">Mar\u00eda Florencia Gim\u00e9nez de Castro: Minuto Magdalena<\/a><\/li><li class=\"posts-by-tag-item Cecilia Maugeri Eugenia Coiro Gabriela Tavolara Karina Macci\u00f3 Lorena Garc\u00eda Mar\u00eda Florencia Gim\u00e9nez Mart\u00edn Jim\u00e9nez Guerra Mauricio Dreiling Ricardo Czikk Viajera Virginia Janza\" id=\"posts-by-tag-item-2080\"><a class = \"posts-by-tag-item-title\" href=\"https:\/\/viajeraeditorial.ar\/blog\/2014\/04\/viajera-en-la-feria-internacional-del-libro-de-buenos-aires\/\">Viajera en la Feria Internacional del Libro de Buenos Aires<\/a><\/li><li class=\"posts-by-tag-item Cantata Mar\u00eda Florencia Gim\u00e9nez Viajera\" id=\"posts-by-tag-item-2100\"><a class = \"posts-by-tag-item-title\" href=\"https:\/\/viajeraeditorial.ar\/blog\/2014\/03\/zamba-fragmento-maria-florencia-gimenez-de-castro\/\">Zamba (Fragmento) - Mar\u00eda Florencia Gim\u00e9nez de Castro<\/a><\/li><li class=\"posts-by-tag-item Cantata Mar\u00eda Florencia Gim\u00e9nez Viajera\" id=\"posts-by-tag-item-2110\"><a class = \"posts-by-tag-item-title\" href=\"https:\/\/viajeraeditorial.ar\/blog\/2014\/03\/de-putas-que-lloran-fragmento-maria-florencia-gimenez-de-castro\/\">De putas que lloran (fragmento) - Mar\u00eda Florencia Gim\u00e9nez de Castro<\/a><\/li><li class=\"posts-by-tag-item Cantata Mar\u00eda Florencia Gim\u00e9nez Viajera\" id=\"posts-by-tag-item-2047\"><a class = \"posts-by-tag-item-title\" href=\"https:\/\/viajeraeditorial.ar\/blog\/2014\/01\/clementine-fragmento-maria-florencia-gimenez-de-castro\/\">Clementine (fragmento) - Mar\u00eda Florencia Gim\u00e9nez de Castro<\/a><\/li><li class=\"posts-by-tag-item Cantata Eduardo Camisassa El fin de la siesta Hormigas en las venas Mar\u00eda Florencia Gim\u00e9nez Mart\u00edn Jim\u00e9nez Guerra Mauricio Dreiling Vidrio\" id=\"posts-by-tag-item-1022\"><a class = \"posts-by-tag-item-title\" href=\"https:\/\/viajeraeditorial.ar\/blog\/2013\/11\/los-nuevos-titulos-de-viajera-en-fedro-y-quiosquito-de-libros\/\">Los nuevos t\u00edtulos de Viajera en Fedro y Quiosquito de Libros<\/a><\/li><li class=\"posts-by-tag-item Eduardo Camisassa Mar\u00eda Florencia Gim\u00e9nez Mart\u00edn Jim\u00e9nez Guerra Mauricio Dreiling Viajera\" id=\"posts-by-tag-item-1061\"><a class = \"posts-by-tag-item-title\" href=\"https:\/\/viajeraeditorial.ar\/blog\/2013\/11\/2711-gran-fiesta-viajera\/\">27\/11 - Gran Fiesta Viajera<\/a><\/li><li class=\"posts-by-tag-item Cantata Mar\u00eda Florencia Gim\u00e9nez\" id=\"posts-by-tag-item-1182\"><a class = \"posts-by-tag-item-title\" href=\"https:\/\/viajeraeditorial.ar\/blog\/2013\/09\/sangra-de-maria-florencia-gimenez-de-castro-fragmento\/\">\"Sangra\", de Mar\u00eda Florencia Gim\u00e9nez de Castro. (Fragmento)<\/a><\/li><li class=\"posts-by-tag-item Cantata Mar\u00eda Florencia Gim\u00e9nez\" id=\"posts-by-tag-item-1198\"><a class = \"posts-by-tag-item-title\" href=\"https:\/\/viajeraeditorial.ar\/blog\/2013\/09\/rococo-de-maria-florencia-gimenez-de-castro\/\">\"Rococ\u00f3\", de Mar\u00eda Florencia Gim\u00e9nez de Castro<\/a><\/li><li class=\"posts-by-tag-item Apariciones P\u00fablicas Mar\u00eda Florencia Gim\u00e9nez Viajera\" id=\"posts-by-tag-item-1253\"><a class = \"posts-by-tag-item-title\" href=\"https:\/\/viajeraeditorial.ar\/blog\/2013\/08\/lectura-en-ecunhi-maria-florencia-gimenez\/\">Lectura en Ecunhi - Mar\u00eda Florencia Gim\u00e9nez<\/a><\/li><li class=\"posts-by-tag-item Axel Levin Eugenia Coiro Karina Macci\u00f3 Mar\u00eda Florencia Gim\u00e9nez Nicol\u00e1s Pazos Pachamama Viajera\" id=\"posts-by-tag-item-1287\"><a class = \"posts-by-tag-item-title\" href=\"https:\/\/viajeraeditorial.ar\/blog\/2013\/08\/autores-viajeros-visitan-ecunhi\/\">Autores Viajeros visitan Ecunhi<\/a><\/li><\/ul>\n","protected":false},"excerpt":{"rendered":"<p>M. Florencia naci\u00f3 la noche de un domingo, cuando el solsticio de invierno. Ten\u00eda la piel p\u00farpura, de a poco fue volvi\u00e9ndose morena. La cobijaron en el barrio de Caballito, Buenos Aires, la sonrisa dulce de una tucumana y el orgullo tanguero de un porte\u00f1o de ayer. Una tarde, despu\u00e9s de la siesta, descubri\u00f3 que [&hellip;]<\/p>\n","protected":false},"author":3,"featured_media":0,"parent":8710,"menu_order":0,"comment_status":"closed","ping_status":"open","template":"","meta":[],"_links":{"self":[{"href":"https:\/\/viajeraeditorial.ar\/blog\/wp-json\/wp\/v2\/pages\/118"}],"collection":[{"href":"https:\/\/viajeraeditorial.ar\/blog\/wp-json\/wp\/v2\/pages"}],"about":[{"href":"https:\/\/viajeraeditorial.ar\/blog\/wp-json\/wp\/v2\/types\/page"}],"author":[{"embeddable":true,"href":"https:\/\/viajeraeditorial.ar\/blog\/wp-json\/wp\/v2\/users\/3"}],"replies":[{"embeddable":true,"href":"https:\/\/viajeraeditorial.ar\/blog\/wp-json\/wp\/v2\/comments?post=118"}],"version-history":[{"count":11,"href":"https:\/\/viajeraeditorial.ar\/blog\/wp-json\/wp\/v2\/pages\/118\/revisions"}],"predecessor-version":[{"id":4574,"href":"https:\/\/viajeraeditorial.ar\/blog\/wp-json\/wp\/v2\/pages\/118\/revisions\/4574"}],"up":[{"embeddable":true,"href":"https:\/\/viajeraeditorial.ar\/blog\/wp-json\/wp\/v2\/pages\/8710"}],"wp:attachment":[{"href":"https:\/\/viajeraeditorial.ar\/blog\/wp-json\/wp\/v2\/media?parent=118"}],"curies":[{"name":"wp","href":"https:\/\/api.w.org\/{rel}","templated":true}]}}