{"id":120,"date":"2015-04-20T02:19:13","date_gmt":"2015-04-20T05:19:13","guid":{"rendered":"http:\/\/www.viajeraeditorial.com.ar\/?page_id=120"},"modified":"2020-11-02T21:07:47","modified_gmt":"2020-11-03T00:07:47","slug":"eduardo-camisassa","status":"publish","type":"page","link":"https:\/\/viajeraeditorial.ar\/blog\/catalogo\/eduardo-camisassa\/","title":{"rendered":"Eduardo Camisassa"},"content":{"rendered":"<p><a href=\"http:\/\/www.viajeraeditorial.ar\/blog\/wp-content\/uploads\/2015\/04\/fotoeduardocamisassa.jpg\"><img loading=\"lazy\" class=\"alignright size-full wp-image-454\" src=\"http:\/\/www.viajeraeditorial.ar\/blog\/wp-content\/uploads\/2015\/04\/fotoeduardocamisassa.jpg\" alt=\"Eduardo Camisassa\" width=\"226\" height=\"345\" \/><\/a>Naci\u00f3 en el centro de la provincia de Buenos Aires como drag\u00f3n de agua. Termin\u00f3 la escuela primaria en General Alvear y la secundaria en una isla cercana a la ciudad de La Plata. Al volver al continente, comenz\u00f3 a salir de la burbuja. Maltrat\u00f3 varios pianos haciendo como que estudiaba, pero siempre admir\u00f3 la precisi\u00f3n de los claves bien temperados. Lleg\u00f3 a llorar con algunas sonatas de Beethoven y disfrut\u00f3 miles de veces la estaci\u00f3n del oto\u00f1o imaginando que Venecia se hab\u00eda inundado.<\/p>\n<p>Se recibi\u00f3 de Ingeniero Qu\u00edmico en la Univesidad de Buenos Aires. Sus estudios no le indicaron por qu\u00e9 hab\u00eda nacido bajo el signo de Piscis aunque supo de la tremenda atracci\u00f3n entre ox\u00edgeno e hidr\u00f3geno para hacerse l\u00edquido. Definitivamente, era una persona de agua, casi anfibia. La m\u00fasica y la ingenier\u00eda le ense\u00f1aron a comparar partituras con diagramas de proceso.<\/p>\n<p>Visit\u00f3 los seis continentes y comi\u00f3 panqueques de marihuana cuando no hab\u00eda fumado ni un porro durante su vida. Tuvo cuatro hijos que fueron simp\u00e1ticos cebollitas antes de crecer.<\/p>\n<p>Actualmente est\u00e1 trabajando en el conocimiento unificado, tratando de vincular la gravitaci\u00f3n universal con el comportamiento de los hombres, la relatividad con la historia y la energ\u00eda con la pizza.<\/p>\n<p><strong><span style=\"text-decoration: underline;\">En Viajera<\/span><\/strong><\/p>\n<p style=\"padding-left: 30px;\"><a href=\"http:\/\/www.viajeraeditorial.ar\/blog\/descubrir\/el-fin-de-la-siesta\/\"><img loading=\"lazy\" class=\"alignnone size-full wp-image-4528\" src=\"http:\/\/www.viajeraeditorial.ar\/blog\/wp-content\/uploads\/2015\/03\/finsiestatapa_tn20.jpg\" alt=\"El fin de la siesta\" width=\"13\" height=\"20\" \/><\/a>\u00a0<a href=\"http:\/\/www.viajeraeditorial.ar\/blog\/descubrir\/el-fin-de-la-siesta\/\">El fin de la siesta<\/a> (<a href=\"http:\/\/www.viajeraeditorial.ar\/blog\/descubrir\/\">Descubrir<\/a>, 2013)<\/p>\n<p><span style=\"text-decoration: underline;\"><strong>Contactar a Eduardo<\/strong><\/span><\/p>\n<p style=\"padding-left: 30px;\"><a href=\"http:\/\/camisassa.wordpress.com\">Blog<\/a><\/p>\n<p><strong><span style=\"text-decoration: underline;\">Contenido sobre Eduardo<\/span><\/strong><\/p>\n<ul class = \"posts-by-tag-list\"><li class=\"posts-by-tag-item Eduardo Camisassa El fin de la siesta\" id=\"posts-by-tag-item-6832\"><a class = \"posts-by-tag-item-title\" href=\"https:\/\/viajeraeditorial.ar\/blog\/2018\/02\/la-mirada-inquieta-sobre-el-fin-de-la-siesta\/\">La mirada inquieta: Sobre El fin de la siesta<\/a><\/li><li class=\"posts-by-tag-item Eduardo Camisassa Portada\" id=\"posts-by-tag-item-5342\"><a class = \"posts-by-tag-item-title\" href=\"https:\/\/viajeraeditorial.ar\/blog\/2016\/03\/el-medico-cirujano-eduardo-camisassa\/\">El m\u00e9dico cirujano * Eduardo Camisassa<\/a><\/li><li class=\"posts-by-tag-item Eduardo Camisassa El fin de la siesta Viajera\" id=\"posts-by-tag-item-978\"><a class = \"posts-by-tag-item-title\" href=\"https:\/\/viajeraeditorial.ar\/blog\/2013\/12\/vamos-a-cordoba-eduardo-camisassa\/\">Vamos a C\u00f3rdoba - Eduardo Camisassa<\/a><\/li><li class=\"posts-by-tag-item Cantata Eduardo Camisassa El fin de la siesta Hormigas en las venas Mar\u00eda Florencia Gim\u00e9nez Mart\u00edn Jim\u00e9nez Guerra Mauricio Dreiling Vidrio\" id=\"posts-by-tag-item-1022\"><a class = \"posts-by-tag-item-title\" href=\"https:\/\/viajeraeditorial.ar\/blog\/2013\/11\/los-nuevos-titulos-de-viajera-en-fedro-y-quiosquito-de-libros\/\">Los nuevos t\u00edtulos de Viajera en Fedro y Quiosquito de Libros<\/a><\/li><li class=\"posts-by-tag-item Eduardo Camisassa El fin de la siesta Viajera\" id=\"posts-by-tag-item-1042\"><a class = \"posts-by-tag-item-title\" href=\"https:\/\/viajeraeditorial.ar\/blog\/2013\/11\/adelanto-el-fin-de-la-siesta-de-eduardo-camisassa\/\">Adelanto. \"El fin de la siesta\" de Eduardo Camisassa<\/a><\/li><li class=\"posts-by-tag-item Eduardo Camisassa El fin de la siesta Viajera\" id=\"posts-by-tag-item-1060\"><a class = \"posts-by-tag-item-title\" href=\"https:\/\/viajeraeditorial.ar\/blog\/2013\/11\/las-viejitas-amalaya-de-eduardo-camisassa-fragmento\/\">\"Las Viejitas Amalaya\", de Eduardo Camisassa. (Fragmento)<\/a><\/li><li class=\"posts-by-tag-item Eduardo Camisassa Mar\u00eda Florencia Gim\u00e9nez Mart\u00edn Jim\u00e9nez Guerra Mauricio Dreiling Viajera\" id=\"posts-by-tag-item-1061\"><a class = \"posts-by-tag-item-title\" href=\"https:\/\/viajeraeditorial.ar\/blog\/2013\/11\/2711-gran-fiesta-viajera\/\">27\/11 - Gran Fiesta Viajera<\/a><\/li><li class=\"posts-by-tag-item Eduardo Camisassa El fin de la siesta Viajera\" id=\"posts-by-tag-item-1172\"><a class = \"posts-by-tag-item-title\" href=\"https:\/\/viajeraeditorial.ar\/blog\/2013\/09\/anticipo-de-el-fin-de-la-siesta-de-eduardo-camisassa\/\">Anticipo de \"El fin de la siesta\" de Eduardo Camisassa<\/a><\/li><li class=\"posts-by-tag-item Eduardo Camisassa El fin de la siesta\" id=\"posts-by-tag-item-1214\"><a class = \"posts-by-tag-item-title\" href=\"https:\/\/viajeraeditorial.ar\/blog\/2013\/09\/el-medico-cirujano-de-eduardo-camisassa-un-avance-de-el-fin-de-la-siesta-proximo-titulo-de-viajera-editorial\/\">\"El m\u00e9dico cirujano\", de Eduardo Camisassa. Un avance de \"El fin de la siesta\", pr\u00f3ximo t\u00edtulo de Viajera Editorial.<\/a><\/li><\/ul>\n","protected":false},"excerpt":{"rendered":"<p>Naci\u00f3 en el centro de la provincia de Buenos Aires como drag\u00f3n de agua. Termin\u00f3 la escuela primaria en General Alvear y la secundaria en una isla cercana a la ciudad de La Plata. Al volver al continente, comenz\u00f3 a salir de la burbuja. Maltrat\u00f3 varios pianos haciendo como que estudiaba, pero siempre admir\u00f3 la [&hellip;]<\/p>\n","protected":false},"author":3,"featured_media":0,"parent":8710,"menu_order":0,"comment_status":"closed","ping_status":"open","template":"","meta":[],"_links":{"self":[{"href":"https:\/\/viajeraeditorial.ar\/blog\/wp-json\/wp\/v2\/pages\/120"}],"collection":[{"href":"https:\/\/viajeraeditorial.ar\/blog\/wp-json\/wp\/v2\/pages"}],"about":[{"href":"https:\/\/viajeraeditorial.ar\/blog\/wp-json\/wp\/v2\/types\/page"}],"author":[{"embeddable":true,"href":"https:\/\/viajeraeditorial.ar\/blog\/wp-json\/wp\/v2\/users\/3"}],"replies":[{"embeddable":true,"href":"https:\/\/viajeraeditorial.ar\/blog\/wp-json\/wp\/v2\/comments?post=120"}],"version-history":[{"count":5,"href":"https:\/\/viajeraeditorial.ar\/blog\/wp-json\/wp\/v2\/pages\/120\/revisions"}],"predecessor-version":[{"id":4556,"href":"https:\/\/viajeraeditorial.ar\/blog\/wp-json\/wp\/v2\/pages\/120\/revisions\/4556"}],"up":[{"embeddable":true,"href":"https:\/\/viajeraeditorial.ar\/blog\/wp-json\/wp\/v2\/pages\/8710"}],"wp:attachment":[{"href":"https:\/\/viajeraeditorial.ar\/blog\/wp-json\/wp\/v2\/media?parent=120"}],"curies":[{"name":"wp","href":"https:\/\/api.w.org\/{rel}","templated":true}]}}