{"id":122,"date":"2015-04-20T02:19:46","date_gmt":"2015-04-20T05:19:46","guid":{"rendered":"http:\/\/www.viajeraeditorial.com.ar\/?page_id=122"},"modified":"2020-11-02T21:02:39","modified_gmt":"2020-11-03T00:02:39","slug":"martin-jimenez-guerra","status":"publish","type":"page","link":"https:\/\/viajeraeditorial.ar\/blog\/catalogo\/martin-jimenez-guerra\/","title":{"rendered":"Mart\u00edn Jim\u00e9nez Guerra"},"content":{"rendered":"<p><a href=\"http:\/\/www.viajeraeditorial.ar\/blog\/wp-content\/uploads\/2015\/04\/fotomartinjimenezguerra.jpg\"><img loading=\"lazy\" class=\"alignright size-full wp-image-502\" src=\"http:\/\/www.viajeraeditorial.ar\/blog\/wp-content\/uploads\/2015\/04\/fotomartinjimenezguerra.jpg\" alt=\"Mart\u00edn Jim\u00e9nez Guerra\" width=\"233\" height=\"350\" \/><\/a>Tuvo la ocurrencia de nacer el jueves siete de enero de mil novecientos ochenta y tres bajo un manto\u00a0celeste raso y los largos dedos del sol abarc\u00e1ndolo todo. Vac\u00edo, volvi\u00f3 a nacer veinte a\u00f1os despu\u00e9s con la mirada vestida de poeta. El romance dura. Disfrut\u00f3 de la azarosa fortuna de escribir libros de poes\u00eda y ser reconocido en distintos concursos de cuestionable importancia. Es librero. Averigua eso de ser poeta. Se refugia en la lectura. Se desarma en la escritura. Y respira. A\u00fan respira. Durante cuatro a\u00f1os public\u00f3 sus poemas en la p\u00e1gina de poes\u00eda m\u00e1s concurrida de habla hispana, <em>Mundopoes\u00eda<\/em>,\u00a0siendo galardonado\u00a0en varias ocasiones en el rubro poes\u00eda y cuento. Finaliz\u00f3 su estad\u00eda siendo el administrador de la p\u00e1gina.<\/p>\n<p>En dos mil ocho y dos mil nueve concurri\u00f3 a los talleres de los poetas Fabi\u00e1n San Miguel y Javier Ad\u00fariz en\u00a0<em>La casa de la poes\u00eda<\/em>. Form\u00f3 parte, durante dos mil diez, del blog <i>Mispoetascontempor\u00e1neos<\/i>, administrado por el poeta Gustavo Tisocco, y particip\u00f3 del evento realizado en el\u00a0<em>Sal\u00f3n Dorado<\/em> de la\u00a0<em>Casa de la Cultura<\/em>, junto a destacados poetas de todo el pa\u00eds. Fue publicado en tres ocasions en la p\u00e1gina de la\u00a0<em>Televisi\u00f3n P\u00fablica<\/em>.<\/p>\n<p>Fue entrevistado por el poeta colombiano Rodolfo Garc\u00eda para el blog\u00a0<em>Estaci\u00f3npoetas<\/em> y por el espa\u00f1ol Juan Jos\u00e9 Plaza Angulo para la revista\u00a0<em>Lugar de Encuentro<\/em>. Sus poemas fueron publicados en diferentes revistas de Latinoam\u00e9rica y Espa\u00f1a, y traducidos al ingl\u00e9s, catal\u00e1n y portugu\u00e9s.<\/p>\n<p><strong><span style=\"text-decoration: underline;\">En Viajera<\/span><\/strong><\/p>\n<p style=\"padding-left: 30px;\"><a href=\"http:\/\/www.viajeraeditorial.ar\/blog\/descubrir\/hormigas-en-las-venas\/\"><img loading=\"lazy\" class=\"alignnone size-full wp-image-4513\" src=\"http:\/\/www.viajeraeditorial.ar\/blog\/wp-content\/uploads\/2015\/03\/hormigastapa_tn20.jpg\" alt=\"Hormigas en las venas\" width=\"13\" height=\"20\" \/><\/a>\u00a0<a href=\"http:\/\/www.viajeraeditorial.ar\/blog\/descubrir\/hormigas-en-las-venas\/\">Hormigas en las venas<\/a> (<a href=\"http:\/\/www.viajeraeditorial.ar\/blog\/descubrir\/\">Descubrir<\/a>, 2013)<\/p>\n<p><strong><span style=\"text-decoration: underline;\">Contactar a Mart\u00edn<\/span><\/strong><\/p>\n<p style=\"padding-left: 30px;\"><a href=\"http:\/\/poesiacontrapoesia23.blogspot.com\">Blog<\/a><\/p>\n<p><strong><span style=\"text-decoration: underline;\">Contenido sobre Mart\u00edn<\/span><\/strong><\/p>\n<ul class = \"posts-by-tag-list\"><li class=\"posts-by-tag-item Feria del Libro Mart\u00edn Jim\u00e9nez Guerra Viajera\" id=\"posts-by-tag-item-2155\"><a class = \"posts-by-tag-item-title\" href=\"https:\/\/viajeraeditorial.ar\/blog\/2014\/09\/martin-jimenez-guerra-viajera-editorial-visita-feria-del-libro-2014\/\">Mart\u00edn Jim\u00e9nez Guerra: Viajera Editorial Visita Feria del Libro 2014<\/a><\/li><li class=\"posts-by-tag-item Cecilia Maugeri Eugenia Coiro Gabriela Tavolara Karina Macci\u00f3 Lorena Garc\u00eda Mar\u00eda Florencia Gim\u00e9nez Mart\u00edn Jim\u00e9nez Guerra Mauricio Dreiling Ricardo Czikk Viajera Virginia Janza\" id=\"posts-by-tag-item-2080\"><a class = \"posts-by-tag-item-title\" href=\"https:\/\/viajeraeditorial.ar\/blog\/2014\/04\/viajera-en-la-feria-internacional-del-libro-de-buenos-aires\/\">Viajera en la Feria Internacional del Libro de Buenos Aires<\/a><\/li><li class=\"posts-by-tag-item Hormigas en las venas Mart\u00edn Jim\u00e9nez Guerra Viajera\" id=\"posts-by-tag-item-2119\"><a class = \"posts-by-tag-item-title\" href=\"https:\/\/viajeraeditorial.ar\/blog\/2014\/03\/fragmentos-del-subconsciente-martin-jimenez-guerra\/\">Fragmentos del subconsciente - Mart\u00edn Jim\u00e9nez Guerra<\/a><\/li><li class=\"posts-by-tag-item Apariciones P\u00fablicas Hormigas en las venas Mart\u00edn Jim\u00e9nez Guerra Viajera\" id=\"posts-by-tag-item-2031\"><a class = \"posts-by-tag-item-title\" href=\"https:\/\/viajeraeditorial.ar\/blog\/2014\/02\/entrevista-a-martin-jimenez-guerra-en-fm-signos\/\">Entrevista a Mart\u00edn Jim\u00e9nez Guerra en FM Signos<\/a><\/li><li class=\"posts-by-tag-item Hormigas en las venas Mart\u00edn Jim\u00e9nez Guerra Viajera\" id=\"posts-by-tag-item-957\"><a class = \"posts-by-tag-item-title\" href=\"https:\/\/viajeraeditorial.ar\/blog\/2014\/01\/mamihlapinatapai-martin-jimenez-guerra\/\">Mamihlapinatapai, Mart\u00edn Jim\u00e9nez Guerra<\/a><\/li><li class=\"posts-by-tag-item Cantata Eduardo Camisassa El fin de la siesta Hormigas en las venas Mar\u00eda Florencia Gim\u00e9nez Mart\u00edn Jim\u00e9nez Guerra Mauricio Dreiling Vidrio\" id=\"posts-by-tag-item-1022\"><a class = \"posts-by-tag-item-title\" href=\"https:\/\/viajeraeditorial.ar\/blog\/2013\/11\/los-nuevos-titulos-de-viajera-en-fedro-y-quiosquito-de-libros\/\">Los nuevos t\u00edtulos de Viajera en Fedro y Quiosquito de Libros<\/a><\/li><li class=\"posts-by-tag-item Eduardo Camisassa Mar\u00eda Florencia Gim\u00e9nez Mart\u00edn Jim\u00e9nez Guerra Mauricio Dreiling Viajera\" id=\"posts-by-tag-item-1061\"><a class = \"posts-by-tag-item-title\" href=\"https:\/\/viajeraeditorial.ar\/blog\/2013\/11\/2711-gran-fiesta-viajera\/\">27\/11 - Gran Fiesta Viajera<\/a><\/li><li class=\"posts-by-tag-item Hormigas en las venas Mart\u00edn Jim\u00e9nez Guerra\" id=\"posts-by-tag-item-1151\"><a class = \"posts-by-tag-item-title\" href=\"https:\/\/viajeraeditorial.ar\/blog\/2013\/10\/veintitres-vueltas-desesperadas-y-un-poema-devastador\/\">Veintitr\u00e9s vueltas desesperadas y un poema devastador<\/a><\/li><li class=\"posts-by-tag-item Hormigas en las venas Mart\u00edn Jim\u00e9nez Guerra Viajera\" id=\"posts-by-tag-item-1168\"><a class = \"posts-by-tag-item-title\" href=\"https:\/\/viajeraeditorial.ar\/blog\/2013\/10\/anticipo-de-hormigas-en-las-venas-de-martin-jimenez-guerra\/\">Anticipo de \"Hormigas en las venas\" de Mart\u00edn Jim\u00e9nez Guerra<\/a><\/li><li class=\"posts-by-tag-item Hormigas en las venas Mart\u00edn Jim\u00e9nez Guerra Viajera\" id=\"posts-by-tag-item-1202\"><a class = \"posts-by-tag-item-title\" href=\"https:\/\/viajeraeditorial.ar\/blog\/2013\/09\/hormigas-en-las-venas-de-martin-jimenez-guerra-proximo-titulo-de-viajera\/\">\"Hormigas en las venas\", de Mart\u00edn Jim\u00e9nez Guerra - Pr\u00f3ximo t\u00edtulo de Viajera<\/a><\/li><li class=\"posts-by-tag-item Hormigas en las venas Mart\u00edn Jim\u00e9nez Guerra Viajera\" id=\"posts-by-tag-item-1216\"><a class = \"posts-by-tag-item-title\" href=\"https:\/\/viajeraeditorial.ar\/blog\/2013\/09\/hormigas-en-las-venas-de-martin-jimenez-guerra-proximo-titulo-de-viajera-2\/\">\"Hormigas en las venas\" de Mart\u00edn Jim\u00e9nez Guerra - Pr\u00f3ximo t\u00edtulo de Viajera<\/a><\/li><li class=\"posts-by-tag-item Hormigas en las venas Mart\u00edn Jim\u00e9nez Guerra Viajera\" id=\"posts-by-tag-item-1233\"><a class = \"posts-by-tag-item-title\" href=\"https:\/\/viajeraeditorial.ar\/blog\/2013\/09\/hormigas-en-las-venas-de-martin-jimenez-guerra-adelanto\/\">\"Hormigas en las venas\", de Mart\u00edn Jim\u00e9nez Guerra - Adelanto<\/a><\/li><li class=\"posts-by-tag-item Mart\u00edn Jim\u00e9nez Guerra Viajera Viajera Visita\" id=\"posts-by-tag-item-1427\"><a class = \"posts-by-tag-item-title\" href=\"https:\/\/viajeraeditorial.ar\/blog\/2013\/05\/martin-jimenez-guerra-en-el-quetzal\/\">Mart\u00edn Jim\u00e9nez Guerra en El Quetzal<\/a><\/li><li class=\"posts-by-tag-item An\u00edbal Ilguisonis Cecilia Maugeri Diego Recalde Edgardo Scott Eugenia Coiro Karina Macci\u00f3 Mart\u00edn Jim\u00e9nez Guerra N\u00e9stor Cheb Terrab Viajera Visita Virginia Janza\" id=\"posts-by-tag-item-1550\"><a class = \"posts-by-tag-item-title\" href=\"https:\/\/viajeraeditorial.ar\/blog\/2012\/11\/viajera-en-orsai\/\">Viajera en Orsai!<\/a><\/li><li class=\"posts-by-tag-item Mart\u00edn Jim\u00e9nez Guerra Orsai\" id=\"posts-by-tag-item-1563\"><a class = \"posts-by-tag-item-title\" href=\"https:\/\/viajeraeditorial.ar\/blog\/2012\/11\/martin-jimenez-guerra-en-orsai\/\">Mart\u00edn Jim\u00e9nez Guerra en Orsai<\/a><\/li><li class=\"posts-by-tag-item An\u00edbal Ilguisonis Cecilia Maugeri Diego Recalde Edgardo Scott Eugenia Coiro Karina Macci\u00f3 Mart\u00edn Jim\u00e9nez Guerra N\u00e9stor Cheb Terrab Viajera Visita Virginia Janza\" id=\"posts-by-tag-item-1581\"><a class = \"posts-by-tag-item-title\" href=\"https:\/\/viajeraeditorial.ar\/blog\/2012\/11\/viajera-visita-orsai-bar\/\">Viajera Visita Orsai Bar<\/a><\/li><li class=\"posts-by-tag-item Mart\u00edn Jim\u00e9nez Guerra Viajera Visita\" id=\"posts-by-tag-item-1598\"><a class = \"posts-by-tag-item-title\" href=\"https:\/\/viajeraeditorial.ar\/blog\/2012\/11\/martin-jimenez-guerra-en-viajera-visita\/\">Mart\u00edn Jim\u00e9nez Guerra en Viajera Visita<\/a><\/li><\/ul>\n","protected":false},"excerpt":{"rendered":"<p>Tuvo la ocurrencia de nacer el jueves siete de enero de mil novecientos ochenta y tres bajo un manto\u00a0celeste raso y los largos dedos del sol abarc\u00e1ndolo todo. Vac\u00edo, volvi\u00f3 a nacer veinte a\u00f1os despu\u00e9s con la mirada vestida de poeta. El romance dura. Disfrut\u00f3 de la azarosa fortuna de escribir libros de poes\u00eda y [&hellip;]<\/p>\n","protected":false},"author":3,"featured_media":0,"parent":8710,"menu_order":0,"comment_status":"closed","ping_status":"open","template":"","meta":[],"_links":{"self":[{"href":"https:\/\/viajeraeditorial.ar\/blog\/wp-json\/wp\/v2\/pages\/122"}],"collection":[{"href":"https:\/\/viajeraeditorial.ar\/blog\/wp-json\/wp\/v2\/pages"}],"about":[{"href":"https:\/\/viajeraeditorial.ar\/blog\/wp-json\/wp\/v2\/types\/page"}],"author":[{"embeddable":true,"href":"https:\/\/viajeraeditorial.ar\/blog\/wp-json\/wp\/v2\/users\/3"}],"replies":[{"embeddable":true,"href":"https:\/\/viajeraeditorial.ar\/blog\/wp-json\/wp\/v2\/comments?post=122"}],"version-history":[{"count":5,"href":"https:\/\/viajeraeditorial.ar\/blog\/wp-json\/wp\/v2\/pages\/122\/revisions"}],"predecessor-version":[{"id":4578,"href":"https:\/\/viajeraeditorial.ar\/blog\/wp-json\/wp\/v2\/pages\/122\/revisions\/4578"}],"up":[{"embeddable":true,"href":"https:\/\/viajeraeditorial.ar\/blog\/wp-json\/wp\/v2\/pages\/8710"}],"wp:attachment":[{"href":"https:\/\/viajeraeditorial.ar\/blog\/wp-json\/wp\/v2\/media?parent=122"}],"curies":[{"name":"wp","href":"https:\/\/api.w.org\/{rel}","templated":true}]}}