{"id":127,"date":"2015-04-20T02:20:32","date_gmt":"2015-04-20T05:20:32","guid":{"rendered":"http:\/\/www.viajeraeditorial.com.ar\/?page_id=127"},"modified":"2020-11-02T21:08:18","modified_gmt":"2020-11-03T00:08:18","slug":"andrea-larrieu","status":"publish","type":"page","link":"https:\/\/viajeraeditorial.ar\/blog\/catalogo\/andrea-larrieu\/","title":{"rendered":"Andrea Larrieu"},"content":{"rendered":"<p><a href=\"http:\/\/www.viajeraeditorial.ar\/blog\/wp-content\/uploads\/2015\/04\/andrealarrieu.jpg\"><img loading=\"lazy\" class=\"alignright size-full wp-image-240\" src=\"http:\/\/www.viajeraeditorial.ar\/blog\/wp-content\/uploads\/2015\/04\/andrealarrieu.jpg\" alt=\"Andrea Larrieu\" width=\"350\" height=\"278\" \/><\/a>Con convicci\u00f3n, estimulada por los cuentos que le inventaba su mam\u00e1, los libros que le\u00eda, los relatos que escrib\u00eda con su prima y que viajaban a trav\u00e9s del bolso m\u00e1gico de su abuela, con absoluta seguridad sentenci\u00f3 siendo peque\u00f1a: \u201cDe grande voy a ser escritora\u201d. En el medio, hizo muchas otras cosas: fue catequista, realiz\u00f3 tareas comunitarias, estudi\u00f3 en la universidad, fue presidenta del centro de estudiantes y consejera directiva, ejerci\u00f3 la docencia, trabaj\u00f3, se cas\u00f3, fue mam\u00e1. Aquel deseo qued\u00f3 perdido en alg\u00fan rinc\u00f3n. Hasta que un d\u00eda, un sabio doctor le dijo: \u201cUsted padece stress. Ser\u00eda bueno que se busque alguna actividad que s\u00f3lo le provoque placer\u201d. Al d\u00eda siguiente empez\u00f3 a escribir, y nunca m\u00e1s dej\u00f3 de hacerlo. Tuvo la suerte de volver a encontrar un lugar donde emprender un viaje por la escritura. No estaba su abuela, pero encontr\u00f3 a Karina Maci\u00f3, quien la fue ayudando a encontrarse y a animarse a salir al mundo. Para completar su historia, es Licenciada en Relaciones del Trabajo, docente universitaria, y mam\u00e1 de Juan Pablo de diecisiete a\u00f1os.<\/p>\n<p><span style=\"text-decoration: underline;\"><strong>En Viajera<\/strong><\/span><\/p>\n<p style=\"padding-left: 30px;\"><a href=\"http:\/\/www.viajeraeditorial.ar\/blog\/descubrir\/encontradas-y-perdidas\/\"><img loading=\"lazy\" class=\" size-full wp-image-4511 alignnone\" src=\"http:\/\/www.viajeraeditorial.ar\/blog\/wp-content\/uploads\/2015\/03\/encontradastapa_tn20.jpg\" alt=\"Encontradas y Perdidas\" width=\"13\" height=\"20\" \/><\/a>\u00a0<a href=\"http:\/\/www.viajeraeditorial.ar\/blog\/descubrir\/encontradas-y-perdidas\/\">Encontradas y Perdidas<\/a> (<a href=\"http:\/\/www.viajeraeditorial.ar\/blog\/descubrir\/\">Descubrir<\/a>, 2014)<\/p>\n<p><strong><span style=\"text-decoration: underline;\">Contactar a Andrea<\/span><\/strong><\/p>\n<p style=\"padding-left: 30px;\"><a href=\"http:\/\/jorgelinalarrieu.blogspot.com.ar\/\">Blog<\/a><\/p>\n<p><span style=\"text-decoration: underline;\"><strong>Contenido sobre Andrea<\/strong><\/span><\/p>\n<ul class = \"posts-by-tag-list\"><li class=\"posts-by-tag-item Andrea Larrieu Encontradas y Perdidas libro del mes\" id=\"posts-by-tag-item-8345\"><a class = \"posts-by-tag-item-title\" href=\"https:\/\/viajeraeditorial.ar\/blog\/2020\/03\/se-abre-encontradas-y-perdidas\/\">Se abre * Encontradas y Perdidas<\/a><\/li><li class=\"posts-by-tag-item Andrea Larrieu Encontradas y Perdidas libro del mes\" id=\"posts-by-tag-item-8342\"><a class = \"posts-by-tag-item-title\" href=\"https:\/\/viajeraeditorial.ar\/blog\/2020\/03\/te-imaginas-encontradas-y-perdidas\/\">Te imagin\u00e1s * Encontradas y Perdidas<\/a><\/li><li class=\"posts-by-tag-item Andrea Larrieu Encontradas y Perdidas libro del mes\" id=\"posts-by-tag-item-8339\"><a class = \"posts-by-tag-item-title\" href=\"https:\/\/viajeraeditorial.ar\/blog\/2020\/03\/el-libro-del-mes-escena-final-encontradas-y-perdidas\/\">El libro del mes: Escena final * Encontradas y Perdidas<\/a><\/li><li class=\"posts-by-tag-item Andrea Larrieu Encontradas y Perdidas libro del mes\" id=\"posts-by-tag-item-8336\"><a class = \"posts-by-tag-item-title\" href=\"https:\/\/viajeraeditorial.ar\/blog\/2020\/03\/diez-relatos-diez-mujeres-encontradas-y-perdidas\/\">Diez relatos - Diez mujeres * Encontradas y Perdidas<\/a><\/li><li class=\"posts-by-tag-item Andrea Larrieu Daniel C\u00e1seres Encontradas y Perdidas LEER. LITERATURA EN EL R\u00cdO Mineral Sorteo\" id=\"posts-by-tag-item-8332\"><a class = \"posts-by-tag-item-title\" href=\"https:\/\/viajeraeditorial.ar\/blog\/2020\/03\/sorteamos-el-libro-del-mes-encontradas-y-perdidas\/\">Sorteamos el libro del mes: Encontradas y Perdidas<\/a><\/li><li class=\"posts-by-tag-item Andrea Larrieu Un a\u00f1o de sensaciones\" id=\"posts-by-tag-item-8216\"><a class = \"posts-by-tag-item-title\" href=\"https:\/\/viajeraeditorial.ar\/blog\/2019\/12\/andrea-larrieu-para-un-ano-de-sensaciones\/\">Andrea Larrieu para Un a\u00f1o de sensaciones<\/a><\/li><li class=\"posts-by-tag-item Andrea Larrieu\" id=\"posts-by-tag-item-7808\"><a class = \"posts-by-tag-item-title\" href=\"https:\/\/viajeraeditorial.ar\/blog\/2019\/07\/deseo-animal-andrea-larrieu\/\">Deseo animal * Andrea Larrieu<\/a><\/li><li class=\"posts-by-tag-item Andrea Larrieu\" id=\"posts-by-tag-item-7810\"><a class = \"posts-by-tag-item-title\" href=\"https:\/\/viajeraeditorial.ar\/blog\/2019\/06\/intercambio-de-escondites-andrea-larrieu\/\">Intercambio de escondites * Andrea Larrieu<\/a><\/li><li class=\"posts-by-tag-item Andrea Larrieu Feria Internacional del Libro de Buenos Aires\" id=\"posts-by-tag-item-7805\"><a class = \"posts-by-tag-item-title\" href=\"https:\/\/viajeraeditorial.ar\/blog\/2019\/05\/un-respiro-del-mundo-andrea-larrieu\/\">Un respiro del mundo * Andrea Larrieu<\/a><\/li><li class=\"posts-by-tag-item Andrea Larrieu Feria Internacional del Libro de Buenos Aires Minuto Doble\/M\u00e1scara\" id=\"posts-by-tag-item-7061\"><a class = \"posts-by-tag-item-title\" href=\"https:\/\/viajeraeditorial.ar\/blog\/2018\/05\/andrea-larrieu-apenas-lo-miro\/\">Andrea Larrieu * Apenas lo mir\u00f3<\/a><\/li><li class=\"posts-by-tag-item Andrea Larrieu\" id=\"posts-by-tag-item-6763\"><a class = \"posts-by-tag-item-title\" href=\"https:\/\/viajeraeditorial.ar\/blog\/2018\/04\/libertad-de-montana-andrea-larrieu\/\">Libertad de monta\u00f1a * Andrea Larrieu<\/a><\/li><li class=\"posts-by-tag-item Andrea Larrieu Eugenia Coiro Franco Vignatti Javier Pizarro Karina Macci\u00f3 Marcela Manuel\" id=\"posts-by-tag-item-6929\"><a class = \"posts-by-tag-item-title\" href=\"https:\/\/viajeraeditorial.ar\/blog\/2018\/04\/viajera-en-leer-literatura-en-el-rio-2018\/\">Viajera en LEER - Literatura en el r\u00edo 2018<\/a><\/li><li class=\"posts-by-tag-item Andrea Larrieu\" id=\"posts-by-tag-item-6765\"><a class = \"posts-by-tag-item-title\" href=\"https:\/\/viajeraeditorial.ar\/blog\/2018\/03\/respiro-mar-andrea-larrieu\/\">Respiro mar * Andrea Larrieu<\/a><\/li><li class=\"posts-by-tag-item Andrea Larrieu\" id=\"posts-by-tag-item-6760\"><a class = \"posts-by-tag-item-title\" href=\"https:\/\/viajeraeditorial.ar\/blog\/2018\/01\/no-te-entiendo-andrea-larrieu\/\">No te entiendo * Andrea Larrieu<\/a><\/li><li class=\"posts-by-tag-item Andrea Larrieu CAOS\" id=\"posts-by-tag-item-6575\"><a class = \"posts-by-tag-item-title\" href=\"https:\/\/viajeraeditorial.ar\/blog\/2017\/11\/dispersion-andrea-larrieu\/\">Dispersi\u00f3n * Andrea Larrieu<\/a><\/li><li class=\"posts-by-tag-item Alicia Saliva Andrea Larrieu Eugenia Coiro Mar\u00eda Victoria Verzura Ricardo Czikk\" id=\"posts-by-tag-item-6551\"><a class = \"posts-by-tag-item-title\" href=\"https:\/\/viajeraeditorial.ar\/blog\/2017\/10\/escucha-a-czikk-larrieu-verzura-saliva-y-coiro-en-ladesterrada-com\/\">Escuch\u00e1 a Czikk, Larrieu, Verzura, Saliva y Coiro en ladesterrada.com<\/a><\/li><li class=\"posts-by-tag-item Alicia Saliva Andrea Larrieu Eugenia Coiro Mar\u00eda Victoria Verzura Radio Ricardo Czikk\" id=\"posts-by-tag-item-6538\"><a class = \"posts-by-tag-item-title\" href=\"https:\/\/viajeraeditorial.ar\/blog\/2017\/10\/verzuraczikksalivalarrieucoiro-en-la-radio-1210\/\">Verzura*Czikk*Saliva*Larrieu*Coiro en la radio 12\/10<\/a><\/li><li class=\"posts-by-tag-item Andrea Larrieu Encontradas y Perdidas Mariel Fini\" id=\"posts-by-tag-item-6311\"><a class = \"posts-by-tag-item-title\" href=\"https:\/\/viajeraeditorial.ar\/blog\/2017\/07\/fini-larrieu-catalogo-en-vivo\/\">Fini \/ Larrieu * Cat\u00e1logo en vivo<\/a><\/li><li class=\"posts-by-tag-item Andrea Larrieu\" id=\"posts-by-tag-item-5976\"><a class = \"posts-by-tag-item-title\" href=\"https:\/\/viajeraeditorial.ar\/blog\/2017\/01\/inconsciente-andrea-larrieu-2\/\">Inconsciente * Andrea Larrieu<\/a><\/li><li class=\"posts-by-tag-item Andrea Larrieu\" id=\"posts-by-tag-item-5954\"><a class = \"posts-by-tag-item-title\" href=\"https:\/\/viajeraeditorial.ar\/blog\/2016\/12\/inconsciente-andrea-larrieu\/\">Inconsciente * Andrea Larrieu<\/a><\/li><li class=\"posts-by-tag-item Andrea Larrieu Portada\" id=\"posts-by-tag-item-5445\"><a class = \"posts-by-tag-item-title\" href=\"https:\/\/viajeraeditorial.ar\/blog\/2016\/06\/el-origen-de-sus-ojos-el-origen-de-sus-ojos\/\">El origen de sus ojos * El origen de sus ojos<\/a><\/li><li class=\"posts-by-tag-item Andrea Larrieu An\u00edbal Ilguisonis Axel Levin Belara Mich\u00e1n Cat\u00e1logo Feria del Libro Gabriela Tavolara Habitar mi camino\/Dwelling my path Karina Macci\u00f3 Mar\u00eda del Carmen Sarquis Mauricio Dreiling Nicol\u00e1s Di Candia Strip-Dancer Vidrio\" id=\"posts-by-tag-item-2221\"><a class = \"posts-by-tag-item-title\" href=\"https:\/\/viajeraeditorial.ar\/blog\/2015\/05\/viajera-en-la-feria-del-libro-de-buenos-aires-este-domingo-10-de-mayo\/\">Viajera en la Feria del Libro de Buenos Aires este domingo 10 de mayo<\/a><\/li><li class=\"posts-by-tag-item Andrea Larrieu Encontradas y Perdidas Minuto Fuego\" id=\"posts-by-tag-item-2233\"><a class = \"posts-by-tag-item-title\" href=\"https:\/\/viajeraeditorial.ar\/blog\/2015\/02\/latente-andrea-larrieu\/\">Latente - Andrea Larrieu<\/a><\/li><li class=\"posts-by-tag-item Andrea Larrieu Encontradas y Perdidas Minuto Fuego Viajera\" id=\"posts-by-tag-item-162\"><a class = \"posts-by-tag-item-title\" href=\"https:\/\/viajeraeditorial.ar\/blog\/2014\/12\/encendida-andrea-larrieu\/\">Encendida - Andrea Larrieu<\/a><\/li><li class=\"posts-by-tag-item Andrea Larrieu B\u00edfida Cecilia Maugeri Encontradas y Perdidas Eugenia Coiro Karina Macci\u00f3 Mis Peores Poemas de Amor\/My Worst Love Poems Nicol\u00e1s Di Candia Ricardo Czikk Viajera Virginia Janza\" id=\"posts-by-tag-item-2202\"><a class = \"posts-by-tag-item-title\" href=\"https:\/\/viajeraeditorial.ar\/blog\/2014\/06\/martes-246-presentacion-mis-peores-poemas-de-amor-y-encontradas-y-perdidas\/\">Martes 24\/6 Presentaci\u00f3n: Mis peores poemas de amor y Encontradas y Perdidas<\/a><\/li><li class=\"posts-by-tag-item Andrea Larrieu Encontradas y Perdidas Viajera\" id=\"posts-by-tag-item-2204\"><a class = \"posts-by-tag-item-title\" href=\"https:\/\/viajeraeditorial.ar\/blog\/2014\/06\/andrea-larrieu-que-mundo-te-espera-detras-de-la-puerta-fragmento\/\">Andrea Larrieu: Qu\u00e9 mundo te espera detr\u00e1s de la puerta (fragmento)<\/a><\/li><li class=\"posts-by-tag-item Andrea Larrieu B\u00edfida Encontradas y Perdidas Karina Macci\u00f3 Mis Peores Poemas de Amor\/My Worst Love Poems\" id=\"posts-by-tag-item-2206\"><a class = \"posts-by-tag-item-title\" href=\"https:\/\/viajeraeditorial.ar\/blog\/2014\/06\/agendaste-el-24-presentacion-viajera-violeta\/\">Agendaste el 24? Presentaci\u00f3n Viajera Violeta!<\/a><\/li><li class=\"posts-by-tag-item Andrea Larrieu Minuto Magdalena Viajera\" id=\"posts-by-tag-item-2212\"><a class = \"posts-by-tag-item-title\" href=\"https:\/\/viajeraeditorial.ar\/blog\/2014\/06\/andrea-larrieu-minuto-magdalena\/\">Andrea Larrieu: Minuto Magdalena<\/a><\/li><li class=\"posts-by-tag-item Andrea Larrieu Encontradas y Perdidas Viajera\" id=\"posts-by-tag-item-2215\"><a class = \"posts-by-tag-item-title\" href=\"https:\/\/viajeraeditorial.ar\/blog\/2014\/06\/andrea-larrieu-un-tempano-de-hielo-fragmento\/\">Andrea Larrieu: \"Un t\u00e9mpano de hielo\" (fragmento)<\/a><\/li><li class=\"posts-by-tag-item Andrea Larrieu Minuto Magdalena\" id=\"posts-by-tag-item-2065\"><a class = \"posts-by-tag-item-title\" href=\"https:\/\/viajeraeditorial.ar\/blog\/2014\/05\/andrea-larrieu-minuto-magdalena-2\/\">Andrea Larrieu - Minuto Magdalena<\/a><\/li><li class=\"posts-by-tag-item Andrea Larrieu Viajera\" id=\"posts-by-tag-item-2070\"><a class = \"posts-by-tag-item-title\" href=\"https:\/\/viajeraeditorial.ar\/blog\/2014\/05\/escena-final-de-andrea-larrieu-fragmento\/\">\"Escena final\", de Andrea Larrieu (Fragmento)<\/a><\/li><\/ul>\n","protected":false},"excerpt":{"rendered":"<p>Con convicci\u00f3n, estimulada por los cuentos que le inventaba su mam\u00e1, los libros que le\u00eda, los relatos que escrib\u00eda con su prima y que viajaban a trav\u00e9s del bolso m\u00e1gico de su abuela, con absoluta seguridad sentenci\u00f3 siendo peque\u00f1a: \u201cDe grande voy a ser escritora\u201d. En el medio, hizo muchas otras cosas: fue catequista, realiz\u00f3 [&hellip;]<\/p>\n","protected":false},"author":3,"featured_media":0,"parent":8710,"menu_order":0,"comment_status":"closed","ping_status":"open","template":"","meta":[],"_links":{"self":[{"href":"https:\/\/viajeraeditorial.ar\/blog\/wp-json\/wp\/v2\/pages\/127"}],"collection":[{"href":"https:\/\/viajeraeditorial.ar\/blog\/wp-json\/wp\/v2\/pages"}],"about":[{"href":"https:\/\/viajeraeditorial.ar\/blog\/wp-json\/wp\/v2\/types\/page"}],"author":[{"embeddable":true,"href":"https:\/\/viajeraeditorial.ar\/blog\/wp-json\/wp\/v2\/users\/3"}],"replies":[{"embeddable":true,"href":"https:\/\/viajeraeditorial.ar\/blog\/wp-json\/wp\/v2\/comments?post=127"}],"version-history":[{"count":8,"href":"https:\/\/viajeraeditorial.ar\/blog\/wp-json\/wp\/v2\/pages\/127\/revisions"}],"predecessor-version":[{"id":4549,"href":"https:\/\/viajeraeditorial.ar\/blog\/wp-json\/wp\/v2\/pages\/127\/revisions\/4549"}],"up":[{"embeddable":true,"href":"https:\/\/viajeraeditorial.ar\/blog\/wp-json\/wp\/v2\/pages\/8710"}],"wp:attachment":[{"href":"https:\/\/viajeraeditorial.ar\/blog\/wp-json\/wp\/v2\/media?parent=127"}],"curies":[{"name":"wp","href":"https:\/\/api.w.org\/{rel}","templated":true}]}}