{"id":129,"date":"2015-04-20T02:20:49","date_gmt":"2015-04-20T05:20:49","guid":{"rendered":"http:\/\/www.viajeraeditorial.com.ar\/?page_id=129"},"modified":"2020-11-02T21:02:39","modified_gmt":"2020-11-03T00:02:39","slug":"nicolas-pazos","status":"publish","type":"page","link":"https:\/\/viajeraeditorial.ar\/blog\/catalogo\/nicolas-pazos\/","title":{"rendered":"Nicol\u00e1s Pazos"},"content":{"rendered":"<p><em><a href=\"http:\/\/www.viajeraeditorial.ar\/blog\/wp-content\/uploads\/2015\/04\/fotonicolaspazos.jpg\"><img loading=\"lazy\" class=\"alignright size-full wp-image-517\" src=\"http:\/\/www.viajeraeditorial.ar\/blog\/wp-content\/uploads\/2015\/04\/fotonicolaspazos.jpg\" alt=\"Nicol\u00e1s Pazos\" width=\"350\" height=\"247\" \/><\/a>Cuando la gente me pregunta qu\u00e9 hago, me gustar\u00eda responderle: leo, escribo, ense\u00f1o, amo, disfruto de los placeres mundanos, soy enojoso y bastante alegre, esto me hace contradictorio, buen amigo, amante atento, modesto en lo posible, recientemente padre de Manuel. Por qu\u00e9 solemos presentarnos con t\u00edtulos y logros como si la vida fuera un curriculum: mi nombre es Nicol\u00e1s Pazos: soy docente de letras y logr\u00e9 tal o cual cosa. Pero de golpe te piden algo como esto, una autobiograf\u00eda, y uno no sabe qu\u00e9 decir. Y entonces, los t\u00edtulos y logros se vuelven necesarios y hasta \u00fatiles para este g\u00e9nero.<\/em><\/p>\n<p><em>Hace ya algunos a\u00f1os me conect\u00e9 con los talleres de\u00a0<\/em>Siempre de Viaje<em>, con Karina Macci\u00f3 y, por extensi\u00f3n, con la escritura. Le\u00ed en algunos ciclos organizados por\u00a0<\/em>Viajera<em>. Realic\u00e9 junto a Cecilia Maugeri\u00a0<\/em>Club de Cuentos<em>, un taller para que los m\u00e1s peque\u00f1os muestren su voz. Coordino\u00a0<\/em>Coraz\u00f3n Delator<em>, un espacio pensado para j\u00f3venes con necesidad de escritura y lectura. Doy clases de\u00a0<\/em>Lengua y Literatura<em> en escuelas p\u00fablicas y privadas de Capital Federal.<\/em><\/p>\n<p><em>Sin recaer demasiado en esto, me gustar\u00eda decir que he publicado\u00a0<\/em>corasangre<em>, mi primer libro impreso de poes\u00eda, que escrib\u00ed algunos otros que duermen en carpetas virtuales, que estoy trabajando en mi primer libro de cuentos y que, de golpe, me di cuenta de que amo tambi\u00e9n escribir prosa.<\/em><\/p>\n<p><span style=\"text-decoration: underline;\"><strong>En Viajera<\/strong><\/span><\/p>\n<p style=\"padding-left: 30px;\"><a href=\"http:\/\/www.viajeraeditorial.ar\/blog\/descubrir\/corasangre\/\"><img loading=\"lazy\" class=\"alignnone size-full wp-image-4533\" src=\"http:\/\/www.viajeraeditorial.ar\/blog\/wp-content\/uploads\/2015\/03\/corasangretapa_tn20.jpg\" alt=\"corasangre\" width=\"13\" height=\"20\" \/><\/a>\u00a0<a href=\"http:\/\/www.viajeraeditorial.ar\/blog\/descubrir\/corasangre\/\">corasangre<\/a> (<a href=\"http:\/\/www.viajeraeditorial.ar\/blog\/descubrir\/\">Descubrir<\/a>, 2014)<\/p>\n<p><span style=\"text-decoration: underline;\"><strong>Contenido sobre Nicol\u00e1s<\/strong><\/span><\/p>\n<ul class = \"posts-by-tag-list\"><li class=\"posts-by-tag-item Fiesta Glitter Nicol\u00e1s Pazos\" id=\"posts-by-tag-item-5468\"><a class = \"posts-by-tag-item-title\" href=\"https:\/\/viajeraeditorial.ar\/blog\/2016\/06\/estrella-fugaz-nicolas-pazos\/\">Estrella fugaz * Nicol\u00e1s Pazos<\/a><\/li><li class=\"posts-by-tag-item Daniel C\u00e1seres Gabriela Oyola Gabriela Pedrotti H\u00e9ctor Urrusputu Juan Alberto Crasci Julia Magistratti Lorena Suez Nicol\u00e1s Pazos Sof\u00eda Ciravegna Viajera Viajera Visita\" id=\"posts-by-tag-item-23\"><a class = \"posts-by-tag-item-title\" href=\"https:\/\/viajeraeditorial.ar\/blog\/2015\/05\/viajera-de-otono-46-espiche\/\">Viajera de Oto\u00f1o * 4\/6-Espiche<\/a><\/li><li class=\"posts-by-tag-item Axel Levin Nicol\u00e1s Pazos palabras que nos nombran Viajera\" id=\"posts-by-tag-item-2246\"><a class = \"posts-by-tag-item-title\" href=\"https:\/\/viajeraeditorial.ar\/blog\/2014\/12\/nicolas-pazos-sobre-palabras-que-nos-nombran-de-axel-levin\/\">Nicol\u00e1s Pazos sobre \"Palabras que nos nombran\" de Axel Levin<\/a><\/li><li class=\"posts-by-tag-item Agua o ni\u00f1o que corre Eugenia Coiro Nicol\u00e1s Pazos Viajera\" id=\"posts-by-tag-item-151\"><a class = \"posts-by-tag-item-title\" href=\"https:\/\/viajeraeditorial.ar\/blog\/2014\/12\/nicolas-pazos-sobre-agua-o-nino-que-corre-de-eugenia-coiro\/\">Nicol\u00e1s Pazos sobre \"Agua o ni\u00f1o que corre\", de Eugenia Coiro<\/a><\/li><li class=\"posts-by-tag-item Agua o ni\u00f1o que corre Axel Levin Eugenia Coiro Nicol\u00e1s Pazos Viajera\" id=\"posts-by-tag-item-169\"><a class = \"posts-by-tag-item-title\" href=\"https:\/\/viajeraeditorial.ar\/blog\/2014\/12\/axel-levin-sobre-agua-o-nino-que-corre-de-eugenia-coiro-2\/\">Axel Levin sobre \"Agua o ni\u00f1o que corre\", de Eugenia Coiro<\/a><\/li><li class=\"posts-by-tag-item Axel Levin Cecilia Maugeri corasangre Karina Macci\u00f3 Nicol\u00e1s Pazos\" id=\"posts-by-tag-item-2255\"><a class = \"posts-by-tag-item-title\" href=\"https:\/\/viajeraeditorial.ar\/blog\/2014\/11\/imagenes-de-la-presentacion-de-corasangre\/\">Im\u00e1genes de la presentaci\u00f3n de corasangre<\/a><\/li><li class=\"posts-by-tag-item corasangre Nicol\u00e1s Pazos Viajera\" id=\"posts-by-tag-item-237\"><a class = \"posts-by-tag-item-title\" href=\"https:\/\/viajeraeditorial.ar\/blog\/2014\/11\/el-cielo-cae-en-el-mar-nicolas-pazos\/\">el cielo cae en el mar - Nicol\u00e1s Pazos<\/a><\/li><li class=\"posts-by-tag-item corasangre Nicol\u00e1s Pazos Viajera\" id=\"posts-by-tag-item-2256\"><a class = \"posts-by-tag-item-title\" href=\"https:\/\/viajeraeditorial.ar\/blog\/2014\/11\/para-desangrarse-nicolas-pazos\/\">para desangrarse - Nicol\u00e1s Pazos<\/a><\/li><li class=\"posts-by-tag-item Axel Levin Cecilia Maugeri corasangre Eugenia Coiro Karina Macci\u00f3 Nicol\u00e1s Pazos Ting Ting Mei Viajera\" id=\"posts-by-tag-item-2257\"><a class = \"posts-by-tag-item-title\" href=\"https:\/\/viajeraeditorial.ar\/blog\/2014\/11\/presentacion-de-corasangre-de-nicolas-pazos\/\">Presentaci\u00f3n de corasangre, de Nicol\u00e1s Pazos<\/a><\/li><li class=\"posts-by-tag-item corasangre Nicol\u00e1s Pazos Viajera\" id=\"posts-by-tag-item-2258\"><a class = \"posts-by-tag-item-title\" href=\"https:\/\/viajeraeditorial.ar\/blog\/2014\/11\/el-alma-nicolas-pazos\/\">el alma - Nicol\u00e1s Pazos<\/a><\/li><li class=\"posts-by-tag-item corasangre Nicol\u00e1s Pazos Viajera\" id=\"posts-by-tag-item-2259\"><a class = \"posts-by-tag-item-title\" href=\"https:\/\/viajeraeditorial.ar\/blog\/2014\/11\/como-el-que-plagia-nicolas-pazos\/\">como el que plagia - Nicol\u00e1s Pazos<\/a><\/li><li class=\"posts-by-tag-item corasangre Nicol\u00e1s Pazos Viajera\" id=\"posts-by-tag-item-2264\"><a class = \"posts-by-tag-item-title\" href=\"https:\/\/viajeraeditorial.ar\/blog\/2014\/11\/para-desangrarse-nicolas-pazos-corasangre\/\">para desangrarse - Nicol\u00e1s Pazos - corasangre<\/a><\/li><li class=\"posts-by-tag-item corasangre Nicol\u00e1s Pazos Viajera\" id=\"posts-by-tag-item-2091\"><a class = \"posts-by-tag-item-title\" href=\"https:\/\/viajeraeditorial.ar\/blog\/2014\/04\/la-linea-de-la-vida-nicolas-pazos-anticipo-de-corasangre\/\">La l\u00ednea de la vida - Nicol\u00e1s Pazos - Anticipo de Corasangre<\/a><\/li><li class=\"posts-by-tag-item corasangre Nicol\u00e1s Pazos Viajera\" id=\"posts-by-tag-item-751\"><a class = \"posts-by-tag-item-title\" href=\"https:\/\/viajeraeditorial.ar\/blog\/2014\/03\/its-all-over-now-baby-blue-incluido-en-corasangre-nicolas-pazos\/\">\"It\u00b4s all over now, baby blue\" inclu\u00eddo en Corasangre - Nicol\u00e1s Pazos<\/a><\/li><li class=\"posts-by-tag-item corasangre Nicol\u00e1s Pazos Viajera\" id=\"posts-by-tag-item-2128\"><a class = \"posts-by-tag-item-title\" href=\"https:\/\/viajeraeditorial.ar\/blog\/2014\/02\/maradentro-anticipo-de-corasangre-de-nicolas-pazos\/\">\"Maradentro\", anticipo de Corasangre de Nicol\u00e1s Pazos<\/a><\/li><li class=\"posts-by-tag-item Apariciones P\u00fablicas Nicol\u00e1s Pazos Viajera\" id=\"posts-by-tag-item-1241\"><a class = \"posts-by-tag-item-title\" href=\"https:\/\/viajeraeditorial.ar\/blog\/2013\/08\/lectura-en-ecunhi-nicolas-pazos\/\">Lectura en Ecunhi - Nicol\u00e1s Pazos<\/a><\/li><li class=\"posts-by-tag-item Axel Levin Eugenia Coiro Karina Macci\u00f3 Mar\u00eda Florencia Gim\u00e9nez Nicol\u00e1s Pazos Pachamama Viajera\" id=\"posts-by-tag-item-1287\"><a class = \"posts-by-tag-item-title\" href=\"https:\/\/viajeraeditorial.ar\/blog\/2013\/08\/autores-viajeros-visitan-ecunhi\/\">Autores Viajeros visitan Ecunhi<\/a><\/li><li class=\"posts-by-tag-item Nicol\u00e1s Pazos Viajera Viajera Visita\" id=\"posts-by-tag-item-1406\"><a class = \"posts-by-tag-item-title\" href=\"https:\/\/viajeraeditorial.ar\/blog\/2013\/05\/nicolas-pazos-en-viajera-visita-el-quetzal\/\">Nicol\u00e1s Pazos en Viajera Visita El Quetzal<\/a><\/li><li class=\"posts-by-tag-item Apariciones P\u00fablicas Nicol\u00e1s Pazos Viajera\" id=\"posts-by-tag-item-1412\"><a class = \"posts-by-tag-item-title\" href=\"https:\/\/viajeraeditorial.ar\/blog\/2013\/05\/nicolas-pazos-en-la-feria-del-libro\/\">Nicol\u00e1s Pazos en la Feria del Libro<\/a><\/li><li class=\"posts-by-tag-item Cecilia Maugeri Fernanda Nicolini Gabriela Cabez\u00f3n C\u00e1mara Gael Policano Rossi Karina Macci\u00f3 Nicol\u00e1s Pazos Ricardo Czikk Sara Cohen Viajera Visita\" id=\"posts-by-tag-item-1710\"><a class = \"posts-by-tag-item-title\" href=\"https:\/\/viajeraeditorial.ar\/blog\/2012\/08\/mas-imagenes-de-viajera-en-eterna-cadencia\/\">M\u00e1s im\u00e1genes de Viajera en Eterna Cadencia<\/a><\/li><li class=\"posts-by-tag-item Fernanda Nicolini Gabriela Cabez\u00f3n C\u00e1mara Gael Policano Rossi Nicol\u00e1s Pazos Ricardo Czikk Sara Cohen Viajera Visita\" id=\"posts-by-tag-item-1717\"><a class = \"posts-by-tag-item-title\" href=\"https:\/\/viajeraeditorial.ar\/blog\/2012\/08\/una-tarde-de-lluvia-en-eterna-cadencia\/\">Una tarde de lluvia en Eterna Cadencia<\/a><\/li><li class=\"posts-by-tag-item Nicol\u00e1s Pazos\" id=\"posts-by-tag-item-1744\"><a class = \"posts-by-tag-item-title\" href=\"https:\/\/viajeraeditorial.ar\/blog\/2012\/08\/nicolas-pazos-en-viajera-visita\/\">Nicol\u00e1s Pazos en Viajera Visita<\/a><\/li><li class=\"posts-by-tag-item Fernanda Nicolini Gabriela Cabez\u00f3n C\u00e1mara Gael Policano Rossi Nicol\u00e1s Pazos Ricardo Czikk Sara Cohen Viajera Visita\" id=\"posts-by-tag-item-1746\"><a class = \"posts-by-tag-item-title\" href=\"https:\/\/viajeraeditorial.ar\/blog\/2012\/08\/martes-14-eterna-cadencia\/\">Martes 14: Eterna Cadencia!<\/a><\/li><\/ul>\n","protected":false},"excerpt":{"rendered":"<p>Cuando la gente me pregunta qu\u00e9 hago, me gustar\u00eda responderle: leo, escribo, ense\u00f1o, amo, disfruto de los placeres mundanos, soy enojoso y bastante alegre, esto me hace contradictorio, buen amigo, amante atento, modesto en lo posible, recientemente padre de Manuel. Por qu\u00e9 solemos presentarnos con t\u00edtulos y logros como si la vida fuera un curriculum: [&hellip;]<\/p>\n","protected":false},"author":3,"featured_media":0,"parent":8710,"menu_order":0,"comment_status":"closed","ping_status":"open","template":"","meta":[],"_links":{"self":[{"href":"https:\/\/viajeraeditorial.ar\/blog\/wp-json\/wp\/v2\/pages\/129"}],"collection":[{"href":"https:\/\/viajeraeditorial.ar\/blog\/wp-json\/wp\/v2\/pages"}],"about":[{"href":"https:\/\/viajeraeditorial.ar\/blog\/wp-json\/wp\/v2\/types\/page"}],"author":[{"embeddable":true,"href":"https:\/\/viajeraeditorial.ar\/blog\/wp-json\/wp\/v2\/users\/3"}],"replies":[{"embeddable":true,"href":"https:\/\/viajeraeditorial.ar\/blog\/wp-json\/wp\/v2\/comments?post=129"}],"version-history":[{"count":5,"href":"https:\/\/viajeraeditorial.ar\/blog\/wp-json\/wp\/v2\/pages\/129\/revisions"}],"predecessor-version":[{"id":4584,"href":"https:\/\/viajeraeditorial.ar\/blog\/wp-json\/wp\/v2\/pages\/129\/revisions\/4584"}],"up":[{"embeddable":true,"href":"https:\/\/viajeraeditorial.ar\/blog\/wp-json\/wp\/v2\/pages\/8710"}],"wp:attachment":[{"href":"https:\/\/viajeraeditorial.ar\/blog\/wp-json\/wp\/v2\/media?parent=129"}],"curies":[{"name":"wp","href":"https:\/\/api.w.org\/{rel}","templated":true}]}}