{"id":132,"date":"2015-04-20T02:21:04","date_gmt":"2015-04-20T05:21:04","guid":{"rendered":"http:\/\/www.viajeraeditorial.com.ar\/?page_id=132"},"modified":"2020-11-02T21:02:39","modified_gmt":"2020-11-03T00:02:39","slug":"lorena-garcia","status":"publish","type":"page","link":"https:\/\/viajeraeditorial.ar\/blog\/catalogo\/lorena-garcia\/","title":{"rendered":"Lorena Garc\u00eda"},"content":{"rendered":"<p><a href=\"http:\/\/www.viajeraeditorial.ar\/blog\/wp-content\/uploads\/2015\/04\/fotolorenagarcia.jpg\"><img loading=\"lazy\" class=\"alignright size-full wp-image-489\" src=\"http:\/\/www.viajeraeditorial.ar\/blog\/wp-content\/uploads\/2015\/04\/fotolorenagarcia.jpg\" alt=\"Lorena Garc\u00eda\" width=\"350\" height=\"350\" \/><\/a>Naci\u00f3 el 7 de noviembre de 1981, de pie, obligada a caer de cabeza, un atardecer donde el sol se escond\u00eda. Desde ese momento convive\u00a0entre sus dos yo, sobreviviendo al d\u00eda, a la noche. Existe un yo que estudia la carrera de Contador P\u00fablico en la Universidad Nacional de Luj\u00e1n. Su otro yo asiste al taller de literatura de <em>Siempre de Viaje<\/em>.<\/p>\n<p>Ha le\u00eddo en diversos ciclos literarios, como <em>Letras Combinadas<\/em>, <em>Viajera Visita<\/em>, <em>Arte insurgente<\/em>, <em>Poes\u00eda &amp; Rock<\/em>, en el <em>Festival de literatura de C\u00f3rdoba<\/em> y otros. Particip\u00f3 en las lecturas de la <em>Feria del Libro de Buenos Aires<\/em> en 2012 y 2013.<\/p>\n<p>En 2011 public\u00f3\u00a0el libro de poemas <em>Espasmo Perfecto<\/em>. Particip\u00f3\u00a0de las <em>Olimp\u00edadas Literarias<\/em> en el partido de San Miguel, en las que gan\u00f3 en 2011 una medalla dorada, y en 2012, una de bronce.<\/p>\n<p><span style=\"text-decoration: underline;\"><strong>En Viajera<\/strong><\/span><\/p>\n<p style=\"padding-left: 30px;\">\n<p style=\"padding-left: 30px;\">\n<p style=\"padding-left: 30px;\">\n<p style=\"padding-left: 30px;\">\n<p style=\"padding-left: 30px;\">Espasmo Perfecto (colecci\u00f3n Valijita, 2012)<a href=\"http:\/\/www.viajeraeditorial.ar\/blog\/descubrir\/peligrosa-horizontal-2\/\"><br \/>\n<img loading=\"lazy\" class=\"alignnone size-full wp-image-4518\" src=\"http:\/\/www.viajeraeditorial.ar\/blog\/wp-content\/uploads\/2015\/03\/peligrosatapa_tn20.jpg\" alt=\"Peligrosa Horizontal\" width=\"13\" height=\"20\" \/><\/a>\u00a0<a href=\"http:\/\/www.viajeraeditorial.ar\/blog\/descubrir\/peligrosa-horizontal\/\">Peligrosa Horizontal<\/a> (<a href=\"http:\/\/www.viajeraeditorial.ar\/blog\/descubrir\/\">Descubrir<\/a>, 2014)<\/p>\n<p>&nbsp;<\/p>\n<p><strong><span style=\"text-decoration: underline;\">Contactar a Lorena<\/span><\/strong><\/p>\n<p style=\"padding-left: 30px;\"><a href=\"http:\/\/twitter.com\/mlgkatiara\">Twitter<\/a><\/p>\n<p><strong><span style=\"text-decoration: underline;\">Contenido sobre Lorena<\/span><\/strong><\/p>\n<ul class = \"posts-by-tag-list\"><li class=\"posts-by-tag-item Feria Internacional del Libro de Buenos Aires Lorena Garc\u00eda Minuto Doble\/M\u00e1scara\" id=\"posts-by-tag-item-7032\"><a class = \"posts-by-tag-item-title\" href=\"https:\/\/viajeraeditorial.ar\/blog\/2018\/05\/lorena-garcia-en-minuto-mascaradoble\/\">Lorena Garc\u00eda en Minuto M\u00e1scara\/Doble<\/a><\/li><li class=\"posts-by-tag-item Lorena Garc\u00eda Proyecto Posh\" id=\"posts-by-tag-item-5904\"><a class = \"posts-by-tag-item-title\" href=\"https:\/\/viajeraeditorial.ar\/blog\/2016\/11\/lorena-garcia-en-proyecto-posh-mexico\/\">Lorena Garc\u00eda en Proyecto Posh * M\u00e9xico<\/a><\/li><li class=\"posts-by-tag-item Lorena Garc\u00eda Peligrosa Horizontal Sumergible Festival de Poes\u00eda Contempor\u00e1nea\" id=\"posts-by-tag-item-5809\"><a class = \"posts-by-tag-item-title\" href=\"https:\/\/viajeraeditorial.ar\/blog\/2016\/10\/lorena-garcia-en-el-v-festival-de-poesia-contemporanea-sumergible\/\">Lorena Garc\u00eda en el V Festival de poes\u00eda contempor\u00e1nea * Sumergible<\/a><\/li><li class=\"posts-by-tag-item Daniel C\u00e1seres Eugenia Coiro Gabriela Oyola Gabriela Pedrotti Gloria Candioti Karina Macci\u00f3 Lorena Garc\u00eda Mariana Faierman Pablo M\u00fcllner\" id=\"posts-by-tag-item-5220\"><a class = \"posts-by-tag-item-title\" href=\"https:\/\/viajeraeditorial.ar\/blog\/2015\/12\/adelantos-en-festival-tienda-safiras-2012\/\">Adelantos en Festival Tienda Safiras * 20\/12<\/a><\/li><li class=\"posts-by-tag-item Festival Internacional de Poes\u00eda de Azul Lorena Garc\u00eda Mauricio Dreiling Portada Virginia Janza\" id=\"posts-by-tag-item-5112\"><a class = \"posts-by-tag-item-title\" href=\"https:\/\/viajeraeditorial.ar\/blog\/2015\/11\/viajera-en-el-iii-festival-de-poesia-de-azul\/\">Viajera en el III Festival de Poes\u00eda de Azul<\/a><\/li><li class=\"posts-by-tag-item Alejandro Chaluat Diego Recalde Dos bocas Eugenia Coiro Explorar Fede Flotta Gabriela Tavolara Karina Macci\u00f3 Lola Ullmann Lorena Garc\u00eda Nicol\u00e1s Di Candia Paula Wolff Portada Sol Altare Valentina Nicanoff Ver\u00f3nica Tarzia Viajera\" id=\"posts-by-tag-item-5073\"><a class = \"posts-by-tag-item-title\" href=\"https:\/\/viajeraeditorial.ar\/blog\/2015\/10\/que-es-dos-bocas\/\">Qu\u00e9 es Dos bocas<\/a><\/li><li class=\"posts-by-tag-item Lorena Garc\u00eda Viajera\" id=\"posts-by-tag-item-2220\"><a class = \"posts-by-tag-item-title\" href=\"https:\/\/viajeraeditorial.ar\/blog\/2015\/05\/lorena-garcia-invitada-en-el-festival-tea-party\/\">Lorena Garc\u00eda invitada en el Festival Tea Party<\/a><\/li><li class=\"posts-by-tag-item Axel Levin Belara Mich\u00e1n Diego Recalde Eugenia Coiro Feria del Libro Gabriela Aristegui Gabriela Pedrotti Karina Macci\u00f3 Lola Ullmann Lorena Garc\u00eda Marcela Manuel Mar\u00eda del Carmen Sarquis Mar\u00eda Victoria Verzura Mauricio Dreiling Minuto4 Nicol\u00e1s Di Candia Pablo M\u00fcllner Paula Maff\u00eda Portada Sof\u00eda Ciravegna Viajera Viajera Visita Virginia Janza\" id=\"posts-by-tag-item-814\"><a class = \"posts-by-tag-item-title\" href=\"https:\/\/viajeraeditorial.ar\/blog\/2015\/05\/viajera-en-la-feria-del-libro\/\">Viajera en la Feria del Libro<\/a><\/li><li class=\"posts-by-tag-item Lorena Garc\u00eda Minuto Terror\" id=\"posts-by-tag-item-71\"><a class = \"posts-by-tag-item-title\" href=\"https:\/\/viajeraeditorial.ar\/blog\/2015\/03\/minuto-terror-lorena-garcia\/\">Minuto Terror - Lorena Garc\u00eda<\/a><\/li><li class=\"posts-by-tag-item Lorena Garc\u00eda Peligrosa Horizontal Viajera\" id=\"posts-by-tag-item-2237\"><a class = \"posts-by-tag-item-title\" href=\"https:\/\/viajeraeditorial.ar\/blog\/2015\/01\/abril-duele-en-los-huesos-lorena-garcia\/\">abril duele en los huesos - Lorena Garc\u00eda<\/a><\/li><li class=\"posts-by-tag-item Bengala Hotel Eugenia Coiro Gabriela Tavolara Karina Macci\u00f3 La Cajita de Pandora La P\u00e9rdida o La Perdida L\u00e9ame Lorena Garc\u00eda Minuto Fuego Nicol\u00e1s Di Candia Peligrosa Horizontal Strip-Dancer Viajera Virginia Janza\" id=\"posts-by-tag-item-2248\"><a class = \"posts-by-tag-item-title\" href=\"https:\/\/viajeraeditorial.ar\/blog\/2014\/12\/cronicas-viajeras-por-carolina-calvo\/\">Cr\u00f3nicas viajeras, por Carolina Calvo<\/a><\/li><li class=\"posts-by-tag-item Lorena Garc\u00eda Peligrosa Horizontal Viajera\" id=\"posts-by-tag-item-166\"><a class = \"posts-by-tag-item-title\" href=\"https:\/\/viajeraeditorial.ar\/blog\/2014\/12\/dos-dias-muerta-lorena-garcia\/\">Dos d\u00edas muerta - Lorena Garc\u00eda<\/a><\/li><li class=\"posts-by-tag-item Gabriela Tavolara Lorena Garc\u00eda Peligrosa Horizontal\" id=\"posts-by-tag-item-181\"><a class = \"posts-by-tag-item-title\" href=\"https:\/\/viajeraeditorial.ar\/blog\/2014\/12\/strip-dancer-peligrosa-horizontal-212\/\">Strip Dancer * Peligrosa horizontal \/\/ 2\/12<\/a><\/li><li class=\"posts-by-tag-item Lorena Garc\u00eda Peligrosa Horizontal Viajera\" id=\"posts-by-tag-item-186\"><a class = \"posts-by-tag-item-title\" href=\"https:\/\/viajeraeditorial.ar\/blog\/2014\/12\/perderte-lorena-garcia\/\">perderte - Lorena Garc\u00eda<\/a><\/li><li class=\"posts-by-tag-item Lorena Garc\u00eda Peligrosa Horizontal Viajera\" id=\"posts-by-tag-item-194\"><a class = \"posts-by-tag-item-title\" href=\"https:\/\/viajeraeditorial.ar\/blog\/2014\/11\/pedacitos-de-cristal-donde-estaban-lorena-garcia\/\">pedacitos de cristal, \u00bfd\u00f3nde estaban? - Lorena Garc\u00eda<\/a><\/li><li class=\"posts-by-tag-item Lorena Garc\u00eda Peligrosa Horizontal Viajera\" id=\"posts-by-tag-item-199\"><a class = \"posts-by-tag-item-title\" href=\"https:\/\/viajeraeditorial.ar\/blog\/2014\/11\/cuerpo-desarmado-lorena-garcia\/\">Cuerpo desarmado - Lorena Garc\u00eda<\/a><\/li><li class=\"posts-by-tag-item Gabriela Tavolara Lorena Garc\u00eda Peligrosa Horizontal Strip-Dancer Viajera\" id=\"posts-by-tag-item-201\"><a class = \"posts-by-tag-item-title\" href=\"https:\/\/viajeraeditorial.ar\/blog\/2014\/11\/212-peligrosa-horizontal-strip-dancer\/\">2\/12 Peligrosa horizontal \/\/ Strip-Dancer<\/a><\/li><li class=\"posts-by-tag-item Lorena Garc\u00eda Minuto Ruptura Viajera\" id=\"posts-by-tag-item-2265\"><a class = \"posts-by-tag-item-title\" href=\"https:\/\/viajeraeditorial.ar\/blog\/2014\/11\/lorena-garcia-minuto-ruptura\/\">Lorena Garc\u00eda - Minuto Ruptura<\/a><\/li><li class=\"posts-by-tag-item Eugenia Coiro Festival de Poes\u00eda de Lima Lorena Garc\u00eda\" id=\"posts-by-tag-item-324\"><a class = \"posts-by-tag-item-title\" href=\"https:\/\/viajeraeditorial.ar\/blog\/2014\/10\/viajera-en-el-v-festival-de-poesia-de-lima\/\">Viajera en el V Festival de Poes\u00eda de Lima<\/a><\/li><li class=\"posts-by-tag-item Lorena Garc\u00eda musicalpoes\u00eda!\" id=\"posts-by-tag-item-2162\"><a class = \"posts-by-tag-item-title\" href=\"https:\/\/viajeraeditorial.ar\/blog\/2014\/08\/lorena-garcia-poeta-en-musicalpoesia\/\">Lorena Garc\u00eda \/ Poeta en musicalpoes\u00eda!<\/a><\/li><li class=\"posts-by-tag-item Axel Levin Lorena Garc\u00eda musicalpoes\u00eda! Nicol\u00e1s Di Candia\" id=\"posts-by-tag-item-404\"><a class = \"posts-by-tag-item-title\" href=\"https:\/\/viajeraeditorial.ar\/blog\/2014\/08\/musicalpoesia-segunda-edicion-49\/\">musicalpoes\u00eda! segunda edici\u00f3n 4\/9<\/a><\/li><li class=\"posts-by-tag-item Alejo Steimberg Eugenia Coiro Fabio Rivas Rivera Jan De Jager Juan Rearte Karina Macci\u00f3 Lorena Garc\u00eda Mario Nosotti Natalia Monsegur Viajera\" id=\"posts-by-tag-item-2183\"><a class = \"posts-by-tag-item-title\" href=\"https:\/\/viajeraeditorial.ar\/blog\/2014\/07\/musicalpoesia-247-en-rechazando-coimas\/\">musicalpoes\u00eda! 24\/7 en Rechazando Coimas<\/a><\/li><li class=\"posts-by-tag-item Lorena Garc\u00eda Minuto Magdalena Viajera\" id=\"posts-by-tag-item-2207\"><a class = \"posts-by-tag-item-title\" href=\"https:\/\/viajeraeditorial.ar\/blog\/2014\/06\/lorena-garcia-minuto-magdalena\/\">Lorena Garc\u00eda: Minuto Magdalena<\/a><\/li><li class=\"posts-by-tag-item Cecilia Maugeri Eugenia Coiro Gabriela Tavolara Karina Macci\u00f3 Lorena Garc\u00eda Mar\u00eda Florencia Gim\u00e9nez Mart\u00edn Jim\u00e9nez Guerra Mauricio Dreiling Ricardo Czikk Viajera Virginia Janza\" id=\"posts-by-tag-item-2080\"><a class = \"posts-by-tag-item-title\" href=\"https:\/\/viajeraeditorial.ar\/blog\/2014\/04\/viajera-en-la-feria-internacional-del-libro-de-buenos-aires\/\">Viajera en la Feria Internacional del Libro de Buenos Aires<\/a><\/li><li class=\"posts-by-tag-item Apariciones P\u00fablicas Festival de Literatura de Azul Lorena Garc\u00eda Nicol\u00e1s Di Candia Viajera Virginia Janza\" id=\"posts-by-tag-item-1064\"><a class = \"posts-by-tag-item-title\" href=\"https:\/\/viajeraeditorial.ar\/blog\/2013\/11\/viajera-invitada-al-i-festival-internacional-de-literatura-de-azul-grilla-de-actividades\/\">Viajera, invitada al I Festival Internacional de Literatura de Azul - Grilla de actividades<\/a><\/li><li class=\"posts-by-tag-item Lorena Garc\u00eda Viajera Viajera Visita\" id=\"posts-by-tag-item-1408\"><a class = \"posts-by-tag-item-title\" href=\"https:\/\/viajeraeditorial.ar\/blog\/2013\/05\/lorena-garcia-en-viajera-visita-el-quetzal\/\">Lorena Garc\u00eda en Viajera Visita El Quetzal<\/a><\/li><li class=\"posts-by-tag-item Apariciones P\u00fablicas Lorena Garc\u00eda Viajera\" id=\"posts-by-tag-item-1423\"><a class = \"posts-by-tag-item-title\" href=\"https:\/\/viajeraeditorial.ar\/blog\/2013\/05\/lorena-garcia-en-la-feria-del-libro\/\">Lorena Garc\u00eda en la Feria del Libro<\/a><\/li><li class=\"posts-by-tag-item Lorena Garc\u00eda Viajera Viajera Visita\" id=\"posts-by-tag-item-1428\"><a class = \"posts-by-tag-item-title\" href=\"https:\/\/viajeraeditorial.ar\/blog\/2013\/05\/lorena-garcia-en-viajera-visita\/\">Lorena Garc\u00eda en Viajera Visita<\/a><\/li><\/ul>\n","protected":false},"excerpt":{"rendered":"<p>Naci\u00f3 el 7 de noviembre de 1981, de pie, obligada a caer de cabeza, un atardecer donde el sol se escond\u00eda. Desde ese momento convive\u00a0entre sus dos yo, sobreviviendo al d\u00eda, a la noche. Existe un yo que estudia la carrera de Contador P\u00fablico en la Universidad Nacional de Luj\u00e1n. Su otro yo asiste al [&hellip;]<\/p>\n","protected":false},"author":3,"featured_media":0,"parent":8710,"menu_order":0,"comment_status":"closed","ping_status":"open","template":"","meta":[],"_links":{"self":[{"href":"https:\/\/viajeraeditorial.ar\/blog\/wp-json\/wp\/v2\/pages\/132"}],"collection":[{"href":"https:\/\/viajeraeditorial.ar\/blog\/wp-json\/wp\/v2\/pages"}],"about":[{"href":"https:\/\/viajeraeditorial.ar\/blog\/wp-json\/wp\/v2\/types\/page"}],"author":[{"embeddable":true,"href":"https:\/\/viajeraeditorial.ar\/blog\/wp-json\/wp\/v2\/users\/3"}],"replies":[{"embeddable":true,"href":"https:\/\/viajeraeditorial.ar\/blog\/wp-json\/wp\/v2\/comments?post=132"}],"version-history":[{"count":5,"href":"https:\/\/viajeraeditorial.ar\/blog\/wp-json\/wp\/v2\/pages\/132\/revisions"}],"predecessor-version":[{"id":4570,"href":"https:\/\/viajeraeditorial.ar\/blog\/wp-json\/wp\/v2\/pages\/132\/revisions\/4570"}],"up":[{"embeddable":true,"href":"https:\/\/viajeraeditorial.ar\/blog\/wp-json\/wp\/v2\/pages\/8710"}],"wp:attachment":[{"href":"https:\/\/viajeraeditorial.ar\/blog\/wp-json\/wp\/v2\/media?parent=132"}],"curies":[{"name":"wp","href":"https:\/\/api.w.org\/{rel}","templated":true}]}}