{"id":135,"date":"2015-04-20T02:21:58","date_gmt":"2015-04-20T05:21:58","guid":{"rendered":"http:\/\/www.viajeraeditorial.com.ar\/?page_id=135"},"modified":"2020-11-02T21:07:47","modified_gmt":"2020-11-03T00:07:47","slug":"axel-levin","status":"publish","type":"page","link":"https:\/\/viajeraeditorial.ar\/blog\/catalogo\/axel-levin\/","title":{"rendered":"Axel Levin"},"content":{"rendered":"<p><a href=\"http:\/\/www.viajeraeditorial.ar\/blog\/wp-content\/uploads\/2015\/04\/fotoaxellevin.jpg\"><img loading=\"lazy\" class=\"alignright size-full wp-image-445\" src=\"http:\/\/www.viajeraeditorial.ar\/blog\/wp-content\/uploads\/2015\/04\/fotoaxellevin.jpg\" alt=\"Axel Levin\" width=\"281\" height=\"350\" \/><\/a>Axel pronuncia su nombre en forma aguda, porque \u00e9sa es la manera que se pronuncia. De este modo, para los que lo conocen es Axel, acentuado de acuerdo a los lineamientos de la RAE, mientras que los dem\u00e1s est\u00e1n seguros de que se trata de un \u00e1xel.<\/p>\n<p>Axel es Axel desde 1992. M\u00e1s tarde fue tambi\u00e9n t\u00e9cnico en recreaci\u00f3n del ISTLYR, coordinador del Centro de D\u00eda IELADEINU, participante de las Olimp\u00edadas de biolog\u00eda y\u00a0estudiante de antropolog\u00eda, carrera de la que, si todo sale bien, un d\u00eda ser\u00e1 egresado.<\/p>\n<p>En 2012 public\u00f3 <em>Tatuarme con el Atardecer<\/em> en la colecci\u00f3n Valijita de libros artesanales.<\/p>\n<p><span style=\"text-decoration: underline;\"><strong>En Viajera<\/strong><\/span><\/p>\n<p style=\"padding-left: 30px;\">Tatuarme con el atardecer (colecci\u00f3n Valijita, 2012)<br \/>\n<a href=\"http:\/\/www.viajeraeditorial.ar\/blog\/descubrir\/palabras-que-nos-nombran-2\/\"><img loading=\"lazy\" class=\"alignnone size-full wp-image-4503\" src=\"http:\/\/www.viajeraeditorial.ar\/blog\/wp-content\/uploads\/2015\/03\/palabrasquenostapa_tn20.jpg\" alt=\"palabras que nos nombran\" width=\"13\" height=\"20\" \/><\/a>\u00a0<a href=\"http:\/\/www.viajeraeditorial.ar\/blog\/descubrir\/palabras-que-nos-nombran\/\">palabas que nos nombran<\/a> (<a href=\"http:\/\/www.viajeraeditorial.ar\/blog\/descubrir\/\">Descubrir<\/a>, 2014)<\/p>\n<p><strong><span style=\"text-decoration: underline;\">Contenido sobre Axel<\/span><\/strong><\/p>\n<ul class = \"posts-by-tag-list\"><li class=\"posts-by-tag-item Axel Levin Eventos Viajeros Feria de libros V\u00e9rtigo diminuto\" id=\"posts-by-tag-item-8749\"><a class = \"posts-by-tag-item-title\" href=\"https:\/\/viajeraeditorial.ar\/blog\/2020\/12\/vertigo-en-la-plaza\/\">V\u00e9rtigo en la plaza<\/a><\/li><li class=\"posts-by-tag-item Alicia Saliva Anibal Ilguisonis Axel Levin Cristina Eseiza Eduardo G\u00e1lvez Eugenia Coiro Festival de Poes\u00eda de Rosario Ignacio Uranga Jan De Jager Jos\u00e9 Lupia Karina Macci\u00f3 Marcela Manuel Nicol\u00e1s Alonso Sof\u00eda\" id=\"posts-by-tag-item-8738\"><a class = \"posts-by-tag-item-title\" href=\"https:\/\/viajeraeditorial.ar\/blog\/2020\/11\/estamos-en-el-fipr\/\">Estamos en el FIPR<\/a><\/li><li class=\"posts-by-tag-item Antes de dormir Axel Levin Magal\u00ed Levin V\u00e9rtigo diminuto\" id=\"posts-by-tag-item-8731\"><a class = \"posts-by-tag-item-title\" href=\"https:\/\/viajeraeditorial.ar\/blog\/2020\/11\/vivo-de-poesia-con-maga-y-axel-levin\/\">Vivo de poes\u00eda con Maga y Axel Levin<\/a><\/li><li class=\"posts-by-tag-item Axel Levin\" id=\"posts-by-tag-item-8512\"><a class = \"posts-by-tag-item-title\" href=\"https:\/\/viajeraeditorial.ar\/blog\/2020\/10\/como-despierto-axel-levin\/\">C\u00f3mo despierto * Axel Levin<\/a><\/li><li class=\"posts-by-tag-item Axel Levin V\u00e9rtigo diminuto\" id=\"posts-by-tag-item-8496\"><a class = \"posts-by-tag-item-title\" href=\"https:\/\/viajeraeditorial.ar\/blog\/2020\/07\/avalancha-de-poesia-con-axel-levin-127-en-vivo-por-ig\/\">Avalancha de poes\u00eda con Axel Levin: 12\/7 en vivo por IG<\/a><\/li><li class=\"posts-by-tag-item Axel Levin\" id=\"posts-by-tag-item-8119\"><a class = \"posts-by-tag-item-title\" href=\"https:\/\/viajeraeditorial.ar\/blog\/2020\/06\/ahora-entiendo-axel-levin\/\">Ahora entiendo * Axel Levin<\/a><\/li><li class=\"posts-by-tag-item Alejandra Bosch Axel Levin Jos\u00e9 Lupia Julia Wong Karina Macci\u00f3 Magal\u00ed Levin\" id=\"posts-by-tag-item-8429\"><a class = \"posts-by-tag-item-title\" href=\"https:\/\/viajeraeditorial.ar\/blog\/2020\/05\/avalancha-de-poesia-renovamos-la-pagina\/\">Avalancha de poes\u00eda \/ \u00a1Renovamos la p\u00e1gina!<\/a><\/li><li class=\"posts-by-tag-item Axel Levin\" id=\"posts-by-tag-item-8049\"><a class = \"posts-by-tag-item-title\" href=\"https:\/\/viajeraeditorial.ar\/blog\/2020\/04\/es-el-dia-de-la-primavera-axel-levin\/\">Es el d\u00eda de la primavera * Axel Levin<\/a><\/li><li class=\"posts-by-tag-item Axel Levin\" id=\"posts-by-tag-item-8196\"><a class = \"posts-by-tag-item-title\" href=\"https:\/\/viajeraeditorial.ar\/blog\/2020\/01\/mesita-de-luz-axel-levin\/\">Mesita de luz * Axel Lev\u00edn<\/a><\/li><li class=\"posts-by-tag-item An\u00edbal Ilguisonis Axel Levin Nicol\u00e1s Alonso\" id=\"posts-by-tag-item-8123\"><a class = \"posts-by-tag-item-title\" href=\"https:\/\/viajeraeditorial.ar\/blog\/2019\/11\/levin-alonso-ilguisonis-en-kula-fest\/\">Levin, Alonso, Ilguisonis en Kula Fest<\/a><\/li><li class=\"posts-by-tag-item Axel Levin cuerpos po\u00e9ticos\" id=\"posts-by-tag-item-8096\"><a class = \"posts-by-tag-item-title\" href=\"https:\/\/viajeraeditorial.ar\/blog\/2019\/11\/axel-levin-para-cuerpos-poeticos\/\">Axel Levin para Cuerpos po\u00e9ticos<\/a><\/li><li class=\"posts-by-tag-item Axel Levin\" id=\"posts-by-tag-item-8046\"><a class = \"posts-by-tag-item-title\" href=\"https:\/\/viajeraeditorial.ar\/blog\/2019\/10\/voy-a-faltar-al-trabajo-axel-levin\/\">Voy a faltar al trabajo * Axel Levin<\/a><\/li><li class=\"posts-by-tag-item Axel Levin\" id=\"posts-by-tag-item-7937\"><a class = \"posts-by-tag-item-title\" href=\"https:\/\/viajeraeditorial.ar\/blog\/2019\/08\/les-quiero-mostrar-axel-levin-2\/\">Les quiero mostrar * Axel Levin<\/a><\/li><li class=\"posts-by-tag-item An\u00edbal Ilguisonis Axel Levin Eduardo G\u00e1lvez Nicol\u00e1s Alonso\" id=\"posts-by-tag-item-7915\"><a class = \"posts-by-tag-item-title\" href=\"https:\/\/viajeraeditorial.ar\/blog\/2019\/07\/el-paisaje-interior-147-ilguisonis-galvez-alonso\/\">El paisaje interior * 14\/7 Ilguisonis, G\u00e1lvez, Alonso<\/a><\/li><li class=\"posts-by-tag-item Axel Levin\" id=\"posts-by-tag-item-7873\"><a class = \"posts-by-tag-item-title\" href=\"https:\/\/viajeraeditorial.ar\/blog\/2019\/06\/si-pudiera-axel-levin\/\">Si pudiera * Axel Levin<\/a><\/li><li class=\"posts-by-tag-item Axel Levin\" id=\"posts-by-tag-item-7820\"><a class = \"posts-by-tag-item-title\" href=\"https:\/\/viajeraeditorial.ar\/blog\/2019\/05\/les-quiero-mostrar-axel-levin\/\">Les quiero mostrar * Axel Levin<\/a><\/li><li class=\"posts-by-tag-item Axel Levin\" id=\"posts-by-tag-item-7737\"><a class = \"posts-by-tag-item-title\" href=\"https:\/\/viajeraeditorial.ar\/blog\/2019\/04\/axel-levin-en-el-falso-open-mic-144-en-el-moran\/\">Axel Levin en el Falso Open Mic * 14\/4 en el Mor\u00e1n<\/a><\/li><li class=\"posts-by-tag-item Axel Levin Karina Macci\u00f3 Ocre\" id=\"posts-by-tag-item-7461\"><a class = \"posts-by-tag-item-title\" href=\"https:\/\/viajeraeditorial.ar\/blog\/2019\/01\/esta-bien-no-se-puede-axel-levin\/\">Est\u00e1 bien, no se puede * Axel Levin<\/a><\/li><li class=\"posts-by-tag-item Axel Levin\" id=\"posts-by-tag-item-7458\"><a class = \"posts-by-tag-item-title\" href=\"https:\/\/viajeraeditorial.ar\/blog\/2018\/11\/de-repente-estoy-llegando-a-praga-axel-levin\/\">De repente estoy llegando a Praga * Axel Levin<\/a><\/li><li class=\"posts-by-tag-item Axel Levin Karina Macci\u00f3 Ocre\" id=\"posts-by-tag-item-7391\"><a class = \"posts-by-tag-item-title\" href=\"https:\/\/viajeraeditorial.ar\/blog\/2018\/11\/estan-bien-no-se-puede-axel-levin\/\">Est\u00e1n bien, no se puede * Axel Levin<\/a><\/li><li class=\"posts-by-tag-item Axel Levin Karina Macci\u00f3\" id=\"posts-by-tag-item-7334\"><a class = \"posts-by-tag-item-title\" href=\"https:\/\/viajeraeditorial.ar\/blog\/2018\/10\/levin-y-maccio-leen-en-la-feria-de-editoriales-de-cefyl-1010\/\">Levin y Macci\u00f3 leen en La Feria de Editoriales de CEFYL * 10\/10<\/a><\/li><li class=\"posts-by-tag-item Axel Levin\" id=\"posts-by-tag-item-7245\"><a class = \"posts-by-tag-item-title\" href=\"https:\/\/viajeraeditorial.ar\/blog\/2018\/10\/piedra-rosseta-axel-levin\/\">Piedra Rosseta * Axel Levin<\/a><\/li><li class=\"posts-by-tag-item Axel Levin\" id=\"posts-by-tag-item-7248\"><a class = \"posts-by-tag-item-title\" href=\"https:\/\/viajeraeditorial.ar\/blog\/2018\/09\/ciudad-castillo-axel-levin\/\">Ciudad castillo * Axel Levin<\/a><\/li><li class=\"posts-by-tag-item Axel Levin Cristina Eseiza Gloria Candioti Javier Pizarro Lorena Suez\" id=\"posts-by-tag-item-6650\"><a class = \"posts-by-tag-item-title\" href=\"https:\/\/viajeraeditorial.ar\/blog\/2017\/12\/escucha-viajeros-en-la-luna-enlozada\/\">Escuch\u00e1 viajeros en la Luna Enlozada<\/a><\/li><li class=\"posts-by-tag-item Axel Levin Cristina Eseiza Gloria Candioti Javier Pizarro Lorena Suez\" id=\"posts-by-tag-item-6641\"><a class = \"posts-by-tag-item-title\" href=\"https:\/\/viajeraeditorial.ar\/blog\/2017\/11\/eseiza-candioti-pizarro-levin-y-suez-en-luna-enlozada-2311\/\">Eseiza, Candioti, Pizarro, Levin y Suez en Luna Enlozada * 23\/11<\/a><\/li><li class=\"posts-by-tag-item Axel Levin\" id=\"posts-by-tag-item-6287\"><a class = \"posts-by-tag-item-title\" href=\"https:\/\/viajeraeditorial.ar\/blog\/2017\/11\/el-que-en-todo-es-contrario-de-si-mismo-axel-levin\/\">El que en todo es contrario de s\u00ed mismo * Axel Levin<\/a><\/li><li class=\"posts-by-tag-item Axel Levin\" id=\"posts-by-tag-item-6406\"><a class = \"posts-by-tag-item-title\" href=\"https:\/\/viajeraeditorial.ar\/blog\/2017\/08\/axel-levin-en-como-decir\/\">Axel Levin en C\u00f3mo decir<\/a><\/li><li class=\"posts-by-tag-item Axel Levin\" id=\"posts-by-tag-item-6290\"><a class = \"posts-by-tag-item-title\" href=\"https:\/\/viajeraeditorial.ar\/blog\/2017\/07\/una-revolucion-sutil-axel-levin\/\">Una revoluci\u00f3n sutil * Axel Levin<\/a><\/li><li class=\"posts-by-tag-item Axel Levin Cat\u00e1logo en vivo Jos\u00e9 Lupia palabras que nos nombran\" id=\"posts-by-tag-item-6314\"><a class = \"posts-by-tag-item-title\" href=\"https:\/\/viajeraeditorial.ar\/blog\/2017\/07\/jose-lupia-sobre-palabras-que-nos-nombran\/\">Jos\u00e9 Lupia sobre Palabras que nos nombran<\/a><\/li><li class=\"posts-by-tag-item Axel Levin\" id=\"posts-by-tag-item-6293\"><a class = \"posts-by-tag-item-title\" href=\"https:\/\/viajeraeditorial.ar\/blog\/2017\/06\/me-piden-que-diga-algo-axel-levin\/\">Me piden que diga algo * Axel Levin<\/a><\/li><li class=\"posts-by-tag-item Axel Levin\" id=\"posts-by-tag-item-6171\"><a class = \"posts-by-tag-item-title\" href=\"https:\/\/viajeraeditorial.ar\/blog\/2017\/04\/minuto-mujeraje-axel-levin\/\">Minuto Mujeraje * Axel Levin<\/a><\/li><li class=\"posts-by-tag-item Axel Levin\" id=\"posts-by-tag-item-5958\"><a class = \"posts-by-tag-item-title\" href=\"https:\/\/viajeraeditorial.ar\/blog\/2016\/12\/una-gota-de-luz-axel-levin\/\">Una gota de luz * Axel Levin<\/a><\/li><li class=\"posts-by-tag-item Axel Levin\" id=\"posts-by-tag-item-5879\"><a class = \"posts-by-tag-item-title\" href=\"https:\/\/viajeraeditorial.ar\/blog\/2016\/11\/momento-de-palabras-axel-levin\/\">Momento de palabras * Axel Levin<\/a><\/li><li class=\"posts-by-tag-item Axel Levin Mercedes Roff\u00e9 Portada\" id=\"posts-by-tag-item-5442\"><a class = \"posts-by-tag-item-title\" href=\"https:\/\/viajeraeditorial.ar\/blog\/2016\/06\/he-venido-a-decirte-axel-levin\/\">He venido a decirte * Axel Levin<\/a><\/li><li class=\"posts-by-tag-item Axel Levin Portada\" id=\"posts-by-tag-item-5385\"><a class = \"posts-by-tag-item-title\" href=\"https:\/\/viajeraeditorial.ar\/blog\/2016\/05\/pienso-en-la-velocidad-axel-levin\/\">Pienso en la velocidad * Axel Levin<\/a><\/li><li class=\"posts-by-tag-item Axel Levin Portada\" id=\"posts-by-tag-item-5349\"><a class = \"posts-by-tag-item-title\" href=\"https:\/\/viajeraeditorial.ar\/blog\/2016\/04\/la-quebrada-del-leon-axel-levin\/\">La quebrada del le\u00f3n * Axel Levin<\/a><\/li><li class=\"posts-by-tag-item Axel Levin Portada\" id=\"posts-by-tag-item-5249\"><a class = \"posts-by-tag-item-title\" href=\"https:\/\/viajeraeditorial.ar\/blog\/2016\/01\/y-si-en-una-de-esas-axel-levin\/\">\u00bfY si en una de esas * Axel Levin<\/a><\/li><li class=\"posts-by-tag-item Axel Levin\" id=\"posts-by-tag-item-5127\"><a class = \"posts-by-tag-item-title\" href=\"https:\/\/viajeraeditorial.ar\/blog\/2015\/12\/envion-abierto-axel-levin\/\">Envi\u00f3n abierto * Axel Levin<\/a><\/li><li class=\"posts-by-tag-item Axel Levin Sof\u00eda Ciravegna\" id=\"posts-by-tag-item-5041\"><a class = \"posts-by-tag-item-title\" href=\"https:\/\/viajeraeditorial.ar\/blog\/2015\/10\/festival-de-poesia-joven-de-buenos-aires\/\">Festival de Poes\u00eda Joven de Buenos Aires<\/a><\/li><li class=\"posts-by-tag-item Alicia \u00c1lvarez Axel Levin Carolina Lesta Dami\u00e1n Boggino Daniel C\u00e1seres Diamar Pretelt Marrugo Eduardo Adrogu\u00e9 Eduardo Bunitow El Benny Elizabeth Vita Esther Ferrari Eugenia Coiro Gabriela Aristegui Gabriela Oyola Jos\u00e9 Lupia Juan Castro Walker Karina Macci\u00f3 Laura Amori Lorena Suez Macarena Cifuentes Mar\u00eda Victoria Verzura Mauricio Dreiling Minuto Sue\u00f1o N\u00e9stor Cheb Terrab Portada Virginia Janza\" id=\"posts-by-tag-item-870\"><a class = \"posts-by-tag-item-title\" href=\"https:\/\/viajeraeditorial.ar\/blog\/2015\/05\/minuto-sueno\/\">Minuto Sue\u00f1o<\/a><\/li><li class=\"posts-by-tag-item Axel Levin Belara Mich\u00e1n Diego Recalde Eugenia Coiro Feria del Libro Gabriela Aristegui Gabriela Pedrotti Karina Macci\u00f3 Lola Ullmann Lorena Garc\u00eda Marcela Manuel Mar\u00eda del Carmen Sarquis Mar\u00eda Victoria Verzura Mauricio Dreiling Minuto4 Nicol\u00e1s Di Candia Pablo M\u00fcllner Paula Maff\u00eda Portada Sof\u00eda Ciravegna Viajera Viajera Visita Virginia Janza\" id=\"posts-by-tag-item-814\"><a class = \"posts-by-tag-item-title\" href=\"https:\/\/viajeraeditorial.ar\/blog\/2015\/05\/viajera-en-la-feria-del-libro\/\">Viajera en la Feria del Libro<\/a><\/li><li class=\"posts-by-tag-item Andrea Larrieu An\u00edbal Ilguisonis Axel Levin Belara Mich\u00e1n Cat\u00e1logo Feria del Libro Gabriela Tavolara Habitar mi camino\/Dwelling my path Karina Macci\u00f3 Mar\u00eda del Carmen Sarquis Mauricio Dreiling Nicol\u00e1s Di Candia Strip-Dancer Vidrio\" id=\"posts-by-tag-item-2221\"><a class = \"posts-by-tag-item-title\" href=\"https:\/\/viajeraeditorial.ar\/blog\/2015\/05\/viajera-en-la-feria-del-libro-de-buenos-aires-este-domingo-10-de-mayo\/\">Viajera en la Feria del Libro de Buenos Aires este domingo 10 de mayo<\/a><\/li><li class=\"posts-by-tag-item Axel Levin musicalpoes\u00eda!\" id=\"posts-by-tag-item-2232\"><a class = \"posts-by-tag-item-title\" href=\"https:\/\/viajeraeditorial.ar\/blog\/2015\/02\/axel-levin-en-musicalpoesia-4\/\">Axel Levin en musicalpoes\u00eda! (4)<\/a><\/li><li class=\"posts-by-tag-item Axel Levin palabras que nos nombran Viajera\" id=\"posts-by-tag-item-2234\"><a class = \"posts-by-tag-item-title\" href=\"https:\/\/viajeraeditorial.ar\/blog\/2015\/02\/axel-levin-abro-la-puerta\/\">Axel Levin * Abro la puerta<\/a><\/li><li class=\"posts-by-tag-item Axel Levin Viajera\" id=\"posts-by-tag-item-98\"><a class = \"posts-by-tag-item-title\" href=\"https:\/\/viajeraeditorial.ar\/blog\/2015\/01\/al-fondo-axel-lexin\/\">Al fondo - Axel Lexin<\/a><\/li><li class=\"posts-by-tag-item Axel Levin musicalpoes\u00eda!\" id=\"posts-by-tag-item-100\"><a class = \"posts-by-tag-item-title\" href=\"https:\/\/viajeraeditorial.ar\/blog\/2015\/01\/axel-levin-en-musicalpoesia-3\/\">Axel Levin en musicalpoes\u00eda! (3)<\/a><\/li><li class=\"posts-by-tag-item Axel Levin Eugenia Coiro palabras que nos nombran Viajera\" id=\"posts-by-tag-item-2240\"><a class = \"posts-by-tag-item-title\" href=\"https:\/\/viajeraeditorial.ar\/blog\/2015\/01\/eugenia-coiro-sobre-palabras-que-nos-nombran-de-axel-levin\/\">Eugenia Coiro sobre \"Palabras que nos nombran\" de Axel Levin<\/a><\/li><li class=\"posts-by-tag-item Axel Levin palabras que nos nombran Viajera\" id=\"posts-by-tag-item-2243\"><a class = \"posts-by-tag-item-title\" href=\"https:\/\/viajeraeditorial.ar\/blog\/2015\/01\/enredo-axel-levin\/\">Enredo - Axel Levin<\/a><\/li><li class=\"posts-by-tag-item Agua o ni\u00f1o que corre Axel Levin Eugenia Coiro Viajera\" id=\"posts-by-tag-item-2244\"><a class = \"posts-by-tag-item-title\" href=\"https:\/\/viajeraeditorial.ar\/blog\/2014\/12\/axel-levin-sobre-agua-o-nino-que-corre-de-eugenia-coiro\/\">Axel Levin sobre Agua o ni\u00f1o que corre de Eugenia Coiro<\/a><\/li><li class=\"posts-by-tag-item Axel Levin Nicol\u00e1s Pazos palabras que nos nombran Viajera\" id=\"posts-by-tag-item-2246\"><a class = \"posts-by-tag-item-title\" href=\"https:\/\/viajeraeditorial.ar\/blog\/2014\/12\/nicolas-pazos-sobre-palabras-que-nos-nombran-de-axel-levin\/\">Nicol\u00e1s Pazos sobre \"Palabras que nos nombran\" de Axel Levin<\/a><\/li><li class=\"posts-by-tag-item Agua o ni\u00f1o que corre Axel Levin Eugenia Coiro Nicol\u00e1s Pazos Viajera\" id=\"posts-by-tag-item-169\"><a class = \"posts-by-tag-item-title\" href=\"https:\/\/viajeraeditorial.ar\/blog\/2014\/12\/axel-levin-sobre-agua-o-nino-que-corre-de-eugenia-coiro-2\/\">Axel Levin sobre \"Agua o ni\u00f1o que corre\", de Eugenia Coiro<\/a><\/li><li class=\"posts-by-tag-item Axel Levin palabras que nos nombran\" id=\"posts-by-tag-item-2253\"><a class = \"posts-by-tag-item-title\" href=\"https:\/\/viajeraeditorial.ar\/blog\/2014\/11\/cajon-del-azul-axel-levin\/\">Caj\u00f3n del Azul - Axel Levin<\/a><\/li><li class=\"posts-by-tag-item Axel Levin Cecilia Maugeri corasangre Karina Macci\u00f3 Nicol\u00e1s Pazos\" id=\"posts-by-tag-item-2255\"><a class = \"posts-by-tag-item-title\" href=\"https:\/\/viajeraeditorial.ar\/blog\/2014\/11\/imagenes-de-la-presentacion-de-corasangre\/\">Im\u00e1genes de la presentaci\u00f3n de corasangre<\/a><\/li><li class=\"posts-by-tag-item Axel Levin Cecilia Maugeri corasangre Eugenia Coiro Karina Macci\u00f3 Nicol\u00e1s Pazos Ting Ting Mei Viajera\" id=\"posts-by-tag-item-2257\"><a class = \"posts-by-tag-item-title\" href=\"https:\/\/viajeraeditorial.ar\/blog\/2014\/11\/presentacion-de-corasangre-de-nicolas-pazos\/\">Presentaci\u00f3n de corasangre, de Nicol\u00e1s Pazos<\/a><\/li><li class=\"posts-by-tag-item Axel Levin palabras que nos nombran Ting Ting Mei\" id=\"posts-by-tag-item-2144\"><a class = \"posts-by-tag-item-title\" href=\"https:\/\/viajeraeditorial.ar\/blog\/2014\/10\/ting-ting-mei-elije-un-texto-de-palabras-que-nos-nombran\/\">Ting Ting Mei elije un texto de Palabras que nos nombran<\/a><\/li><li class=\"posts-by-tag-item Axel Levin palabras que nos nombran Viajera\" id=\"posts-by-tag-item-314\"><a class = \"posts-by-tag-item-title\" href=\"https:\/\/viajeraeditorial.ar\/blog\/2014\/10\/ansia-axel-levin\/\">Ansia - Axel Levin<\/a><\/li><li class=\"posts-by-tag-item Axel Levin palabras que nos nombran Viajera\" id=\"posts-by-tag-item-318\"><a class = \"posts-by-tag-item-title\" href=\"https:\/\/viajeraeditorial.ar\/blog\/2014\/10\/axel-levin-entreparentesis\/\">Axel Levin - entrepar\u00e9ntesis<\/a><\/li><li class=\"posts-by-tag-item Axel Levin palabras que nos nombran Viajera\" id=\"posts-by-tag-item-326\"><a class = \"posts-by-tag-item-title\" href=\"https:\/\/viajeraeditorial.ar\/blog\/2014\/10\/invierno-axel-levin\/\">invierno - Axel Levin<\/a><\/li><li class=\"posts-by-tag-item Axel Levin musicalpoes\u00eda! palabras que nos nombran Viajera\" id=\"posts-by-tag-item-2165\"><a class = \"posts-by-tag-item-title\" href=\"https:\/\/viajeraeditorial.ar\/blog\/2014\/08\/axel-levin-poeta-en-musicalpoesia\/\">Axel Levin \/ poeta en musicalpoes\u00eda!<\/a><\/li><li class=\"posts-by-tag-item Axel Levin Lorena Garc\u00eda musicalpoes\u00eda! Nicol\u00e1s Di Candia\" id=\"posts-by-tag-item-404\"><a class = \"posts-by-tag-item-title\" href=\"https:\/\/viajeraeditorial.ar\/blog\/2014\/08\/musicalpoesia-segunda-edicion-49\/\">musicalpoes\u00eda! segunda edici\u00f3n 4\/9<\/a><\/li><li class=\"posts-by-tag-item Axel Levin palabras que nos nombran\" id=\"posts-by-tag-item-2090\"><a class = \"posts-by-tag-item-title\" href=\"https:\/\/viajeraeditorial.ar\/blog\/2014\/04\/piel-que-vive-axel-levin-anticipo-de-palabras-que-nos-nombran\/\">Piel que vive - Axel Levin - Anticipo de Palabras que nos nombran<\/a><\/li><li class=\"posts-by-tag-item Axel Levin palabras que nos nombran\" id=\"posts-by-tag-item-2103\"><a class = \"posts-by-tag-item-title\" href=\"https:\/\/viajeraeditorial.ar\/blog\/2014\/03\/mascaras-de-aire-axel-levin\/\">M\u00e1scaras de aire - Axel Levin<\/a><\/li><li class=\"posts-by-tag-item Axel Levin palabras que nos nombran\" id=\"posts-by-tag-item-2113\"><a class = \"posts-by-tag-item-title\" href=\"https:\/\/viajeraeditorial.ar\/blog\/2014\/03\/anticipo-del-libro-palabras-que-nos-nombran-de-axel-levin\/\">Anticipo del libro Palabras que nos nombran de Axel Levin<\/a><\/li><li class=\"posts-by-tag-item Axel Levin palabras que nos nombran\" id=\"posts-by-tag-item-2123\"><a class = \"posts-by-tag-item-title\" href=\"https:\/\/viajeraeditorial.ar\/blog\/2014\/02\/artistas-axel-levin-anticipo-de-palabras-que-nos-nombran\/\">(\u00bf)Artistas(?) - Axel Levin - Anticipo de \"Palabras que nos nombran\"<\/a><\/li><li class=\"posts-by-tag-item Apariciones P\u00fablicas Axel Levin Viajera\" id=\"posts-by-tag-item-1263\"><a class = \"posts-by-tag-item-title\" href=\"https:\/\/viajeraeditorial.ar\/blog\/2013\/08\/lectura-en-ecunhi-axel-levin-parte-ii\/\">Lectura en Ecunhi - Axel Levin (Parte II)<\/a><\/li><li class=\"posts-by-tag-item Apariciones P\u00fablicas Axel Levin Viajera\" id=\"posts-by-tag-item-1269\"><a class = \"posts-by-tag-item-title\" href=\"https:\/\/viajeraeditorial.ar\/blog\/2013\/08\/lectura-en-ecunhi-axel-levin-parte-i\/\">Lectura en Ecunhi - Axel Levin - (Parte I)<\/a><\/li><li class=\"posts-by-tag-item Axel Levin Eugenia Coiro Karina Macci\u00f3 Mar\u00eda Florencia Gim\u00e9nez Nicol\u00e1s Pazos Pachamama Viajera\" id=\"posts-by-tag-item-1287\"><a class = \"posts-by-tag-item-title\" href=\"https:\/\/viajeraeditorial.ar\/blog\/2013\/08\/autores-viajeros-visitan-ecunhi\/\">Autores Viajeros visitan Ecunhi<\/a><\/li><li class=\"posts-by-tag-item Axel Levin B\u00e1rbara Belloc Laura L\u00f3pez Lucas Oliveira Nadina Tauhil Nicol\u00e1s Di Candia Valentina Nicanoff Yair Magrino\" id=\"posts-by-tag-item-1615\"><a class = \"posts-by-tag-item-title\" href=\"https:\/\/viajeraeditorial.ar\/blog\/2012\/10\/viajera-visita-la-casa-de-la-lectura\/\">Viajera visita la Casa de la Lectura<\/a><\/li><li class=\"posts-by-tag-item Axel Levin B\u00e1rbara Belloc Laura L\u00f3pez Lucas Oliveira Nadina Tauhil Nicol\u00e1s Di Candia Valentina Nicanoff Viajera Visita Yair Magrino\" id=\"posts-by-tag-item-1618\"><a class = \"posts-by-tag-item-title\" href=\"https:\/\/viajeraeditorial.ar\/blog\/2012\/10\/algo-de-lo-que-fue-viajera-visita-casa-de-la-lectura\/\">Algo de lo que fue Viajera visita Casa de la Lectura<\/a><\/li><li class=\"posts-by-tag-item Axel Levin Viajera Visita\" id=\"posts-by-tag-item-1664\"><a class = \"posts-by-tag-item-title\" href=\"https:\/\/viajeraeditorial.ar\/blog\/2012\/09\/axel-levin-en-viajera-visita\/\">Axel Levin en Viajera Visita<\/a><\/li><\/ul>\n","protected":false},"excerpt":{"rendered":"<p>Axel pronuncia su nombre en forma aguda, porque \u00e9sa es la manera que se pronuncia. De este modo, para los que lo conocen es Axel, acentuado de acuerdo a los lineamientos de la RAE, mientras que los dem\u00e1s est\u00e1n seguros de que se trata de un \u00e1xel. Axel es Axel desde 1992. M\u00e1s tarde fue [&hellip;]<\/p>\n","protected":false},"author":3,"featured_media":0,"parent":8710,"menu_order":0,"comment_status":"closed","ping_status":"open","template":"","meta":[],"_links":{"self":[{"href":"https:\/\/viajeraeditorial.ar\/blog\/wp-json\/wp\/v2\/pages\/135"}],"collection":[{"href":"https:\/\/viajeraeditorial.ar\/blog\/wp-json\/wp\/v2\/pages"}],"about":[{"href":"https:\/\/viajeraeditorial.ar\/blog\/wp-json\/wp\/v2\/types\/page"}],"author":[{"embeddable":true,"href":"https:\/\/viajeraeditorial.ar\/blog\/wp-json\/wp\/v2\/users\/3"}],"replies":[{"embeddable":true,"href":"https:\/\/viajeraeditorial.ar\/blog\/wp-json\/wp\/v2\/comments?post=135"}],"version-history":[{"count":5,"href":"https:\/\/viajeraeditorial.ar\/blog\/wp-json\/wp\/v2\/pages\/135\/revisions"}],"predecessor-version":[{"id":4551,"href":"https:\/\/viajeraeditorial.ar\/blog\/wp-json\/wp\/v2\/pages\/135\/revisions\/4551"}],"up":[{"embeddable":true,"href":"https:\/\/viajeraeditorial.ar\/blog\/wp-json\/wp\/v2\/pages\/8710"}],"wp:attachment":[{"href":"https:\/\/viajeraeditorial.ar\/blog\/wp-json\/wp\/v2\/media?parent=135"}],"curies":[{"name":"wp","href":"https:\/\/api.w.org\/{rel}","templated":true}]}}