{"id":139,"date":"2015-04-20T02:22:45","date_gmt":"2015-04-20T05:22:45","guid":{"rendered":"http:\/\/www.viajeraeditorial.com.ar\/?page_id=139"},"modified":"2020-11-02T21:07:47","modified_gmt":"2020-11-03T00:07:47","slug":"carlos-battilana","status":"publish","type":"page","link":"https:\/\/viajeraeditorial.ar\/blog\/catalogo\/carlos-battilana\/","title":{"rendered":"Carlos Battilana"},"content":{"rendered":"<p><a href=\"http:\/\/www.viajeraeditorial.ar\/blog\/wp-content\/uploads\/2015\/04\/fotocarlosbattilana.jpg\"><img loading=\"lazy\" class=\"alignright size-full wp-image-449\" src=\"http:\/\/www.viajeraeditorial.ar\/blog\/wp-content\/uploads\/2015\/04\/fotocarlosbattilana.jpg\" alt=\"Carlos Battilana\" width=\"263\" height=\"350\" \/><\/a><\/p>\n<style type=\"text\/css\">\n\t<!-- @page { size: 21cm 29.7cm; margin: 2cm } P { margin-bottom: 0.21cm; direction: ltr; color: #000000; widows: 2; orphans: 2 } P.western { font-family: \"Times New Roman\", serif; font-size: 12pt; so-language: es-ES } P.cjk { font-family: \"Times New Roman\", serif; font-size: 12pt } P.ctl { font-family: \"Times New Roman\", serif; font-size: 12pt; so-language: ar-SA } --><br \/>\n\t<\/style>\n<p class=\"western\" lang=\"es-ES\" align=\"JUSTIFY\"><span style=\"font-size: large;\"><b>Carlos Battilana<\/b><\/span> (Paso de los Libres, Corrientes, 1964). Es autor de los libros de poes\u00eda: <i>Unos d\u00edas<\/i> (1992), <i>El fin del verano<\/i> (1999), <i>La demora<\/i> (2003), <i>El lado ciego<\/i> (2005), <i>Materia <\/i>(2010), <i>Narraci\u00f3n<\/i> (2013), <i>Velocidad crucero <\/i>(2014) y <i>Un<\/i> <i>western del fr\u00edo<\/i> (2015). Tambi\u00e9n public\u00f3 la antolog\u00eda <i>Presente Continuo<\/i> (2010), las plaquettes <i>Una historia oscura <\/i>(1999) y <i>La hiedra de la constancia<\/i> (2008). Sus poemas han aparecido en antolog\u00edas argentinas y latinoamericanas. Public\u00f3 <i>Cr\u00edtica y po\u00e9tica en las revistas de poes\u00eda argentinas (1979-1996)<\/i>, en 2008 en forma digital. Realiz\u00f3 la compilaci\u00f3n y el pr\u00f3logo de <i>Una experiencia del mundo<\/i>, de C\u00e9sar Vallejo, para la editorial Excursiones en 2016, y en co-autor\u00eda compil\u00f3 <i>Genealog\u00edas literarias y operaciones cr\u00edticas en Am\u00e9rica Latina<\/i> (2016). Ejerci\u00f3 el periodismo cultural y colabor\u00f3 en diversos medios (<i>Diario de Poes\u00eda<\/i>, <i>Hablar de Poes\u00eda<\/i>, <i>ADN<\/i>, <i>Bazar Americano<\/i>, <i>Poes\u00eda Argentina<\/i>, entre otros). Forma parte del staff de la revista <i>Op. Cit<\/i>. <i>Revista de Poes\u00eda<\/i>. Se desempe\u00f1a como docente de Literatura Latinoamericana en la Universidad de Buenos Aires y de Introducci\u00f3n a los Estudios Literarios en la Universidad Nacional de Hurlingham. Este a\u00f1o saldr\u00e1 publicado su libro de ensayos <i>El empleo del tiempo. Poes\u00eda y contingencia<\/i> por la editorial El Ojo del M\u00e1rmol, y en 2018 el libro de poemas <i>Una ma\u00f1ana boreal<\/i>, por la editorial Club Hem de La Plata.<\/p>\n<p class=\"western\" lang=\"es-ES\" align=\"JUSTIFY\">\n<p class=\"western\" lang=\"es-ES\" align=\"JUSTIFY\"><strong><span style=\"text-decoration: underline;\">En Viajera<\/span><\/strong><\/p>\n<p><a href=\"http:\/\/www.viajeraeditorial.ar\/blog\/explorar\/presente-continuo\/\"><img loading=\"lazy\" class=\"alignnone size-full wp-image-4529\" src=\"http:\/\/www.viajeraeditorial.ar\/blog\/wp-content\/uploads\/2015\/03\/presentecontinuo_tn20.jpg\" alt=\"Presente Continuo\" width=\"13\" height=\"20\" \/><\/a>\u00a0<a href=\"http:\/\/www.viajeraeditorial.ar\/blog\/explorar\/presente-continuo\/\">Presente Continuo<\/a> (<a href=\"http:\/\/www.viajeraeditorial.ar\/blog\/explorar\/\">Explorar<\/a>, 2010)<\/p>\n<p><strong><span style=\"text-decoration: underline;\">Fuera de Viajera<\/span><\/strong><\/p>\n<p style=\"padding-left: 30px;\">Unos d\u00edas (Libros del Sicomoro, 1992)<br \/>\nEl fin del verano (Siesta, 1999)<br \/>\nLa demora (Siesta, 2003)<br \/>\nEl lado ciego (Siesta, 2005)<br \/>\nMateria (Vox, 2010)<br \/>\nNarraci\u00f3n (Vox, 2013)<br \/>\nVelocidad crucero (Conejos, 2014)<br \/>\nUn western de fr\u00edo (Viajero insomne, 2015)<\/p>\n<p style=\"padding-left: 30px;\"><span style=\"text-decoration: underline;\"><strong>Contenido sobre Carlos<\/strong><\/span><\/p>\n<ul class = \"posts-by-tag-list\"><li class=\"posts-by-tag-item CAOS Carlos Battilana\" id=\"posts-by-tag-item-6525\"><a class = \"posts-by-tag-item-title\" href=\"https:\/\/viajeraeditorial.ar\/blog\/2017\/10\/carlos-battilana-en-caos-2310\/\">Carlos Battilana en CAOS * 23\/10<\/a><\/li><li class=\"posts-by-tag-item Alejandro M\u00e9ndez CAOS Carlos Battilana Juana Roggero Marta Miranda\" id=\"posts-by-tag-item-6522\"><a class = \"posts-by-tag-item-title\" href=\"https:\/\/viajeraeditorial.ar\/blog\/2017\/10\/caos-en-el-museo-del-libro-y-de-la-lengua-2310\/\">CAOS en el Museo del Libro y de la Lengua * 23\/10<\/a><\/li><li class=\"posts-by-tag-item Carlos Battilana Presente Continuo Viajera\" id=\"posts-by-tag-item-2176\"><a class = \"posts-by-tag-item-title\" href=\"https:\/\/viajeraeditorial.ar\/blog\/2014\/08\/el-cielo-de-carlos-battilana\/\">El cielo, de Carlos Battilana<\/a><\/li><li class=\"posts-by-tag-item Carlos Battilana Manet Naturaleza muerta. Presente Continuo Viajera\" id=\"posts-by-tag-item-2193\"><a class = \"posts-by-tag-item-title\" href=\"https:\/\/viajeraeditorial.ar\/blog\/2014\/07\/canastos-carlos-battilana\/\">Canastos, Carlos Battilana<\/a><\/li><li class=\"posts-by-tag-item Carlos Battilana Presente Continuo Viajera\" id=\"posts-by-tag-item-2050\"><a class = \"posts-by-tag-item-title\" href=\"https:\/\/viajeraeditorial.ar\/blog\/2014\/06\/estaciones-carlos-battilana\/\">Estaciones, Carlos Battilana<\/a><\/li><li class=\"posts-by-tag-item Carlos Battilana Presente Continuo Viajera\" id=\"posts-by-tag-item-951\"><a class = \"posts-by-tag-item-title\" href=\"https:\/\/viajeraeditorial.ar\/blog\/2014\/01\/colonia-carlos-battilana\/\">Colonia - Carlos Battilana<\/a><\/li><li class=\"posts-by-tag-item Carlos Battilana Presente Continuo Viajera\" id=\"posts-by-tag-item-1147\"><a class = \"posts-by-tag-item-title\" href=\"https:\/\/viajeraeditorial.ar\/blog\/2013\/10\/hay-un-bosque-helado-de-carlos-battilana\/\">\"Hay un bosque helado...\", de Carlos Battilana.<\/a><\/li><li class=\"posts-by-tag-item Carlos Battilana Presente Continuo Viajera\" id=\"posts-by-tag-item-1222\"><a class = \"posts-by-tag-item-title\" href=\"https:\/\/viajeraeditorial.ar\/blog\/2013\/09\/rompecabezas-de-autor-pregunta-karina-maccio-responde-carlos-battilana-parte-ii\/\">Rompecabezas de autor - Pregunta Karina Macci\u00f3. Responde Carlos Battilana. Parte II<\/a><\/li><li class=\"posts-by-tag-item Carlos Battilana Presente Continuo Viajera\" id=\"posts-by-tag-item-1229\"><a class = \"posts-by-tag-item-title\" href=\"https:\/\/viajeraeditorial.ar\/blog\/2013\/09\/rompecabezas-de-autor-pregunta-karina-maccio-responde-carlos-battilana-parte-i\/\">Rompecabezas de autor - Pregunta Karina Macci\u00f3. Responde Carlos Battilana. Parte I<\/a><\/li><li class=\"posts-by-tag-item Carlos Battilana Casa de Viaje Natalia Monsegur Presente Continuo\" id=\"posts-by-tag-item-1919\"><a class = \"posts-by-tag-item-title\" href=\"https:\/\/viajeraeditorial.ar\/blog\/2010\/11\/presentacion-de-nuevos-titulos\/\">Presentaci\u00f3n de nuevos t\u00edtulos<\/a><\/li><li class=\"posts-by-tag-item Carlos Battilana Casa de Viaje Natalia Monsegur Presente Continuo\" id=\"posts-by-tag-item-1929\"><a class = \"posts-by-tag-item-title\" href=\"https:\/\/viajeraeditorial.ar\/blog\/2010\/11\/cronograma-viajero\/\">Cronograma viajero!<\/a><\/li><li class=\"posts-by-tag-item An\u00edbal Ilguisonis Carlos Battilana Casa de Viaje Cecilia Maugeri clin caja Estuche negro Karina Macci\u00f3 La Cajita de Pandora La P\u00e9rdida o La Perdida La Playa Lengua Espiral Loreley El Jaber malapalabra Mar\u00eda Victoria Verzura Natalia Monsegur Perla Ericl\u00e9e Quinteros Presente Continuo Ricardo Czikk Sentir \u00d3seo Virginia Janza visitante\/the visitor\" id=\"posts-by-tag-item-1941\"><a class = \"posts-by-tag-item-title\" href=\"https:\/\/viajeraeditorial.ar\/blog\/2010\/11\/este-martes-23-de-noviembre-leemos-en-la-casa\/\">Este martes 23 de noviembre leemos en la Casa!<\/a><\/li><li class=\"posts-by-tag-item An\u00edbal Ilguisonis Carlos Battilana Casa de Viaje Cecilia Maugeri clin caja Estuche negro herpes Karina Macci\u00f3 La Cajita de Pandora La P\u00e9rdida o La Perdida La Playa Lengua Espiral Loreley El Jaber malapalabra Mana Mar\u00eda Victoria Verzura Natalia Monsegur Perla Ericl\u00e9e Quinteros Presente Continuo Ricardo Czikk Sentir \u00d3seo Virginia Janza visitante\/the visitor\" id=\"posts-by-tag-item-1946\"><a class = \"posts-by-tag-item-title\" href=\"https:\/\/viajeraeditorial.ar\/blog\/2010\/11\/viajera-visita-la-casa-de-la-lectura-3\/\">Viajera visita la Casa de la Lectura<\/a><\/li><\/ul>\n","protected":false},"excerpt":{"rendered":"<p>Carlos Battilana (Paso de los Libres, Corrientes, 1964). Es autor de los libros de poes\u00eda: Unos d\u00edas (1992), El fin del verano (1999), La demora (2003), El lado ciego (2005), Materia (2010), Narraci\u00f3n (2013), Velocidad crucero (2014) y Un western del fr\u00edo (2015). Tambi\u00e9n public\u00f3 la antolog\u00eda Presente Continuo (2010), las plaquettes Una historia oscura [&hellip;]<\/p>\n","protected":false},"author":3,"featured_media":0,"parent":8710,"menu_order":0,"comment_status":"closed","ping_status":"open","template":"","meta":[],"_links":{"self":[{"href":"https:\/\/viajeraeditorial.ar\/blog\/wp-json\/wp\/v2\/pages\/139"}],"collection":[{"href":"https:\/\/viajeraeditorial.ar\/blog\/wp-json\/wp\/v2\/pages"}],"about":[{"href":"https:\/\/viajeraeditorial.ar\/blog\/wp-json\/wp\/v2\/types\/page"}],"author":[{"embeddable":true,"href":"https:\/\/viajeraeditorial.ar\/blog\/wp-json\/wp\/v2\/users\/3"}],"replies":[{"embeddable":true,"href":"https:\/\/viajeraeditorial.ar\/blog\/wp-json\/wp\/v2\/comments?post=139"}],"version-history":[{"count":8,"href":"https:\/\/viajeraeditorial.ar\/blog\/wp-json\/wp\/v2\/pages\/139\/revisions"}],"predecessor-version":[{"id":6514,"href":"https:\/\/viajeraeditorial.ar\/blog\/wp-json\/wp\/v2\/pages\/139\/revisions\/6514"}],"up":[{"embeddable":true,"href":"https:\/\/viajeraeditorial.ar\/blog\/wp-json\/wp\/v2\/pages\/8710"}],"wp:attachment":[{"href":"https:\/\/viajeraeditorial.ar\/blog\/wp-json\/wp\/v2\/media?parent=139"}],"curies":[{"name":"wp","href":"https:\/\/api.w.org\/{rel}","templated":true}]}}