{"id":141,"date":"2015-04-20T02:23:03","date_gmt":"2015-04-20T05:23:03","guid":{"rendered":"http:\/\/www.viajeraeditorial.com.ar\/?page_id=141"},"modified":"2020-11-02T21:07:47","modified_gmt":"2020-11-03T00:07:47","slug":"diego-recalde","status":"publish","type":"page","link":"https:\/\/viajeraeditorial.ar\/blog\/catalogo\/diego-recalde\/","title":{"rendered":"Diego Recalde"},"content":{"rendered":"<p><strong><span style=\"text-decoration: underline;\"><a href=\"http:\/\/www.viajeraeditorial.ar\/blog\/wp-content\/uploads\/2015\/04\/diegorecalde.jpg\"><img loading=\"lazy\" class=\"alignright size-full wp-image-250\" src=\"http:\/\/www.viajeraeditorial.ar\/blog\/wp-content\/uploads\/2015\/04\/diegorecalde.jpg\" alt=\"Diego Recalde\" width=\"350\" height=\"283\" \/><\/a>A desprop\u00f3sito del autor<\/span><\/strong><\/p>\n<p>Diego Recalde\u00a0naci\u00f3 en Buenos Aires el 2 de noviembre de 1969.<\/p>\n<p>Trabaj\u00f3 como guionista de Roberto Pettinato escribiendo sus mon\u00f3logos.<\/p>\n<p>Fue notero y columnista de \u201cCaiga quien caiga\u201d, \u201cArgentinos por su nombre\u201d, \u201cDuro de domar\u201d, \u201cMundo perfecto\u201d y \u201cRSM\u201d.<\/p>\n<p>Fue guionista de Sebasti\u00e1n Borenzstein, Andy Kusnetzoff, y de programas como \u201cDelicatessen\u201d, \u201cTelevisi\u00f3n registrada\u201d, \u201cCaiga qui\u00e9n caiga\u201d y \u201cVideomatch\u201d, entre otros.<\/p>\n<p>En radio trabaj\u00f3 con Mario Pergolini, Roberto Pettinato y Mart\u00edn Ciccioli.<\/p>\n<p>En cine actu\u00f3, escribi\u00f3 y dirigi\u00f3 cinco largometrajes: \u201cSidra\u201d, \u201cT.Ves?\u201d, \u201cHabano y cigarrillos\u201d, \u201cEl periodista\u201d y \u201cTenemos un problema, Ernesto\u201d, este \u00faltimo basado en una de sus novelas.<\/p>\n<p>Hizo humor gr\u00e1fico para La Raz\u00f3n y La Naci\u00f3n.<\/p>\n<p>Forma parte del grupo de m\u00fasica \u201cTr\u00edo Ib\u00e1\u00f1ez\u201d.<\/p>\n<p>Actualmente trabaja en radio Ciudad y hace humor gr\u00e1fico en el diario Perfil. Adem\u00e1s, est\u00e1 filmando un documental y realizando la preproducci\u00f3n de su sexta pel\u00edcula.<\/p>\n<p>Lleva escritas doce novelas. Publicadas tres. \u201cLa meta de Gregorio\u201d, por editorial Viajera. \u201cTenemos un problema, Ernesto\u201d, por editorial Planeta. Y \u201cRevista\u201d, tambi\u00e9n por editorial Planeta.<\/p>\n<p><span style=\"text-decoration: underline;\"><strong>En Viajera<\/strong><\/span><\/p>\n<p style=\"padding-left: 30px;\"><a href=\"http:\/\/www.viajeraeditorial.ar\/blog\/explorar\/la-meta-de-gregorio\/\"><img loading=\"lazy\" class=\"alignnone size-full wp-image-4534\" src=\"http:\/\/www.viajeraeditorial.ar\/blog\/wp-content\/uploads\/2015\/03\/lametadegregoriotapa_tn20.jpg\" alt=\"La Meta de Gregorio\" width=\"13\" height=\"20\" \/><\/a>\u00a0<a href=\"http:\/\/www.viajeraeditorial.ar\/blog\/explorar\/la-meta-de-gregorio\/\">La Meta de Gregorio<\/a> (<a href=\"http:\/\/www.viajeraeditorial.ar\/blog\/explorar\/\">Explorar<\/a>, 2012)<\/p>\n<p><span style=\"text-decoration: underline;\"><strong>Fuera de Viajera<\/strong><\/span><\/p>\n<p style=\"padding-left: 30px;\">Tenemos un problema, Ernesto (Planeta, 2011)<br \/>\nRevista (Planeta, 2014)<\/p>\n<p><span style=\"text-decoration: underline;\"><strong>Contactar a Diego<\/strong><\/span><\/p>\n<p style=\"padding-left: 30px;\"><a href=\"http:\/\/www.diegorecalde.com.ar\">Web<\/a><br \/>\n<a href=\"mailto:diegorecalde@fibertel.com.ar\">E-mail<\/a><br \/>\n<a href=\"http:\/\/twitter.com\/DiegoJRecalde\">Twitter<\/a><\/p>\n<p><span style=\"text-decoration: underline;\"><strong>Contenido sobre Diego<\/strong><\/span><\/p>\n<ul class = \"posts-by-tag-list\"><li class=\"posts-by-tag-item Diego Recalde Nicol\u00e1s Di Candia\" id=\"posts-by-tag-item-5816\"><a class = \"posts-by-tag-item-title\" href=\"https:\/\/viajeraeditorial.ar\/blog\/2016\/10\/nicolas-di-candia-y-diego-recalde-en-radio-trend-topic\/\">Nicol\u00e1s Di Candia y Diego Recalde en Radio Trend Topic<\/a><\/li><li class=\"posts-by-tag-item Alejandro Chaluat Diego Recalde Dos bocas Eugenia Coiro Explorar Fede Flotta Gabriela Tavolara Karina Macci\u00f3 Lola Ullmann Lorena Garc\u00eda Nicol\u00e1s Di Candia Paula Wolff Portada Sol Altare Valentina Nicanoff Ver\u00f3nica Tarzia Viajera\" id=\"posts-by-tag-item-5073\"><a class = \"posts-by-tag-item-title\" href=\"https:\/\/viajeraeditorial.ar\/blog\/2015\/10\/que-es-dos-bocas\/\">Qu\u00e9 es Dos bocas<\/a><\/li><li class=\"posts-by-tag-item Axel Levin Belara Mich\u00e1n Diego Recalde Eugenia Coiro Feria del Libro Gabriela Aristegui Gabriela Pedrotti Karina Macci\u00f3 Lola Ullmann Lorena Garc\u00eda Marcela Manuel Mar\u00eda del Carmen Sarquis Mar\u00eda Victoria Verzura Mauricio Dreiling Minuto4 Nicol\u00e1s Di Candia Pablo M\u00fcllner Paula Maff\u00eda Portada Sof\u00eda Ciravegna Viajera Viajera Visita Virginia Janza\" id=\"posts-by-tag-item-814\"><a class = \"posts-by-tag-item-title\" href=\"https:\/\/viajeraeditorial.ar\/blog\/2015\/05\/viajera-en-la-feria-del-libro\/\">Viajera en la Feria del Libro<\/a><\/li><li class=\"posts-by-tag-item Apariciones P\u00fablicas Diego Recalde Karina Macci\u00f3 Nicol\u00e1s Di Candia\" id=\"posts-by-tag-item-2061\"><a class = \"posts-by-tag-item-title\" href=\"https:\/\/viajeraeditorial.ar\/blog\/2014\/05\/escritores-de-viajera-editorial-charlan-sobre-literatura-politica-cultural-nuevas-tecnologias\/\">Escritores de Viajera Editorial charlan sobre literatura, pol\u00ectica cultural, nuevas tecnolog\u00edas<\/a><\/li><li class=\"posts-by-tag-item Diego Recalde La Meta de Gregorio Viajera\" id=\"posts-by-tag-item-947\"><a class = \"posts-by-tag-item-title\" href=\"https:\/\/viajeraeditorial.ar\/blog\/2014\/01\/diego-recalde-la-meta-de-gregorio\/\">Diego Recalde - La Meta de Gregorio<\/a><\/li><li class=\"posts-by-tag-item Apariciones P\u00fablicas Diego Recalde La Meta de Gregorio Viajera Visita\" id=\"posts-by-tag-item-1091\"><a class = \"posts-by-tag-item-title\" href=\"https:\/\/viajeraeditorial.ar\/blog\/2013\/10\/diego-recalde-en-el-ciclo-intervenciones-literarias-no-convencionales-clasica-y-moderna\/\">Diego Recalde en el ciclo Intervenciones Literarias No Convencionales - Cl\u00e1sica y Moderna<\/a><\/li><li class=\"posts-by-tag-item Apariciones P\u00fablicas Belara Mich\u00e1n Cecilia Maugeri Diego Recalde Eugenia Coiro Gabriel Kirchuk Karina Macci\u00f3 Mauricio Dreiling Nadina Tauhil Viajera Visita\" id=\"posts-by-tag-item-1125\"><a class = \"posts-by-tag-item-title\" href=\"https:\/\/viajeraeditorial.ar\/blog\/2013\/10\/tus-peores-poemas-de-amor-lunes-2110\/\">Tus peores poemas de amor - Lunes 21\/10<\/a><\/li><li class=\"posts-by-tag-item Diego Recalde La Meta de Gregorio Viajera\" id=\"posts-by-tag-item-1139\"><a class = \"posts-by-tag-item-title\" href=\"https:\/\/viajeraeditorial.ar\/blog\/2013\/10\/la-meta-de-gregorio-de-diego-recalde-fragmento\/\">\"La Meta de Gregorio\", de Diego Recalde. (Fragmento)<\/a><\/li><li class=\"posts-by-tag-item Diego Recalde La Meta de Gregorio Viajera\" id=\"posts-by-tag-item-1246\"><a class = \"posts-by-tag-item-title\" href=\"https:\/\/viajeraeditorial.ar\/blog\/2013\/08\/sobre-la-meta-de-gregorio-de-diego-recalde\/\">Sobre \"La Meta de Gregorio\" de Diego Recalde<\/a><\/li><li class=\"posts-by-tag-item Diego Recalde La Meta de Gregorio Viajera\" id=\"posts-by-tag-item-1309\"><a class = \"posts-by-tag-item-title\" href=\"https:\/\/viajeraeditorial.ar\/blog\/2013\/07\/el-amor-en-viajera-diego-recalde-y-un-fragmento-de-la-meta-de-gregorio\/\">El Amor en Viajera - Diego Recalde y un fragmento de \"La Meta de Gregorio\"<\/a><\/li><li class=\"posts-by-tag-item Diego Recalde La Meta de Gregorio Viajera\" id=\"posts-by-tag-item-1335\"><a class = \"posts-by-tag-item-title\" href=\"https:\/\/viajeraeditorial.ar\/blog\/2013\/07\/diego-recalde-verde-metamorfosis\/\">Diego Recalde: Verde Metamorfosis<\/a><\/li><li class=\"posts-by-tag-item Diego Recalde La Meta de Gregorio\" id=\"posts-by-tag-item-1340\"><a class = \"posts-by-tag-item-title\" href=\"https:\/\/viajeraeditorial.ar\/blog\/2013\/07\/la-meta-de-gregorio-en-desmenuzarte-mejor\/\">La Meta de Gregorio en Desmenuzarte Mejor<\/a><\/li><li class=\"posts-by-tag-item Alain Lawo-Sukam Cecilia Maugeri Cosa Seria Diego Recalde Eugenia Coiro Karina Macci\u00f3 Viajera Virginia Janza\" id=\"posts-by-tag-item-1377\"><a class = \"posts-by-tag-item-title\" href=\"https:\/\/viajeraeditorial.ar\/blog\/2013\/06\/mis-peores-poemas-de-amor\/\">Mis peores poemas de amor<\/a><\/li><li class=\"posts-by-tag-item Apariciones P\u00fablicas Diego Recalde La Meta de Gregorio Viajera\" id=\"posts-by-tag-item-1418\"><a class = \"posts-by-tag-item-title\" href=\"https:\/\/viajeraeditorial.ar\/blog\/2013\/05\/diego-recalde-en-la-feria-del-libro\/\">Diego Recalde en la Feria del Libro<\/a><\/li><li class=\"posts-by-tag-item Diego Recalde La Meta de Gregorio Viajera\" id=\"posts-by-tag-item-1438\"><a class = \"posts-by-tag-item-title\" href=\"https:\/\/viajeraeditorial.ar\/blog\/2013\/04\/la-meta-de-gregorio-en-el-diario-50x7-com\/\">\"La Meta de Gregorio\" en el diario 50x7.com<\/a><\/li><li class=\"posts-by-tag-item Diego Recalde La Meta de Gregorio Viajera\" id=\"posts-by-tag-item-1456\"><a class = \"posts-by-tag-item-title\" href=\"https:\/\/viajeraeditorial.ar\/blog\/2013\/03\/entrevista-a-diego-recalde-en-el-diario-de-la-u\/\">Entrevista a Diego Recalde en el Diario de la U<\/a><\/li><li class=\"posts-by-tag-item Diego Recalde La Meta de Gregorio N\u00e9stor Cheb Terrab Sonomama Viajera Visita\" id=\"posts-by-tag-item-1471\"><a class = \"posts-by-tag-item-title\" href=\"https:\/\/viajeraeditorial.ar\/blog\/2012\/12\/presentacion-de-la-meta-de-gregorio-y-sonomama\/\">Presentaci\u00f3n de \"La meta de Gregorio\" y \"Sonomama\"<\/a><\/li><li class=\"posts-by-tag-item bicicleteada po\u00e9tica Cecilia Maugeri Diego Recalde Eugenia Coiro Gabriel Kirchuk Karina Macci\u00f3 Nicol\u00e1s Di Candia Noche de las librer\u00edas Viajera Virginia Janza\" id=\"posts-by-tag-item-1497\"><a class = \"posts-by-tag-item-title\" href=\"https:\/\/viajeraeditorial.ar\/blog\/2012\/12\/bicicleteada-poetica\/\">Bicicleteada po\u00e9tica<\/a><\/li><li class=\"posts-by-tag-item bicicleteada po\u00e9tica Diego Recalde Noche de las librer\u00edas Viajera\" id=\"posts-by-tag-item-1508\"><a class = \"posts-by-tag-item-title\" href=\"https:\/\/viajeraeditorial.ar\/blog\/2012\/12\/bicicleteada-poetica-2\/\">Bicicleteada po\u00e9tica<\/a><\/li><li class=\"posts-by-tag-item An\u00edbal Ilguisonis Cecilia Maugeri Diego Recalde Edgardo Scott Eugenia Coiro Karina Macci\u00f3 Mart\u00edn Jim\u00e9nez Guerra N\u00e9stor Cheb Terrab Viajera Visita Virginia Janza\" id=\"posts-by-tag-item-1550\"><a class = \"posts-by-tag-item-title\" href=\"https:\/\/viajeraeditorial.ar\/blog\/2012\/11\/viajera-en-orsai\/\">Viajera en Orsai!<\/a><\/li><li class=\"posts-by-tag-item Diego Recalde Orsai\" id=\"posts-by-tag-item-1557\"><a class = \"posts-by-tag-item-title\" href=\"https:\/\/viajeraeditorial.ar\/blog\/2012\/11\/diego-recalde-en-orsai\/\">Diego Recalde en Orsai<\/a><\/li><li class=\"posts-by-tag-item Diego Recalde La Meta de Gregorio N\u00e9stor Cheb Terrab Sonomama\" id=\"posts-by-tag-item-1567\"><a class = \"posts-by-tag-item-title\" href=\"https:\/\/viajeraeditorial.ar\/blog\/2012\/11\/presentacion-viajera\/\">Presentaci\u00f3n Viajera!!!<\/a><\/li><li class=\"posts-by-tag-item An\u00edbal Ilguisonis Cecilia Maugeri Diego Recalde Edgardo Scott Eugenia Coiro Karina Macci\u00f3 Mart\u00edn Jim\u00e9nez Guerra N\u00e9stor Cheb Terrab Viajera Visita Virginia Janza\" id=\"posts-by-tag-item-1581\"><a class = \"posts-by-tag-item-title\" href=\"https:\/\/viajeraeditorial.ar\/blog\/2012\/11\/viajera-visita-orsai-bar\/\">Viajera Visita Orsai Bar<\/a><\/li><li class=\"posts-by-tag-item Diego Recalde La Meta de Gregorio Viajera Visita\" id=\"posts-by-tag-item-1592\"><a class = \"posts-by-tag-item-title\" href=\"https:\/\/viajeraeditorial.ar\/blog\/2012\/11\/diego-recalde-en-viajera-visita\/\">Diego Recalde en Viajera Visita<\/a><\/li><li class=\"posts-by-tag-item Diego Recalde Esteban Bieda Loreley El Jaber N\u00e9stor Cheb Terrab Oliverio Coelho Osvaldo Baz\u00e1n Sabrina Merayo N\u00fa\u00f1ez Viajera Visita Virginia Janza\" id=\"posts-by-tag-item-1673\"><a class = \"posts-by-tag-item-title\" href=\"https:\/\/viajeraeditorial.ar\/blog\/2012\/09\/viajera-visita-abulafia-libros\/\">Viajera visita Abulafia libros<\/a><\/li><li class=\"posts-by-tag-item Diego Recalde Esteban Bieda Loreley El Jaber N\u00e9stor Cheb Terrab Oliverio Coelho Osvaldo Baz\u00e1n Sabrina Merayo N\u00fa\u00f1ez Viajera Visita Virginia Janza\" id=\"posts-by-tag-item-1685\"><a class = \"posts-by-tag-item-title\" href=\"https:\/\/viajeraeditorial.ar\/blog\/2012\/09\/algunas-imagenes-de-viajera-en-abulafia-libros\/\">Algunas im\u00e1genes de Viajera en Abulafia Libros<\/a><\/li><li class=\"posts-by-tag-item Diego Recalde Esteban Bieda Loreley El Jaber N\u00e9stor Cheb Terrab Oliverio Coelho Sabrina Merayo N\u00fa\u00f1ez Viajera Visita Virginia Janza\" id=\"posts-by-tag-item-1693\"><a class = \"posts-by-tag-item-title\" href=\"https:\/\/viajeraeditorial.ar\/blog\/2012\/09\/1409-viajera-visita-abulafia\/\">14\/09: Viajera Visita Abulafia!<\/a><\/li><li class=\"posts-by-tag-item Diego Recalde La Meta de Gregorio\" id=\"posts-by-tag-item-1704\"><a class = \"posts-by-tag-item-title\" href=\"https:\/\/viajeraeditorial.ar\/blog\/2012\/08\/diego-recalde-en-viajera-visita-2\/\">Diego Recalde en Viajera Visita<\/a><\/li><\/ul>\n","protected":false},"excerpt":{"rendered":"<p>A desprop\u00f3sito del autor Diego Recalde\u00a0naci\u00f3 en Buenos Aires el 2 de noviembre de 1969. Trabaj\u00f3 como guionista de Roberto Pettinato escribiendo sus mon\u00f3logos. Fue notero y columnista de \u201cCaiga quien caiga\u201d, \u201cArgentinos por su nombre\u201d, \u201cDuro de domar\u201d, \u201cMundo perfecto\u201d y \u201cRSM\u201d. Fue guionista de Sebasti\u00e1n Borenzstein, Andy Kusnetzoff, y de programas como \u201cDelicatessen\u201d, [&hellip;]<\/p>\n","protected":false},"author":3,"featured_media":0,"parent":8710,"menu_order":0,"comment_status":"closed","ping_status":"open","template":"","meta":[],"_links":{"self":[{"href":"https:\/\/viajeraeditorial.ar\/blog\/wp-json\/wp\/v2\/pages\/141"}],"collection":[{"href":"https:\/\/viajeraeditorial.ar\/blog\/wp-json\/wp\/v2\/pages"}],"about":[{"href":"https:\/\/viajeraeditorial.ar\/blog\/wp-json\/wp\/v2\/types\/page"}],"author":[{"embeddable":true,"href":"https:\/\/viajeraeditorial.ar\/blog\/wp-json\/wp\/v2\/users\/3"}],"replies":[{"embeddable":true,"href":"https:\/\/viajeraeditorial.ar\/blog\/wp-json\/wp\/v2\/comments?post=141"}],"version-history":[{"count":7,"href":"https:\/\/viajeraeditorial.ar\/blog\/wp-json\/wp\/v2\/pages\/141\/revisions"}],"predecessor-version":[{"id":4555,"href":"https:\/\/viajeraeditorial.ar\/blog\/wp-json\/wp\/v2\/pages\/141\/revisions\/4555"}],"up":[{"embeddable":true,"href":"https:\/\/viajeraeditorial.ar\/blog\/wp-json\/wp\/v2\/pages\/8710"}],"wp:attachment":[{"href":"https:\/\/viajeraeditorial.ar\/blog\/wp-json\/wp\/v2\/media?parent=141"}],"curies":[{"name":"wp","href":"https:\/\/api.w.org\/{rel}","templated":true}]}}