{"id":143,"date":"2015-04-20T02:23:26","date_gmt":"2015-04-20T05:23:26","guid":{"rendered":"http:\/\/www.viajeraeditorial.com.ar\/?page_id=143"},"modified":"2020-11-02T21:07:47","modified_gmt":"2020-11-03T00:07:47","slug":"fernando-ortiz","status":"publish","type":"page","link":"https:\/\/viajeraeditorial.ar\/blog\/catalogo\/fernando-ortiz\/","title":{"rendered":"Fernando Ortiz"},"content":{"rendered":"<p><a href=\"http:\/\/www.viajeraeditorial.ar\/blog\/wp-content\/uploads\/2015\/04\/fotofernandoortiz.jpg\"><img loading=\"lazy\" class=\"alignright size-full wp-image-460\" src=\"http:\/\/www.viajeraeditorial.ar\/blog\/wp-content\/uploads\/2015\/04\/fotofernandoortiz.jpg\" alt=\"Fernando Ortiz\" width=\"350\" height=\"215\" \/><\/a>Naci\u00f3 en Sevilla en 1947. Curs\u00f3 sus primeros estudios en el colegio de los Hermanos Maristas de esa ciudad, y tras ser internado en el colegio del Frente de Juventudes en Toledo entre 1962 y 1964, volvi\u00f3 a Sevilla y termin\u00f3 el Bachillerato en El Santo \u00c1ngel.<\/p>\n<p>Desde que aprendi\u00f3 a leer, Fernando descubri\u00f3 los cl\u00e1sicos de la literatura universal en la biblioteca de su padre, y esas lecturas nutrieron su pronta inclinaci\u00f3n por la poes\u00eda.<\/p>\n<p>En 1967 fue a Madrid a estudiar Ciencias Pol\u00edticas, y al final del primer curso comenz\u00f3 a trabajar en la Televisi\u00f3n Espa\u00f1ola como corrector de estilo de los guiones traducidos, abandonando sus estudios. Desde el a\u00f1o siguiente form\u00f3 parte de la redacci\u00f3n de la revista madrile\u00f1a <em>La Estafeta Literaria<\/em>, firmando poemas y rese\u00f1as. Colabor\u00f3 con <em>Poes\u00eda Espa\u00f1ola<\/em> y con <em>\u00cdnsula<\/em>.<\/p>\n<p>Fue\u00a0galardonado con el Premio Andaluc\u00eda de periodismo en 1978, el Premio Jos\u00e9 Mar\u00eda Pem\u00e1n de art\u00edculos period\u00edsticos en 1989, y el Premio Nacional de Poes\u00eda Vicente N\u00fa\u00f1ez en 1991.<\/p>\n<p>Fernando Ortiz muri\u00f3 en Sevilla a\u00a0principios de 2014, poco antes de que fuera publicada su antolog\u00eda en Viajera.<\/p>\n<p><strong><span style=\"text-decoration: underline;\">En Viajera<\/span><\/strong><\/p>\n<p style=\"padding-left: 30px;\"><a href=\"http:\/\/www.viajeraeditorial.ar\/blog\/explorar\/pasos-que-se-alejan\/\"><img loading=\"lazy\" class=\"alignnone size-full wp-image-4532\" src=\"http:\/\/www.viajeraeditorial.ar\/blog\/wp-content\/uploads\/2015\/03\/pasosquesealejantapa_tn20.jpg\" alt=\"Pasos que se alejan\" width=\"13\" height=\"20\" \/><\/a>\u00a0<a href=\"http:\/\/www.viajeraeditorial.ar\/blog\/explorar\/pasos-que-se-alejan\/\">Pasos que se alejan<\/a> (<a href=\"http:\/\/www.viajeraeditorial.ar\/blog\/explorar\/\">Explorar<\/a>, 2014)<\/p>\n<p><strong><span style=\"text-decoration: underline;\">Poes\u00eda fuera de Viajera<\/span><\/strong><\/p>\n<p style=\"padding-left: 30px;\"><em>Primera despedida<\/em> (Editorial Cat\u00f3lica, Sevilla, 1978)<br \/>\n<em>Person\u00e6<\/em> (Calle del Aire, Sevilla, 1981)<br \/>\n<em>Vieja amiga<\/em> (Trieste, Madrid, 1984)<br \/>\n<em>Marzo<\/em> (Trieste, 1986)<br \/>\n<em>La ciudad y sus sombras<\/em> (Monte de Piedad y Caja de Ahorros de Sevilla, 1986)<br \/>\n<em>Recado de escribir<\/em> (Renacimiento, Sevilla, 1990)<br \/>\n<em>Un funcionario<\/em> (Suplementos de <em>Galeote<\/em>, M\u00e1laga, 1991)<br \/>\n<em>El verano<\/em> (Diputaci\u00f3n Provincial de C\u00f3rdoba, 1992)<br \/>\n<em>Vieja amiga (1975-1993)<\/em> (Ed. Comares, Granada, 1994)<br \/>\n<em>Moneditas<\/em> (Pre-Textos, Valencia, 1996)<br \/>\n<em>Posdata<\/em> (Pre-Textos, 1999)<br \/>\n<em>Poetas en Sevilla<\/em> (Ayuntamiento de Sevilla, 2002)<br \/>\n<em>Versos y a\u00f1os. Poes\u00eda 1975-2003<\/em> (ed. del autor, Sevilla, 2003)<br \/>\n<em>Galer\u00eda de Espejos<\/em> (Hiperi\u00f3n, Madrid, 2007)<br \/>\n<em>Vieja amiga. Poes\u00eda<\/em> (1975-2008) (ed. Almuzara, 2008)<br \/>\n<em>Poes\u00eda de una vida. Antolog\u00eda po\u00e9tica 1978-2011<\/em> (Diputaci\u00f3n de Sevilla, 2011)<br \/>\n<em>Miradas al \u00daltimo Espejo<\/em> (Poes\u00eda 2007-2010) (Diputaci\u00f3n de Sevilla, 2011)<br \/>\n<em>Despu\u00e9s del Siglo XX<\/em> (Isla de Siltol\u00e1, Sevilla, 2012)<br \/>\n<em>Pl\u00e1tica<\/em> (Fundaci\u00f3n Altair, Sevilla, 2012)<\/p>\n<p><strong><span style=\"text-decoration: underline;\">Contenido sobre Fernando Ortiz<\/span><\/strong><\/p>\n<ul class = \"posts-by-tag-list\"><li class=\"posts-by-tag-item Fernando Ortiz Mauricio Dreiling Pasos que se alejan Viajera\" id=\"posts-by-tag-item-406\"><a class = \"posts-by-tag-item-title\" href=\"https:\/\/viajeraeditorial.ar\/blog\/2014\/08\/puesta-en-escena-de-pasos-que-se-alejan-de-fernando-ortiz\/\">Puesta en escena de Pasos que se alejan, de Fernando Ortiz<\/a><\/li><li class=\"posts-by-tag-item Fernando Ortiz Pasos que se alejan Viajera\" id=\"posts-by-tag-item-493\"><a class = \"posts-by-tag-item-title\" href=\"https:\/\/viajeraeditorial.ar\/blog\/2014\/07\/poesia-herida-resena-de-pasos-que-se-alejan\/\">Poes\u00eda herida - Rese\u00f1a de Pasos que se alejan<\/a><\/li><li class=\"posts-by-tag-item Fernando Ortiz Pasos que se alejan Viajera\" id=\"posts-by-tag-item-2210\"><a class = \"posts-by-tag-item-title\" href=\"https:\/\/viajeraeditorial.ar\/blog\/2014\/06\/buenas-tardes-de-fernando-ortiz\/\">Buenas tardes, de Fernando Ortiz<\/a><\/li><li class=\"posts-by-tag-item Fernando Ortiz Pasos que se alejan Viajera\" id=\"posts-by-tag-item-2051\"><a class = \"posts-by-tag-item-title\" href=\"https:\/\/viajeraeditorial.ar\/blog\/2014\/06\/aperitivo-de-fernando-ortiz\/\">Aperitivo, de Fernando Ortiz<\/a><\/li><li class=\"posts-by-tag-item Fernando Ortiz Minuto Magdalena Pasos que se alejan Viajera\" id=\"posts-by-tag-item-2068\"><a class = \"posts-by-tag-item-title\" href=\"https:\/\/viajeraeditorial.ar\/blog\/2014\/05\/hoy-145-minuto-magdalena-homenaje-a-marcel-proust\/\">HOY 14\/5 Minuto Magdalena. Homenaje a Marcel Proust<\/a><\/li><li class=\"posts-by-tag-item Fernando Ortiz Mauricio Dreiling Pasos que se alejan\" id=\"posts-by-tag-item-2071\"><a class = \"posts-by-tag-item-title\" href=\"https:\/\/viajeraeditorial.ar\/blog\/2014\/05\/viajera-en-el-minuto-magdalena-145\/\">Viajera en el Minuto Magdalena 14\/5<\/a><\/li><li class=\"posts-by-tag-item Fernando Ortiz Karina Macci\u00f3 Pasos que se alejan\" id=\"posts-by-tag-item-2074\"><a class = \"posts-by-tag-item-title\" href=\"https:\/\/viajeraeditorial.ar\/blog\/2014\/05\/presentacion-de-pasos-que-se-alejan-55\/\">Presentaci\u00f3n de Pasos que se alejan - 5\/5<\/a><\/li><li class=\"posts-by-tag-item Fernando Ortiz Pasos que se alejan\" id=\"posts-by-tag-item-2075\"><a class = \"posts-by-tag-item-title\" href=\"https:\/\/viajeraeditorial.ar\/blog\/2014\/05\/pasos-que-se-alejan-de-fernando-ortiz-en-el-centro-cultural-de-la-cooperacion\/\">\"Pasos que se alejan\" de Fernando Ortiz en el Centro Cultural de la Cooperaci\u00f3n<\/a><\/li><li class=\"posts-by-tag-item Fernando Ortiz Pasos que se alejan Viajera\" id=\"posts-by-tag-item-2081\"><a class = \"posts-by-tag-item-title\" href=\"https:\/\/viajeraeditorial.ar\/blog\/2014\/04\/el-mapa-y-el-calendario-fernando-ortiz\/\">\"El mapa y el calendario\", Fernando Ortiz<\/a><\/li><li class=\"posts-by-tag-item Fernando Ortiz Pasos que se alejan Viajera\" id=\"posts-by-tag-item-2086\"><a class = \"posts-by-tag-item-title\" href=\"https:\/\/viajeraeditorial.ar\/blog\/2014\/04\/divagacion-en-el-humo-fernando-ortiz\/\">Divagaci\u00f3n en el humo - Fernando Ortiz<\/a><\/li><li class=\"posts-by-tag-item Agua o ni\u00f1o que corre Alain Lawo-Sukam Cecilia Maugeri Eugenia Coiro Fernando Ortiz Karina Macci\u00f3 Pasos que se alejan Viajera Virginia Janza\" id=\"posts-by-tag-item-2137\"><a class = \"posts-by-tag-item-title\" href=\"https:\/\/viajeraeditorial.ar\/blog\/2014\/02\/viajera-en-poesiaargentina-com\/\">Viajera en poesiaargentina.com<\/a><\/li><\/ul>\n","protected":false},"excerpt":{"rendered":"<p>Naci\u00f3 en Sevilla en 1947. Curs\u00f3 sus primeros estudios en el colegio de los Hermanos Maristas de esa ciudad, y tras ser internado en el colegio del Frente de Juventudes en Toledo entre 1962 y 1964, volvi\u00f3 a Sevilla y termin\u00f3 el Bachillerato en El Santo \u00c1ngel. Desde que aprendi\u00f3 a leer, Fernando descubri\u00f3 los [&hellip;]<\/p>\n","protected":false},"author":3,"featured_media":0,"parent":8710,"menu_order":0,"comment_status":"closed","ping_status":"open","template":"","meta":[],"_links":{"self":[{"href":"https:\/\/viajeraeditorial.ar\/blog\/wp-json\/wp\/v2\/pages\/143"}],"collection":[{"href":"https:\/\/viajeraeditorial.ar\/blog\/wp-json\/wp\/v2\/pages"}],"about":[{"href":"https:\/\/viajeraeditorial.ar\/blog\/wp-json\/wp\/v2\/types\/page"}],"author":[{"embeddable":true,"href":"https:\/\/viajeraeditorial.ar\/blog\/wp-json\/wp\/v2\/users\/3"}],"replies":[{"embeddable":true,"href":"https:\/\/viajeraeditorial.ar\/blog\/wp-json\/wp\/v2\/comments?post=143"}],"version-history":[{"count":6,"href":"https:\/\/viajeraeditorial.ar\/blog\/wp-json\/wp\/v2\/pages\/143\/revisions"}],"predecessor-version":[{"id":4560,"href":"https:\/\/viajeraeditorial.ar\/blog\/wp-json\/wp\/v2\/pages\/143\/revisions\/4560"}],"up":[{"embeddable":true,"href":"https:\/\/viajeraeditorial.ar\/blog\/wp-json\/wp\/v2\/pages\/8710"}],"wp:attachment":[{"href":"https:\/\/viajeraeditorial.ar\/blog\/wp-json\/wp\/v2\/media?parent=143"}],"curies":[{"name":"wp","href":"https:\/\/api.w.org\/{rel}","templated":true}]}}