{"id":145,"date":"2015-04-20T02:24:19","date_gmt":"2015-04-20T05:24:19","guid":{"rendered":"http:\/\/www.viajeraeditorial.com.ar\/?page_id=145"},"modified":"2020-11-02T21:07:47","modified_gmt":"2020-11-03T00:07:47","slug":"jan-de-jager","status":"publish","type":"page","link":"https:\/\/viajeraeditorial.ar\/blog\/catalogo\/jan-de-jager\/","title":{"rendered":"Jan De Jager"},"content":{"rendered":"<p><a href=\"http:\/\/www.viajeraeditorial.ar\/blog\/wp-content\/uploads\/2015\/04\/fotojandejager.jpg\"><img loading=\"lazy\" class=\"alignright size-full wp-image-475\" src=\"http:\/\/www.viajeraeditorial.ar\/blog\/wp-content\/uploads\/2015\/04\/fotojandejager.jpg\" alt=\"Jan de Jager\" width=\"263\" height=\"350\" \/><\/a>Es maestro y escritor. Antes, estos dos rivalizaban, se peleaban. El escritor quer\u00eda ser bohemio y <em>cool<\/em>, y acusaba al maestro de ser rutinario y aburrido, y de robarle tiempo para la creaci\u00f3n. El maestro, a su vez, refunfu\u00f1aba por ser el esclavo que ten\u00eda que parar la olla y pagar las cuentas. Despu\u00e9s se amigaron. El escritor se dio cuenta de que ten\u00eda un magn\u00edfico mecenas que le bancaba sus gastos y sus ratos de creatividad. El maestro descubri\u00f3 que como laburante de la cultura en muchos sentidos aportaba lo mismo o m\u00e1s que el otro.<\/p>\n<p>Hijos: tres, maravillosos, llamados Juan, Sonia y Theo (respectivamente).<\/p>\n<p>\u00c1rboles: un limonero en Florida, dos tilos y un cipr\u00e9s calvo en Tigre, dos cerezos y un miniperal en R\u00f3terdam.<\/p>\n<p><span style=\"text-decoration: underline;\"><strong>En Viajera<\/strong><\/span><\/p>\n<p style=\"padding-left: 30px;\"><a href=\"http:\/\/www.viajeraeditorial.ar\/blog\/explorar\/relampagos\/\"><img loading=\"lazy\" class=\"alignnone size-full wp-image-4523\" src=\"http:\/\/www.viajeraeditorial.ar\/blog\/wp-content\/uploads\/2015\/03\/relampagostapa_tn20.jpg\" alt=\"Rel\u00e1mpagos, vol. 1\" width=\"13\" height=\"20\" \/><\/a>\u00a0<a href=\"http:\/\/www.viajeraeditorial.ar\/blog\/explorar\/relampagos\/\">Rel\u00e1mpagos<\/a>, vol. 1 (<a href=\"http:\/\/www.viajeraeditorial.ar\/blog\/explorar\/\">Explorar<\/a>, 2014)<\/p>\n<p style=\"padding-left: 30px;\"><a href=\"http:\/\/www.viajeraeditorial.ar\/blog\/explorar\/relampagos\/\"><img loading=\"lazy\" class=\"wp-image-5892  alignnone\" src=\"http:\/\/www.viajeraeditorial.ar\/blog\/wp-content\/uploads\/2016\/11\/relampamsterdam.jpg\" alt=\"\" width=\"12\" height=\"20\" \/><\/a>\u00a0<a href=\"http:\/\/www.viajeraeditorial.ar\/blog\/explorar\/relampagos\/\">Rel\u00e1mpagos<\/a>, vol. 2 (<a href=\"http:\/\/www.viajeraeditorial.ar\/blog\/explorar\/\">Explorar<\/a>, 2016)<\/p>\n<p><span style=\"text-decoration: underline;\"><strong>Fuera de Viajera<\/strong><\/span><\/p>\n<p style=\"padding-left: 30px;\"><em>Tr\u00edo<\/em> (Ed. Sociedad An\u00f3nima)<br \/>\n<em>Casa de cambio, vols. 1, 2 y 3<\/em> (Grupo Editor Latinoamericano)<br \/>\n<em>Noticias del &#8217;75<\/em> (GEL)<br \/>\n<em>Let u maar niet op de rommel<\/em> (Ed. De Blauwe Engel)<br \/>\n<em>Los primeros XXX Cantos de Ezra Pound<\/em> (traducci\u00f3n, ed. Elo\u00edsa Cartonera)<\/p>\n<p><strong><span style=\"text-decoration: underline;\">Contenido sobre Jan<\/span><\/strong><\/p>\n<ul class = \"posts-by-tag-list\"><li class=\"posts-by-tag-item Alicia Saliva Anibal Ilguisonis Axel Levin Cristina Eseiza Eduardo G\u00e1lvez Eugenia Coiro Festival de Poes\u00eda de Rosario Ignacio Uranga Jan De Jager Jos\u00e9 Lupia Karina Macci\u00f3 Marcela Manuel Nicol\u00e1s Alonso Sof\u00eda\" id=\"posts-by-tag-item-8738\"><a class = \"posts-by-tag-item-title\" href=\"https:\/\/viajeraeditorial.ar\/blog\/2020\/11\/estamos-en-el-fipr\/\">Estamos en el FIPR<\/a><\/li><li class=\"posts-by-tag-item Jan De Jager\" id=\"posts-by-tag-item-8205\"><a class = \"posts-by-tag-item-title\" href=\"https:\/\/viajeraeditorial.ar\/blog\/2019\/12\/entrevista-a-jan-de-jager-para-delibere\/\">Entrevista a Jan de Jager para d\u00e9lib\u00e9r\u00e9<\/a><\/li><li class=\"posts-by-tag-item Jan De Jager Rel\u00e1mpagos Vol. 3\" id=\"posts-by-tag-item-7981\"><a class = \"posts-by-tag-item-title\" href=\"https:\/\/viajeraeditorial.ar\/blog\/2019\/11\/ciudadanos-y-ciudadanas-jan-de-jager\/\">Ciudadanos y ciudadanas - Jan De Jager<\/a><\/li><li class=\"posts-by-tag-item Jan De Jager\" id=\"posts-by-tag-item-8027\"><a class = \"posts-by-tag-item-title\" href=\"https:\/\/viajeraeditorial.ar\/blog\/2019\/09\/seminario-e-e-cummings-por-jan-de-jager\/\">Seminario: e.e. cummings por Jan De Jager<\/a><\/li><li class=\"posts-by-tag-item Jan De Jager Rel\u00e1mpagos\" id=\"posts-by-tag-item-7978\"><a class = \"posts-by-tag-item-title\" href=\"https:\/\/viajeraeditorial.ar\/blog\/2019\/09\/opiniones-encontradas-jan-de-jager\/\">Opiniones encontradas - Jan De Jager<\/a><\/li><li class=\"posts-by-tag-item Jan De Jager Rel\u00e1mpagos\" id=\"posts-by-tag-item-7972\"><a class = \"posts-by-tag-item-title\" href=\"https:\/\/viajeraeditorial.ar\/blog\/2019\/08\/meditaba-cortes-jan-de-jager\/\">Meditaba Cort\u00e9s - Jan De Jager<\/a><\/li><li class=\"posts-by-tag-item Jan De Jager\" id=\"posts-by-tag-item-7818\"><a class = \"posts-by-tag-item-title\" href=\"https:\/\/viajeraeditorial.ar\/blog\/2019\/07\/la-traduccion-de-los-cantos-por-jan-de-jager\/\">La traducci\u00f3n de los Cantos por Jan de Jager<\/a><\/li><li class=\"posts-by-tag-item Jan De Jager Rel\u00e1mpagos Vol. 3\" id=\"posts-by-tag-item-7900\"><a class = \"posts-by-tag-item-title\" href=\"https:\/\/viajeraeditorial.ar\/blog\/2019\/06\/jan-de-jager-en-otra-iglesia-es-imposible\/\">Jan de Jager en Otra Iglesia es Imposible<\/a><\/li><li class=\"posts-by-tag-item Jan De Jager Karina Macci\u00f3 Rel\u00e1mpagos\" id=\"posts-by-tag-item-7775\"><a class = \"posts-by-tag-item-title\" href=\"https:\/\/viajeraeditorial.ar\/blog\/2019\/05\/entrevista-de-jan-de-jager-para-nau-poesia\/\">Entrevista de Jan de Jager para Nau Poes\u00eda<\/a><\/li><li class=\"posts-by-tag-item Jan De Jager Rel\u00e1mpagos\" id=\"posts-by-tag-item-7770\"><a class = \"posts-by-tag-item-title\" href=\"https:\/\/viajeraeditorial.ar\/blog\/2019\/04\/un-misterio-jan-de-jager\/\">[un misterio] * Jan de Jager<\/a><\/li><li class=\"posts-by-tag-item Jan De Jager Rel\u00e1mpagos\" id=\"posts-by-tag-item-7767\"><a class = \"posts-by-tag-item-title\" href=\"https:\/\/viajeraeditorial.ar\/blog\/2019\/04\/relampagos-vol-3-en-la-feria-del-libro-35\/\">Rel\u00e1mpagos vol.3 en la Feria del Libro * 3\/5<\/a><\/li><li class=\"posts-by-tag-item Jan De Jager Rel\u00e1mpagos Rel\u00e1mpagos Vol. 3\" id=\"posts-by-tag-item-7752\"><a class = \"posts-by-tag-item-title\" href=\"https:\/\/viajeraeditorial.ar\/blog\/2019\/04\/de-como-carlos-i-de-espana-llega-a-ser-carlos-v-del-sacro-imperio-romano-germanico-jan-de-jager\/\">De C\u00f3mo Carlos I de Espa\u00f1a Llega A Ser Carlos V del Sacro Imperio Romano Germ\u00e1nico * Jan De Jager<\/a><\/li><li class=\"posts-by-tag-item Jan De Jager Rel\u00e1mpagos Vol. 3\" id=\"posts-by-tag-item-7742\"><a class = \"posts-by-tag-item-title\" href=\"https:\/\/viajeraeditorial.ar\/blog\/2019\/04\/pero-y-si-en-algun-momento-jan-de-jager\/\">Pero \u00bfy si en alg\u00fan momento * Jan de Jager<\/a><\/li><li class=\"posts-by-tag-item Jan De Jager Rel\u00e1mpagos Vol. 3\" id=\"posts-by-tag-item-7734\"><a class = \"posts-by-tag-item-title\" href=\"https:\/\/viajeraeditorial.ar\/blog\/2019\/04\/revista-life-1957-entrevista-a-marlon-brando-un-pasaje-que-nunca-se-publico-jan-de-jager\/\">Revista Life 1957. Entrevista a Marlon Brando: Un pasaje que nunca se public\u00f3 * Jan De Jager<\/a><\/li><li class=\"posts-by-tag-item Jan De Jager\" id=\"posts-by-tag-item-7549\"><a class = \"posts-by-tag-item-title\" href=\"https:\/\/viajeraeditorial.ar\/blog\/2019\/01\/jan-de-jager-entrevistado-por-el-teclado-excentrico\/\">Jan de Jager entrevistado por El teclado exc\u00e9ntrico<\/a><\/li><li class=\"posts-by-tag-item Jan De Jager\" id=\"posts-by-tag-item-7494\"><a class = \"posts-by-tag-item-title\" href=\"https:\/\/viajeraeditorial.ar\/blog\/2018\/12\/cantos-de-ezra-pound-sobre-la-traduccion-de-jan-de-jager\/\">Cantos de Ezra Pound * Sobre la traducci\u00f3n de Jan De Jager<\/a><\/li><li class=\"posts-by-tag-item Jan De Jager\" id=\"posts-by-tag-item-7506\"><a class = \"posts-by-tag-item-title\" href=\"https:\/\/viajeraeditorial.ar\/blog\/2018\/12\/jan-de-jager-traduccion-de-ezra-pound\/\">Jan De Jager * traducci\u00f3n de Ezra Pound<\/a><\/li><li class=\"posts-by-tag-item Jan De Jager Rel\u00e1mpagos\" id=\"posts-by-tag-item-7443\"><a class = \"posts-by-tag-item-title\" href=\"https:\/\/viajeraeditorial.ar\/blog\/2018\/11\/inmaculada-concepcion-jan-de-jager\/\">\u00bfInmaculada concepci\u00f3n? * Jan De Jager<\/a><\/li><li class=\"posts-by-tag-item Jan De Jager Rel\u00e1mpagos\" id=\"posts-by-tag-item-7340\"><a class = \"posts-by-tag-item-title\" href=\"https:\/\/viajeraeditorial.ar\/blog\/2018\/10\/transmutaciones-jan-de-jager\/\">Transmutaciones * Jan De Jager<\/a><\/li><li class=\"posts-by-tag-item Jan De Jager Rel\u00e1mpagos\" id=\"posts-by-tag-item-6809\"><a class = \"posts-by-tag-item-title\" href=\"https:\/\/viajeraeditorial.ar\/blog\/2018\/04\/todo-un-exito-jan-de-jager\/\">Todo un \u00e9xito * Jan De Jager<\/a><\/li><li class=\"posts-by-tag-item Jan De Jager Rel\u00e1mpagos\" id=\"posts-by-tag-item-6812\"><a class = \"posts-by-tag-item-title\" href=\"https:\/\/viajeraeditorial.ar\/blog\/2018\/02\/amor-de-morondanga-jan-de-jager\/\">Amor de morondanga * Jan De Jager<\/a><\/li><li class=\"posts-by-tag-item Jan De Jager Rel\u00e1mpagos\" id=\"posts-by-tag-item-6806\"><a class = \"posts-by-tag-item-title\" href=\"https:\/\/viajeraeditorial.ar\/blog\/2018\/02\/marketing-ano-cero-jan-de-jager\/\">Marketing a\u00f1o cero * Jan De Jager<\/a><\/li><li class=\"posts-by-tag-item Jan De Jager\" id=\"posts-by-tag-item-6282\"><a class = \"posts-by-tag-item-title\" href=\"https:\/\/viajeraeditorial.ar\/blog\/2017\/05\/entrevista-a-jan-de-jager-en-el-teclado-excentrico\/\">Entrevista a Jan De Jager en El teclado exc\u00e9ntrico<\/a><\/li><li class=\"posts-by-tag-item Jan De Jager Rel\u00e1mpagos\" id=\"posts-by-tag-item-5891\"><a class = \"posts-by-tag-item-title\" href=\"https:\/\/viajeraeditorial.ar\/blog\/2016\/11\/relampagos-en-amsterdam-1112\/\">Rel\u00e1mpagos en Amsterdam * 11\/12<\/a><\/li><li class=\"posts-by-tag-item Jan De Jager\" id=\"posts-by-tag-item-5499\"><a class = \"posts-by-tag-item-title\" href=\"https:\/\/viajeraeditorial.ar\/blog\/2016\/10\/no-seas-inutil-jan-de-jager\/\">\u00a0No se\u00e1s in\u00fatil * Jan De Jager<\/a><\/li><li class=\"posts-by-tag-item Jan De Jager Portada\" id=\"posts-by-tag-item-5527\"><a class = \"posts-by-tag-item-title\" href=\"https:\/\/viajeraeditorial.ar\/blog\/2016\/09\/el-jacaranda-jan-de-jager\/\">\u00a0 El jacarand\u00e1 * Jan De Jager<\/a><\/li><li class=\"posts-by-tag-item Jan De Jager\" id=\"posts-by-tag-item-5523\"><a class = \"posts-by-tag-item-title\" href=\"https:\/\/viajeraeditorial.ar\/blog\/2016\/08\/adjudicacion-de-personajes-jan-de-jager\/\">Adjudicaci\u00f3n de Personajes * Jan De Jager<\/a><\/li><li class=\"posts-by-tag-item Jan De Jager\" id=\"posts-by-tag-item-5591\"><a class = \"posts-by-tag-item-title\" href=\"https:\/\/viajeraeditorial.ar\/blog\/2016\/08\/jan-de-jager-relampagos-vol-2\/\">Jan De Jager: Rel\u00e1mpagos Vol. 2<\/a><\/li><li class=\"posts-by-tag-item Jan De Jager\" id=\"posts-by-tag-item-5530\"><a class = \"posts-by-tag-item-title\" href=\"https:\/\/viajeraeditorial.ar\/blog\/2016\/07\/el-perfecto-caballero-jan-de-jager\/\">El perfecto caballero * Jan De Jager<\/a><\/li><li class=\"posts-by-tag-item Jan De Jager\" id=\"posts-by-tag-item-5504\"><a class = \"posts-by-tag-item-title\" href=\"https:\/\/viajeraeditorial.ar\/blog\/2016\/07\/relampagos-ii-en-la-revista-de-poesia-otro-paramo\/\">Rel\u00e1mpagos II en la revista de poes\u00eda Otro P\u00e1ramo<\/a><\/li><li class=\"posts-by-tag-item Jan De Jager Portada\" id=\"posts-by-tag-item-5496\"><a class = \"posts-by-tag-item-title\" href=\"https:\/\/viajeraeditorial.ar\/blog\/2016\/07\/seres-mucho-mas-imaginarios-jan-de-jager\/\">Seres mucho m\u00e1s imaginarios * Jan De Jager<\/a><\/li><li class=\"posts-by-tag-item Jan De Jager Rel\u00e1mpagos\" id=\"posts-by-tag-item-4449\"><a class = \"posts-by-tag-item-title\" href=\"https:\/\/viajeraeditorial.ar\/blog\/2015\/06\/ruben-sacchi-resena-relampagos\/\">Ruben Sacchi rese\u00f1a Rel\u00e1mpagos<\/a><\/li><li class=\"posts-by-tag-item Gervasio Monchietti Jan De Jager Rel\u00e1mpagos Viajera\" id=\"posts-by-tag-item-2242\"><a class = \"posts-by-tag-item-title\" href=\"https:\/\/viajeraeditorial.ar\/blog\/2015\/01\/gervasio-monchietti-resena-relampagos-de-jan-de-jager\/\">Gervasio Monchietti rese\u00f1a \"Rel\u00e1mpagos\", de Jan de Jager<\/a><\/li><li class=\"posts-by-tag-item Jan De Jager Viajera\" id=\"posts-by-tag-item-165\"><a class = \"posts-by-tag-item-title\" href=\"https:\/\/viajeraeditorial.ar\/blog\/2014\/12\/jan-de-jager-lee-la-senora-de-gutierrez-fragmento\/\">Jan De Jager lee La Se\u00f1ora de Gutierrez (fragmento)<\/a><\/li><li class=\"posts-by-tag-item Jan De Jager Rel\u00e1mpagos\" id=\"posts-by-tag-item-2140\"><a class = \"posts-by-tag-item-title\" href=\"https:\/\/viajeraeditorial.ar\/blog\/2014\/11\/nicolas-di-candia-presentando-relampagos-de-jan-de-jager\/\">Nicol\u00e1s Di Candia presentando Rel\u00e1mpagos de Jan De Jager<\/a><\/li><li class=\"posts-by-tag-item Jan De Jager Rel\u00e1mpagos Viajera\" id=\"posts-by-tag-item-2148\"><a class = \"posts-by-tag-item-title\" href=\"https:\/\/viajeraeditorial.ar\/blog\/2014\/10\/jan-de-jager-presenta-relampagos-iii\/\">Jan de Jager presenta Rel\u00e1mpagos (III)<\/a><\/li><li class=\"posts-by-tag-item Jan De Jager Rel\u00e1mpagos\" id=\"posts-by-tag-item-330\"><a class = \"posts-by-tag-item-title\" href=\"https:\/\/viajeraeditorial.ar\/blog\/2014\/10\/jan-de-jager-presenta-relampagos-ii\/\">Jan de Jager presenta Rel\u00e1mpagos (II)<\/a><\/li><li class=\"posts-by-tag-item Jan De Jager Rel\u00e1mpagos Viajera\" id=\"posts-by-tag-item-346\"><a class = \"posts-by-tag-item-title\" href=\"https:\/\/viajeraeditorial.ar\/blog\/2014\/09\/jan-de-jager-presenta-relampagos-1\/\">Jan de Jager presenta Rel\u00e1mpagos (1)<\/a><\/li><li class=\"posts-by-tag-item Jan De Jager Karina Macci\u00f3 Rel\u00e1mpagos Ricardo Iberluc\u00eda\" id=\"posts-by-tag-item-2153\"><a class = \"posts-by-tag-item-title\" href=\"https:\/\/viajeraeditorial.ar\/blog\/2014\/09\/karina-maccio-y-ricardo-ibarlucia-sobre-relampagos-de-jan-de-jager\/\">Karina Macci\u00f3 y Ricardo Ibarluc\u00eda sobre Rel\u00e1mpagos de Jan de Jager<\/a><\/li><li class=\"posts-by-tag-item Apariciones P\u00fablicas Jan De Jager Rel\u00e1mpagos Viajera\" id=\"posts-by-tag-item-2157\"><a class = \"posts-by-tag-item-title\" href=\"https:\/\/viajeraeditorial.ar\/blog\/2014\/09\/silvia-calero-sobre-relampagos-de-jan-de-jager\/\">Silvia Calero sobre Rel\u00e1mpagos de Jan de Jager<\/a><\/li><li class=\"posts-by-tag-item Apariciones P\u00fablicas Jan De Jager Rel\u00e1mpagos Viajera\" id=\"posts-by-tag-item-2167\"><a class = \"posts-by-tag-item-title\" href=\"https:\/\/viajeraeditorial.ar\/blog\/2014\/08\/charla-de-jan-de-jager-en-el-club-de-traductores\/\">Charla de Jan De Jager en el Club de Traductores<\/a><\/li><li class=\"posts-by-tag-item Jan De Jager Rel\u00e1mpagos Viajera\" id=\"posts-by-tag-item-2171\"><a class = \"posts-by-tag-item-title\" href=\"https:\/\/viajeraeditorial.ar\/blog\/2014\/08\/la-gente-es-muy-rara-jan-de-jager\/\">La gente es muy rara - Jan De Jager<\/a><\/li><li class=\"posts-by-tag-item Jan De Jager musicalpoes\u00eda! Rel\u00e1mpagos\" id=\"posts-by-tag-item-2173\"><a class = \"posts-by-tag-item-title\" href=\"https:\/\/viajeraeditorial.ar\/blog\/2014\/08\/jan-de-jager-en-musicalpoesia\/\">Jan de Jager en musicalpoes\u00eda!<\/a><\/li><li class=\"posts-by-tag-item Jan De Jager Viajera\" id=\"posts-by-tag-item-2174\"><a class = \"posts-by-tag-item-title\" href=\"https:\/\/viajeraeditorial.ar\/blog\/2014\/08\/presentacion-de-relampagos-128\/\">\u00a1\u00a1\u00a1Presentaci\u00f3n de Rel\u00e1mpagos - 12\/8!!!<\/a><\/li><li class=\"posts-by-tag-item Jan De Jager Rel\u00e1mpagos Viajera\" id=\"posts-by-tag-item-2179\"><a class = \"posts-by-tag-item-title\" href=\"https:\/\/viajeraeditorial.ar\/blog\/2014\/08\/enter-jan-de-jager\/\">Enter - Jan De Jager<\/a><\/li><li class=\"posts-by-tag-item Alejo Steimberg Eugenia Coiro Fabio Rivas Rivera Jan De Jager Juan Rearte Karina Macci\u00f3 Lorena Garc\u00eda Mario Nosotti Natalia Monsegur Viajera\" id=\"posts-by-tag-item-2183\"><a class = \"posts-by-tag-item-title\" href=\"https:\/\/viajeraeditorial.ar\/blog\/2014\/07\/musicalpoesia-247-en-rechazando-coimas\/\">musicalpoes\u00eda! 24\/7 en Rechazando Coimas<\/a><\/li><li class=\"posts-by-tag-item Jan De Jager Rel\u00e1mpagos Viajera\" id=\"posts-by-tag-item-2190\"><a class = \"posts-by-tag-item-title\" href=\"https:\/\/viajeraeditorial.ar\/blog\/2014\/07\/an-inspector-calls-jan-de-jager\/\">An inspector calls - Jan De Jager<\/a><\/li><li class=\"posts-by-tag-item Jan De Jager Rel\u00e1mpagos Viajera\" id=\"posts-by-tag-item-2196\"><a class = \"posts-by-tag-item-title\" href=\"https:\/\/viajeraeditorial.ar\/blog\/2014\/07\/paisaje-nevado-jan-de-jager\/\">Paisaje nevado - Jan De Jager<\/a><\/li><li class=\"posts-by-tag-item Jan De Jager Rel\u00e1mpagos Viajera\" id=\"posts-by-tag-item-2208\"><a class = \"posts-by-tag-item-title\" href=\"https:\/\/viajeraeditorial.ar\/blog\/2014\/06\/cuestion-de-limites-jan-de-jager\/\">Cuesti\u00f3n de l\u00edmites - Jan De Jager<\/a><\/li><li class=\"posts-by-tag-item Jan De Jager Rel\u00e1mpagos Viajera\" id=\"posts-by-tag-item-2053\"><a class = \"posts-by-tag-item-title\" href=\"https:\/\/viajeraeditorial.ar\/blog\/2014\/06\/kafka-meets-ionesco-jan-de-jager\/\">Kafka meets Ionesco - Jan De Jager<\/a><\/li><li class=\"posts-by-tag-item Jan De Jager Rel\u00e1mpagos\" id=\"posts-by-tag-item-2066\"><a class = \"posts-by-tag-item-title\" href=\"https:\/\/viajeraeditorial.ar\/blog\/2014\/05\/la-marip-osa-jan-de-jager\/\">La Marip Osa - Jan De Jager<\/a><\/li><\/ul>\n","protected":false},"excerpt":{"rendered":"<p>Es maestro y escritor. Antes, estos dos rivalizaban, se peleaban. El escritor quer\u00eda ser bohemio y cool, y acusaba al maestro de ser rutinario y aburrido, y de robarle tiempo para la creaci\u00f3n. El maestro, a su vez, refunfu\u00f1aba por ser el esclavo que ten\u00eda que parar la olla y pagar las cuentas. Despu\u00e9s se [&hellip;]<\/p>\n","protected":false},"author":3,"featured_media":0,"parent":8710,"menu_order":0,"comment_status":"closed","ping_status":"open","template":"","meta":[],"_links":{"self":[{"href":"https:\/\/viajeraeditorial.ar\/blog\/wp-json\/wp\/v2\/pages\/145"}],"collection":[{"href":"https:\/\/viajeraeditorial.ar\/blog\/wp-json\/wp\/v2\/pages"}],"about":[{"href":"https:\/\/viajeraeditorial.ar\/blog\/wp-json\/wp\/v2\/types\/page"}],"author":[{"embeddable":true,"href":"https:\/\/viajeraeditorial.ar\/blog\/wp-json\/wp\/v2\/users\/3"}],"replies":[{"embeddable":true,"href":"https:\/\/viajeraeditorial.ar\/blog\/wp-json\/wp\/v2\/comments?post=145"}],"version-history":[{"count":9,"href":"https:\/\/viajeraeditorial.ar\/blog\/wp-json\/wp\/v2\/pages\/145\/revisions"}],"predecessor-version":[{"id":6903,"href":"https:\/\/viajeraeditorial.ar\/blog\/wp-json\/wp\/v2\/pages\/145\/revisions\/6903"}],"up":[{"embeddable":true,"href":"https:\/\/viajeraeditorial.ar\/blog\/wp-json\/wp\/v2\/pages\/8710"}],"wp:attachment":[{"href":"https:\/\/viajeraeditorial.ar\/blog\/wp-json\/wp\/v2\/media?parent=145"}],"curies":[{"name":"wp","href":"https:\/\/api.w.org\/{rel}","templated":true}]}}