{"id":147,"date":"2015-04-20T02:24:55","date_gmt":"2015-04-20T05:24:55","guid":{"rendered":"http:\/\/www.viajeraeditorial.com.ar\/?page_id=147"},"modified":"2020-11-02T21:08:18","modified_gmt":"2020-11-03T00:08:18","slug":"alain-lawo-sukam","status":"publish","type":"page","link":"https:\/\/viajeraeditorial.ar\/blog\/catalogo\/alain-lawo-sukam\/","title":{"rendered":"Alain Lawo-Sukam"},"content":{"rendered":"<p><a href=\"http:\/\/www.viajeraeditorial.ar\/blog\/wp-content\/uploads\/2015\/04\/alainlawosukam.jpg\"><img loading=\"lazy\" class=\"alignright size-full wp-image-264\" src=\"http:\/\/www.viajeraeditorial.ar\/blog\/wp-content\/uploads\/2015\/04\/alainlawosukam.jpg\" alt=\"Alain Lawo-Sukam\" width=\"199\" height=\"299\" \/><\/a>Alain Lawo-Sukam es docente de Estudios Hisp\u00e1nicos y de la Di\u00e1spora Africana en la Universidad de Texas A&amp;M en College Station, Texas, EE.UU. Naci\u00f3 y se cri\u00f3 en Camer\u00fan (\u00c1frica) donde obtuvo su Maestr\u00eda en Estudios Hispanos en la Universidad de Yaund\u00e9 I. Se traslad\u00f3 luego a los Estados Unidos de Am\u00e9rica donde recibi\u00f3 su doctorado en Espa\u00f1ol en la Universidad de Illinois en Urbana-Champaign. Es el autor del libro Hacia una po\u00e9tica afro-colombiana: el caso del Pac\u00edfico (2010) y ha publicado ensayos de investigaci\u00f3n en prestigiosas revistas nacionales e internacionales sobre la literatura y cultura afro-hispanas de las Am\u00e9ricas y de \u00c1frica.<\/p>\n<p><strong><span style=\"text-decoration: underline;\">En Viajera<\/span><\/strong><\/p>\n<p style=\"padding-left: 30px;\"><a href=\"http:\/\/www.viajeraeditorial.ar\/blog\/bifida\/sueno-con-africa-dream-of-africa-reve-dafrique\/\"><img loading=\"lazy\" class=\"  wp-image-4509 alignnone\" src=\"http:\/\/www.viajeraeditorial.ar\/blog\/wp-content\/uploads\/2015\/03\/suenotapa_tn20.jpg\" alt=\"Sue\u00f1o con \u00c1frica \/ Dream of Africa \/ R\u00eave d\u2019Afrique\" width=\"13\" height=\"20\" \/><\/a>\u00a0<a href=\"http:\/\/www.viajeraeditorial.ar\/blog\/bifida\/sueno-con-africa-dream-of-africa-reve-dafrique\/\">Sue\u00f1o con \u00c1frica \/ Dream of Africa \/ R\u00eave d&#8217;Afrique<\/a> (<a href=\"http:\/\/www.viajeraeditorial.ar\/blog\/bifida\/\">B\u00edfida<\/a>, 2013)<\/p>\n<p><strong><span style=\"text-decoration: underline;\">Contenido sobre Alain<\/span><\/strong><\/p>\n<ul class = \"posts-by-tag-list\"><li class=\"posts-by-tag-item Alain Lawo-Sukam Sue\u00f1o con \u00c1frica\/Dream of Africa\/R\u00eave d\u2019Afrique\" id=\"posts-by-tag-item-5802\"><a class = \"posts-by-tag-item-title\" href=\"https:\/\/viajeraeditorial.ar\/blog\/2016\/09\/nueva-ola-africana-por-daniel-gigena\/\">Nueva ola africana, por Daniel Gigena<\/a><\/li><li class=\"posts-by-tag-item Alain Lawo-Sukam Festival de Poes\u00eda de Rosario\" id=\"posts-by-tag-item-5774\"><a class = \"posts-by-tag-item-title\" href=\"https:\/\/viajeraeditorial.ar\/blog\/2016\/09\/programacion-del-fipr-2016\/\">Programaci\u00f3n del FIPR 2016<\/a><\/li><li class=\"posts-by-tag-item Alain Lawo-Sukam Festival de Poes\u00eda de Rosario Sue\u00f1o con \u00c1frica\/Dream of Africa\/R\u00eave d\u2019Afrique\" id=\"posts-by-tag-item-5771\"><a class = \"posts-by-tag-item-title\" href=\"https:\/\/viajeraeditorial.ar\/blog\/2016\/09\/alain-lawo-sukam-en-el-festival-de-rosario-articulo-del-diario-la-capital\/\">Alain Lawo Sukam en el Festival de Rosario * Art\u00edculo del diario La Capital<\/a><\/li><li class=\"posts-by-tag-item Alain Lawo-Sukam Festival de Poes\u00eda de Rosario Sue\u00f1o con \u00c1frica\" id=\"posts-by-tag-item-5755\"><a class = \"posts-by-tag-item-title\" href=\"https:\/\/viajeraeditorial.ar\/blog\/2016\/09\/sueno-con-africa-en-el-ccc-209\/\">Sue\u00f1o con \u00c1frica en el CCC * 20\/9<\/a><\/li><li class=\"posts-by-tag-item Alain Lawo-Sukam B\u00edfida Sue\u00f1o con \u00c1frica\/Dream of Africa\/R\u00eave d\u2019Afrique Viajera B\u00edfida\" id=\"posts-by-tag-item-2067\"><a class = \"posts-by-tag-item-title\" href=\"https:\/\/viajeraeditorial.ar\/blog\/2014\/05\/chicos-de-la-calle-alain-lawo-sukam\/\">Chicos de la calle - Alain Lawo Sukam<\/a><\/li><li class=\"posts-by-tag-item Alain Lawo-Sukam B\u00edfida Sue\u00f1o con \u00c1frica\/Dream of Africa\/R\u00eave d\u2019Afrique Viajera B\u00edfida\" id=\"posts-by-tag-item-2098\"><a class = \"posts-by-tag-item-title\" href=\"https:\/\/viajeraeditorial.ar\/blog\/2014\/03\/espiritus-ancestrales-alain-lawo-sukam\/\">Esp\u00edritus ancestrales - Alain Lawo Sukam<\/a><\/li><li class=\"posts-by-tag-item Alain Lawo-Sukam B\u00edfida Sue\u00f1o con \u00c1frica\/Dream of Africa\/R\u00eave d\u2019Afrique Viajera B\u00edfida\" id=\"posts-by-tag-item-2122\"><a class = \"posts-by-tag-item-title\" href=\"https:\/\/viajeraeditorial.ar\/blog\/2014\/02\/siembra-sowing-semailles-alain-lawo-sukam\/\">Siembra\/ Sowing\/ Semailles - Alain Lawo Sukam<\/a><\/li><li class=\"posts-by-tag-item Alain Lawo-Sukam B\u00edfida Sue\u00f1o con \u00c1frica\/Dream of Africa\/R\u00eave d\u2019Afrique Viajera B\u00edfida\" id=\"posts-by-tag-item-853\"><a class = \"posts-by-tag-item-title\" href=\"https:\/\/viajeraeditorial.ar\/blog\/2014\/02\/cancion-de-cuna-cradles-song-chanson-du-berceau-alain-lawo-sukam\/\">Canci\u00f3n de cuna\/ Cradle\u00b4s song\/ Chanson du berceau - Alain Lawo Sukam<\/a><\/li><li class=\"posts-by-tag-item Alain Lawo-Sukam B\u00edfida Sue\u00f1o con \u00c1frica\/Dream of Africa\/R\u00eave d\u2019Afrique Viajera Viajera B\u00edfida\" id=\"posts-by-tag-item-866\"><a class = \"posts-by-tag-item-title\" href=\"https:\/\/viajeraeditorial.ar\/blog\/2014\/02\/canto-del-gallo-rooster-song-chant-du-coq-alain-lawo-sukam\/\">Canto del gallo\/ Rooster song\/ Chant du coq - Alain Lawo Sukam<\/a><\/li><li class=\"posts-by-tag-item Agua o ni\u00f1o que corre Alain Lawo-Sukam Cecilia Maugeri Eugenia Coiro Fernando Ortiz Karina Macci\u00f3 Pasos que se alejan Viajera Virginia Janza\" id=\"posts-by-tag-item-2137\"><a class = \"posts-by-tag-item-title\" href=\"https:\/\/viajeraeditorial.ar\/blog\/2014\/02\/viajera-en-poesiaargentina-com\/\">Viajera en poesiaargentina.com<\/a><\/li><li class=\"posts-by-tag-item Alain Lawo-Sukam Sue\u00f1o con \u00c1frica\/Dream of Africa\/R\u00eave d\u2019Afrique Viajera Viajera B\u00edfida\" id=\"posts-by-tag-item-981\"><a class = \"posts-by-tag-item-title\" href=\"https:\/\/viajeraeditorial.ar\/blog\/2013\/12\/el-orador-alain-lawo-sukam-poesia-en-tres-idiomas\/\">El orador, Alain Lawo-Sukam - Poes\u00eda en tres idiomas<\/a><\/li><li class=\"posts-by-tag-item Alain Lawo-Sukam Sue\u00f1o con \u00c1frica\/Dream of Africa\/R\u00eave d\u2019Afrique\" id=\"posts-by-tag-item-1144\"><a class = \"posts-by-tag-item-title\" href=\"https:\/\/viajeraeditorial.ar\/blog\/2013\/10\/lectura-de-alain-lawo-sukam-en-la-presentacion-de-sueno-con-africa\/\">Lectura de Alain Lawo Sukam en la presentaci\u00f3n de Sue\u00f1o con \u00c1frica<\/a><\/li><li class=\"posts-by-tag-item Alain Lawo-Sukam Sue\u00f1o con \u00c1frica\/Dream of Africa\/R\u00eave d\u2019Afrique Viajera\" id=\"posts-by-tag-item-1292\"><a class = \"posts-by-tag-item-title\" href=\"https:\/\/viajeraeditorial.ar\/blog\/2013\/08\/sobre-sueno-con-africa-de-alain-lawo-sukam\/\">Sobre \"Sue\u00f1o con \u00c1frica\" de Alain Lawo-Sukam<\/a><\/li><li class=\"posts-by-tag-item Alain Lawo-Sukam Amor Sue\u00f1o con \u00c1frica\/Dream of Africa\/R\u00eave d\u2019Afrique Viajera\" id=\"posts-by-tag-item-1299\"><a class = \"posts-by-tag-item-title\" href=\"https:\/\/viajeraeditorial.ar\/blog\/2013\/08\/el-amor-en-viajera-te-quiero-pueblo-africano-de-alain-lawo-sukam\/\">El Amor en Viajera - \"Te quiero, pueblo africano\" de Alain Lawo-Sukam<\/a><\/li><li class=\"posts-by-tag-item Alain Lawo-Sukam Viajera\" id=\"posts-by-tag-item-1332\"><a class = \"posts-by-tag-item-title\" href=\"https:\/\/viajeraeditorial.ar\/blog\/2013\/07\/sueno-con-africa-en-el-blog-de-eterna-cadencia\/\">Sue\u00f1o con \u00c1frica en el blog de Eterna Cadencia<\/a><\/li><li class=\"posts-by-tag-item Alain Lawo-Sukam Sue\u00f1o con \u00c1frica\/Dream of Africa\/R\u00eave d\u2019Afrique Viajera\" id=\"posts-by-tag-item-1334\"><a class = \"posts-by-tag-item-title\" href=\"https:\/\/viajeraeditorial.ar\/blog\/2013\/07\/alain-lawo-sukam-marron-de-la-tierra\/\">Alain Lawo-Sukam: Marr\u00f3n de la Tierra<\/a><\/li><li class=\"posts-by-tag-item Alain Lawo-Sukam Cecilia Maugeri Cosa Seria Diego Recalde Eugenia Coiro Karina Macci\u00f3 Viajera Virginia Janza\" id=\"posts-by-tag-item-1377\"><a class = \"posts-by-tag-item-title\" href=\"https:\/\/viajeraeditorial.ar\/blog\/2013\/06\/mis-peores-poemas-de-amor\/\">Mis peores poemas de amor<\/a><\/li><li class=\"posts-by-tag-item Alain Lawo-Sukam Apariciones P\u00fablicas Cecilia Maugeri Karina Macci\u00f3 Viajera\" id=\"posts-by-tag-item-1382\"><a class = \"posts-by-tag-item-title\" href=\"https:\/\/viajeraeditorial.ar\/blog\/2013\/06\/karina-maccio-cecilia-maugeri-y-alain-lawo-sukam-en-radio-la-colmena\/\">Karina Macci\u00f3, Cecilia Maugeri y Alain Lawo-Sukam en Radio La Colmena<\/a><\/li><li class=\"posts-by-tag-item Alain Lawo-Sukam Amalia Sato Cecilia Maugeri Daniel C\u00e1seres Karina Macci\u00f3 Roc\u00edo Mari\u00f1o Viajera Virginia Janza\" id=\"posts-by-tag-item-1385\"><a class = \"posts-by-tag-item-title\" href=\"https:\/\/viajeraeditorial.ar\/blog\/2013\/05\/sueno-con-africa-imagenes-de-la-presentacion\/\">Sue\u00f1o con \u00c1frica. Im\u00e1genes de la presentaci\u00f3n.<\/a><\/li><li class=\"posts-by-tag-item Alain Lawo-Sukam Apariciones P\u00fablicas Karina Macci\u00f3 Viajera\" id=\"posts-by-tag-item-1389\"><a class = \"posts-by-tag-item-title\" href=\"https:\/\/viajeraeditorial.ar\/blog\/2013\/05\/sueno-con-africa-la-lectura-de-karina-maccio-parte-iii\/\">Sue\u00f1o con \u00c1frica, la lectura de Karina Macci\u00f3 (Parte III)<\/a><\/li><li class=\"posts-by-tag-item Alain Lawo-Sukam Amalia Sato Cecilia Maugeri Daniel C\u00e1seres Karina Macci\u00f3 Mauricio Dreiling Nicol\u00e1s Di Candia Roc\u00edo Mari\u00f1o Viajera Virginia Janza\" id=\"posts-by-tag-item-1392\"><a class = \"posts-by-tag-item-title\" href=\"https:\/\/viajeraeditorial.ar\/blog\/2013\/05\/presentacion-de-sueno-con-africa-de-alain-lawo-sukam\/\">Presentaci\u00f3n de Sue\u00f1o con \u00c1frica de Alain Lawo-Sukam<\/a><\/li><li class=\"posts-by-tag-item Alain Lawo-Sukam Sue\u00f1o con \u00c1frica\/Dream of Africa\/R\u00eave d\u2019Afrique Viajera\" id=\"posts-by-tag-item-1394\"><a class = \"posts-by-tag-item-title\" href=\"https:\/\/viajeraeditorial.ar\/blog\/2013\/05\/sueno-con-africa-de-alain-lawo-sukam\/\">Sue\u00f1o con \u00c1frica de Alain Lawo-Sukam<\/a><\/li><li class=\"posts-by-tag-item Alain Lawo-Sukam Sue\u00f1o con \u00c1frica\/Dream of Africa\/R\u00eave d\u2019Afrique Viajera\" id=\"posts-by-tag-item-1396\"><a class = \"posts-by-tag-item-title\" href=\"https:\/\/viajeraeditorial.ar\/blog\/2013\/05\/mujer-africana\/\">Mujer africana<\/a><\/li><li class=\"posts-by-tag-item Alain Lawo-Sukam Apariciones P\u00fablicas Karina Macci\u00f3 Viajera\" id=\"posts-by-tag-item-1399\"><a class = \"posts-by-tag-item-title\" href=\"https:\/\/viajeraeditorial.ar\/blog\/2013\/05\/sueno-con-africa-la-lectura-de-karina-maccio-parte-ii\/\">Sue\u00f1o con \u00c1frica, la lectura de Karina Macci\u00f3 (Parte II)<\/a><\/li><li class=\"posts-by-tag-item Alain Lawo-Sukam Apariciones P\u00fablicas Karina Macci\u00f3 Viajera\" id=\"posts-by-tag-item-1402\"><a class = \"posts-by-tag-item-title\" href=\"https:\/\/viajeraeditorial.ar\/blog\/2013\/05\/sueno-con-africa-la-lectura-de-karina-maccio-parte-i\/\">Sue\u00f1o con \u00c1frica, la lectura de Karina Macci\u00f3 (Parte I)<\/a><\/li><li class=\"posts-by-tag-item Alain Lawo-Sukam Apariciones P\u00fablicas B\u00edfida Cecilia Maugeri Karina Macci\u00f3 Nicol\u00e1s Di Candia\" id=\"posts-by-tag-item-1441\"><a class = \"posts-by-tag-item-title\" href=\"https:\/\/viajeraeditorial.ar\/blog\/2013\/04\/viajera-editorial-llega-a-texas-usa\/\">Viajera Editorial llega a Texas, USA!<\/a><\/li><\/ul>\n","protected":false},"excerpt":{"rendered":"<p>Alain Lawo-Sukam es docente de Estudios Hisp\u00e1nicos y de la Di\u00e1spora Africana en la Universidad de Texas A&amp;M en College Station, Texas, EE.UU. Naci\u00f3 y se cri\u00f3 en Camer\u00fan (\u00c1frica) donde obtuvo su Maestr\u00eda en Estudios Hispanos en la Universidad de Yaund\u00e9 I. Se traslad\u00f3 luego a los Estados Unidos de Am\u00e9rica donde recibi\u00f3 su [&hellip;]<\/p>\n","protected":false},"author":3,"featured_media":0,"parent":8710,"menu_order":0,"comment_status":"closed","ping_status":"open","template":"","meta":[],"_links":{"self":[{"href":"https:\/\/viajeraeditorial.ar\/blog\/wp-json\/wp\/v2\/pages\/147"}],"collection":[{"href":"https:\/\/viajeraeditorial.ar\/blog\/wp-json\/wp\/v2\/pages"}],"about":[{"href":"https:\/\/viajeraeditorial.ar\/blog\/wp-json\/wp\/v2\/types\/page"}],"author":[{"embeddable":true,"href":"https:\/\/viajeraeditorial.ar\/blog\/wp-json\/wp\/v2\/users\/3"}],"replies":[{"embeddable":true,"href":"https:\/\/viajeraeditorial.ar\/blog\/wp-json\/wp\/v2\/comments?post=147"}],"version-history":[{"count":10,"href":"https:\/\/viajeraeditorial.ar\/blog\/wp-json\/wp\/v2\/pages\/147\/revisions"}],"predecessor-version":[{"id":4548,"href":"https:\/\/viajeraeditorial.ar\/blog\/wp-json\/wp\/v2\/pages\/147\/revisions\/4548"}],"up":[{"embeddable":true,"href":"https:\/\/viajeraeditorial.ar\/blog\/wp-json\/wp\/v2\/pages\/8710"}],"wp:attachment":[{"href":"https:\/\/viajeraeditorial.ar\/blog\/wp-json\/wp\/v2\/media?parent=147"}],"curies":[{"name":"wp","href":"https:\/\/api.w.org\/{rel}","templated":true}]}}