{"id":214,"date":"2015-04-20T16:46:48","date_gmt":"2015-04-20T19:46:48","guid":{"rendered":"http:\/\/www.viajeraeditorial.com.ar\/?page_id=214"},"modified":"2015-08-26T22:36:17","modified_gmt":"2015-08-27T01:36:17","slug":"la-cajita-de-pandora","status":"publish","type":"page","link":"https:\/\/viajeraeditorial.ar\/blog\/descubrir\/la-cajita-de-pandora\/","title":{"rendered":"La cajita de Pandora"},"content":{"rendered":"<p><a href=\"http:\/\/www.viajeraeditorial.ar\/blog\/wp-content\/uploads\/2015\/04\/lacajita.png\"><img loading=\"lazy\" class=\" alignleft wp-image-215 size-full\" src=\"http:\/\/www.viajeraeditorial.ar\/blog\/wp-content\/uploads\/2015\/04\/lacajita.png\" alt=\"lacajita\" width=\"326\" height=\"472\" \/><\/a><\/p>\n<p><a href=\"http:\/\/www.viajeraeditorial.ar\/blog\/autores\/virginia-janza\/\">Virginia Janza<\/a>, 2008<br \/>\nISBN: 978-987-24360-1-8<br \/>\n64 p. \/ tambi\u00e9n edici\u00f3n Virtual<\/p>\n<p class=\"plano\">\u00ab<i>Negaci\u00f3n de la religi\u00f3n: pasi\u00f3n por la religi\u00f3n. Cada poeta inventa su propia mitolog\u00eda y cada una de esas mitolog\u00edas es una mezcla de creencias dispares, mitos desenterrados y obsesiones personales<\/i>\u00ab. Esto dice Octavio Paz, y esto hace en su libro Virginia Janza. Pandora, Prosperina, Galatea; Prometeo, Hades, Hermes: m\u00e1scaras que se prueban, a sabiendas o no, y que nos hacen repetir, tr\u00e1gicamente, historias aprendidas, arquet\u00edpicas. \u00bfC\u00f3mo escapar? \u00bfC\u00f3mo seguir buscando? \u00bfC\u00f3mo saber qu\u00e9 es lo real, o lo propio?<\/p>\n<p class=\"plano\">\u00ab-<i>Ay, si s\u00f3lo pudiera hallar un lugar nuevo<br \/>\nnunca antes explorado&#8230;<\/i>&#8211;<br \/>\nConformaba a los insectos<br \/>\nde sangre roja, anticuada<br \/>\n(y Rilke aconsejando<br \/>\nempezar desde adentro).\u00bb<\/p>\n<p class=\"plano\">Este libro-viaje entrelaza lo m\u00e1s \u00edntimo con lo social, lo peque\u00f1o con lo enorme, la b\u00fasqueda original en la lengua cotidiana con lugares revisados de la literatura cl\u00e1sica, y as\u00ed logra una voz precisa y potente, profunda y pr\u00edstina, que se atreve y a la vez se esperanza en intentar lo imposible, lo propio de la poes\u00eda, decir lo que no se puede, contar, otra vez, la traves\u00eda del amor.<\/p>\n<p class=\"plano\" style=\"text-align: right;\">Karina Macci\u00f3<\/p>\n<p class=\"plano\" style=\"text-align: left;\"><span style=\"text-decoration: underline;\"><strong>Contenido sobre La cajita de Pandora<\/strong><\/span><\/p>\n<p class=\"plano\" style=\"text-align: left;\"><ul class = \"posts-by-tag-list\"><li class=\"posts-by-tag-item Bengala Hotel Eugenia Coiro Gabriela Tavolara Karina Macci\u00f3 La Cajita de Pandora La P\u00e9rdida o La Perdida L\u00e9ame Lorena Garc\u00eda Minuto Fuego Nicol\u00e1s Di Candia Peligrosa Horizontal Strip-Dancer Viajera Virginia Janza\" id=\"posts-by-tag-item-2248\"><a class = \"posts-by-tag-item-title\" href=\"https:\/\/viajeraeditorial.ar\/blog\/2014\/12\/cronicas-viajeras-por-carolina-calvo\/\">Cr\u00f3nicas viajeras, por Carolina Calvo<\/a><\/li><li class=\"posts-by-tag-item Apariciones P\u00fablicas La Cajita de Pandora Lado G\u00e9minis Virginia Janza\" id=\"posts-by-tag-item-2044\"><a class = \"posts-by-tag-item-title\" href=\"https:\/\/viajeraeditorial.ar\/blog\/2014\/01\/entrevista-a-virginia-janza-en-lamula-pe\/\">Entrevista a Virginia Janza en LaMula.pe<\/a><\/li><li class=\"posts-by-tag-item La Cajita de Pandora Viajera Virginia Janza\" id=\"posts-by-tag-item-1333\"><a class = \"posts-by-tag-item-title\" href=\"https:\/\/viajeraeditorial.ar\/blog\/2013\/07\/virginia-janza-violeta-magenta\/\">Virginia Janza: Violeta Magenta<\/a><\/li><li class=\"posts-by-tag-item La Cajita de Pandora Lado G\u00e9minis Virginia Janza\" id=\"posts-by-tag-item-1469\"><a class = \"posts-by-tag-item-title\" href=\"https:\/\/viajeraeditorial.ar\/blog\/2013\/01\/lado-geminis-de-virginia-janza-en-las-12\/\">Lado G\u00e9minis de Virginia Janza en Las 12!<\/a><\/li><li class=\"posts-by-tag-item La Cajita de Pandora Lado G\u00e9minis Viajera Visita Virginia Janza\" id=\"posts-by-tag-item-1589\"><a class = \"posts-by-tag-item-title\" href=\"https:\/\/viajeraeditorial.ar\/blog\/2012\/11\/virginia-janza-en-viajera-visita\/\">Virginia Janza en Viajera Visita<\/a><\/li><li class=\"posts-by-tag-item La Cajita de Pandora Lado G\u00e9minis Viajera Visita Virginia Janza\" id=\"posts-by-tag-item-1677\"><a class = \"posts-by-tag-item-title\" href=\"https:\/\/viajeraeditorial.ar\/blog\/2012\/09\/virginia-janza-en-viajera-visita-2\/\">Virginia Janza en Viajera Visita<\/a><\/li><li class=\"posts-by-tag-item An\u00edbal Ilguisonis Cecilia Maugeri clin caja Karina Macci\u00f3 La Cajita de Pandora La P\u00e9rdida o La Perdida malapalabra Virginia Janza\" id=\"posts-by-tag-item-1888\"><a class = \"posts-by-tag-item-title\" href=\"https:\/\/viajeraeditorial.ar\/blog\/2011\/10\/viajera-en-el-periodico-de-poesia-de-la-unam-mexico\/\">Viajera en el Peri\u00f3dico de Poes\u00eda de la UNAM (M\u00e9xico)<\/a><\/li><li class=\"posts-by-tag-item An\u00edbal Ilguisonis Carlos Battilana Casa de Viaje Cecilia Maugeri clin caja Estuche negro Karina Macci\u00f3 La Cajita de Pandora La P\u00e9rdida o La Perdida La Playa Lengua Espiral Loreley El Jaber malapalabra Mar\u00eda Victoria Verzura Natalia Monsegur Perla Ericl\u00e9e Quinteros Presente Continuo Ricardo Czikk Sentir \u00d3seo Virginia Janza visitante\/the visitor\" id=\"posts-by-tag-item-1941\"><a class = \"posts-by-tag-item-title\" href=\"https:\/\/viajeraeditorial.ar\/blog\/2010\/11\/este-martes-23-de-noviembre-leemos-en-la-casa\/\">Este martes 23 de noviembre leemos en la Casa!<\/a><\/li><li class=\"posts-by-tag-item An\u00edbal Ilguisonis Carlos Battilana Casa de Viaje Cecilia Maugeri clin caja Estuche negro herpes Karina Macci\u00f3 La Cajita de Pandora La P\u00e9rdida o La Perdida La Playa Lengua Espiral Loreley El Jaber malapalabra Mana Mar\u00eda Victoria Verzura Natalia Monsegur Perla Ericl\u00e9e Quinteros Presente Continuo Ricardo Czikk Sentir \u00d3seo Virginia Janza visitante\/the visitor\" id=\"posts-by-tag-item-1946\"><a class = \"posts-by-tag-item-title\" href=\"https:\/\/viajeraeditorial.ar\/blog\/2010\/11\/viajera-visita-la-casa-de-la-lectura-3\/\">Viajera visita la Casa de la Lectura<\/a><\/li><li class=\"posts-by-tag-item An\u00edbal Ilguisonis Cecilia Maugeri clin caja Estuche negro herpes Karina Macci\u00f3 La Cajita de Pandora La P\u00e9rdida o La Perdida La Playa Lengua Espiral Loreley El Jaber malapalabra Mana Mar\u00eda Victoria Verzura Perla Ericl\u00e9e Quinteros Ricardo Czikk Sentir \u00d3seo Virginia Janza\" id=\"posts-by-tag-item-2012\"><a class = \"posts-by-tag-item-title\" href=\"https:\/\/viajeraeditorial.ar\/blog\/2010\/05\/viajera-en-el-festival-buen-dia\/\">Viajera en el festival Buen D\u00eda!<\/a><\/li><li class=\"posts-by-tag-item An\u00edbal Ilguisonis Cecilia Maugeri clin caja Estuche negro herpes Karina Macci\u00f3 La Cajita de Pandora La P\u00e9rdida o La Perdida La Playa Lengua Espiral Loreley El Jaber malapalabra Mana Mar\u00eda Victoria Verzura Perla Ericl\u00e9e Quinteros Ricardo Czikk Sentir \u00d3seo Viajera Visita Virginia Janza\" id=\"posts-by-tag-item-2026\"><a class = \"posts-by-tag-item-title\" href=\"https:\/\/viajeraeditorial.ar\/blog\/2010\/04\/2026\/\">Viajera Visita Garrick<\/a><\/li><li class=\"posts-by-tag-item An\u00edbal Ilguisonis Cecilia Maugeri clin caja Estuche negro Karina Macci\u00f3 La Cajita de Pandora La P\u00e9rdida o La Perdida malapalabra Ricardo Czikk Viajera Visita Virginia Janza\" id=\"posts-by-tag-item-2028\"><a class = \"posts-by-tag-item-title\" href=\"https:\/\/viajeraeditorial.ar\/blog\/2009\/11\/viajera-editorial-en-la-casa-de-la-lectura\/\">Viajera Editorial en la Casa de la Lectura<\/a><\/li><\/ul><\/p>\n","protected":false},"excerpt":{"rendered":"<p>Virginia Janza, 2008 ISBN: 978-987-24360-1-8 64 p. \/ tambi\u00e9n edici\u00f3n Virtual \u00abNegaci\u00f3n de la religi\u00f3n: pasi\u00f3n por la religi\u00f3n. Cada poeta inventa su propia mitolog\u00eda y cada una de esas mitolog\u00edas es una mezcla de creencias dispares, mitos desenterrados y obsesiones personales\u00ab. Esto dice Octavio Paz, y esto hace en su libro Virginia Janza. Pandora, [&hellip;]<\/p>\n","protected":false},"author":3,"featured_media":0,"parent":30,"menu_order":1,"comment_status":"closed","ping_status":"open","template":"","meta":[],"_links":{"self":[{"href":"https:\/\/viajeraeditorial.ar\/blog\/wp-json\/wp\/v2\/pages\/214"}],"collection":[{"href":"https:\/\/viajeraeditorial.ar\/blog\/wp-json\/wp\/v2\/pages"}],"about":[{"href":"https:\/\/viajeraeditorial.ar\/blog\/wp-json\/wp\/v2\/types\/page"}],"author":[{"embeddable":true,"href":"https:\/\/viajeraeditorial.ar\/blog\/wp-json\/wp\/v2\/users\/3"}],"replies":[{"embeddable":true,"href":"https:\/\/viajeraeditorial.ar\/blog\/wp-json\/wp\/v2\/comments?post=214"}],"version-history":[{"count":6,"href":"https:\/\/viajeraeditorial.ar\/blog\/wp-json\/wp\/v2\/pages\/214\/revisions"}],"predecessor-version":[{"id":2312,"href":"https:\/\/viajeraeditorial.ar\/blog\/wp-json\/wp\/v2\/pages\/214\/revisions\/2312"}],"up":[{"embeddable":true,"href":"https:\/\/viajeraeditorial.ar\/blog\/wp-json\/wp\/v2\/pages\/30"}],"wp:attachment":[{"href":"https:\/\/viajeraeditorial.ar\/blog\/wp-json\/wp\/v2\/media?parent=214"}],"curies":[{"name":"wp","href":"https:\/\/api.w.org\/{rel}","templated":true}]}}