{"id":219,"date":"2015-04-20T16:51:35","date_gmt":"2015-04-20T19:51:35","guid":{"rendered":"http:\/\/www.viajeraeditorial.com.ar\/?page_id=219"},"modified":"2015-06-14T23:56:29","modified_gmt":"2015-06-15T02:56:29","slug":"clin-caja","status":"publish","type":"page","link":"https:\/\/viajeraeditorial.ar\/blog\/descubrir\/clin-caja\/","title":{"rendered":"clin caja"},"content":{"rendered":"<p class=\"plano\"><a href=\"http:\/\/www.viajeraeditorial.ar\/blog\/wp-content\/uploads\/2015\/04\/clincaja.png\"><img loading=\"lazy\" class=\"alignleft wp-image-220 size-full\" title=\"clin caja\" src=\"http:\/\/www.viajeraeditorial.ar\/blog\/wp-content\/uploads\/2015\/04\/clincaja.png\" alt=\"clin caja\" width=\"224\" height=\"340\" \/><\/a><a href=\"http:\/\/www.viajeraeditorial.ar\/blog\/autores\/anibal-ilguisonis\/\">An\u00edbal Ilguisonis<\/a>, 2009<br \/>\nISBN: 978-987-24360-2-5<br \/>\n64 p.<\/p>\n<p class=\"plano\">Un lector, devenido m\u00e1quina de registrar, pero aun m\u00e1s, m\u00e1quina po\u00e9tica \u2013ya que su registro tiene que ver con la lengua y la generaci\u00f3n de un ritmo\u2013 no dejar\u00e1 de re-crear di\u00e1logos, momentos y hasta g\u00e9neros literarios, para arrojar su visi\u00f3n, con sonido met\u00e1lico y gusto \u00e1cido: una combinaci\u00f3n corrosiva de palabras que van contando c\u00f3mo el dinero nos atraviesa y nos define, c\u00f3mo nos sumerge en un despiadado sistema binario, donde s\u00f3lo tenemos la fantas\u00eda de las m\u00faltiples opciones, y en el que estamos adentro, o afuera.<\/p>\n<p class=\"style3\">\u00abmundo caja<br \/>\npienso cajas<br \/>\nsue\u00f1o cajas<br \/>\ncaja cerrada<br \/>\ncaja que cierra<br \/>\ncaja abierta<br \/>\ncaja de madera<br \/>\ncaja chica<br \/>\ncaja fuerte<br \/>\ncabeza de caja<br \/>\nuna presi\u00f3n terrible en mi cabeza chica fuerte herm\u00e9trica pl\u00e1stica<br \/>\nde cart\u00f3n aislada a punto de estallar<br \/>\n<span class=\"style3\">\u00a0 \u00a0 \u00a0 \u00a0 \u00a0 \u00a0 \u00a0 \u00a0 \u00a0 \u00a0 \u00a0 \u00a0 \u00a0 \u00a0 \u00a0 \u00a0 \u00a0 \u00a0 \u00a0 \u00a0 \u00a0 \u00a0 \u00a0 \u00a0 \u00a0 \u00a0 \u00a0<\/span><em>clinnnn<\/em>\u00ab<\/p>\n<p class=\"plano\" style=\"text-align: right;\">Karina Macci\u00f3<\/p>\n<p class=\"plano\"><span style=\"text-decoration: underline;\"><strong>Contenido sobre <em>clin caja<\/em><\/strong><\/span><\/p>\n<p class=\"plano\"><ul class = \"posts-by-tag-list\"><li class=\"posts-by-tag-item An\u00edbal Ilguisonis clin caja Viajera Viajera inspira\" id=\"posts-by-tag-item-973\"><a class = \"posts-by-tag-item-title\" href=\"https:\/\/viajeraeditorial.ar\/blog\/2013\/12\/viajera-inspira-en-el-colegio-mariano-lattner\/\">Viajera Inspira en el colegio - Mariano Lattner<\/a><\/li><li class=\"posts-by-tag-item An\u00edbal Ilguisonis clin caja Viajera\" id=\"posts-by-tag-item-1142\"><a class = \"posts-by-tag-item-title\" href=\"https:\/\/viajeraeditorial.ar\/blog\/2013\/10\/muchas-gracias-incluido-en-clin-caja-de-anibal-ilguisonis\/\">\"muchas gracias\" incluido en \"clin caja\" de An\u00edbal Ilguisonis<\/a><\/li><li class=\"posts-by-tag-item Amor An\u00edbal Ilguisonis clin caja Viajera\" id=\"posts-by-tag-item-1298\"><a class = \"posts-by-tag-item-title\" href=\"https:\/\/viajeraeditorial.ar\/blog\/2013\/08\/el-amor-en-viajera-anibal-ilguisonis\/\">El Amor en Viajera - An\u00edbal Ilguisonis<\/a><\/li><li class=\"posts-by-tag-item An\u00edbal Ilguisonis clin caja Viajera\" id=\"posts-by-tag-item-1338\"><a class = \"posts-by-tag-item-title\" href=\"https:\/\/viajeraeditorial.ar\/blog\/2013\/07\/anibal-ilguisonis-plateado\/\">An\u00edbal Ilguisonis: Plateado<\/a><\/li><li class=\"posts-by-tag-item An\u00edbal Ilguisonis clin caja Viajera Visita\" id=\"posts-by-tag-item-1568\"><a class = \"posts-by-tag-item-title\" href=\"https:\/\/viajeraeditorial.ar\/blog\/2012\/11\/anibal-ilguisonis-en-viajera-visita\/\">An\u00edbal Ilguisonis en Viajera Visita<\/a><\/li><li class=\"posts-by-tag-item An\u00edbal Ilguisonis Cecilia Maugeri clin caja Karina Macci\u00f3 La Cajita de Pandora La P\u00e9rdida o La Perdida malapalabra Virginia Janza\" id=\"posts-by-tag-item-1888\"><a class = \"posts-by-tag-item-title\" href=\"https:\/\/viajeraeditorial.ar\/blog\/2011\/10\/viajera-en-el-periodico-de-poesia-de-la-unam-mexico\/\">Viajera en el Peri\u00f3dico de Poes\u00eda de la UNAM (M\u00e9xico)<\/a><\/li><li class=\"posts-by-tag-item An\u00edbal Ilguisonis Carlos Battilana Casa de Viaje Cecilia Maugeri clin caja Estuche negro Karina Macci\u00f3 La Cajita de Pandora La P\u00e9rdida o La Perdida La Playa Lengua Espiral Loreley El Jaber malapalabra Mar\u00eda Victoria Verzura Natalia Monsegur Perla Ericl\u00e9e Quinteros Presente Continuo Ricardo Czikk Sentir \u00d3seo Virginia Janza visitante\/the visitor\" id=\"posts-by-tag-item-1941\"><a class = \"posts-by-tag-item-title\" href=\"https:\/\/viajeraeditorial.ar\/blog\/2010\/11\/este-martes-23-de-noviembre-leemos-en-la-casa\/\">Este martes 23 de noviembre leemos en la Casa!<\/a><\/li><li class=\"posts-by-tag-item An\u00edbal Ilguisonis Carlos Battilana Casa de Viaje Cecilia Maugeri clin caja Estuche negro herpes Karina Macci\u00f3 La Cajita de Pandora La P\u00e9rdida o La Perdida La Playa Lengua Espiral Loreley El Jaber malapalabra Mana Mar\u00eda Victoria Verzura Natalia Monsegur Perla Ericl\u00e9e Quinteros Presente Continuo Ricardo Czikk Sentir \u00d3seo Virginia Janza visitante\/the visitor\" id=\"posts-by-tag-item-1946\"><a class = \"posts-by-tag-item-title\" href=\"https:\/\/viajeraeditorial.ar\/blog\/2010\/11\/viajera-visita-la-casa-de-la-lectura-3\/\">Viajera visita la Casa de la Lectura<\/a><\/li><li class=\"posts-by-tag-item An\u00edbal Ilguisonis Cecilia Maugeri clin caja Estuche negro herpes Karina Macci\u00f3 La Cajita de Pandora La P\u00e9rdida o La Perdida La Playa Lengua Espiral Loreley El Jaber malapalabra Mana Mar\u00eda Victoria Verzura Perla Ericl\u00e9e Quinteros Ricardo Czikk Sentir \u00d3seo Virginia Janza\" id=\"posts-by-tag-item-2012\"><a class = \"posts-by-tag-item-title\" href=\"https:\/\/viajeraeditorial.ar\/blog\/2010\/05\/viajera-en-el-festival-buen-dia\/\">Viajera en el festival Buen D\u00eda!<\/a><\/li><li class=\"posts-by-tag-item An\u00edbal Ilguisonis Cecilia Maugeri clin caja Estuche negro herpes Karina Macci\u00f3 La Cajita de Pandora La P\u00e9rdida o La Perdida La Playa Lengua Espiral Loreley El Jaber malapalabra Mana Mar\u00eda Victoria Verzura Perla Ericl\u00e9e Quinteros Ricardo Czikk Sentir \u00d3seo Viajera Visita Virginia Janza\" id=\"posts-by-tag-item-2026\"><a class = \"posts-by-tag-item-title\" href=\"https:\/\/viajeraeditorial.ar\/blog\/2010\/04\/2026\/\">Viajera Visita Garrick<\/a><\/li><li class=\"posts-by-tag-item An\u00edbal Ilguisonis Cecilia Maugeri clin caja Estuche negro Karina Macci\u00f3 La Cajita de Pandora La P\u00e9rdida o La Perdida malapalabra Ricardo Czikk Viajera Visita Virginia Janza\" id=\"posts-by-tag-item-2028\"><a class = \"posts-by-tag-item-title\" href=\"https:\/\/viajeraeditorial.ar\/blog\/2009\/11\/viajera-editorial-en-la-casa-de-la-lectura\/\">Viajera Editorial en la Casa de la Lectura<\/a><\/li><\/ul><\/p>\n","protected":false},"excerpt":{"rendered":"<p>An\u00edbal Ilguisonis, 2009 ISBN: 978-987-24360-2-5 64 p. Un lector, devenido m\u00e1quina de registrar, pero aun m\u00e1s, m\u00e1quina po\u00e9tica \u2013ya que su registro tiene que ver con la lengua y la generaci\u00f3n de un ritmo\u2013 no dejar\u00e1 de re-crear di\u00e1logos, momentos y hasta g\u00e9neros literarios, para arrojar su visi\u00f3n, con sonido met\u00e1lico y gusto \u00e1cido: una [&hellip;]<\/p>\n","protected":false},"author":3,"featured_media":0,"parent":30,"menu_order":2,"comment_status":"closed","ping_status":"open","template":"","meta":[],"_links":{"self":[{"href":"https:\/\/viajeraeditorial.ar\/blog\/wp-json\/wp\/v2\/pages\/219"}],"collection":[{"href":"https:\/\/viajeraeditorial.ar\/blog\/wp-json\/wp\/v2\/pages"}],"about":[{"href":"https:\/\/viajeraeditorial.ar\/blog\/wp-json\/wp\/v2\/types\/page"}],"author":[{"embeddable":true,"href":"https:\/\/viajeraeditorial.ar\/blog\/wp-json\/wp\/v2\/users\/3"}],"replies":[{"embeddable":true,"href":"https:\/\/viajeraeditorial.ar\/blog\/wp-json\/wp\/v2\/comments?post=219"}],"version-history":[{"count":4,"href":"https:\/\/viajeraeditorial.ar\/blog\/wp-json\/wp\/v2\/pages\/219\/revisions"}],"predecessor-version":[{"id":2313,"href":"https:\/\/viajeraeditorial.ar\/blog\/wp-json\/wp\/v2\/pages\/219\/revisions\/2313"}],"up":[{"embeddable":true,"href":"https:\/\/viajeraeditorial.ar\/blog\/wp-json\/wp\/v2\/pages\/30"}],"wp:attachment":[{"href":"https:\/\/viajeraeditorial.ar\/blog\/wp-json\/wp\/v2\/media?parent=219"}],"curies":[{"name":"wp","href":"https:\/\/api.w.org\/{rel}","templated":true}]}}