{"id":222,"date":"2015-04-20T16:58:26","date_gmt":"2015-04-20T19:58:26","guid":{"rendered":"http:\/\/www.viajeraeditorial.com.ar\/?page_id=222"},"modified":"2015-08-26T22:45:21","modified_gmt":"2015-08-27T01:45:21","slug":"la-perdida-o-la-perdida","status":"publish","type":"page","link":"https:\/\/viajeraeditorial.ar\/blog\/explorar\/la-perdida-o-la-perdida\/","title":{"rendered":"La P\u00e9rdida o La Perdida"},"content":{"rendered":"<p class=\"plano\"><a href=\"http:\/\/www.viajeraeditorial.ar\/blog\/wp-content\/uploads\/2015\/04\/laperdida.png\"><img loading=\"lazy\" class=\"alignleft wp-image-223 size-full\" src=\"http:\/\/www.viajeraeditorial.ar\/blog\/wp-content\/uploads\/2015\/04\/laperdida.png\" alt=\"La P\u00e9rdida o La Perdida\" width=\"224\" height=\"328\" \/><\/a><a href=\"http:\/\/www.viajeraeditorial.ar\/blog\/autores\/karina-maccio\/\">Karina Macci\u00f3<\/a>, 2008<br \/>\nISBN: 978-987-24360-0-1<br \/>\n192 p. \/ tambi\u00e9n edici\u00f3n virtual<\/p>\n<p class=\"plano\">Como <i>La disaparition<\/i> de George Perec, <i>La p\u00e9rdida o la perdida<\/i> habla de un extrav\u00edo, ya no aqu\u00ed el de una por dem\u00e1s ubicua letra \u00abe\u00bb, sino el de un acento que podr\u00edamos -quiz\u00e1s s\u00f3lo entrecomill\u00e1ndolo- tildar m\u00e1s \u00abde \u00e9poca\u00bb que \u00abde extranjer\u00eda\u00bb.<\/p>\n<p class=\"plano\">Lo que se ha perdido aqu\u00ed es -enhorabuena- el tono de suficiencia -desde la risa postmoderna de los 80 al regodeo en lo vulgar (\u00bfpseudogauchesca urbana?) de la d\u00e9cada siguiente-, de la que Karina Macci\u00f3 siempre supo mantenerse saludablemente a un lado.<\/p>\n<p class=\"plano\">Lo que se encuentra, en cambio, es -enhorabuena- el apunte minucioso de una experiencia extrema. Es decir, precisamente eso que -(n)os guste o no- ha hecho siempre (a) la gran literatura: dar lugar al fluir de una conciencia que necesita arrojo por dem\u00e1s para escucharse y enfrentarse a s\u00ed misma.<\/p>\n<p class=\"plano\">\u00abPoes\u00eda urgente\u00bb, \u00abPoes\u00eda necesaria como el pan de cada d\u00eda\u00bb, como dir\u00eda Gabriel Celaya, no tanto aqu\u00ed por pol\u00edtica denuncia de una devastaci\u00f3n social y comunal, como por \u00edntima biopsia e indagaci\u00f3n del ser y estar, y del perderse y desaparecer y reeencontrarse, frente a ese espejo que siempre es uno y&#8230; el otro m\u00e1s entra\u00f1able.<\/p>\n<p class=\"plano\">Esa otra pol\u00edtica, esa otra est\u00e9tica, ese humanismo.<\/p>\n<p class=\"plano\" style=\"text-align: right;\" align=\"right\"><em>Mercedes Roff\u00e9<\/em><\/p>\n<p class=\"plano\" style=\"text-align: left;\" align=\"right\"><span style=\"text-decoration: underline;\"><strong>Contenido sobre La P\u00e9rdida o La Perdida<\/strong><\/span><\/p>\n<p class=\"plano\" style=\"text-align: left;\" align=\"right\"><ul class = \"posts-by-tag-list\"><li class=\"posts-by-tag-item Apariciones P\u00fablicas Diario de la Transformaci\u00f3n Karina Macci\u00f3 La P\u00e9rdida o La Perdida\" id=\"posts-by-tag-item-2229\"><a class = \"posts-by-tag-item-title\" href=\"https:\/\/viajeraeditorial.ar\/blog\/2015\/03\/daniel-gigena-entrevista-a-karina-maccio\/\">Daniel Gigena entrevista a Karina Macci\u00f3<\/a><\/li><li class=\"posts-by-tag-item Bengala Hotel Eugenia Coiro Gabriela Tavolara Karina Macci\u00f3 La Cajita de Pandora La P\u00e9rdida o La Perdida L\u00e9ame Lorena Garc\u00eda Minuto Fuego Nicol\u00e1s Di Candia Peligrosa Horizontal Strip-Dancer Viajera Virginia Janza\" id=\"posts-by-tag-item-2248\"><a class = \"posts-by-tag-item-title\" href=\"https:\/\/viajeraeditorial.ar\/blog\/2014\/12\/cronicas-viajeras-por-carolina-calvo\/\">Cr\u00f3nicas viajeras, por Carolina Calvo<\/a><\/li><li class=\"posts-by-tag-item Karina Macci\u00f3 La P\u00e9rdida o La Perdida Viajera\" id=\"posts-by-tag-item-2133\"><a class = \"posts-by-tag-item-title\" href=\"https:\/\/viajeraeditorial.ar\/blog\/2014\/02\/salir-corriendo-karina-maccio\/\">Salir corriendo - Karina Macci\u00f3<\/a><\/li><li class=\"posts-by-tag-item Karina Macci\u00f3 La P\u00e9rdida o La Perdida Ricardo Czikk Viajera\" id=\"posts-by-tag-item-1128\"><a class = \"posts-by-tag-item-title\" href=\"https:\/\/viajeraeditorial.ar\/blog\/2013\/10\/ricardo-czikk-escribe-sobre-la-perdida-o-la-perdida-de-karina-maccio-parte-ii\/\">Ricardo Czikk escribe sobre \"La P\u00e9rdida o la Perdida\", de Karina Macci\u00f3 - Parte II<\/a><\/li><li class=\"posts-by-tag-item Karina Macci\u00f3 La P\u00e9rdida o La Perdida Ricardo Czikk Viajera\" id=\"posts-by-tag-item-1135\"><a class = \"posts-by-tag-item-title\" href=\"https:\/\/viajeraeditorial.ar\/blog\/2013\/10\/ricardo-czikk-escribe-sobre-la-perdida-o-la-perdida-de-karina-maccio\/\">Ricardo Czikk escribe sobre \"La P\u00e9rdida o la perdida\" de Karina Macci\u00f3<\/a><\/li><li class=\"posts-by-tag-item Karina Macci\u00f3 La P\u00e9rdida o La Perdida Viajera\" id=\"posts-by-tag-item-1173\"><a class = \"posts-by-tag-item-title\" href=\"https:\/\/viajeraeditorial.ar\/blog\/2013\/09\/mercedes-roffe-escribe-sobre-la-perdida-o-la-perdidade-karina-maccio\/\">Mercedes Roff\u00e9 escribe sobre \"La p\u00e9rdida o la perdida\"de Karina Macci\u00f3<\/a><\/li><li class=\"posts-by-tag-item Diario de la Transformaci\u00f3n Karina Macci\u00f3 La P\u00e9rdida o La Perdida Viajera Visita\" id=\"posts-by-tag-item-1573\"><a class = \"posts-by-tag-item-title\" href=\"https:\/\/viajeraeditorial.ar\/blog\/2012\/11\/karina-maccio-en-viajera-visita\/\">Karina Macci\u00f3 en Viajera Visita<\/a><\/li><li class=\"posts-by-tag-item Diario de la Transformaci\u00f3n Karina Macci\u00f3 La P\u00e9rdida o La Perdida\" id=\"posts-by-tag-item-1714\"><a class = \"posts-by-tag-item-title\" href=\"https:\/\/viajeraeditorial.ar\/blog\/2012\/08\/karina-maccio-bonus-track-en-viajera-visita\/\">Karina Macci\u00f3: bonus track en Viajera Visita<\/a><\/li><li class=\"posts-by-tag-item Apariciones P\u00fablicas Karina Macci\u00f3 La P\u00e9rdida o La Perdida\" id=\"posts-by-tag-item-1782\"><a class = \"posts-by-tag-item-title\" href=\"https:\/\/viajeraeditorial.ar\/blog\/2012\/06\/la-perdida-en-casa-brandon-este-viernes\/\">La Perdida en Casa Brandon este viernes<\/a><\/li><li class=\"posts-by-tag-item An\u00edbal Ilguisonis Cecilia Maugeri clin caja Karina Macci\u00f3 La Cajita de Pandora La P\u00e9rdida o La Perdida malapalabra Virginia Janza\" id=\"posts-by-tag-item-1888\"><a class = \"posts-by-tag-item-title\" href=\"https:\/\/viajeraeditorial.ar\/blog\/2011\/10\/viajera-en-el-periodico-de-poesia-de-la-unam-mexico\/\">Viajera en el Peri\u00f3dico de Poes\u00eda de la UNAM (M\u00e9xico)<\/a><\/li><li class=\"posts-by-tag-item An\u00edbal Ilguisonis Carlos Battilana Casa de Viaje Cecilia Maugeri clin caja Estuche negro Karina Macci\u00f3 La Cajita de Pandora La P\u00e9rdida o La Perdida La Playa Lengua Espiral Loreley El Jaber malapalabra Mar\u00eda Victoria Verzura Natalia Monsegur Perla Ericl\u00e9e Quinteros Presente Continuo Ricardo Czikk Sentir \u00d3seo Virginia Janza visitante\/the visitor\" id=\"posts-by-tag-item-1941\"><a class = \"posts-by-tag-item-title\" href=\"https:\/\/viajeraeditorial.ar\/blog\/2010\/11\/este-martes-23-de-noviembre-leemos-en-la-casa\/\">Este martes 23 de noviembre leemos en la Casa!<\/a><\/li><li class=\"posts-by-tag-item An\u00edbal Ilguisonis Carlos Battilana Casa de Viaje Cecilia Maugeri clin caja Estuche negro herpes Karina Macci\u00f3 La Cajita de Pandora La P\u00e9rdida o La Perdida La Playa Lengua Espiral Loreley El Jaber malapalabra Mana Mar\u00eda Victoria Verzura Natalia Monsegur Perla Ericl\u00e9e Quinteros Presente Continuo Ricardo Czikk Sentir \u00d3seo Virginia Janza visitante\/the visitor\" id=\"posts-by-tag-item-1946\"><a class = \"posts-by-tag-item-title\" href=\"https:\/\/viajeraeditorial.ar\/blog\/2010\/11\/viajera-visita-la-casa-de-la-lectura-3\/\">Viajera visita la Casa de la Lectura<\/a><\/li><li class=\"posts-by-tag-item An\u00edbal Ilguisonis Cecilia Maugeri clin caja Estuche negro herpes Karina Macci\u00f3 La Cajita de Pandora La P\u00e9rdida o La Perdida La Playa Lengua Espiral Loreley El Jaber malapalabra Mana Mar\u00eda Victoria Verzura Perla Ericl\u00e9e Quinteros Ricardo Czikk Sentir \u00d3seo Virginia Janza\" id=\"posts-by-tag-item-2012\"><a class = \"posts-by-tag-item-title\" href=\"https:\/\/viajeraeditorial.ar\/blog\/2010\/05\/viajera-en-el-festival-buen-dia\/\">Viajera en el festival Buen D\u00eda!<\/a><\/li><li class=\"posts-by-tag-item An\u00edbal Ilguisonis Cecilia Maugeri clin caja Estuche negro herpes Karina Macci\u00f3 La Cajita de Pandora La P\u00e9rdida o La Perdida La Playa Lengua Espiral Loreley El Jaber malapalabra Mana Mar\u00eda Victoria Verzura Perla Ericl\u00e9e Quinteros Ricardo Czikk Sentir \u00d3seo Viajera Visita Virginia Janza\" id=\"posts-by-tag-item-2026\"><a class = \"posts-by-tag-item-title\" href=\"https:\/\/viajeraeditorial.ar\/blog\/2010\/04\/2026\/\">Viajera Visita Garrick<\/a><\/li><li class=\"posts-by-tag-item An\u00edbal Ilguisonis Cecilia Maugeri clin caja Estuche negro Karina Macci\u00f3 La Cajita de Pandora La P\u00e9rdida o La Perdida malapalabra Ricardo Czikk Viajera Visita Virginia Janza\" id=\"posts-by-tag-item-2028\"><a class = \"posts-by-tag-item-title\" href=\"https:\/\/viajeraeditorial.ar\/blog\/2009\/11\/viajera-editorial-en-la-casa-de-la-lectura\/\">Viajera Editorial en la Casa de la Lectura<\/a><\/li><\/ul><\/p>\n","protected":false},"excerpt":{"rendered":"<p>Karina Macci\u00f3, 2008 ISBN: 978-987-24360-0-1 192 p. \/ tambi\u00e9n edici\u00f3n virtual Como La disaparition de George Perec, La p\u00e9rdida o la perdida habla de un extrav\u00edo, ya no aqu\u00ed el de una por dem\u00e1s ubicua letra \u00abe\u00bb, sino el de un acento que podr\u00edamos -quiz\u00e1s s\u00f3lo entrecomill\u00e1ndolo- tildar m\u00e1s \u00abde \u00e9poca\u00bb que \u00abde extranjer\u00eda\u00bb. Lo [&hellip;]<\/p>\n","protected":false},"author":3,"featured_media":0,"parent":32,"menu_order":1,"comment_status":"closed","ping_status":"open","template":"","meta":[],"_links":{"self":[{"href":"https:\/\/viajeraeditorial.ar\/blog\/wp-json\/wp\/v2\/pages\/222"}],"collection":[{"href":"https:\/\/viajeraeditorial.ar\/blog\/wp-json\/wp\/v2\/pages"}],"about":[{"href":"https:\/\/viajeraeditorial.ar\/blog\/wp-json\/wp\/v2\/types\/page"}],"author":[{"embeddable":true,"href":"https:\/\/viajeraeditorial.ar\/blog\/wp-json\/wp\/v2\/users\/3"}],"replies":[{"embeddable":true,"href":"https:\/\/viajeraeditorial.ar\/blog\/wp-json\/wp\/v2\/comments?post=222"}],"version-history":[{"count":6,"href":"https:\/\/viajeraeditorial.ar\/blog\/wp-json\/wp\/v2\/pages\/222\/revisions"}],"predecessor-version":[{"id":2336,"href":"https:\/\/viajeraeditorial.ar\/blog\/wp-json\/wp\/v2\/pages\/222\/revisions\/2336"}],"up":[{"embeddable":true,"href":"https:\/\/viajeraeditorial.ar\/blog\/wp-json\/wp\/v2\/pages\/32"}],"wp:attachment":[{"href":"https:\/\/viajeraeditorial.ar\/blog\/wp-json\/wp\/v2\/media?parent=222"}],"curies":[{"name":"wp","href":"https:\/\/api.w.org\/{rel}","templated":true}]}}