{"id":34,"date":"2015-03-02T18:31:13","date_gmt":"2015-03-02T21:31:13","guid":{"rendered":"http:\/\/www.viajeraeditorial.com.ar\/?page_id=34"},"modified":"2016-05-09T21:08:22","modified_gmt":"2016-05-10T00:08:22","slug":"bifida","status":"publish","type":"page","link":"https:\/\/viajeraeditorial.ar\/blog\/bifida\/","title":{"rendered":"B\u00edfida"},"content":{"rendered":"<p class=\"cartabold\"><b><em>B\u00edfida<\/em>: textos doble lengua\/lengua doble<\/b><\/p>\n<p class=\"plano\">Una colecci\u00f3n que busca abrir los textos y sumergirse en ellos con el eco de un canto extra\u00f1o en los o\u00eddos. Un desaf\u00edo para el autor y para el traductor. Un libro doble-lengua para m\u00e1s lectores. Una aventura de las palabras. Y siempre la poes\u00eda, que resiste, dura y brillante como una perla, como el sue\u00f1o de piedra del que hablaba Baudelaire.<\/p>\n<p class=\"plano\">T\u00edtulos B\u00edfida:<\/p>\n<div id='gallery-2' class='gallery galleryid-34 gallery-columns-4 gallery-size-full'><figure class='gallery-item'>\n\t\t\t<div class='gallery-icon portrait'>\n\t\t\t\t<a href=\"http:\/\/www.viajeraeditorial.ar\/blog\/bifida\/habitar-mi-camino-dwelling-my-path\/\" class=\"no-lightbox\"><img width=\"200\" height=\"300\" src=\"https:\/\/viajeraeditorial.ar\/blog\/wp-content\/uploads\/2015\/05\/habitarmitapa_tn.jpg\" class=\"attachment-full size-full\" alt=\"Habitar mi camino \/ Dwelling my path\" loading=\"lazy\" \/><\/a>\n\t\t\t<\/div><\/figure><figure class='gallery-item'>\n\t\t\t<div class='gallery-icon portrait'>\n\t\t\t\t<a href=\"http:\/\/www.viajeraeditorial.ar\/blog\/bifida\/mis-peores-poemas-de-amor-my-worst-love-poems\/\" class=\"no-lightbox\"><img width=\"200\" height=\"300\" src=\"https:\/\/viajeraeditorial.ar\/blog\/wp-content\/uploads\/2015\/05\/mispeorestapa_tn.jpg\" class=\"attachment-full size-full\" alt=\"Mis Peores Poemas de Amor \/ My Worst Love Poems\" loading=\"lazy\" \/><\/a>\n\t\t\t<\/div><\/figure><figure class='gallery-item'>\n\t\t\t<div class='gallery-icon portrait'>\n\t\t\t\t<a href=\"http:\/\/www.viajeraeditorial.ar\/blog\/bifida\/sueno-con-africa-dream-of-africa-reve-dafrique\/\" class=\"no-lightbox\"><img width=\"200\" height=\"300\" src=\"https:\/\/viajeraeditorial.ar\/blog\/wp-content\/uploads\/2015\/05\/suenotapa_tn.jpg\" class=\"attachment-full size-full\" alt=\"Sue\u00f1o con \u00c1frica \/ Dream of Africa \/ R\u00eave d\u2019Afrique\" loading=\"lazy\" \/><\/a>\n\t\t\t<\/div><\/figure><figure class='gallery-item'>\n\t\t\t<div class='gallery-icon portrait'>\n\t\t\t\t<a href=\"http:\/\/www.viajeraeditorial.ar\/blog\/bifida\/visitantethe-visitor\/\" class=\"no-lightbox\"><img width=\"200\" height=\"300\" src=\"https:\/\/viajeraeditorial.ar\/blog\/wp-content\/uploads\/2015\/05\/visitante_tn.jpg\" class=\"attachment-full size-full\" alt=\"visitante \/ the visitor\" loading=\"lazy\" \/><\/a>\n\t\t\t<\/div><\/figure>\n\t\t<\/div>\n\n<p>&nbsp;<\/p>\n","protected":false},"excerpt":{"rendered":"<p>B\u00edfida: textos doble lengua\/lengua doble Una colecci\u00f3n que busca abrir los textos y sumergirse en ellos con el eco de un canto extra\u00f1o en los o\u00eddos. Un desaf\u00edo para el autor y para el traductor. Un libro doble-lengua para m\u00e1s lectores. Una aventura de las palabras. Y siempre la poes\u00eda, que resiste, dura y brillante [&hellip;]<\/p>\n","protected":false},"author":3,"featured_media":0,"parent":0,"menu_order":4,"comment_status":"closed","ping_status":"closed","template":"","meta":[],"_links":{"self":[{"href":"https:\/\/viajeraeditorial.ar\/blog\/wp-json\/wp\/v2\/pages\/34"}],"collection":[{"href":"https:\/\/viajeraeditorial.ar\/blog\/wp-json\/wp\/v2\/pages"}],"about":[{"href":"https:\/\/viajeraeditorial.ar\/blog\/wp-json\/wp\/v2\/types\/page"}],"author":[{"embeddable":true,"href":"https:\/\/viajeraeditorial.ar\/blog\/wp-json\/wp\/v2\/users\/3"}],"replies":[{"embeddable":true,"href":"https:\/\/viajeraeditorial.ar\/blog\/wp-json\/wp\/v2\/comments?post=34"}],"version-history":[{"count":7,"href":"https:\/\/viajeraeditorial.ar\/blog\/wp-json\/wp\/v2\/pages\/34\/revisions"}],"predecessor-version":[{"id":8539,"href":"https:\/\/viajeraeditorial.ar\/blog\/wp-json\/wp\/v2\/pages\/34\/revisions\/8539"}],"wp:attachment":[{"href":"https:\/\/viajeraeditorial.ar\/blog\/wp-json\/wp\/v2\/media?parent=34"}],"curies":[{"name":"wp","href":"https:\/\/api.w.org\/{rel}","templated":true}]}}