{"id":351,"date":"2015-05-03T20:27:40","date_gmt":"2015-05-03T23:27:40","guid":{"rendered":"http:\/\/www.viajeraeditorial.com.ar\/?page_id=351"},"modified":"2015-06-14T23:59:48","modified_gmt":"2015-06-15T02:59:48","slug":"presente-continuo","status":"publish","type":"page","link":"https:\/\/viajeraeditorial.ar\/blog\/explorar\/presente-continuo\/","title":{"rendered":"Presente Continuo"},"content":{"rendered":"<p class=\"plano\"><a href=\"http:\/\/www.viajeraeditorial.ar\/blog\/wp-content\/uploads\/2015\/05\/presentecontinuo.jpg\"><img loading=\"lazy\" class=\"alignleft size-full wp-image-579\" src=\"http:\/\/www.viajeraeditorial.ar\/blog\/wp-content\/uploads\/2015\/05\/presentecontinuo.jpg\" alt=\"Presente Continuo\" width=\"322\" height=\"489\" \/><\/a><a href=\"http:\/\/www.viajeraeditorial.ar\/blog\/autores\/carlos-battilana\/\">Carlos Battilana<\/a>, 2010<br \/>\nISBN: 978-987-24360-9-4<br \/>\n80 p.<\/p>\n<p class=\"plano\">\u201cEsa \u00e9poca de la vida en que el pasado empieza a ser denso; en ese punto est\u00e1\u201d.<\/p>\n<p class=\"plano\">En <em>Presente Continuo<\/em> emprendemos, partiendo de ese punto, un intenso recorrido que nos lleva a trav\u00e9s de <em>bosques helados<\/em>, <em>fondos blancos<\/em>, y<em> piedras del cielo<\/em>. En ese viaje percibimos que el tiempo no s\u00f3lo se cuenta y se registra, se repite y se dibuja. El tiempo es una sensaci\u00f3n completa que nos invade en cualquier momento: en la repetida ruta junto a un hermano, en un paseo casual con un hijo, en un asado a campo abierto con toda la familia.<\/p>\n<p class=\"plano\">Carlos Battilana realiza una exploraci\u00f3n necesaria dentro de la propia obra para instaurar un hilo, otro -Ariadna y Minotauro a la vez- que se vibre <em>ahora<\/em> con los <em>tesoros<\/em> y <em>fragmentos<\/em> del pasado. Hay una b\u00fasqueda dentro de la b\u00fasqueda que proyecta con m\u00e1s intensidad lo que persigue esta voz. El poeta se resiste a dejar que las palabras se vuelvan piedras impenetrables, que el tiempo se transforme en un bloque duro que nos aplasta. El poeta vive de su poes\u00eda, se realiza al realizarla, pero tambi\u00e9n busca lo que ella le puede dar: una iluminaci\u00f3n, una justificaci\u00f3n, una belleza y fuerza fugaz.<\/p>\n<p class=\"plano\">\u201cCon las letras de las palabras, ordena el mundo. Pero el mundo est\u00e1 hecho de materias, de desv\u00edos, de bloques irrespirables. En ese af\u00e1n de que las cosas se acomoden a su percepci\u00f3n, se halla, insensato a los signos del mundo.\u201d<\/p>\n<p class=\"plano\" align=\"right\">Karina Macci\u00f3<\/p>\n<p class=\"plano\" style=\"text-align: left;\" align=\"right\"><span style=\"text-decoration: underline;\"><strong>Contenido sobre Presente Continuo<\/strong><\/span><\/p>\n<p class=\"plano\" style=\"text-align: left;\" align=\"right\"><ul class = \"posts-by-tag-list\"><li class=\"posts-by-tag-item Carlos Battilana Presente Continuo Viajera\" id=\"posts-by-tag-item-2176\"><a class = \"posts-by-tag-item-title\" href=\"https:\/\/viajeraeditorial.ar\/blog\/2014\/08\/el-cielo-de-carlos-battilana\/\">El cielo, de Carlos Battilana<\/a><\/li><li class=\"posts-by-tag-item Carlos Battilana Manet Naturaleza muerta. Presente Continuo Viajera\" id=\"posts-by-tag-item-2193\"><a class = \"posts-by-tag-item-title\" href=\"https:\/\/viajeraeditorial.ar\/blog\/2014\/07\/canastos-carlos-battilana\/\">Canastos, Carlos Battilana<\/a><\/li><li class=\"posts-by-tag-item Carlos Battilana Presente Continuo Viajera\" id=\"posts-by-tag-item-2050\"><a class = \"posts-by-tag-item-title\" href=\"https:\/\/viajeraeditorial.ar\/blog\/2014\/06\/estaciones-carlos-battilana\/\">Estaciones, Carlos Battilana<\/a><\/li><li class=\"posts-by-tag-item Carlos Battilana Presente Continuo Viajera\" id=\"posts-by-tag-item-951\"><a class = \"posts-by-tag-item-title\" href=\"https:\/\/viajeraeditorial.ar\/blog\/2014\/01\/colonia-carlos-battilana\/\">Colonia - Carlos Battilana<\/a><\/li><li class=\"posts-by-tag-item Carlos Battilana Presente Continuo Viajera\" id=\"posts-by-tag-item-1147\"><a class = \"posts-by-tag-item-title\" href=\"https:\/\/viajeraeditorial.ar\/blog\/2013\/10\/hay-un-bosque-helado-de-carlos-battilana\/\">\"Hay un bosque helado...\", de Carlos Battilana.<\/a><\/li><li class=\"posts-by-tag-item Carlos Battilana Presente Continuo Viajera\" id=\"posts-by-tag-item-1222\"><a class = \"posts-by-tag-item-title\" href=\"https:\/\/viajeraeditorial.ar\/blog\/2013\/09\/rompecabezas-de-autor-pregunta-karina-maccio-responde-carlos-battilana-parte-ii\/\">Rompecabezas de autor - Pregunta Karina Macci\u00f3. Responde Carlos Battilana. Parte II<\/a><\/li><li class=\"posts-by-tag-item Carlos Battilana Presente Continuo Viajera\" id=\"posts-by-tag-item-1229\"><a class = \"posts-by-tag-item-title\" href=\"https:\/\/viajeraeditorial.ar\/blog\/2013\/09\/rompecabezas-de-autor-pregunta-karina-maccio-responde-carlos-battilana-parte-i\/\">Rompecabezas de autor - Pregunta Karina Macci\u00f3. Responde Carlos Battilana. Parte I<\/a><\/li><li class=\"posts-by-tag-item Carlos Battilana Casa de Viaje Natalia Monsegur Presente Continuo\" id=\"posts-by-tag-item-1919\"><a class = \"posts-by-tag-item-title\" href=\"https:\/\/viajeraeditorial.ar\/blog\/2010\/11\/presentacion-de-nuevos-titulos\/\">Presentaci\u00f3n de nuevos t\u00edtulos<\/a><\/li><li class=\"posts-by-tag-item Carlos Battilana Casa de Viaje Natalia Monsegur Presente Continuo\" id=\"posts-by-tag-item-1929\"><a class = \"posts-by-tag-item-title\" href=\"https:\/\/viajeraeditorial.ar\/blog\/2010\/11\/cronograma-viajero\/\">Cronograma viajero!<\/a><\/li><li class=\"posts-by-tag-item An\u00edbal Ilguisonis Carlos Battilana Casa de Viaje Cecilia Maugeri clin caja Estuche negro Karina Macci\u00f3 La Cajita de Pandora La P\u00e9rdida o La Perdida La Playa Lengua Espiral Loreley El Jaber malapalabra Mar\u00eda Victoria Verzura Natalia Monsegur Perla Ericl\u00e9e Quinteros Presente Continuo Ricardo Czikk Sentir \u00d3seo Virginia Janza visitante\/the visitor\" id=\"posts-by-tag-item-1941\"><a class = \"posts-by-tag-item-title\" href=\"https:\/\/viajeraeditorial.ar\/blog\/2010\/11\/este-martes-23-de-noviembre-leemos-en-la-casa\/\">Este martes 23 de noviembre leemos en la Casa!<\/a><\/li><li class=\"posts-by-tag-item An\u00edbal Ilguisonis Carlos Battilana Casa de Viaje Cecilia Maugeri clin caja Estuche negro herpes Karina Macci\u00f3 La Cajita de Pandora La P\u00e9rdida o La Perdida La Playa Lengua Espiral Loreley El Jaber malapalabra Mana Mar\u00eda Victoria Verzura Natalia Monsegur Perla Ericl\u00e9e Quinteros Presente Continuo Ricardo Czikk Sentir \u00d3seo Virginia Janza visitante\/the visitor\" id=\"posts-by-tag-item-1946\"><a class = \"posts-by-tag-item-title\" href=\"https:\/\/viajeraeditorial.ar\/blog\/2010\/11\/viajera-visita-la-casa-de-la-lectura-3\/\">Viajera visita la Casa de la Lectura<\/a><\/li><\/ul><\/p>\n","protected":false},"excerpt":{"rendered":"<p>Carlos Battilana, 2010 ISBN: 978-987-24360-9-4 80 p. \u201cEsa \u00e9poca de la vida en que el pasado empieza a ser denso; en ese punto est\u00e1\u201d. En Presente Continuo emprendemos, partiendo de ese punto, un intenso recorrido que nos lleva a trav\u00e9s de bosques helados, fondos blancos, y piedras del cielo. En ese viaje percibimos que el [&hellip;]<\/p>\n","protected":false},"author":3,"featured_media":0,"parent":32,"menu_order":2,"comment_status":"closed","ping_status":"open","template":"","meta":[],"_links":{"self":[{"href":"https:\/\/viajeraeditorial.ar\/blog\/wp-json\/wp\/v2\/pages\/351"}],"collection":[{"href":"https:\/\/viajeraeditorial.ar\/blog\/wp-json\/wp\/v2\/pages"}],"about":[{"href":"https:\/\/viajeraeditorial.ar\/blog\/wp-json\/wp\/v2\/types\/page"}],"author":[{"embeddable":true,"href":"https:\/\/viajeraeditorial.ar\/blog\/wp-json\/wp\/v2\/users\/3"}],"replies":[{"embeddable":true,"href":"https:\/\/viajeraeditorial.ar\/blog\/wp-json\/wp\/v2\/comments?post=351"}],"version-history":[{"count":7,"href":"https:\/\/viajeraeditorial.ar\/blog\/wp-json\/wp\/v2\/pages\/351\/revisions"}],"predecessor-version":[{"id":2337,"href":"https:\/\/viajeraeditorial.ar\/blog\/wp-json\/wp\/v2\/pages\/351\/revisions\/2337"}],"up":[{"embeddable":true,"href":"https:\/\/viajeraeditorial.ar\/blog\/wp-json\/wp\/v2\/pages\/32"}],"wp:attachment":[{"href":"https:\/\/viajeraeditorial.ar\/blog\/wp-json\/wp\/v2\/media?parent=351"}],"curies":[{"name":"wp","href":"https:\/\/api.w.org\/{rel}","templated":true}]}}