{"id":355,"date":"2015-05-03T20:29:40","date_gmt":"2015-05-03T23:29:40","guid":{"rendered":"http:\/\/www.viajeraeditorial.com.ar\/?page_id=355"},"modified":"2015-06-14T23:59:53","modified_gmt":"2015-06-15T02:59:53","slug":"diario-de-la-transformacion","status":"publish","type":"page","link":"https:\/\/viajeraeditorial.ar\/blog\/explorar\/diario-de-la-transformacion\/","title":{"rendered":"Diario de la Transformaci\u00f3n"},"content":{"rendered":"<p class=\"plano\"><a href=\"http:\/\/www.viajeraeditorial.ar\/blog\/wp-content\/uploads\/2015\/05\/diariodelatransformacion.jpg\"><img loading=\"lazy\" class=\"alignleft size-full wp-image-583\" src=\"http:\/\/www.viajeraeditorial.ar\/blog\/wp-content\/uploads\/2015\/05\/diariodelatransformacion.jpg\" alt=\"Diario de la Transformaci\u00f3n\" width=\"322\" height=\"463\" \/><\/a><a href=\"http:\/\/www.viajeraeditorial.ar\/blog\/autores\/karina-maccio\/\">Karina Macci\u00f3<\/a>, 2011<br \/>\nISBN: 978-987-26325-3-3<br \/>\n184 p.<\/p>\n<p>\u00bfHay una historia? \u00bfHay muchas? \u00bfEs un cuento? \u00bfQu\u00e9 ocultan las palabras? \u00bfQu\u00e9 es <em>X<\/em>? \u00bfuna cicatriz? \u00bfuna persona? \u00bfdos l\u00edneas que se cruzan, por casualidad, en un punto y nunca m\u00e1s vuelven a tocarse?<\/p>\n<p class=\"plano\">X puede ser un personaje, un significante vac\u00edo que se va llenando a medida que el libro avanza. X puede ser alguien o algo que punza. Est\u00e1 ah\u00ed, y desde su inc\u00f3gnita perturba.<\/p>\n<p class=\"plano\">Barthes dice que el punctum es ese azar que me despunta. Flecha que se convierte en epifan\u00eda. Una conmoci\u00f3n dif\u00edcil de poner en palabras. Es el punctum que viene a m\u00ed, lector, y se me clava, dej\u00e1ndome con crucecitas en los ojos: clown triste, expresi\u00f3n total, elocuencia pura.<\/p>\n<p class=\"plano\" align=\"right\">Virginia Janza<\/p>\n<p class=\"plano\">Este libro se expone a ser un todo partido, a reconocer que no sabe si contar lo que pas\u00f3 o lo que pasa, si ayer vale la pena o si el tiempo es hoy, ya muerto en la escritura. En definitiva, el diario siempre resulta futuro porque el que escribe (o pretende escribir) siempre promete que escribir\u00e1. Y en el medio, deseando que llegue la literatura, lo que se asoma es la escritura que \u2013al fin\u2013 es lo \u00fanico que no se pierde.<\/p>\n<p class=\"plano\">Los textos de Karina Macci\u00f3 tienen el don de hacer hablar a las palabras, agarrar al lenguaje, mirarlo de atr\u00e1s para adelante, por los costados, desmontarlo, <em>recauchutarlo<\/em> para que suelte la lengua y diga, vamos, \u00bfqu\u00e9 nos quiere decir? Todo el tiempo nos est\u00e1 diciendo cosas, el tema es que hay que saber leerlas.<\/p>\n<p class=\"plano\" align=\"right\">Cecilia Maugeri<\/p>\n<p class=\"plano\" style=\"text-align: left;\" align=\"right\"><span style=\"text-decoration: underline;\"><strong>Contenido sobre Diario de la Transformaci\u00f3n<\/strong><\/span><\/p>\n<p class=\"plano\" style=\"text-align: left;\" align=\"right\"><ul class = \"posts-by-tag-list\"><li class=\"posts-by-tag-item Apariciones P\u00fablicas Diario de la Transformaci\u00f3n Karina Macci\u00f3 La P\u00e9rdida o La Perdida\" id=\"posts-by-tag-item-2229\"><a class = \"posts-by-tag-item-title\" href=\"https:\/\/viajeraeditorial.ar\/blog\/2015\/03\/daniel-gigena-entrevista-a-karina-maccio\/\">Daniel Gigena entrevista a Karina Macci\u00f3<\/a><\/li><li class=\"posts-by-tag-item Diario de la Transformaci\u00f3n Karina Macci\u00f3 Viajera\" id=\"posts-by-tag-item-1349\"><a class = \"posts-by-tag-item-title\" href=\"https:\/\/viajeraeditorial.ar\/blog\/2013\/06\/karina-maccio-fucsia\/\">Karina Macci\u00f3: Fucsia<\/a><\/li><li class=\"posts-by-tag-item Apariciones P\u00fablicas Diario de la Transformaci\u00f3n Karina Macci\u00f3 Viajera\" id=\"posts-by-tag-item-1421\"><a class = \"posts-by-tag-item-title\" href=\"https:\/\/viajeraeditorial.ar\/blog\/2013\/05\/karina-maccio-en-la-feria-del-libro\/\">Karina Macci\u00f3 en la Feria del Libro<\/a><\/li><li class=\"posts-by-tag-item Diario de la Transformaci\u00f3n Karina Macci\u00f3 La P\u00e9rdida o La Perdida Viajera Visita\" id=\"posts-by-tag-item-1573\"><a class = \"posts-by-tag-item-title\" href=\"https:\/\/viajeraeditorial.ar\/blog\/2012\/11\/karina-maccio-en-viajera-visita\/\">Karina Macci\u00f3 en Viajera Visita<\/a><\/li><li class=\"posts-by-tag-item Diario de la Transformaci\u00f3n Karina Macci\u00f3 La P\u00e9rdida o La Perdida\" id=\"posts-by-tag-item-1714\"><a class = \"posts-by-tag-item-title\" href=\"https:\/\/viajeraeditorial.ar\/blog\/2012\/08\/karina-maccio-bonus-track-en-viajera-visita\/\">Karina Macci\u00f3: bonus track en Viajera Visita<\/a><\/li><li class=\"posts-by-tag-item Belara Mich\u00e1n Bengala Hotel Cecilia Maugeri cuerpoadentro Diario de la Transformaci\u00f3n Eugenia Coiro Karina Macci\u00f3 Lado G\u00e9minis L\u00e9ame malapalabra Nadina Tauhil Nicol\u00e1s Di Candia ranamadre Virginia Janza\" id=\"posts-by-tag-item-1802\"><a class = \"posts-by-tag-item-title\" href=\"https:\/\/viajeraeditorial.ar\/blog\/2012\/05\/nuestro-paso-por-la-feria-del-libro\/\">Nuestro paso por la Feria del Libro<\/a><\/li><li class=\"posts-by-tag-item Diario de la Transformaci\u00f3n Karina Macci\u00f3\" id=\"posts-by-tag-item-1862\"><a class = \"posts-by-tag-item-title\" href=\"https:\/\/viajeraeditorial.ar\/blog\/2011\/12\/diario-de-la-transformacion-en-revista-casquivana\/\">Diario de la Transformaci\u00f3n en Revista Casquivana<\/a><\/li><li class=\"posts-by-tag-item Cecilia Maugeri Diario de la Transformaci\u00f3n Gabriel Kirchuk Karina Macci\u00f3 pecesp\u00e1jaros visitante\/the visitor\" id=\"posts-by-tag-item-1898\"><a class = \"posts-by-tag-item-title\" href=\"https:\/\/viajeraeditorial.ar\/blog\/2011\/06\/el-1ro-de-julio-viajera-lanza-nuevos-titulos\/\">El 1ro de julio Viajera lanza nuevos t\u00edtulos<\/a><\/li><li class=\"posts-by-tag-item Cecilia Maugeri Diario de la Transformaci\u00f3n Gabriel Kirchuk Karina Macci\u00f3 pecesp\u00e1jaros visitante\/the visitor\" id=\"posts-by-tag-item-1901\"><a class = \"posts-by-tag-item-title\" href=\"https:\/\/viajeraeditorial.ar\/blog\/2011\/05\/algo-de-lo-que-fue-viajera-visita-en-el-ccc\/\">Algo de lo que fue Viajera visita en el CCC<\/a><\/li><\/ul><\/p>\n","protected":false},"excerpt":{"rendered":"<p>Karina Macci\u00f3, 2011 ISBN: 978-987-26325-3-3 184 p. \u00bfHay una historia? \u00bfHay muchas? \u00bfEs un cuento? \u00bfQu\u00e9 ocultan las palabras? \u00bfQu\u00e9 es X? \u00bfuna cicatriz? \u00bfuna persona? \u00bfdos l\u00edneas que se cruzan, por casualidad, en un punto y nunca m\u00e1s vuelven a tocarse? X puede ser un personaje, un significante vac\u00edo que se va llenando a [&hellip;]<\/p>\n","protected":false},"author":3,"featured_media":0,"parent":32,"menu_order":3,"comment_status":"closed","ping_status":"open","template":"","meta":[],"_links":{"self":[{"href":"https:\/\/viajeraeditorial.ar\/blog\/wp-json\/wp\/v2\/pages\/355"}],"collection":[{"href":"https:\/\/viajeraeditorial.ar\/blog\/wp-json\/wp\/v2\/pages"}],"about":[{"href":"https:\/\/viajeraeditorial.ar\/blog\/wp-json\/wp\/v2\/types\/page"}],"author":[{"embeddable":true,"href":"https:\/\/viajeraeditorial.ar\/blog\/wp-json\/wp\/v2\/users\/3"}],"replies":[{"embeddable":true,"href":"https:\/\/viajeraeditorial.ar\/blog\/wp-json\/wp\/v2\/comments?post=355"}],"version-history":[{"count":5,"href":"https:\/\/viajeraeditorial.ar\/blog\/wp-json\/wp\/v2\/pages\/355\/revisions"}],"predecessor-version":[{"id":2338,"href":"https:\/\/viajeraeditorial.ar\/blog\/wp-json\/wp\/v2\/pages\/355\/revisions\/2338"}],"up":[{"embeddable":true,"href":"https:\/\/viajeraeditorial.ar\/blog\/wp-json\/wp\/v2\/pages\/32"}],"wp:attachment":[{"href":"https:\/\/viajeraeditorial.ar\/blog\/wp-json\/wp\/v2\/media?parent=355"}],"curies":[{"name":"wp","href":"https:\/\/api.w.org\/{rel}","templated":true}]}}