{"id":359,"date":"2015-05-03T20:30:59","date_gmt":"2015-05-03T23:30:59","guid":{"rendered":"http:\/\/www.viajeraeditorial.com.ar\/?page_id=359"},"modified":"2015-06-15T00:00:10","modified_gmt":"2015-06-15T03:00:10","slug":"pasos-que-se-alejan","status":"publish","type":"page","link":"https:\/\/viajeraeditorial.ar\/blog\/explorar\/pasos-que-se-alejan\/","title":{"rendered":"Pasos que se alejan"},"content":{"rendered":"<p class=\"plano\"><a href=\"http:\/\/www.viajeraeditorial.ar\/blog\/wp-content\/uploads\/2015\/05\/pasosquesealejantapa.jpg\"><img loading=\"lazy\" class=\"alignleft  wp-image-592\" src=\"http:\/\/www.viajeraeditorial.ar\/blog\/wp-content\/uploads\/2015\/05\/pasosquesealejantapa.jpg\" alt=\"Pasos que se alejan\" width=\"351\" height=\"526\" \/><\/a><a href=\"http:\/\/www.viajeraeditorial.ar\/blog\/autores\/fernando-ortiz\/\">Fernando Ortiz<\/a>, 2013<br \/>\nAntolog\u00eda po\u00e9tica 1978-2013<br \/>\nEdici\u00f3n cr\u00edtica de Marina Bianchi<br \/>\nPr\u00f3logo y selecci\u00f3n del autor<br \/>\nISBN: 978-987-28476-6-1<br \/>\n224 p.<\/p>\n<p class=\"plano\">Poeta y cr\u00edtico de indudable calidad, Ortiz canta desde la dimensi\u00f3n intimista el tiempo que lo arrasa todo, alternando el tono discreto y resignado con el ir\u00f3nico y jocoso, sin perder la actitud vitalista. Sus versos familiares, pero elegantes y musicales, se asientan en la l\u00ednea eleg\u00edaca finisecular, heredera de La realidad y el desdeo de Luis Cernuda y de la Generaci\u00f3n del 50, regal\u00e1ndonos poemas que no s\u00f3lo sugieren: de repente aparecen delante de nosotros, como imagen viva y clara, ech\u00e1ndonos en cara la universalidad indiscutible de su intenso y eterno significado.<\/p>\n<div align=\"right\">Marina Bianchi<\/div>\n<div align=\"right\"><\/div>\n<p class=\"plano\">Ya Eliot habl\u00f3 de que el ojo humano es capaz de aceptar poca realidad, porque es capaz de aceptar poco dolor. Ciega y duele la luz de la realidad. Y poco a poco entrecerramos los p\u00e1rpados para evitar en lo posible ese dolor. [&#8230;] Por eso nos duele especialmente el paso del tiempo. Por eso la gran poes\u00eda [&#8230;] suele ser eleg\u00edaca. [&#8230;] lo que se nos va, aun viviendo, es la propia vida. Antes que esto ocurra, f\u00edsica o espiritualmente, deseaba escribir estas l\u00edneas. Quer\u00eda dejar dicha mi absoluta fe en la Poes\u00eda.<\/p>\n<div align=\"right\">Fernando Ortiz<\/div>\n<div style=\"text-align: left;\" align=\"right\"><\/div>\n<div style=\"text-align: left;\" align=\"right\"><\/div>\n<div style=\"text-align: left;\" align=\"right\"><\/div>\n<div style=\"text-align: left;\" align=\"right\"><\/div>\n<div style=\"text-align: left;\" align=\"right\"><strong><span style=\"text-decoration: underline;\">Contenido sobre Pasos que se alejan<\/span><\/strong><\/div>\n<div style=\"text-align: left;\" align=\"right\"><\/div>\n<div style=\"text-align: left;\" align=\"right\"><ul class = \"posts-by-tag-list\"><li class=\"posts-by-tag-item Fernando Ortiz Mauricio Dreiling Pasos que se alejan Viajera\" id=\"posts-by-tag-item-406\"><a class = \"posts-by-tag-item-title\" href=\"https:\/\/viajeraeditorial.ar\/blog\/2014\/08\/puesta-en-escena-de-pasos-que-se-alejan-de-fernando-ortiz\/\">Puesta en escena de Pasos que se alejan, de Fernando Ortiz<\/a><\/li><li class=\"posts-by-tag-item Fernando Ortiz Pasos que se alejan Viajera\" id=\"posts-by-tag-item-493\"><a class = \"posts-by-tag-item-title\" href=\"https:\/\/viajeraeditorial.ar\/blog\/2014\/07\/poesia-herida-resena-de-pasos-que-se-alejan\/\">Poes\u00eda herida - Rese\u00f1a de Pasos que se alejan<\/a><\/li><li class=\"posts-by-tag-item Fernando Ortiz Pasos que se alejan Viajera\" id=\"posts-by-tag-item-2210\"><a class = \"posts-by-tag-item-title\" href=\"https:\/\/viajeraeditorial.ar\/blog\/2014\/06\/buenas-tardes-de-fernando-ortiz\/\">Buenas tardes, de Fernando Ortiz<\/a><\/li><li class=\"posts-by-tag-item Fernando Ortiz Pasos que se alejan Viajera\" id=\"posts-by-tag-item-2051\"><a class = \"posts-by-tag-item-title\" href=\"https:\/\/viajeraeditorial.ar\/blog\/2014\/06\/aperitivo-de-fernando-ortiz\/\">Aperitivo, de Fernando Ortiz<\/a><\/li><li class=\"posts-by-tag-item Fernando Ortiz Minuto Magdalena Pasos que se alejan Viajera\" id=\"posts-by-tag-item-2068\"><a class = \"posts-by-tag-item-title\" href=\"https:\/\/viajeraeditorial.ar\/blog\/2014\/05\/hoy-145-minuto-magdalena-homenaje-a-marcel-proust\/\">HOY 14\/5 Minuto Magdalena. Homenaje a Marcel Proust<\/a><\/li><li class=\"posts-by-tag-item Fernando Ortiz Mauricio Dreiling Pasos que se alejan\" id=\"posts-by-tag-item-2071\"><a class = \"posts-by-tag-item-title\" href=\"https:\/\/viajeraeditorial.ar\/blog\/2014\/05\/viajera-en-el-minuto-magdalena-145\/\">Viajera en el Minuto Magdalena 14\/5<\/a><\/li><li class=\"posts-by-tag-item Fernando Ortiz Karina Macci\u00f3 Pasos que se alejan\" id=\"posts-by-tag-item-2074\"><a class = \"posts-by-tag-item-title\" href=\"https:\/\/viajeraeditorial.ar\/blog\/2014\/05\/presentacion-de-pasos-que-se-alejan-55\/\">Presentaci\u00f3n de Pasos que se alejan - 5\/5<\/a><\/li><li class=\"posts-by-tag-item Fernando Ortiz Pasos que se alejan\" id=\"posts-by-tag-item-2075\"><a class = \"posts-by-tag-item-title\" href=\"https:\/\/viajeraeditorial.ar\/blog\/2014\/05\/pasos-que-se-alejan-de-fernando-ortiz-en-el-centro-cultural-de-la-cooperacion\/\">\"Pasos que se alejan\" de Fernando Ortiz en el Centro Cultural de la Cooperaci\u00f3n<\/a><\/li><li class=\"posts-by-tag-item Fernando Ortiz Pasos que se alejan Viajera\" id=\"posts-by-tag-item-2081\"><a class = \"posts-by-tag-item-title\" href=\"https:\/\/viajeraeditorial.ar\/blog\/2014\/04\/el-mapa-y-el-calendario-fernando-ortiz\/\">\"El mapa y el calendario\", Fernando Ortiz<\/a><\/li><li class=\"posts-by-tag-item Fernando Ortiz Pasos que se alejan Viajera\" id=\"posts-by-tag-item-2086\"><a class = \"posts-by-tag-item-title\" href=\"https:\/\/viajeraeditorial.ar\/blog\/2014\/04\/divagacion-en-el-humo-fernando-ortiz\/\">Divagaci\u00f3n en el humo - Fernando Ortiz<\/a><\/li><li class=\"posts-by-tag-item Agua o ni\u00f1o que corre Alain Lawo-Sukam Cecilia Maugeri Eugenia Coiro Fernando Ortiz Karina Macci\u00f3 Pasos que se alejan Viajera Virginia Janza\" id=\"posts-by-tag-item-2137\"><a class = \"posts-by-tag-item-title\" href=\"https:\/\/viajeraeditorial.ar\/blog\/2014\/02\/viajera-en-poesiaargentina-com\/\">Viajera en poesiaargentina.com<\/a><\/li><\/ul><\/div>\n","protected":false},"excerpt":{"rendered":"<p>Fernando Ortiz, 2013 Antolog\u00eda po\u00e9tica 1978-2013 Edici\u00f3n cr\u00edtica de Marina Bianchi Pr\u00f3logo y selecci\u00f3n del autor ISBN: 978-987-28476-6-1 224 p. Poeta y cr\u00edtico de indudable calidad, Ortiz canta desde la dimensi\u00f3n intimista el tiempo que lo arrasa todo, alternando el tono discreto y resignado con el ir\u00f3nico y jocoso, sin perder la actitud vitalista. Sus [&hellip;]<\/p>\n","protected":false},"author":3,"featured_media":0,"parent":32,"menu_order":6,"comment_status":"closed","ping_status":"open","template":"","meta":[],"_links":{"self":[{"href":"https:\/\/viajeraeditorial.ar\/blog\/wp-json\/wp\/v2\/pages\/359"}],"collection":[{"href":"https:\/\/viajeraeditorial.ar\/blog\/wp-json\/wp\/v2\/pages"}],"about":[{"href":"https:\/\/viajeraeditorial.ar\/blog\/wp-json\/wp\/v2\/types\/page"}],"author":[{"embeddable":true,"href":"https:\/\/viajeraeditorial.ar\/blog\/wp-json\/wp\/v2\/users\/3"}],"replies":[{"embeddable":true,"href":"https:\/\/viajeraeditorial.ar\/blog\/wp-json\/wp\/v2\/comments?post=359"}],"version-history":[{"count":8,"href":"https:\/\/viajeraeditorial.ar\/blog\/wp-json\/wp\/v2\/pages\/359\/revisions"}],"predecessor-version":[{"id":2341,"href":"https:\/\/viajeraeditorial.ar\/blog\/wp-json\/wp\/v2\/pages\/359\/revisions\/2341"}],"up":[{"embeddable":true,"href":"https:\/\/viajeraeditorial.ar\/blog\/wp-json\/wp\/v2\/pages\/32"}],"wp:attachment":[{"href":"https:\/\/viajeraeditorial.ar\/blog\/wp-json\/wp\/v2\/media?parent=359"}],"curies":[{"name":"wp","href":"https:\/\/api.w.org\/{rel}","templated":true}]}}