{"id":366,"date":"2015-05-03T20:32:49","date_gmt":"2015-05-03T23:32:49","guid":{"rendered":"http:\/\/www.viajeraeditorial.com.ar\/?page_id=366"},"modified":"2015-06-15T00:00:36","modified_gmt":"2015-06-15T03:00:36","slug":"materna","status":"publish","type":"page","link":"https:\/\/viajeraeditorial.ar\/blog\/explorar\/materna\/","title":{"rendered":"Materna"},"content":{"rendered":"<p><a href=\"http:\/\/www.viajeraeditorial.ar\/blog\/wp-content\/uploads\/2015\/05\/maternatapa.jpg\"><img loading=\"lazy\" class=\"alignleft  wp-image-675\" src=\"http:\/\/www.viajeraeditorial.ar\/blog\/wp-content\/uploads\/2015\/05\/maternatapa.jpg\" alt=\"Materna\" width=\"396\" height=\"591\" \/><\/a><a href=\"http:\/\/www.viajeraeditorial.ar\/blog\/autores\/ignacio-uranga\/\">Ignacio Uranga<\/a>, 2015.<br \/>\nISBN: 978-987-3719-06-6<br \/>\n110 p.<\/p>\n<p>Un punto sirve para se\u00f1alar que una unidad de discurso concluy\u00f3. Pero los poemas de Ignacio Uranga no tienen puntos. Ni seguidos ni finales. Tienen otros signos de puntuaci\u00f3n, s\u00ed, pero no puntos. No constituyen, como consecuencia, unidades. Ni siquiera podr\u00edamos decir que se terminan. M\u00e1s bien se interrumpen. Son fragmentos. Fragmentos de discursos que contienen otros fragmentos de discursos. Voces que vienen de otros lados y de otros tiempos. De otros poemas, a veces, pero tambi\u00e9n de la filosof\u00eda o de la religi\u00f3n o de la radio. Y hasta de otras lenguas. Fracciones, una vez m\u00e1s, pero no frases enteras. Como si Uranga no cesara de conjurar la oraci\u00f3n o el p\u00e1rrafo, el punto seguido o final. Como si con la oraci\u00f3n se iniciara, para \u00e9l, la prosa. Abundan las comas y los dos puntos, eso s\u00ed, que van escandiendo el poema, imprimi\u00e9ndole un ritmo, siempre desplazado en relaci\u00f3n con la m\u00e9trica. Pero puntos, no.<\/p>\n<p>No es casual entonces que su poes\u00eda se haya visto confrontada con ese momento conclusivo por excelencia: la muerte.\u00a0<em>Materna<\/em> habla sobre eso: sobre la muerte de la madre y sobre por qu\u00e9 esa muerte no es un punto sino una interrupci\u00f3n, interrupci\u00f3n sin motivo de una vida que hubiese podido continuar, interrupci\u00f3n que deja los fragmentos del pasado en la misma incertidumbre acerca de su significaci\u00f3n definitiva. <i>Materna<\/i> no es una oraci\u00f3n, y sobre todo no es una oraci\u00f3n f\u00fanebre. No es una conclusi\u00f3n. Y s\u00f3lo as\u00ed logra evitar Uranga que su poes\u00eda se precipite en el\u00a0<em>pathos<\/em>. All\u00ed donde cualquiera hubiese escrito un epitafio, Uranga despliega el interrogante irresuelto de la vida.<\/p>\n<p style=\"text-align: right;\"><strong>Dardo Scavino<\/strong><br \/>\nBordeaux, Francia<\/p>\n<p><strong><span style=\"text-decoration: underline;\">Contenido sobre Materna<\/span><\/strong><\/p>\n<ul class = \"posts-by-tag-list\"><li class=\"posts-by-tag-item Ignacio Uranga Materna\" id=\"posts-by-tag-item-7497\"><a class = \"posts-by-tag-item-title\" href=\"https:\/\/viajeraeditorial.ar\/blog\/2018\/12\/ignacio-uranga-premiado-por-el-fna\/\">Ignacio Uranga premiado por el FNA<\/a><\/li><li class=\"posts-by-tag-item Ignacio Uranga Materna\" id=\"posts-by-tag-item-6051\"><a class = \"posts-by-tag-item-title\" href=\"https:\/\/viajeraeditorial.ar\/blog\/2017\/02\/materna-fragmento-ignacio-uranga\/\">Materna (Fragmento) * Ignacio Uranga<\/a><\/li><li class=\"posts-by-tag-item Ignacio Uranga Materna\" id=\"posts-by-tag-item-2218\"><a class = \"posts-by-tag-item-title\" href=\"https:\/\/viajeraeditorial.ar\/blog\/2015\/06\/alvaro-luquin-resena-materna\/\">Alvaro Luquin rese\u00f1a Materna<\/a><\/li><li class=\"posts-by-tag-item Ignacio Uranga Materna Viajera\" id=\"posts-by-tag-item-2223\"><a class = \"posts-by-tag-item-title\" href=\"https:\/\/viajeraeditorial.ar\/blog\/2015\/04\/materna-este-sabado-en-clasica-y-moderna\/\">Materna este s\u00e1bado en Cl\u00e1sica y Moderna<\/a><\/li><li class=\"posts-by-tag-item Ignacio Uranga Materna Viajera\" id=\"posts-by-tag-item-2224\"><a class = \"posts-by-tag-item-title\" href=\"https:\/\/viajeraeditorial.ar\/blog\/2015\/04\/fuegos-sobre-el-lago-ignacio-urangamaterna\/\">fuegos sobre el lago - Ignacio Uranga\/Materna<\/a><\/li><li class=\"posts-by-tag-item Ignacio Uranga Materna No\u00e9 Jitrik Viajera\" id=\"posts-by-tag-item-2225\"><a class = \"posts-by-tag-item-title\" href=\"https:\/\/viajeraeditorial.ar\/blog\/2015\/04\/materna-de-ignacio-uranga-224-ccc\/\">Materna, de Ignacio Uranga - 22\/4 CCC<\/a><\/li><li class=\"posts-by-tag-item Ignacio Uranga Materna Viajera\" id=\"posts-by-tag-item-2228\"><a class = \"posts-by-tag-item-title\" href=\"https:\/\/viajeraeditorial.ar\/blog\/2015\/04\/no-tendra-lugar-manana-no-sino-meses-ignacio-uranga\/\">no tendr\u00e1 lugar ma\u00f1ana, no: sino meses - Ignacio Uranga<\/a><\/li><li class=\"posts-by-tag-item Ignacio Uranga Materna Viajera\" id=\"posts-by-tag-item-69\"><a class = \"posts-by-tag-item-title\" href=\"https:\/\/viajeraeditorial.ar\/blog\/2015\/03\/urdir-tras-el-apague-en-la-palabra-una-puerta-ignacio-uranga\/\">urdir tras el apague en la palabra una puerta - Ignacio Uranga<\/a><\/li><li class=\"posts-by-tag-item Ignacio Uranga Materna Viajera\" id=\"posts-by-tag-item-2231\"><a class = \"posts-by-tag-item-title\" href=\"https:\/\/viajeraeditorial.ar\/blog\/2015\/02\/no-fue-una-especie-nueva-no-el-rojo-bello-ignacio-uranga\/\">no fue una especie nueva, no, el rojo bello - Ignacio Uranga<\/a><\/li><li class=\"posts-by-tag-item Ignacio Uranga Materna Viajera\" id=\"posts-by-tag-item-2238\"><a class = \"posts-by-tag-item-title\" href=\"https:\/\/viajeraeditorial.ar\/blog\/2015\/01\/adelanto-de-materna-ignacio-uranga\/\">Adelanto de Materna * Ignacio Uranga<\/a><\/li><li class=\"posts-by-tag-item Ignacio Uranga Materna Viajera\" id=\"posts-by-tag-item-2261\"><a class = \"posts-by-tag-item-title\" href=\"https:\/\/viajeraeditorial.ar\/blog\/2014\/11\/un-poema-de-ignacio-uranga-pronto-por-viajera-editorial\/\">Un poema de Ignacio Uranga, pronto por Viajera Editorial<\/a><\/li><li class=\"posts-by-tag-item Ignacio Uranga La Ruptura Materna\" id=\"posts-by-tag-item-2177\"><a class = \"posts-by-tag-item-title\" href=\"https:\/\/viajeraeditorial.ar\/blog\/2014\/08\/ignacio-uranga-desde-bahia-blanca\/\">Ignacio Uranga desde Bah\u00eda Blanca<\/a><\/li><\/ul>\n","protected":false},"excerpt":{"rendered":"<p>Ignacio Uranga, 2015. ISBN: 978-987-3719-06-6 110 p. Un punto sirve para se\u00f1alar que una unidad de discurso concluy\u00f3. Pero los poemas de Ignacio Uranga no tienen puntos. Ni seguidos ni finales. Tienen otros signos de puntuaci\u00f3n, s\u00ed, pero no puntos. No constituyen, como consecuencia, unidades. Ni siquiera podr\u00edamos decir que se terminan. M\u00e1s bien se [&hellip;]<\/p>\n","protected":false},"author":3,"featured_media":0,"parent":32,"menu_order":10,"comment_status":"closed","ping_status":"open","template":"","meta":[],"_links":{"self":[{"href":"https:\/\/viajeraeditorial.ar\/blog\/wp-json\/wp\/v2\/pages\/366"}],"collection":[{"href":"https:\/\/viajeraeditorial.ar\/blog\/wp-json\/wp\/v2\/pages"}],"about":[{"href":"https:\/\/viajeraeditorial.ar\/blog\/wp-json\/wp\/v2\/types\/page"}],"author":[{"embeddable":true,"href":"https:\/\/viajeraeditorial.ar\/blog\/wp-json\/wp\/v2\/users\/3"}],"replies":[{"embeddable":true,"href":"https:\/\/viajeraeditorial.ar\/blog\/wp-json\/wp\/v2\/comments?post=366"}],"version-history":[{"count":5,"href":"https:\/\/viajeraeditorial.ar\/blog\/wp-json\/wp\/v2\/pages\/366\/revisions"}],"predecessor-version":[{"id":2345,"href":"https:\/\/viajeraeditorial.ar\/blog\/wp-json\/wp\/v2\/pages\/366\/revisions\/2345"}],"up":[{"embeddable":true,"href":"https:\/\/viajeraeditorial.ar\/blog\/wp-json\/wp\/v2\/pages\/32"}],"wp:attachment":[{"href":"https:\/\/viajeraeditorial.ar\/blog\/wp-json\/wp\/v2\/media?parent=366"}],"curies":[{"name":"wp","href":"https:\/\/api.w.org\/{rel}","templated":true}]}}