{"id":368,"date":"2015-05-03T23:07:55","date_gmt":"2015-05-04T02:07:55","guid":{"rendered":"http:\/\/www.viajeraeditorial.com.ar\/?page_id=368"},"modified":"2015-06-15T00:00:33","modified_gmt":"2015-06-15T03:00:33","slug":"el-proceso-de-fotografiar","status":"publish","type":"page","link":"https:\/\/viajeraeditorial.ar\/blog\/explorar\/el-proceso-de-fotografiar\/","title":{"rendered":"El proceso de fotografiar"},"content":{"rendered":"<p><a href=\"http:\/\/www.viajeraeditorial.ar\/blog\/wp-content\/uploads\/2015\/05\/elprocesotapa.jpg\"><img loading=\"lazy\" class=\"alignleft  wp-image-687\" src=\"http:\/\/www.viajeraeditorial.ar\/blog\/wp-content\/uploads\/2015\/05\/elprocesotapa.jpg\" alt=\"El proceso de fotografiar\" width=\"400\" height=\"584\" \/><\/a><a href=\"http:\/\/www.viajeraeditorial.ar\/blog\/autores\/mario-nosotti\/\">Mario Nosotti<\/a>, 2014.<br \/>\nISBN: 978-987-3719-05-9<br \/>\n70p.<\/p>\n<p>La escritura como proceso de captaci\u00f3n de lo real, de eso habla este libro. Y sin embargo, lo real \u00bfqu\u00e9 ser\u00e1? \u00bfEso que vemos, percibimos? \u00bfO sucede adentro y se va destilando? Hay que esperar, como\u00a0lo hac\u00eda Bresson. \u00abApriento suavemente ese gatillo\/ y corto una porci\u00f3n de realidad \u2013como de pizza\u2013\/ que hasta antes no exist\u00eda\u00bb. La met\u00e1fora de la fotograf\u00eda sirve para indagar la creaci\u00f3n po\u00e9tica,\u00a0<em>los textos como fotos<\/em> dice Mario Nosotti. Entonces la luz y la oscuridad, inevitablemente cargados de filosof\u00eda, literatura y arte se ponen en primer plano. Es imposible que no se revelen en su densidad cultural. Pero justamente y ante todo, lo que busca este libro es poner en escena esa dial\u00e9ctica, mejor dicho, esa danza ineludible entre lo que brilla y lo que se halla en sombras,\u00a0<em>mostrarlo<\/em>, que la gente diga, m\u00e1s all\u00e1 del autor, lo que tiene que decir. O bien, que al menos se desnude en sus procedimientos, en sus titubeos, en el registro \u00ednfimo de los destellos que nos impactan, con la incertidumbre pero el deseo de que el azar nos permita descubrir el\u00a0<em>punctum<\/em>, como propone Barthes, ese pinchazo o herida que nos expone en lo m\u00e1s \u00edntimo, que nos toca.\u00a0<em>El proceso de fotografiar<\/em>\u00a0despliega im\u00e1genes inolvidables que se animan con sonidos cuidadosamente elegidos, m\u00fasica tenue, irresistible, que muestra \u00abLa barbarie del aire y de la luz\u00bb, \u00ab(&#8230;) lo oscuro donde tiemblan\/ \u00ednfimas letras blancas\u00bb.<\/p>\n<p style=\"text-align: right;\">Karina Macci\u00f3<\/p>\n<p><span style=\"text-decoration: underline;\"><strong>Contenido sobre El proceso de fotografiar<\/strong><\/span><\/p>\n<ul class = \"posts-by-tag-list\"><li class=\"posts-by-tag-item El proceso de fotografiar Mario Nosotti\" id=\"posts-by-tag-item-6728\"><a class = \"posts-by-tag-item-title\" href=\"https:\/\/viajeraeditorial.ar\/blog\/2018\/01\/mario-nosotti-entrevistado-por-augusto-munaro\/\">Mario Nosotti entrevistado por Augusto Munaro<\/a><\/li><li class=\"posts-by-tag-item El proceso de fotografiar Mario Nosotti\" id=\"posts-by-tag-item-6082\"><a class = \"posts-by-tag-item-title\" href=\"https:\/\/viajeraeditorial.ar\/blog\/2017\/02\/lectura-de-mario-nosotti\/\">Lectura de Mario Nosotti<\/a><\/li><li class=\"posts-by-tag-item El proceso de fotografiar Mario Nosotti Viajera\" id=\"posts-by-tag-item-2245\"><a class = \"posts-by-tag-item-title\" href=\"https:\/\/viajeraeditorial.ar\/blog\/2014\/12\/pregunta-de-esta-noche-mario-nosotti\/\">Pregunta de esta noche - Mario Nosotti<\/a><\/li><li class=\"posts-by-tag-item El proceso de fotografiar Mario Nosotti Viajera\" id=\"posts-by-tag-item-2247\"><a class = \"posts-by-tag-item-title\" href=\"https:\/\/viajeraeditorial.ar\/blog\/2014\/12\/el-proceso-de-fotografiar-resena-en-revista-aglaura\/\">El proceso de fotografiar, rese\u00f1a en revista Aglaura<\/a><\/li><li class=\"posts-by-tag-item El proceso de fotografiar Mario Nosotti Viajera\" id=\"posts-by-tag-item-164\"><a class = \"posts-by-tag-item-title\" href=\"https:\/\/viajeraeditorial.ar\/blog\/2014\/12\/supongase-que-un-rayo-mario-nosotti\/\">Sup\u00f3ngase que un rayo... - Mario Nosotti<\/a><\/li><li class=\"posts-by-tag-item El proceso de fotografiar Mario Nosotti Viajera\" id=\"posts-by-tag-item-171\"><a class = \"posts-by-tag-item-title\" href=\"https:\/\/viajeraeditorial.ar\/blog\/2014\/12\/o-mirando-la-foto-sorprender-mario-nosotti\/\">O mirando la foto sorprender - Mario Nosotti<\/a><\/li><li class=\"posts-by-tag-item El proceso de fotografiar Mario Nosotti Viajera\" id=\"posts-by-tag-item-206\"><a class = \"posts-by-tag-item-title\" href=\"https:\/\/viajeraeditorial.ar\/blog\/2014\/11\/sacude-el-bosque-mario-nosotti\/\">Sacude el bosque - Mario Nosotti<\/a><\/li><li class=\"posts-by-tag-item Brett Eston El proceso de fotografiar Mario Nosotti Viajera\" id=\"posts-by-tag-item-208\"><a class = \"posts-by-tag-item-title\" href=\"https:\/\/viajeraeditorial.ar\/blog\/2014\/11\/si-me-pierdo-en-lanus-mario-nosotti\/\">Si me pierdo en Lan\u00fas - Mario Nosotti<\/a><\/li><li class=\"posts-by-tag-item El proceso de fotografiar Mario Nosotti Viajera\" id=\"posts-by-tag-item-2250\"><a class = \"posts-by-tag-item-title\" href=\"https:\/\/viajeraeditorial.ar\/blog\/2014\/11\/ya-cerca-del-final-mario-nosotti\/\">Ya cerca del final - Mario Nosotti<\/a><\/li><li class=\"posts-by-tag-item El proceso de fotografiar Mario Nosotti Viajera\" id=\"posts-by-tag-item-2252\"><a class = \"posts-by-tag-item-title\" href=\"https:\/\/viajeraeditorial.ar\/blog\/2014\/11\/glosa-mario-nosotti\/\">Glosa - Mario Nosotti<\/a><\/li><li class=\"posts-by-tag-item El proceso de fotografiar Mario Nosotti Viajera\" id=\"posts-by-tag-item-224\"><a class = \"posts-by-tag-item-title\" href=\"https:\/\/viajeraeditorial.ar\/blog\/2014\/11\/presentamos-el-proceso-de-fotografiar-de-mario-nosotti-2111\/\">Presentamos El proceso de fotografiar, de Mario Nosotti - 21\/11<\/a><\/li><\/ul>\n","protected":false},"excerpt":{"rendered":"<p>Mario Nosotti, 2014. ISBN: 978-987-3719-05-9 70p. La escritura como proceso de captaci\u00f3n de lo real, de eso habla este libro. Y sin embargo, lo real \u00bfqu\u00e9 ser\u00e1? \u00bfEso que vemos, percibimos? \u00bfO sucede adentro y se va destilando? Hay que esperar, como\u00a0lo hac\u00eda Bresson. \u00abApriento suavemente ese gatillo\/ y corto una porci\u00f3n de realidad \u2013como [&hellip;]<\/p>\n","protected":false},"author":3,"featured_media":0,"parent":32,"menu_order":9,"comment_status":"closed","ping_status":"open","template":"","meta":[],"_links":{"self":[{"href":"https:\/\/viajeraeditorial.ar\/blog\/wp-json\/wp\/v2\/pages\/368"}],"collection":[{"href":"https:\/\/viajeraeditorial.ar\/blog\/wp-json\/wp\/v2\/pages"}],"about":[{"href":"https:\/\/viajeraeditorial.ar\/blog\/wp-json\/wp\/v2\/types\/page"}],"author":[{"embeddable":true,"href":"https:\/\/viajeraeditorial.ar\/blog\/wp-json\/wp\/v2\/users\/3"}],"replies":[{"embeddable":true,"href":"https:\/\/viajeraeditorial.ar\/blog\/wp-json\/wp\/v2\/comments?post=368"}],"version-history":[{"count":4,"href":"https:\/\/viajeraeditorial.ar\/blog\/wp-json\/wp\/v2\/pages\/368\/revisions"}],"predecessor-version":[{"id":2344,"href":"https:\/\/viajeraeditorial.ar\/blog\/wp-json\/wp\/v2\/pages\/368\/revisions\/2344"}],"up":[{"embeddable":true,"href":"https:\/\/viajeraeditorial.ar\/blog\/wp-json\/wp\/v2\/pages\/32"}],"wp:attachment":[{"href":"https:\/\/viajeraeditorial.ar\/blog\/wp-json\/wp\/v2\/media?parent=368"}],"curies":[{"name":"wp","href":"https:\/\/api.w.org\/{rel}","templated":true}]}}