{"id":370,"date":"2015-05-03T23:08:27","date_gmt":"2015-05-04T02:08:27","guid":{"rendered":"http:\/\/www.viajeraeditorial.com.ar\/?page_id=370"},"modified":"2015-06-14T23:56:33","modified_gmt":"2015-06-15T02:56:33","slug":"malapalabra","status":"publish","type":"page","link":"https:\/\/viajeraeditorial.ar\/blog\/descubrir\/malapalabra\/","title":{"rendered":"malapalabra"},"content":{"rendered":"<p class=\"plano\"><a href=\"http:\/\/www.viajeraeditorial.ar\/blog\/wp-content\/uploads\/2015\/05\/malapalabratapa.jpg\"><img loading=\"lazy\" class=\"alignleft size-full wp-image-614\" src=\"http:\/\/www.viajeraeditorial.ar\/blog\/wp-content\/uploads\/2015\/05\/malapalabratapa.jpg\" alt=\"malapalabra\" width=\"322\" height=\"481\" \/><\/a><a href=\"http:\/\/www.viajeraeditorial.ar\/blog\/autores\/cecilia-maugeri\/\">Cecilia Maugeri<\/a>, 2009<br \/>\nISBN: 978-987-24360-3-2<br \/>\n120 p.<\/p>\n<p class=\"plano\">La \u00abmalapalabra\u00bb no es una, son todas las palabras. Es la \u00abbolsa de gatos\u00bb de la lengua, que incluye todo lo que decimos, sentimos, pensamos (todo lo que somos).<\/p>\n<p class=\"plano\">Cecilia Maugeri nos da un hilo fuerte y brillante, hecho de letras que laten, fluyen, (nos) llevan. Estos poemas persiguen, a trav\u00e9s de la indagaci\u00f3n \u00edntima, del re-planteo radical del ser y el hacer, de la dolorosa comprobaci\u00f3n de que vivir y decir son muy diferentes, la leve esperanza de que la palabra po\u00e9tica sea capaz de mutar, y entonces adquiera sentido. Seguro, dulce, sorpresivo, el ritmo de cada poema se impone, como oleadas variadas y constantes que van envolviendo, que atraen hacia el fondo (el fondo de s\u00ed, de todo).<\/p>\n<p class=\"style2\"><em>\u00abhacerme nervadura<\/em><br \/>\n<em>brotar<\/em><br \/>\n<em>quedar hecha torrente de palabras<\/em><br \/>\n<em>latiendo, golpeando<\/em><br \/>\n<em>reluciendo<\/em><br \/>\n<em>sin poder evitarlo<\/em><br \/>\n<em>sin poder<\/em><br \/>\n<em>negar<\/em><br \/>\n<em>arrepentirse<\/em><br \/>\n<em>volver atr\u00e1s<\/em><br \/>\n<em>o esconderse<\/em><br \/>\n<em>porque ya est\u00e1<\/em><br \/>\n<em>ya lo dije<\/em><br \/>\n<em>y ahora es<\/em><br \/>\n<em>en mi cuerpo<\/em><br \/>\n<em>la palabra verdad\u00bb<\/em><\/p>\n<p class=\"plano\" style=\"text-align: right;\">Karina Macci\u00f3<\/p>\n<p class=\"plano\"><span style=\"text-decoration: underline;\"><strong>Contenido sobre <em>malapalabra<\/em><\/strong><\/span><\/p>\n<p class=\"plano\"><ul class = \"posts-by-tag-list\"><li class=\"posts-by-tag-item Cecilia Maugeri malapalabra Viajera\" id=\"posts-by-tag-item-2147\"><a class = \"posts-by-tag-item-title\" href=\"https:\/\/viajeraeditorial.ar\/blog\/2014\/10\/cecilia-maugeri-malapalabra-viajera-editorial-en-la-feria-del-libro-2014\/\">Cecilia Maugeri: malapalabra Viajera Editorial en la Feria del Libro 2014<\/a><\/li><li class=\"posts-by-tag-item Cecilia Maugeri malapalabra Viajera\" id=\"posts-by-tag-item-2105\"><a class = \"posts-by-tag-item-title\" href=\"https:\/\/viajeraeditorial.ar\/blog\/2014\/03\/irme-bien-lejos-cecilia-maugeri\/\">Irme bien lejos - Cecilia Maugeri<\/a><\/li><li class=\"posts-by-tag-item Cecilia Maugeri malapalabra Viajera\" id=\"posts-by-tag-item-2115\"><a class = \"posts-by-tag-item-title\" href=\"https:\/\/viajeraeditorial.ar\/blog\/2014\/03\/no-es-casualidad-cecilia-maugeri\/\">No es casualidad - Cecilia Maugeri<\/a><\/li><li class=\"posts-by-tag-item Cecilia Maugeri malapalabra\" id=\"posts-by-tag-item-1157\"><a class = \"posts-by-tag-item-title\" href=\"https:\/\/viajeraeditorial.ar\/blog\/2013\/10\/querido-poe-de-malapalabra\/\">\"Querido Poe\", de malapalabra.<\/a><\/li><li class=\"posts-by-tag-item Cecilia Maugeri malapalabra\" id=\"posts-by-tag-item-1190\"><a class = \"posts-by-tag-item-title\" href=\"https:\/\/viajeraeditorial.ar\/blog\/2013\/09\/sobre-malapalabra-de-cecilia-maugeri-escribe-adriana-mancini-parte-ii\/\">Sobre malapalabra de Cecilia Maugeri. Escribe: Adriana Mancini. Parte II<\/a><\/li><li class=\"posts-by-tag-item Cecilia Maugeri malapalabra\" id=\"posts-by-tag-item-1199\"><a class = \"posts-by-tag-item-title\" href=\"https:\/\/viajeraeditorial.ar\/blog\/2013\/09\/sobre-malapalabra-de-cecilia-maugeri-escribe-adriana-mancini-parte-i\/\">Sobre malapalabra de Cecilia Maugeri. Escribe: Adriana Mancini. Parte I<\/a><\/li><li class=\"posts-by-tag-item Cecilia Maugeri Karina Macci\u00f3 malapalabra Viajera\" id=\"posts-by-tag-item-1295\"><a class = \"posts-by-tag-item-title\" href=\"https:\/\/viajeraeditorial.ar\/blog\/2013\/08\/sobre-malapalabra-de-cecilia-maugeri\/\">Sobre malapalabra de Cecilia Maugeri.<\/a><\/li><li class=\"posts-by-tag-item Cecilia Maugeri malapalabra Viajera\" id=\"posts-by-tag-item-1341\"><a class = \"posts-by-tag-item-title\" href=\"https:\/\/viajeraeditorial.ar\/blog\/2013\/07\/cecilia-maugeri-verde-azul\/\">Cecilia Maugeri: Verde Azul<\/a><\/li><li class=\"posts-by-tag-item Cecilia Maugeri malapalabra Viajera Visita visitante\/the visitor\" id=\"posts-by-tag-item-1570\"><a class = \"posts-by-tag-item-title\" href=\"https:\/\/viajeraeditorial.ar\/blog\/2012\/11\/cecilia-maugeri-en-viajera-visita\/\">Cecilia Maugeri en Viajera Visita<\/a><\/li><li class=\"posts-by-tag-item Cecilia Maugeri malapalabra Viajera Visita visitante\/the visitor\" id=\"posts-by-tag-item-1713\"><a class = \"posts-by-tag-item-title\" href=\"https:\/\/viajeraeditorial.ar\/blog\/2012\/08\/cecilia-maugeri-bonus-track-en-viajera-visita\/\">Cecilia Maugeri: bonus track en Viajera Visita<\/a><\/li><li class=\"posts-by-tag-item Cecilia Maugeri malapalabra\" id=\"posts-by-tag-item-1795\"><a class = \"posts-by-tag-item-title\" href=\"https:\/\/viajeraeditorial.ar\/blog\/2012\/05\/malapalabra-en-la-maquina-del-tiempo\/\">malapalabra en La M\u00e1quina del Tiempo<\/a><\/li><li class=\"posts-by-tag-item Belara Mich\u00e1n Bengala Hotel Cecilia Maugeri cuerpoadentro Diario de la Transformaci\u00f3n Eugenia Coiro Karina Macci\u00f3 Lado G\u00e9minis L\u00e9ame malapalabra Nadina Tauhil Nicol\u00e1s Di Candia ranamadre Virginia Janza\" id=\"posts-by-tag-item-1802\"><a class = \"posts-by-tag-item-title\" href=\"https:\/\/viajeraeditorial.ar\/blog\/2012\/05\/nuestro-paso-por-la-feria-del-libro\/\">Nuestro paso por la Feria del Libro<\/a><\/li><li class=\"posts-by-tag-item An\u00edbal Ilguisonis Cecilia Maugeri clin caja Karina Macci\u00f3 La Cajita de Pandora La P\u00e9rdida o La Perdida malapalabra Virginia Janza\" id=\"posts-by-tag-item-1888\"><a class = \"posts-by-tag-item-title\" href=\"https:\/\/viajeraeditorial.ar\/blog\/2011\/10\/viajera-en-el-periodico-de-poesia-de-la-unam-mexico\/\">Viajera en el Peri\u00f3dico de Poes\u00eda de la UNAM (M\u00e9xico)<\/a><\/li><li class=\"posts-by-tag-item An\u00edbal Ilguisonis Carlos Battilana Casa de Viaje Cecilia Maugeri clin caja Estuche negro Karina Macci\u00f3 La Cajita de Pandora La P\u00e9rdida o La Perdida La Playa Lengua Espiral Loreley El Jaber malapalabra Mar\u00eda Victoria Verzura Natalia Monsegur Perla Ericl\u00e9e Quinteros Presente Continuo Ricardo Czikk Sentir \u00d3seo Virginia Janza visitante\/the visitor\" id=\"posts-by-tag-item-1941\"><a class = \"posts-by-tag-item-title\" href=\"https:\/\/viajeraeditorial.ar\/blog\/2010\/11\/este-martes-23-de-noviembre-leemos-en-la-casa\/\">Este martes 23 de noviembre leemos en la Casa!<\/a><\/li><li class=\"posts-by-tag-item An\u00edbal Ilguisonis Carlos Battilana Casa de Viaje Cecilia Maugeri clin caja Estuche negro herpes Karina Macci\u00f3 La Cajita de Pandora La P\u00e9rdida o La Perdida La Playa Lengua Espiral Loreley El Jaber malapalabra Mana Mar\u00eda Victoria Verzura Natalia Monsegur Perla Ericl\u00e9e Quinteros Presente Continuo Ricardo Czikk Sentir \u00d3seo Virginia Janza visitante\/the visitor\" id=\"posts-by-tag-item-1946\"><a class = \"posts-by-tag-item-title\" href=\"https:\/\/viajeraeditorial.ar\/blog\/2010\/11\/viajera-visita-la-casa-de-la-lectura-3\/\">Viajera visita la Casa de la Lectura<\/a><\/li><li class=\"posts-by-tag-item Cecilia Maugeri malapalabra Viceversa\" id=\"posts-by-tag-item-1998\"><a class = \"posts-by-tag-item-title\" href=\"https:\/\/viajeraeditorial.ar\/blog\/2010\/07\/maugeri-repetto-repetto-maugeri\/\">Maugeri-Repetto-Repetto-Maugeri<\/a><\/li><li class=\"posts-by-tag-item An\u00edbal Ilguisonis Cecilia Maugeri clin caja Estuche negro herpes Karina Macci\u00f3 La Cajita de Pandora La P\u00e9rdida o La Perdida La Playa Lengua Espiral Loreley El Jaber malapalabra Mana Mar\u00eda Victoria Verzura Perla Ericl\u00e9e Quinteros Ricardo Czikk Sentir \u00d3seo Virginia Janza\" id=\"posts-by-tag-item-2012\"><a class = \"posts-by-tag-item-title\" href=\"https:\/\/viajeraeditorial.ar\/blog\/2010\/05\/viajera-en-el-festival-buen-dia\/\">Viajera en el festival Buen D\u00eda!<\/a><\/li><li class=\"posts-by-tag-item An\u00edbal Ilguisonis Cecilia Maugeri clin caja Estuche negro herpes Karina Macci\u00f3 La Cajita de Pandora La P\u00e9rdida o La Perdida La Playa Lengua Espiral Loreley El Jaber malapalabra Mana Mar\u00eda Victoria Verzura Perla Ericl\u00e9e Quinteros Ricardo Czikk Sentir \u00d3seo Viajera Visita Virginia Janza\" id=\"posts-by-tag-item-2026\"><a class = \"posts-by-tag-item-title\" href=\"https:\/\/viajeraeditorial.ar\/blog\/2010\/04\/2026\/\">Viajera Visita Garrick<\/a><\/li><li class=\"posts-by-tag-item An\u00edbal Ilguisonis Cecilia Maugeri clin caja Estuche negro Karina Macci\u00f3 La Cajita de Pandora La P\u00e9rdida o La Perdida malapalabra Ricardo Czikk Viajera Visita Virginia Janza\" id=\"posts-by-tag-item-2028\"><a class = \"posts-by-tag-item-title\" href=\"https:\/\/viajeraeditorial.ar\/blog\/2009\/11\/viajera-editorial-en-la-casa-de-la-lectura\/\">Viajera Editorial en la Casa de la Lectura<\/a><\/li><\/ul><\/p>\n","protected":false},"excerpt":{"rendered":"<p>Cecilia Maugeri, 2009 ISBN: 978-987-24360-3-2 120 p. La \u00abmalapalabra\u00bb no es una, son todas las palabras. Es la \u00abbolsa de gatos\u00bb de la lengua, que incluye todo lo que decimos, sentimos, pensamos (todo lo que somos). Cecilia Maugeri nos da un hilo fuerte y brillante, hecho de letras que laten, fluyen, (nos) llevan. Estos poemas [&hellip;]<\/p>\n","protected":false},"author":3,"featured_media":0,"parent":30,"menu_order":3,"comment_status":"closed","ping_status":"open","template":"","meta":[],"_links":{"self":[{"href":"https:\/\/viajeraeditorial.ar\/blog\/wp-json\/wp\/v2\/pages\/370"}],"collection":[{"href":"https:\/\/viajeraeditorial.ar\/blog\/wp-json\/wp\/v2\/pages"}],"about":[{"href":"https:\/\/viajeraeditorial.ar\/blog\/wp-json\/wp\/v2\/types\/page"}],"author":[{"embeddable":true,"href":"https:\/\/viajeraeditorial.ar\/blog\/wp-json\/wp\/v2\/users\/3"}],"replies":[{"embeddable":true,"href":"https:\/\/viajeraeditorial.ar\/blog\/wp-json\/wp\/v2\/comments?post=370"}],"version-history":[{"count":4,"href":"https:\/\/viajeraeditorial.ar\/blog\/wp-json\/wp\/v2\/pages\/370\/revisions"}],"predecessor-version":[{"id":2314,"href":"https:\/\/viajeraeditorial.ar\/blog\/wp-json\/wp\/v2\/pages\/370\/revisions\/2314"}],"up":[{"embeddable":true,"href":"https:\/\/viajeraeditorial.ar\/blog\/wp-json\/wp\/v2\/pages\/30"}],"wp:attachment":[{"href":"https:\/\/viajeraeditorial.ar\/blog\/wp-json\/wp\/v2\/media?parent=370"}],"curies":[{"name":"wp","href":"https:\/\/api.w.org\/{rel}","templated":true}]}}