{"id":372,"date":"2015-05-03T23:09:18","date_gmt":"2015-05-04T02:09:18","guid":{"rendered":"http:\/\/www.viajeraeditorial.com.ar\/?page_id=372"},"modified":"2015-06-14T23:57:33","modified_gmt":"2015-06-15T02:57:33","slug":"lengua-espiral","status":"publish","type":"page","link":"https:\/\/viajeraeditorial.ar\/blog\/descubrir\/lengua-espiral\/","title":{"rendered":"Lengua Espiral"},"content":{"rendered":"<p class=\"plano\"><a href=\"http:\/\/www.viajeraeditorial.ar\/blog\/wp-content\/uploads\/2015\/05\/lenguatapa.jpg\"><img loading=\"lazy\" class=\"alignleft size-full wp-image-622\" src=\"http:\/\/www.viajeraeditorial.ar\/blog\/wp-content\/uploads\/2015\/05\/lenguatapa.jpg\" alt=\"Lengua Espiral\" width=\"322\" height=\"477\" \/><\/a><a href=\"http:\/\/www.viajeraeditorial.ar\/blog\/autores\/perla-ericlee-quinteros\/\">Perla Ericl\u00e9e Quinteros<\/a>, 2009<br \/>\nISBN: 978-987-24360-5-6<br \/>\n148 p.<\/p>\n<p class=\"plano\">El dibujo espiral de este viaje nos advierte que arribaremos al puerto m\u00e1s dif\u00edcil, donde lo \u00fanico que hay es un espejo: o nos atrevemos a mirarnos y a doler hasta reconocernos para, de alg\u00fan modo, volver a empezar (a nacer), o quedamos desorientados, obnubilados en la luz que el solitario espejo refleja, sin saber qu\u00e9 hacer, ad\u00f3nde ir, sin saber nada, ya que no nos atrevimos a buscar(nos).<\/p>\n<p class=\"plano\">Si como los h\u00e9roes pudimos enfrentar el descenso, el camino hacia la superficie nos mostrar\u00e1 nuevas posibilidades, con ojos y lengua m\u00e1s abiertos, m\u00e1s dispuestos, m\u00e1s permeables, susceptibles de captar nuevas sutilezas. Susceptibles de aventurarnos, una vez m\u00e1s, a amar y a morir:<\/p>\n<p class=\"plano\">NEFASTO \u00a0\u00a0\u00a0\u00a0\u00a0\u00a0\u00a0\u00a0\u00a0\u00a0\u00a0\u00a0TE AMO AHORA \u00a0\u00a0\u00a0\u00a0\u00a0\u00a0\u00a0\u00a0\u00a0\u00a0\u00a0\u00a0y no sab\u00e9s<br \/>\nquien soy<br \/>\nPORQUE<br \/>\nno has visto<br \/>\nme<br \/>\nY TE AMO<\/p>\n<p class=\"plano\">PERO \u00a0\u00a0\u00a0\u00a0\u00a0\u00a0\u00a0\u00a0\u00a0\u00a0\u00a0\u00a0no tanto como para no pensa<br \/>\nque puede fracasar<br \/>\n\u00c9STE, MI \u00a0\u00a0\u00a0TE AMO<\/p>\n<p class=\"plano\"><em>Lengua espiral<\/em> nos invita a dejarnos llevar para descubrir, bajo otra luz, los fundamentos del \u201camor y otras membranas\u201d.<\/p>\n<p class=\"plano\" style=\"text-align: right;\">Karina Macci\u00f3<\/p>\n<p class=\"plano\"><span style=\"text-decoration: underline;\"><strong>Contenido sobre Lengua Espiral<\/strong><\/span><\/p>\n<p class=\"plano\"><ul class = \"posts-by-tag-list\"><li class=\"posts-by-tag-item Lengua Espiral Perla Ericl\u00e9e Quinteros\" id=\"posts-by-tag-item-7608\"><a class = \"posts-by-tag-item-title\" href=\"https:\/\/viajeraeditorial.ar\/blog\/2019\/02\/trasbordo-perla-ericlee-quinteros\/\">trasbordo * Perla Ericl\u00e9e Quinteros<\/a><\/li><li class=\"posts-by-tag-item Lengua Espiral Perla Ericl\u00e9e Quinteros Viajera\" id=\"posts-by-tag-item-806\"><a class = \"posts-by-tag-item-title\" href=\"https:\/\/viajeraeditorial.ar\/blog\/2014\/03\/el-ijo-perla-ericlee-quinteros\/\">el ijo - Perla Ericl\u00e9e Quinteros<\/a><\/li><li class=\"posts-by-tag-item Lengua Espiral Perla Ericl\u00e9e Quinteros Viajera\" id=\"posts-by-tag-item-2127\"><a class = \"posts-by-tag-item-title\" href=\"https:\/\/viajeraeditorial.ar\/blog\/2014\/02\/tedio-perla-quinteros\/\">TEDIO - Perla Quinteros<\/a><\/li><li class=\"posts-by-tag-item Lengua Espiral Perla Ericl\u00e9e Quinteros Viajera\" id=\"posts-by-tag-item-2135\"><a class = \"posts-by-tag-item-title\" href=\"https:\/\/viajeraeditorial.ar\/blog\/2014\/02\/ella-perla-ericlee-quinteros\/\">Ella - Perla Ericl\u00e9e Quinteros<\/a><\/li><li class=\"posts-by-tag-item Lengua Espiral Perla Ericl\u00e9e Quinteros Viajera\" id=\"posts-by-tag-item-2036\"><a class = \"posts-by-tag-item-title\" href=\"https:\/\/viajeraeditorial.ar\/blog\/2014\/01\/acusajuez-perla-ericlee-quinteros\/\">acusajuez - Perla Ericl\u00e9e Quinteros<\/a><\/li><li class=\"posts-by-tag-item Amor Lengua Espiral Perla Ericl\u00e9e Quinteros Viajera\" id=\"posts-by-tag-item-1325\"><a class = \"posts-by-tag-item-title\" href=\"https:\/\/viajeraeditorial.ar\/blog\/2013\/07\/el-amor-en-viajera-perla-ericlee-quinteros\/\">El amor en Viajera - Perla Ericl\u00e9e Quinteros<\/a><\/li><li class=\"posts-by-tag-item Colores Lengua Espiral Perla Ericl\u00e9e Quinteros Viajera\" id=\"posts-by-tag-item-1372\"><a class = \"posts-by-tag-item-title\" href=\"https:\/\/viajeraeditorial.ar\/blog\/2013\/06\/perla-ericlee-quinteros-azul\/\">Perla Ericl\u00e9e Quinteros: Azul.<\/a><\/li><li class=\"posts-by-tag-item An\u00edbal Ilguisonis Carlos Battilana Casa de Viaje Cecilia Maugeri clin caja Estuche negro Karina Macci\u00f3 La Cajita de Pandora La P\u00e9rdida o La Perdida La Playa Lengua Espiral Loreley El Jaber malapalabra Mar\u00eda Victoria Verzura Natalia Monsegur Perla Ericl\u00e9e Quinteros Presente Continuo Ricardo Czikk Sentir \u00d3seo Virginia Janza visitante\/the visitor\" id=\"posts-by-tag-item-1941\"><a class = \"posts-by-tag-item-title\" href=\"https:\/\/viajeraeditorial.ar\/blog\/2010\/11\/este-martes-23-de-noviembre-leemos-en-la-casa\/\">Este martes 23 de noviembre leemos en la Casa!<\/a><\/li><li class=\"posts-by-tag-item An\u00edbal Ilguisonis Carlos Battilana Casa de Viaje Cecilia Maugeri clin caja Estuche negro herpes Karina Macci\u00f3 La Cajita de Pandora La P\u00e9rdida o La Perdida La Playa Lengua Espiral Loreley El Jaber malapalabra Mana Mar\u00eda Victoria Verzura Natalia Monsegur Perla Ericl\u00e9e Quinteros Presente Continuo Ricardo Czikk Sentir \u00d3seo Virginia Janza visitante\/the visitor\" id=\"posts-by-tag-item-1946\"><a class = \"posts-by-tag-item-title\" href=\"https:\/\/viajeraeditorial.ar\/blog\/2010\/11\/viajera-visita-la-casa-de-la-lectura-3\/\">Viajera visita la Casa de la Lectura<\/a><\/li><li class=\"posts-by-tag-item Lengua Espiral Perla Ericl\u00e9e Quinteros\" id=\"posts-by-tag-item-2005\"><a class = \"posts-by-tag-item-title\" href=\"https:\/\/viajeraeditorial.ar\/blog\/2010\/06\/el-devenir-del-lenguaje-en-palabra-apasionada-una-lectura-de-lengua-espiral-de-perla-quinteros\/\">El devenir del lenguaje en palabra apasionada: una lectura de \"Lengua Espiral\" de Perla Quinteros<\/a><\/li><li class=\"posts-by-tag-item An\u00edbal Ilguisonis Cecilia Maugeri clin caja Estuche negro herpes Karina Macci\u00f3 La Cajita de Pandora La P\u00e9rdida o La Perdida La Playa Lengua Espiral Loreley El Jaber malapalabra Mana Mar\u00eda Victoria Verzura Perla Ericl\u00e9e Quinteros Ricardo Czikk Sentir \u00d3seo Virginia Janza\" id=\"posts-by-tag-item-2012\"><a class = \"posts-by-tag-item-title\" href=\"https:\/\/viajeraeditorial.ar\/blog\/2010\/05\/viajera-en-el-festival-buen-dia\/\">Viajera en el festival Buen D\u00eda!<\/a><\/li><li class=\"posts-by-tag-item herpes La Playa Lengua Espiral Loreley El Jaber Mana Mar\u00eda Victoria Verzura Perla Ericl\u00e9e Quinteros Sentir \u00d3seo\" id=\"posts-by-tag-item-2021\"><a class = \"posts-by-tag-item-title\" href=\"https:\/\/viajeraeditorial.ar\/blog\/2010\/05\/nuevos-libros-de-viajera-editorial\/\">\u00a1Nuevos libros de Viajera Editorial!<\/a><\/li><li class=\"posts-by-tag-item An\u00edbal Ilguisonis Cecilia Maugeri clin caja Estuche negro herpes Karina Macci\u00f3 La Cajita de Pandora La P\u00e9rdida o La Perdida La Playa Lengua Espiral Loreley El Jaber malapalabra Mana Mar\u00eda Victoria Verzura Perla Ericl\u00e9e Quinteros Ricardo Czikk Sentir \u00d3seo Viajera Visita Virginia Janza\" id=\"posts-by-tag-item-2026\"><a class = \"posts-by-tag-item-title\" href=\"https:\/\/viajeraeditorial.ar\/blog\/2010\/04\/2026\/\">Viajera Visita Garrick<\/a><\/li><\/ul><\/p>\n","protected":false},"excerpt":{"rendered":"<p>Perla Ericl\u00e9e Quinteros, 2009 ISBN: 978-987-24360-5-6 148 p. El dibujo espiral de este viaje nos advierte que arribaremos al puerto m\u00e1s dif\u00edcil, donde lo \u00fanico que hay es un espejo: o nos atrevemos a mirarnos y a doler hasta reconocernos para, de alg\u00fan modo, volver a empezar (a nacer), o quedamos desorientados, obnubilados en la [&hellip;]<\/p>\n","protected":false},"author":3,"featured_media":0,"parent":30,"menu_order":5,"comment_status":"closed","ping_status":"open","template":"","meta":[],"_links":{"self":[{"href":"https:\/\/viajeraeditorial.ar\/blog\/wp-json\/wp\/v2\/pages\/372"}],"collection":[{"href":"https:\/\/viajeraeditorial.ar\/blog\/wp-json\/wp\/v2\/pages"}],"about":[{"href":"https:\/\/viajeraeditorial.ar\/blog\/wp-json\/wp\/v2\/types\/page"}],"author":[{"embeddable":true,"href":"https:\/\/viajeraeditorial.ar\/blog\/wp-json\/wp\/v2\/users\/3"}],"replies":[{"embeddable":true,"href":"https:\/\/viajeraeditorial.ar\/blog\/wp-json\/wp\/v2\/comments?post=372"}],"version-history":[{"count":4,"href":"https:\/\/viajeraeditorial.ar\/blog\/wp-json\/wp\/v2\/pages\/372\/revisions"}],"predecessor-version":[{"id":2316,"href":"https:\/\/viajeraeditorial.ar\/blog\/wp-json\/wp\/v2\/pages\/372\/revisions\/2316"}],"up":[{"embeddable":true,"href":"https:\/\/viajeraeditorial.ar\/blog\/wp-json\/wp\/v2\/pages\/30"}],"wp:attachment":[{"href":"https:\/\/viajeraeditorial.ar\/blog\/wp-json\/wp\/v2\/media?parent=372"}],"curies":[{"name":"wp","href":"https:\/\/api.w.org\/{rel}","templated":true}]}}