{"id":374,"date":"2015-05-03T23:10:19","date_gmt":"2015-05-04T02:10:19","guid":{"rendered":"http:\/\/www.viajeraeditorial.com.ar\/?page_id=374"},"modified":"2015-06-14T23:57:37","modified_gmt":"2015-06-15T02:57:37","slug":"sentir-oseo","status":"publish","type":"page","link":"https:\/\/viajeraeditorial.ar\/blog\/descubrir\/sentir-oseo\/","title":{"rendered":"Sentir \u00d3seo"},"content":{"rendered":"<p class=\"plano\"><a href=\"http:\/\/www.viajeraeditorial.ar\/blog\/wp-content\/uploads\/2015\/05\/sentirtapa.jpg\"><img loading=\"lazy\" class=\"alignleft size-full wp-image-625\" src=\"http:\/\/www.viajeraeditorial.ar\/blog\/wp-content\/uploads\/2015\/05\/sentirtapa.jpg\" alt=\"Sentir \u00d3seo\" width=\"322\" height=\"480\" \/><\/a><a href=\"http:\/\/www.viajeraeditorial.ar\/blog\/autores\/maria-victoria-verzura\/\">Mar\u00eda Victoria Verzura<\/a>, 2010<br \/>\nISBN: 978-987-24360-6-3<br \/>\n152 p.<\/p>\n<p class=\"plano\">\u201cPara no ser\/ yo\/ me invent\u00e9 un cuerpo\u201d; \u201credibuj\u00e9 trazos\/ finos\u201d; \u201cla boca se hizo letras\/ dije todo\u201d. Sobre el cuerpo viejo, con el cuerpo mutilado, todav\u00eda se puede escribir, y a\u00fan m\u00e1s, se puede crear otro cuerpo, siempre potente: el de la escritura. Es a trav\u00e9s de la escritura que se puede atrapar y conjurar lo amorfo, contener la muerte, renovar la voz. El silencio, as\u00ed, se convierte en el compa\u00f1ero perfecto, en algo tan imprescindible como el aire. Entonces la muerte ya no es una agon\u00eda dolorosa o sin sentido, sino m\u00e1s bien un estado que interrumpe el sentir para que todo se reconcilie (cuerpo, voz, pensamientos, sentidos), para que todo sea UNO (ya no hay mundo ni yo). Por medio de la escritura, se pueden desarmar las cajas de cristal, desandar las traiciones, re-inventar el yo. Se puede deshacer lo \u201creal\u201d y blanquear la experiencia, volverla algo que se pueda (sobre)llevar y apre(h)ender.<\/p>\n<p class=\"plano\">Los textos de <em>Sentir \u00d3seo<\/em> no s\u00f3lo permiten, sino incitan, a releer, a volver a empezar. Por eso, \u201cvictoria\u201d se escribe con min\u00fascula, es algo peque\u00f1o y cambiante, que se hace d\u00eda a d\u00eda. Por eso, tambi\u00e9n, m\u00e1s que un nombre (el de la autora) es una forma \u2013\u00f3sea\u2013 de sentir: \u201cescribo\/ observo\/ quiero hacer de esto\/ una forma\/ una manera\/ un molde\/ de vivir\/ de enfrentar la vida\/ de ser\u201d.<\/p>\n<p class=\"plano\" style=\"text-align: right;\">Karina Macci\u00f3<\/p>\n<p class=\"plano\"><span style=\"text-decoration: underline;\"><strong>Contenido sobre Sentir \u00d3seo<\/strong><\/span><\/p>\n<p class=\"plano\"><ul class = \"posts-by-tag-list\"><li class=\"posts-by-tag-item Mar\u00eda Victoria Verzura Sentir \u00d3seo Viajera\" id=\"posts-by-tag-item-2239\"><a class = \"posts-by-tag-item-title\" href=\"https:\/\/viajeraeditorial.ar\/blog\/2015\/01\/me-llene-de-mierda-maria-victoria-verzura\/\">Me llen\u00e9 de mierda - Mar\u00eda Victoria Verzura<\/a><\/li><li class=\"posts-by-tag-item Mar\u00eda Victoria Verzura Sentir \u00d3seo Viajera\" id=\"posts-by-tag-item-2254\"><a class = \"posts-by-tag-item-title\" href=\"https:\/\/viajeraeditorial.ar\/blog\/2014\/11\/caminos-pasadizos-maria-victoria-verzura\/\">Caminos pasadizos - Mar\u00eda Victoria Verzura<\/a><\/li><li class=\"posts-by-tag-item Mar\u00eda Victoria Verzura Sentir \u00d3seo Viajera\" id=\"posts-by-tag-item-310\"><a class = \"posts-by-tag-item-title\" href=\"https:\/\/viajeraeditorial.ar\/blog\/2014\/10\/alguna-vez-maria-victoria-verzura\/\">Alguna vez - Mar\u00eda Victoria Verzura<\/a><\/li><li class=\"posts-by-tag-item Mar\u00eda Victoria Verzura Sentir \u00d3seo Viajera\" id=\"posts-by-tag-item-345\"><a class = \"posts-by-tag-item-title\" href=\"https:\/\/viajeraeditorial.ar\/blog\/2014\/09\/tengo-muchas-preguntas-maria-victoria-verzura\/\">Tengo muchas preguntas - Mar\u00eda Victoria Verzura<\/a><\/li><li class=\"posts-by-tag-item Mar\u00eda Victoria Verzura Sentir \u00d3seo Viajera\" id=\"posts-by-tag-item-2192\"><a class = \"posts-by-tag-item-title\" href=\"https:\/\/viajeraeditorial.ar\/blog\/2014\/07\/criaturas-maria-victoria-verzura\/\">Criaturas - Mar\u00eda Victoria Verzura<\/a><\/li><li class=\"posts-by-tag-item Mar\u00eda Victoria Verzura Sentir \u00d3seo Viajera\" id=\"posts-by-tag-item-2216\"><a class = \"posts-by-tag-item-title\" href=\"https:\/\/viajeraeditorial.ar\/blog\/2014\/06\/me-lleno-de-tu-cuerpo-maria-victoria-verzura\/\">Me lleno de tu cuerpo - Mar\u00eda Victoria Verzura<\/a><\/li><li class=\"posts-by-tag-item Mar\u00eda Victoria Verzura Minuto Magdalena Sentir \u00d3seo\" id=\"posts-by-tag-item-2064\"><a class = \"posts-by-tag-item-title\" href=\"https:\/\/viajeraeditorial.ar\/blog\/2014\/05\/maria-victoria-verzura-minuto-magdalena\/\">Mar\u00eda Victoria Verzura - Minuto Magdalena<\/a><\/li><li class=\"posts-by-tag-item Mar\u00eda Victoria Verzura Sentir \u00d3seo Viajera\" id=\"posts-by-tag-item-2094\"><a class = \"posts-by-tag-item-title\" href=\"https:\/\/viajeraeditorial.ar\/blog\/2014\/04\/me-mata-maria-victoria-verzura\/\">Me Mata - Mar\u00eda Victoria Verzura<\/a><\/li><li class=\"posts-by-tag-item Mar\u00eda Victoria Verzura Sentir \u00d3seo Viajera\" id=\"posts-by-tag-item-2107\"><a class = \"posts-by-tag-item-title\" href=\"https:\/\/viajeraeditorial.ar\/blog\/2014\/03\/hablar-contra-un-muro-maria-victoria-verzura\/\">Hablar contra un muro - Mar\u00eda Victoria Verzura<\/a><\/li><li class=\"posts-by-tag-item Mar\u00eda Victoria Verzura Sentir \u00d3seo Viajera\" id=\"posts-by-tag-item-2117\"><a class = \"posts-by-tag-item-title\" href=\"https:\/\/viajeraeditorial.ar\/blog\/2014\/03\/el-aire-frio-maria-victoria-verzura\/\">El aire fr\u00edo - Mar\u00eda Victoria Verzura<\/a><\/li><li class=\"posts-by-tag-item Mar\u00eda Victoria Verzura Sentir \u00d3seo Viajera\" id=\"posts-by-tag-item-2118\"><a class = \"posts-by-tag-item-title\" href=\"https:\/\/viajeraeditorial.ar\/blog\/2014\/03\/llenarse-de-tiempo-maria-victoria-verzura\/\">Llenarse de tiempo - Mar\u00eda Victoria Verzura<\/a><\/li><li class=\"posts-by-tag-item Mar\u00eda Victoria Verzura Sentir \u00d3seo Viajera\" id=\"posts-by-tag-item-2139\"><a class = \"posts-by-tag-item-title\" href=\"https:\/\/viajeraeditorial.ar\/blog\/2014\/02\/si-pudiera-maria-victoria-verzura\/\">Si pudiera - Mar\u00eda Victoria Verzura<\/a><\/li><li class=\"posts-by-tag-item Mar\u00eda Victoria Verzura Sentir \u00d3seo Viajera\" id=\"posts-by-tag-item-2040\"><a class = \"posts-by-tag-item-title\" href=\"https:\/\/viajeraeditorial.ar\/blog\/2014\/01\/lavandina-maria-victoria-verzura\/\">Lavandina - Mar\u00eda Victoria Verzura<\/a><\/li><li class=\"posts-by-tag-item Mar\u00eda Victoria Verzura Sentir \u00d3seo Viajera\" id=\"posts-by-tag-item-1119\"><a class = \"posts-by-tag-item-title\" href=\"https:\/\/viajeraeditorial.ar\/blog\/2013\/10\/la-ruta-sola-de-maria-victoria-verzura\/\">\"La ruta sola...\" de Mar\u00eda Victoria Verzura<\/a><\/li><li class=\"posts-by-tag-item Mar\u00eda Victoria Verzura Sentir \u00d3seo Viajera\" id=\"posts-by-tag-item-1134\"><a class = \"posts-by-tag-item-title\" href=\"https:\/\/viajeraeditorial.ar\/blog\/2013\/10\/para-no-ser-de-maria-victoria-verzura-incluido-en-sentir-oseo\/\">\"Para no ser...\" de Mar\u00eda Victoria Verzura. Incluido en \"Sentir \u00d3seo\"<\/a><\/li><li class=\"posts-by-tag-item Amor Mar\u00eda Victoria Verzura Sentir \u00d3seo Viajera\" id=\"posts-by-tag-item-1314\"><a class = \"posts-by-tag-item-title\" href=\"https:\/\/viajeraeditorial.ar\/blog\/2013\/07\/el-amor-en-viajera-maria-victoria-verzura\/\">El Amor en Viajera - Mar\u00eda Victoria Verzura<\/a><\/li><li class=\"posts-by-tag-item Mar\u00eda Victoria Verzura Sentir \u00d3seo Viajera\" id=\"posts-by-tag-item-1363\"><a class = \"posts-by-tag-item-title\" href=\"https:\/\/viajeraeditorial.ar\/blog\/2013\/06\/maria-victoria-verzura-color-hueso\/\">Mar\u00eda Victoria Verzura: color hueso.<\/a><\/li><li class=\"posts-by-tag-item Mar\u00eda Victoria Verzura Sentir \u00d3seo Viajera Visita\" id=\"posts-by-tag-item-1524\"><a class = \"posts-by-tag-item-title\" href=\"https:\/\/viajeraeditorial.ar\/blog\/2012\/12\/maria-victoria-verzura-en-viajera-visita\/\">Mar\u00eda Victoria Verzura en Viajera Visita<\/a><\/li><li class=\"posts-by-tag-item An\u00edbal Ilguisonis Carlos Battilana Casa de Viaje Cecilia Maugeri clin caja Estuche negro Karina Macci\u00f3 La Cajita de Pandora La P\u00e9rdida o La Perdida La Playa Lengua Espiral Loreley El Jaber malapalabra Mar\u00eda Victoria Verzura Natalia Monsegur Perla Ericl\u00e9e Quinteros Presente Continuo Ricardo Czikk Sentir \u00d3seo Virginia Janza visitante\/the visitor\" id=\"posts-by-tag-item-1941\"><a class = \"posts-by-tag-item-title\" href=\"https:\/\/viajeraeditorial.ar\/blog\/2010\/11\/este-martes-23-de-noviembre-leemos-en-la-casa\/\">Este martes 23 de noviembre leemos en la Casa!<\/a><\/li><li class=\"posts-by-tag-item An\u00edbal Ilguisonis Carlos Battilana Casa de Viaje Cecilia Maugeri clin caja Estuche negro herpes Karina Macci\u00f3 La Cajita de Pandora La P\u00e9rdida o La Perdida La Playa Lengua Espiral Loreley El Jaber malapalabra Mana Mar\u00eda Victoria Verzura Natalia Monsegur Perla Ericl\u00e9e Quinteros Presente Continuo Ricardo Czikk Sentir \u00d3seo Virginia Janza visitante\/the visitor\" id=\"posts-by-tag-item-1946\"><a class = \"posts-by-tag-item-title\" href=\"https:\/\/viajeraeditorial.ar\/blog\/2010\/11\/viajera-visita-la-casa-de-la-lectura-3\/\">Viajera visita la Casa de la Lectura<\/a><\/li><li class=\"posts-by-tag-item Cr\u00f3nicas Estuche negro Mar\u00eda Victoria Verzura Ricardo Czikk Sentir \u00d3seo\" id=\"posts-by-tag-item-1952\"><a class = \"posts-by-tag-item-title\" href=\"https:\/\/viajeraeditorial.ar\/blog\/2010\/11\/cronica-viajera-empezamos-la-primavera-en-la-libreria-cobra\/\">Cr\u00f3nica viajera: empezamos la Primavera en la librer\u00eda Cobra<\/a><\/li><li class=\"posts-by-tag-item Mar\u00eda Victoria Verzura Sentir \u00d3seo\" id=\"posts-by-tag-item-1960\"><a class = \"posts-by-tag-item-title\" href=\"https:\/\/viajeraeditorial.ar\/blog\/2010\/08\/sentir-oseo-nueva-resena-por-patricia-signorelli\/\">Sentir \u00d3seo: Nueva Rese\u00f1a por Patricia Signorelli<\/a><\/li><li class=\"posts-by-tag-item An\u00edbal Ilguisonis Cecilia Maugeri clin caja Estuche negro herpes Karina Macci\u00f3 La Cajita de Pandora La P\u00e9rdida o La Perdida La Playa Lengua Espiral Loreley El Jaber malapalabra Mana Mar\u00eda Victoria Verzura Perla Ericl\u00e9e Quinteros Ricardo Czikk Sentir \u00d3seo Virginia Janza\" id=\"posts-by-tag-item-2012\"><a class = \"posts-by-tag-item-title\" href=\"https:\/\/viajeraeditorial.ar\/blog\/2010\/05\/viajera-en-el-festival-buen-dia\/\">Viajera en el festival Buen D\u00eda!<\/a><\/li><li class=\"posts-by-tag-item herpes La Playa Lengua Espiral Loreley El Jaber Mana Mar\u00eda Victoria Verzura Perla Ericl\u00e9e Quinteros Sentir \u00d3seo\" id=\"posts-by-tag-item-2021\"><a class = \"posts-by-tag-item-title\" href=\"https:\/\/viajeraeditorial.ar\/blog\/2010\/05\/nuevos-libros-de-viajera-editorial\/\">\u00a1Nuevos libros de Viajera Editorial!<\/a><\/li><li class=\"posts-by-tag-item An\u00edbal Ilguisonis Cecilia Maugeri clin caja Estuche negro herpes Karina Macci\u00f3 La Cajita de Pandora La P\u00e9rdida o La Perdida La Playa Lengua Espiral Loreley El Jaber malapalabra Mana Mar\u00eda Victoria Verzura Perla Ericl\u00e9e Quinteros Ricardo Czikk Sentir \u00d3seo Viajera Visita Virginia Janza\" id=\"posts-by-tag-item-2026\"><a class = \"posts-by-tag-item-title\" href=\"https:\/\/viajeraeditorial.ar\/blog\/2010\/04\/2026\/\">Viajera Visita Garrick<\/a><\/li><\/ul><\/p>\n","protected":false},"excerpt":{"rendered":"<p>Mar\u00eda Victoria Verzura, 2010 ISBN: 978-987-24360-6-3 152 p. \u201cPara no ser\/ yo\/ me invent\u00e9 un cuerpo\u201d; \u201credibuj\u00e9 trazos\/ finos\u201d; \u201cla boca se hizo letras\/ dije todo\u201d. Sobre el cuerpo viejo, con el cuerpo mutilado, todav\u00eda se puede escribir, y a\u00fan m\u00e1s, se puede crear otro cuerpo, siempre potente: el de la escritura. Es a trav\u00e9s [&hellip;]<\/p>\n","protected":false},"author":3,"featured_media":0,"parent":30,"menu_order":6,"comment_status":"closed","ping_status":"open","template":"","meta":[],"_links":{"self":[{"href":"https:\/\/viajeraeditorial.ar\/blog\/wp-json\/wp\/v2\/pages\/374"}],"collection":[{"href":"https:\/\/viajeraeditorial.ar\/blog\/wp-json\/wp\/v2\/pages"}],"about":[{"href":"https:\/\/viajeraeditorial.ar\/blog\/wp-json\/wp\/v2\/types\/page"}],"author":[{"embeddable":true,"href":"https:\/\/viajeraeditorial.ar\/blog\/wp-json\/wp\/v2\/users\/3"}],"replies":[{"embeddable":true,"href":"https:\/\/viajeraeditorial.ar\/blog\/wp-json\/wp\/v2\/comments?post=374"}],"version-history":[{"count":4,"href":"https:\/\/viajeraeditorial.ar\/blog\/wp-json\/wp\/v2\/pages\/374\/revisions"}],"predecessor-version":[{"id":2317,"href":"https:\/\/viajeraeditorial.ar\/blog\/wp-json\/wp\/v2\/pages\/374\/revisions\/2317"}],"up":[{"embeddable":true,"href":"https:\/\/viajeraeditorial.ar\/blog\/wp-json\/wp\/v2\/pages\/30"}],"wp:attachment":[{"href":"https:\/\/viajeraeditorial.ar\/blog\/wp-json\/wp\/v2\/media?parent=374"}],"curies":[{"name":"wp","href":"https:\/\/api.w.org\/{rel}","templated":true}]}}