{"id":376,"date":"2015-05-03T23:10:34","date_gmt":"2015-05-04T02:10:34","guid":{"rendered":"http:\/\/www.viajeraeditorial.com.ar\/?page_id=376"},"modified":"2015-06-14T23:57:42","modified_gmt":"2015-06-15T02:57:42","slug":"herpes","status":"publish","type":"page","link":"https:\/\/viajeraeditorial.ar\/blog\/descubrir\/herpes\/","title":{"rendered":"herpes"},"content":{"rendered":"<p class=\"plano\"><a href=\"http:\/\/www.viajeraeditorial.ar\/blog\/wp-content\/uploads\/2015\/05\/herpestapa.jpg\"><img loading=\"lazy\" class=\"alignleft size-full wp-image-627\" src=\"http:\/\/www.viajeraeditorial.ar\/blog\/wp-content\/uploads\/2015\/05\/herpestapa.jpg\" alt=\"herpes\" width=\"322\" height=\"464\" \/><\/a><a href=\"http:\/\/www.viajeraeditorial.ar\/blog\/autores\/mana\/\">Mana<\/a>, 2010<br \/>\nISBN: 978-987-24360-7-0<br \/>\n175 p.<\/p>\n<p class=\"plano\"><em>herpes<\/em> se impone destruir para volver a inventar. Carcome las palabras, y las vuelve \u00e1cidas, nost\u00e1lgicas (eso que sab\u00edan decir, ya no dicen m\u00e1s). Provoca el difuminado de los g\u00e9neros, y as\u00ed poes\u00eda, cuento, gui\u00f3n, se entrelazan para contar una historia: las aventuras de un personaje solitario, violento, reflexivo y tierno, que trata de conectar con la ciudad, el pasado, las mujeres, consigo mismo, y fracasa. Todo parece estar contaminado en (por) <em>herpes<\/em>, como la cara del enamorado adolescente, que se revienta los granos para acudir a la cita y queda \u201ccomo el \u00faltimo tomate de un caj\u00f3n\u201d; como la convivencia de la pareja deshecha, \u201cImbuidos en la indiferencia funcional\u201d; como el negocio cruel de la Anticuaria, que s\u00f3lo compra \u201cobjetos que llevan grabados recuerdos\u201d.<\/p>\n<p class=\"plano\">Sin embargo, se afirma <em>\u201cEst\u00e1n las cosas malas, para que est\u00e9n las buenas\u201d<\/em>. Entonces se sigue buscando, se sigue apostando, se escribe y \u201cQuiz\u00e1s haya alguien del otro lado\/ y esto resulte\u201d. (El) <em>herpes<\/em> tiene la forma de un virus, hay que atravesarlo, porque llega y se va sin aviso. Nos queda s\u00f3lo decidir qu\u00e9 actitud vamos a tomar. La propuesta es fuerte: \u201cDej\u00f3 de existir el lugar de la resignaci\u00f3n. Del conformismo. (&#8230;) Hoy vamos a cambiar, mi querido amigo. La idea original mut\u00f3\u201d.<\/p>\n<p class=\"plano\">Vale la pena contagiarse.<\/p>\n<p class=\"plano\" style=\"text-align: right;\">Karina Macci\u00f3<\/p>\n<p class=\"plano\"><span style=\"text-decoration: underline;\"><strong>Contenido sobre <em>herpes<\/em><\/strong><\/span><\/p>\n<p class=\"plano\"><ul class = \"posts-by-tag-list\"><li class=\"posts-by-tag-item herpes Mana\" id=\"posts-by-tag-item-8329\"><a class = \"posts-by-tag-item-title\" href=\"https:\/\/viajeraeditorial.ar\/blog\/2020\/08\/sofocado-sin-roaming-mana\/\">Sofocado sin roaming * Mana<\/a><\/li><li class=\"posts-by-tag-item herpes Mana\" id=\"posts-by-tag-item-8326\"><a class = \"posts-by-tag-item-title\" href=\"https:\/\/viajeraeditorial.ar\/blog\/2020\/04\/magenta-mana\/\">magenta * Mana<\/a><\/li><li class=\"posts-by-tag-item herpes Mana\" id=\"posts-by-tag-item-8320\"><a class = \"posts-by-tag-item-title\" href=\"https:\/\/viajeraeditorial.ar\/blog\/2020\/03\/cuestion-de-tiempo-mana\/\">Cuesti\u00f3n de tiempo * Mana<\/a><\/li><li class=\"posts-by-tag-item herpes Mana Viajera\" id=\"posts-by-tag-item-2169\"><a class = \"posts-by-tag-item-title\" href=\"https:\/\/viajeraeditorial.ar\/blog\/2014\/08\/en-el-analista-o-el-toro-por-los-cuernos-mana\/\">En el analista o el toro por los cuernos - Mana<\/a><\/li><li class=\"posts-by-tag-item herpes Mana Viajera\" id=\"posts-by-tag-item-535\"><a class = \"posts-by-tag-item-title\" href=\"https:\/\/viajeraeditorial.ar\/blog\/2014\/06\/deriva-de-un-ex-mana\/\">Deriva de un ex - Mana<\/a><\/li><li class=\"posts-by-tag-item herpes Mana Viajera\" id=\"posts-by-tag-item-2072\"><a class = \"posts-by-tag-item-title\" href=\"https:\/\/viajeraeditorial.ar\/blog\/2014\/05\/testigo-tacito-mana\/\">Testigo t\u00e1cito - Mana<\/a><\/li><li class=\"posts-by-tag-item herpes Mana Viajera\" id=\"posts-by-tag-item-2084\"><a class = \"posts-by-tag-item-title\" href=\"https:\/\/viajeraeditorial.ar\/blog\/2014\/04\/contrafrente-mana\/\">Contrafrente - Mana<\/a><\/li><li class=\"posts-by-tag-item herpes Mana Viajera\" id=\"posts-by-tag-item-2101\"><a class = \"posts-by-tag-item-title\" href=\"https:\/\/viajeraeditorial.ar\/blog\/2014\/03\/sin-desbarrancar-mana\/\">Sin desbarrancar - Mana<\/a><\/li><li class=\"posts-by-tag-item herpes Mana Viajera\" id=\"posts-by-tag-item-2111\"><a class = \"posts-by-tag-item-title\" href=\"https:\/\/viajeraeditorial.ar\/blog\/2014\/03\/una-estampita-en-tu-espejo-mana\/\">Una estampita en tu espejo - Mana<\/a><\/li><li class=\"posts-by-tag-item herpes Mana Viajera\" id=\"posts-by-tag-item-2126\"><a class = \"posts-by-tag-item-title\" href=\"https:\/\/viajeraeditorial.ar\/blog\/2014\/02\/palermisado-mana\/\">Palermisado - Mana<\/a><\/li><li class=\"posts-by-tag-item herpes Mana Viajera\" id=\"posts-by-tag-item-2131\"><a class = \"posts-by-tag-item-title\" href=\"https:\/\/viajeraeditorial.ar\/blog\/2014\/02\/lagrimas-portenas-mana\/\">L\u00e1grimas porte\u00f1as - Mana<\/a><\/li><li class=\"posts-by-tag-item herpes Mana Viajera\" id=\"posts-by-tag-item-2038\"><a class = \"posts-by-tag-item-title\" href=\"https:\/\/viajeraeditorial.ar\/blog\/2014\/01\/tu-numero-ya-no-suena-mana\/\">Tu n\u00famero ya no suena - Mana<\/a><\/li><li class=\"posts-by-tag-item herpes Mana Viajera\" id=\"posts-by-tag-item-944\"><a class = \"posts-by-tag-item-title\" href=\"https:\/\/viajeraeditorial.ar\/blog\/2014\/01\/moderna-de-pura-cepa-mana\/\">Moderna de pura cepa - Mana<\/a><\/li><li class=\"posts-by-tag-item herpes Mana Viajera\" id=\"posts-by-tag-item-1343\"><a class = \"posts-by-tag-item-title\" href=\"https:\/\/viajeraeditorial.ar\/blog\/2013\/07\/mana-rojo\/\">Mana: Rojo<\/a><\/li><li class=\"posts-by-tag-item Apariciones P\u00fablicas Cecilia Maugeri herpes Mana Viajera\" id=\"posts-by-tag-item-1431\"><a class = \"posts-by-tag-item-title\" href=\"https:\/\/viajeraeditorial.ar\/blog\/2013\/05\/maugeri-lee-a-mana-en-la-feria-del-libro\/\">Maugeri lee a Mana en la Feria del Libro<\/a><\/li><li class=\"posts-by-tag-item herpes Mana\" id=\"posts-by-tag-item-1911\"><a class = \"posts-by-tag-item-title\" href=\"https:\/\/viajeraeditorial.ar\/blog\/2011\/03\/1911\/\">herpes<\/a><\/li><li class=\"posts-by-tag-item An\u00edbal Ilguisonis Carlos Battilana Casa de Viaje Cecilia Maugeri clin caja Estuche negro herpes Karina Macci\u00f3 La Cajita de Pandora La P\u00e9rdida o La Perdida La Playa Lengua Espiral Loreley El Jaber malapalabra Mana Mar\u00eda Victoria Verzura Natalia Monsegur Perla Ericl\u00e9e Quinteros Presente Continuo Ricardo Czikk Sentir \u00d3seo Virginia Janza visitante\/the visitor\" id=\"posts-by-tag-item-1946\"><a class = \"posts-by-tag-item-title\" href=\"https:\/\/viajeraeditorial.ar\/blog\/2010\/11\/viajera-visita-la-casa-de-la-lectura-3\/\">Viajera visita la Casa de la Lectura<\/a><\/li><li class=\"posts-by-tag-item herpes Mana Viceversa\" id=\"posts-by-tag-item-1957\"><a class = \"posts-by-tag-item-title\" href=\"https:\/\/viajeraeditorial.ar\/blog\/2010\/08\/quien-es-mana-por-virginia-janza\/\">Qui\u00e9n es Mana, por Virginia Janza<\/a><\/li><li class=\"posts-by-tag-item An\u00edbal Ilguisonis Cecilia Maugeri clin caja Estuche negro herpes Karina Macci\u00f3 La Cajita de Pandora La P\u00e9rdida o La Perdida La Playa Lengua Espiral Loreley El Jaber malapalabra Mana Mar\u00eda Victoria Verzura Perla Ericl\u00e9e Quinteros Ricardo Czikk Sentir \u00d3seo Virginia Janza\" id=\"posts-by-tag-item-2012\"><a class = \"posts-by-tag-item-title\" href=\"https:\/\/viajeraeditorial.ar\/blog\/2010\/05\/viajera-en-el-festival-buen-dia\/\">Viajera en el festival Buen D\u00eda!<\/a><\/li><li class=\"posts-by-tag-item herpes La Playa Lengua Espiral Loreley El Jaber Mana Mar\u00eda Victoria Verzura Perla Ericl\u00e9e Quinteros Sentir \u00d3seo\" id=\"posts-by-tag-item-2021\"><a class = \"posts-by-tag-item-title\" href=\"https:\/\/viajeraeditorial.ar\/blog\/2010\/05\/nuevos-libros-de-viajera-editorial\/\">\u00a1Nuevos libros de Viajera Editorial!<\/a><\/li><li class=\"posts-by-tag-item An\u00edbal Ilguisonis Cecilia Maugeri clin caja Estuche negro herpes Karina Macci\u00f3 La Cajita de Pandora La P\u00e9rdida o La Perdida La Playa Lengua Espiral Loreley El Jaber malapalabra Mana Mar\u00eda Victoria Verzura Perla Ericl\u00e9e Quinteros Ricardo Czikk Sentir \u00d3seo Viajera Visita Virginia Janza\" id=\"posts-by-tag-item-2026\"><a class = \"posts-by-tag-item-title\" href=\"https:\/\/viajeraeditorial.ar\/blog\/2010\/04\/2026\/\">Viajera Visita Garrick<\/a><\/li><\/ul><\/p>\n","protected":false},"excerpt":{"rendered":"<p>Mana, 2010 ISBN: 978-987-24360-7-0 175 p. herpes se impone destruir para volver a inventar. Carcome las palabras, y las vuelve \u00e1cidas, nost\u00e1lgicas (eso que sab\u00edan decir, ya no dicen m\u00e1s). Provoca el difuminado de los g\u00e9neros, y as\u00ed poes\u00eda, cuento, gui\u00f3n, se entrelazan para contar una historia: las aventuras de un personaje solitario, violento, reflexivo [&hellip;]<\/p>\n","protected":false},"author":3,"featured_media":0,"parent":30,"menu_order":7,"comment_status":"closed","ping_status":"open","template":"","meta":[],"_links":{"self":[{"href":"https:\/\/viajeraeditorial.ar\/blog\/wp-json\/wp\/v2\/pages\/376"}],"collection":[{"href":"https:\/\/viajeraeditorial.ar\/blog\/wp-json\/wp\/v2\/pages"}],"about":[{"href":"https:\/\/viajeraeditorial.ar\/blog\/wp-json\/wp\/v2\/types\/page"}],"author":[{"embeddable":true,"href":"https:\/\/viajeraeditorial.ar\/blog\/wp-json\/wp\/v2\/users\/3"}],"replies":[{"embeddable":true,"href":"https:\/\/viajeraeditorial.ar\/blog\/wp-json\/wp\/v2\/comments?post=376"}],"version-history":[{"count":4,"href":"https:\/\/viajeraeditorial.ar\/blog\/wp-json\/wp\/v2\/pages\/376\/revisions"}],"predecessor-version":[{"id":2318,"href":"https:\/\/viajeraeditorial.ar\/blog\/wp-json\/wp\/v2\/pages\/376\/revisions\/2318"}],"up":[{"embeddable":true,"href":"https:\/\/viajeraeditorial.ar\/blog\/wp-json\/wp\/v2\/pages\/30"}],"wp:attachment":[{"href":"https:\/\/viajeraeditorial.ar\/blog\/wp-json\/wp\/v2\/media?parent=376"}],"curies":[{"name":"wp","href":"https:\/\/api.w.org\/{rel}","templated":true}]}}