{"id":378,"date":"2015-05-03T23:11:11","date_gmt":"2015-05-04T02:11:11","guid":{"rendered":"http:\/\/www.viajeraeditorial.com.ar\/?page_id=378"},"modified":"2015-06-14T23:57:46","modified_gmt":"2015-06-15T02:57:46","slug":"la-playa","status":"publish","type":"page","link":"https:\/\/viajeraeditorial.ar\/blog\/descubrir\/la-playa\/","title":{"rendered":"La Playa"},"content":{"rendered":"<p class=\"plano\"><a href=\"http:\/\/www.viajeraeditorial.ar\/blog\/wp-content\/uploads\/2015\/05\/laplayatapa.jpg\"><img loading=\"lazy\" class=\"alignleft size-full wp-image-630\" src=\"http:\/\/www.viajeraeditorial.ar\/blog\/wp-content\/uploads\/2015\/05\/laplayatapa.jpg\" alt=\"La Playa\" width=\"322\" height=\"480\" \/><\/a><a href=\"http:\/\/www.viajeraeditorial.ar\/blog\/autores\/loreley-el-jaber\/\">Loreley El Jaber<\/a>, 2010<br \/>\nISBN: 978-987-24360-8-7<br \/>\n98 p.<\/p>\n<p class=\"plano\">Escribi\u00f3 Albert Camus: \u201cdespu\u00e9s perd\u00ed el mar, todos los lujos me parecieron entonces grises\u201d. Y a\u00f1ade: \u201c\u00bfQu\u00e9 hacer si no tengo memoria m\u00e1s que para una sola imagen?\u201d El lujo del mar excede cualquier otro lujo. Desde la playa -el territorio de los afanes infantiles- el mar se vuelve el lugar de la fascinaci\u00f3n y del peligro. Precisamente por su car\u00e1cter peligroso (\u201cno te metas muy hondo\u201d), el mar resulta fascinante. El verano asociado al mar es una imagen tenaz, que crece con el tiempo, y se hace presente cada vez que nuestra libertad se ve amenazada o que el tedio acecha. La l\u00ednea del horizonte es tambi\u00e9n la l\u00ednea que alcanzan los ojos, y nos preguntamos qu\u00e9 hay m\u00e1s all\u00e1. Por ese motivo, estos poemas, agradecidos por una infancia feliz, m\u00e1s que la melancol\u00eda por el pasado que se fue, cuentan la voluntad de actualizar los d\u00edas de la ni\u00f1ez en su aspecto m\u00e1s preciso: el juego, su aprendizaje y su incesante b\u00fasqueda. \u00bfC\u00f3mo se puede apelar a la memoria sin que el pasado se torne nost\u00e1lgico? Los poemas de Loreley El Jaber responden que esos d\u00edas gloriosos no terminaron de suceder. La arena, el cuerpo, los v\u00ednculos familiares son los objetos de inter\u00e9s de esta ni\u00f1a que no apela a una atenci\u00f3n fija y obsesiva, sino a la distracci\u00f3n para reconocerlos como objetos decisivos. El juego con las hermanas, las manos amorosas de la madre, las peque\u00f1as proezas del padre, el descubrimiento er\u00f3tico del cuerpo son las huellas dejadas en la playa que las olas del mar a\u00fan no han podido borrar.<\/p>\n<p class=\"plano\" style=\"text-align: right;\">Carlos Battilana<\/p>\n<p class=\"plano\"><span style=\"text-decoration: underline;\"><strong>Contenido sobre La Playa<\/strong><\/span><\/p>\n<p class=\"plano\"><ul class = \"posts-by-tag-list\"><li class=\"posts-by-tag-item Desmonte Fragmentos del fin La Playa orillas de la luz Seresa Sol en Leo\" id=\"posts-by-tag-item-6681\"><a class = \"posts-by-tag-item-title\" href=\"https:\/\/viajeraeditorial.ar\/blog\/2017\/12\/combos-navidenos-libros-para-regalar-estas-fiestas\/\">Combos navide\u00f1os * libros para regalar estas fiestas<\/a><\/li><li class=\"posts-by-tag-item La Playa Loreley El Jaber Viajera\" id=\"posts-by-tag-item-575\"><a class = \"posts-by-tag-item-title\" href=\"https:\/\/viajeraeditorial.ar\/blog\/2014\/06\/la-playa-acto-i-loreley-el-jaber\/\">La Playa (Acto I) Loreley El Jaber<\/a><\/li><li class=\"posts-by-tag-item La Playa Loreley El Jaber Viajera\" id=\"posts-by-tag-item-2096\"><a class = \"posts-by-tag-item-title\" href=\"https:\/\/viajeraeditorial.ar\/blog\/2014\/03\/se-cree-una-amazona-loreley-el-jaber\/\">Se cree una amazona - Loreley El Jaber<\/a><\/li><li class=\"posts-by-tag-item La Playa Loreley El Jaber Viajera\" id=\"posts-by-tag-item-771\"><a class = \"posts-by-tag-item-title\" href=\"https:\/\/viajeraeditorial.ar\/blog\/2014\/03\/la-lectura-loreley-el-jaber\/\">La lectura - Loreley El Jaber<\/a><\/li><li class=\"posts-by-tag-item La Playa Loreley El Jaber Viajera\" id=\"posts-by-tag-item-897\"><a class = \"posts-by-tag-item-title\" href=\"https:\/\/viajeraeditorial.ar\/blog\/2014\/01\/se-sienta-y-comienza-a-relatar-loreley-el-jaber\/\">Se sienta y comienza a relatar... - Loreley El Jaber<\/a><\/li><li class=\"posts-by-tag-item La Playa Loreley El Jaber Viajera\" id=\"posts-by-tag-item-2039\"><a class = \"posts-by-tag-item-title\" href=\"https:\/\/viajeraeditorial.ar\/blog\/2014\/01\/hermanas-loreley-el-jaber\/\">Hermanas - Loreley El Jaber<\/a><\/li><li class=\"posts-by-tag-item La Playa Loreley El Jaber Viajera\" id=\"posts-by-tag-item-2048\"><a class = \"posts-by-tag-item-title\" href=\"https:\/\/viajeraeditorial.ar\/blog\/2014\/01\/la-entrega-loreley-el-jaber\/\">La entrega - Loreley El Jaber<\/a><\/li><li class=\"posts-by-tag-item Amor La Playa Loreley El Jaber Viajera\" id=\"posts-by-tag-item-1306\"><a class = \"posts-by-tag-item-title\" href=\"https:\/\/viajeraeditorial.ar\/blog\/2013\/07\/el-amor-en-viajera-dos-poemas-de-loreley-el-jaber\/\">El Amor en Viajera - Dos poemas de Loreley El Jaber<\/a><\/li><li class=\"posts-by-tag-item La Playa Loreley El Jaber Viajera\" id=\"posts-by-tag-item-1360\"><a class = \"posts-by-tag-item-title\" href=\"https:\/\/viajeraeditorial.ar\/blog\/2013\/06\/loreley-el-jaber-naranja-atardecer\/\">Loreley El Jaber: Naranja atardecer<\/a><\/li><li class=\"posts-by-tag-item Gabriel Kirchuk La Playa Loreley El Jaber pecesp\u00e1jaros Viajera\" id=\"posts-by-tag-item-1365\"><a class = \"posts-by-tag-item-title\" href=\"https:\/\/viajeraeditorial.ar\/blog\/2013\/06\/gabriel-kirchuk-amarillo\/\">Gabriel Kirchuk: Amarillo<\/a><\/li><li class=\"posts-by-tag-item B\u00e1rbara Belloc La Playa Loreley El Jaber Viajera Visita\" id=\"posts-by-tag-item-1628\"><a class = \"posts-by-tag-item-title\" href=\"https:\/\/viajeraeditorial.ar\/blog\/2012\/09\/barbara-belloc-en-viajera-visita\/\">B\u00e1rbara Belloc en Viajera Visita<\/a><\/li><li class=\"posts-by-tag-item La Playa Loreley El Jaber Viajera Visita\" id=\"posts-by-tag-item-1691\"><a class = \"posts-by-tag-item-title\" href=\"https:\/\/viajeraeditorial.ar\/blog\/2012\/09\/loreley-el-jaber-en-viajera-visita\/\">Loreley El Jaber en Viajera Visita<\/a><\/li><li class=\"posts-by-tag-item An\u00edbal Ilguisonis Carlos Battilana Casa de Viaje Cecilia Maugeri clin caja Estuche negro Karina Macci\u00f3 La Cajita de Pandora La P\u00e9rdida o La Perdida La Playa Lengua Espiral Loreley El Jaber malapalabra Mar\u00eda Victoria Verzura Natalia Monsegur Perla Ericl\u00e9e Quinteros Presente Continuo Ricardo Czikk Sentir \u00d3seo Virginia Janza visitante\/the visitor\" id=\"posts-by-tag-item-1941\"><a class = \"posts-by-tag-item-title\" href=\"https:\/\/viajeraeditorial.ar\/blog\/2010\/11\/este-martes-23-de-noviembre-leemos-en-la-casa\/\">Este martes 23 de noviembre leemos en la Casa!<\/a><\/li><li class=\"posts-by-tag-item An\u00edbal Ilguisonis Carlos Battilana Casa de Viaje Cecilia Maugeri clin caja Estuche negro herpes Karina Macci\u00f3 La Cajita de Pandora La P\u00e9rdida o La Perdida La Playa Lengua Espiral Loreley El Jaber malapalabra Mana Mar\u00eda Victoria Verzura Natalia Monsegur Perla Ericl\u00e9e Quinteros Presente Continuo Ricardo Czikk Sentir \u00d3seo Virginia Janza visitante\/the visitor\" id=\"posts-by-tag-item-1946\"><a class = \"posts-by-tag-item-title\" href=\"https:\/\/viajeraeditorial.ar\/blog\/2010\/11\/viajera-visita-la-casa-de-la-lectura-3\/\">Viajera visita la Casa de la Lectura<\/a><\/li><li class=\"posts-by-tag-item La Playa Loreley El Jaber\" id=\"posts-by-tag-item-2008\"><a class = \"posts-by-tag-item-title\" href=\"https:\/\/viajeraeditorial.ar\/blog\/2010\/06\/las-branquias-de-la-infancia-una-lectura-de-la-playa-de-loreley-el-jaber\/\">Las branquias de la infancia: una lectura de \"La playa\" de Loreley El Jaber<\/a><\/li><li class=\"posts-by-tag-item An\u00edbal Ilguisonis Cecilia Maugeri clin caja Estuche negro herpes Karina Macci\u00f3 La Cajita de Pandora La P\u00e9rdida o La Perdida La Playa Lengua Espiral Loreley El Jaber malapalabra Mana Mar\u00eda Victoria Verzura Perla Ericl\u00e9e Quinteros Ricardo Czikk Sentir \u00d3seo Virginia Janza\" id=\"posts-by-tag-item-2012\"><a class = \"posts-by-tag-item-title\" href=\"https:\/\/viajeraeditorial.ar\/blog\/2010\/05\/viajera-en-el-festival-buen-dia\/\">Viajera en el festival Buen D\u00eda!<\/a><\/li><li class=\"posts-by-tag-item herpes La Playa Lengua Espiral Loreley El Jaber Mana Mar\u00eda Victoria Verzura Perla Ericl\u00e9e Quinteros Sentir \u00d3seo\" id=\"posts-by-tag-item-2021\"><a class = \"posts-by-tag-item-title\" href=\"https:\/\/viajeraeditorial.ar\/blog\/2010\/05\/nuevos-libros-de-viajera-editorial\/\">\u00a1Nuevos libros de Viajera Editorial!<\/a><\/li><li class=\"posts-by-tag-item An\u00edbal Ilguisonis Cecilia Maugeri clin caja Estuche negro herpes Karina Macci\u00f3 La Cajita de Pandora La P\u00e9rdida o La Perdida La Playa Lengua Espiral Loreley El Jaber malapalabra Mana Mar\u00eda Victoria Verzura Perla Ericl\u00e9e Quinteros Ricardo Czikk Sentir \u00d3seo Viajera Visita Virginia Janza\" id=\"posts-by-tag-item-2026\"><a class = \"posts-by-tag-item-title\" href=\"https:\/\/viajeraeditorial.ar\/blog\/2010\/04\/2026\/\">Viajera Visita Garrick<\/a><\/li><\/ul><\/p>\n","protected":false},"excerpt":{"rendered":"<p>Loreley El Jaber, 2010 ISBN: 978-987-24360-8-7 98 p. Escribi\u00f3 Albert Camus: \u201cdespu\u00e9s perd\u00ed el mar, todos los lujos me parecieron entonces grises\u201d. Y a\u00f1ade: \u201c\u00bfQu\u00e9 hacer si no tengo memoria m\u00e1s que para una sola imagen?\u201d El lujo del mar excede cualquier otro lujo. Desde la playa -el territorio de los afanes infantiles- el mar [&hellip;]<\/p>\n","protected":false},"author":3,"featured_media":0,"parent":30,"menu_order":8,"comment_status":"closed","ping_status":"open","template":"","meta":[],"_links":{"self":[{"href":"https:\/\/viajeraeditorial.ar\/blog\/wp-json\/wp\/v2\/pages\/378"}],"collection":[{"href":"https:\/\/viajeraeditorial.ar\/blog\/wp-json\/wp\/v2\/pages"}],"about":[{"href":"https:\/\/viajeraeditorial.ar\/blog\/wp-json\/wp\/v2\/types\/page"}],"author":[{"embeddable":true,"href":"https:\/\/viajeraeditorial.ar\/blog\/wp-json\/wp\/v2\/users\/3"}],"replies":[{"embeddable":true,"href":"https:\/\/viajeraeditorial.ar\/blog\/wp-json\/wp\/v2\/comments?post=378"}],"version-history":[{"count":3,"href":"https:\/\/viajeraeditorial.ar\/blog\/wp-json\/wp\/v2\/pages\/378\/revisions"}],"predecessor-version":[{"id":2319,"href":"https:\/\/viajeraeditorial.ar\/blog\/wp-json\/wp\/v2\/pages\/378\/revisions\/2319"}],"up":[{"embeddable":true,"href":"https:\/\/viajeraeditorial.ar\/blog\/wp-json\/wp\/v2\/pages\/30"}],"wp:attachment":[{"href":"https:\/\/viajeraeditorial.ar\/blog\/wp-json\/wp\/v2\/media?parent=378"}],"curies":[{"name":"wp","href":"https:\/\/api.w.org\/{rel}","templated":true}]}}