{"id":380,"date":"2015-05-03T23:11:41","date_gmt":"2015-05-04T02:11:41","guid":{"rendered":"http:\/\/www.viajeraeditorial.com.ar\/?page_id=380"},"modified":"2015-06-14T23:57:50","modified_gmt":"2015-06-15T02:57:50","slug":"casa-de-viaje","status":"publish","type":"page","link":"https:\/\/viajeraeditorial.ar\/blog\/descubrir\/casa-de-viaje\/","title":{"rendered":"Casa de Viaje"},"content":{"rendered":"<p class=\"plano\"><a href=\"http:\/\/www.viajeraeditorial.ar\/blog\/wp-content\/uploads\/2015\/05\/casadeviajetapa.jpg\"><img loading=\"lazy\" class=\"alignleft size-full wp-image-632\" src=\"http:\/\/www.viajeraeditorial.ar\/blog\/wp-content\/uploads\/2015\/05\/casadeviajetapa.jpg\" alt=\"Casa de Viaje\" width=\"322\" height=\"501\" \/><\/a><a href=\"http:\/\/www.viajeraeditorial.ar\/blog\/autores\/natalia-monsegur\/\">Natalia Monsegur<\/a>, 2010<br \/>\nISBN: 978-987-26325-0-2<br \/>\n64 p.<\/p>\n<p class=\"plano\">Buenos Aires, Barcelona, Par\u00eds, Baleares, Suiza y Suecia, \u00c1frica y Oriente: lugares por los que <em>transita<\/em> y<em>habita<\/em> el yo de <em>Casa de Viaje<\/em>. Justamente, \u00bfc\u00f3mo pueden enlazarse esos dos verbos? \u00bfc\u00f3mo habitar (ocupar, poseer un espacio \u00edntimo, un hogar que siempre es tiempo y marcas) en continuo movimiento? Si adem\u00e1s hay exilio, \u00bfc\u00f3mo se perciben las (de)limitaciones del vasto mundo que se halla invisiblemente cercado, tramado? \u00bfC\u00f3mo, a la vez, moverse sabiendo, sintiendo, en el cuerpo la frontera, el barrote, la prohibici\u00f3n? \u00bfY qu\u00e9 hacer con el <em>extra\u00f1ar<\/em>, ese otro movimiento de adentro, misterioso que nos conecta con el afuera de una forma tan intensa y tan distante? Deseo constante que empuja \u2013como dice Baudelaire\u2013 mueve a buscar \u00bfqu\u00e9?<\/p>\n<p class=\"plano\">Este libro de Natalia Monsegur nos lleva de viaje en un recorrido que inevitablemente sucede de manera concreta en el cuerpo y en el alma, que se inscribe en un mundo que no puede decirse m\u00e1s que a trav\u00e9s de peque\u00f1os momentos. Lo dem\u00e1s (lo grande, lo \u00e9pico) son historias e im\u00e1genes gastadas, que ya casi no se pueden sentir. Por eso, este libro es un como un \u00e1lbum maravilloso: en lugar de fotos, letras que proyectan espacios, sensaciones, sentimientos, otra forma de ver, siempre po\u00e9tica, que atraviesa a la viajera y se lleva en la memoria-coraz\u00f3n.<\/p>\n<p class=\"plano\">\u201ctuve la suerte de ver desnudo<br \/>\nal mundo<br \/>\nle quit\u00e9 la piel de agua<br \/>\nme la puse encima<br \/>\ncomo el asno\u201d<\/p>\n<p class=\"plano\" style=\"text-align: right;\">Karina Macci\u00f3<\/p>\n<p class=\"plano\"><span style=\"text-decoration: underline;\"><strong>Contenido sobre Casa de Viaje<\/strong><\/span><\/p>\n<p class=\"plano\"><ul class = \"posts-by-tag-list\"><li class=\"posts-by-tag-item Apariciones P\u00fablicas Casa de Viaje Natalia Monsegur Viajera\" id=\"posts-by-tag-item-2181\"><a class = \"posts-by-tag-item-title\" href=\"https:\/\/viajeraeditorial.ar\/blog\/2014\/07\/pablo-milani-entrevista-a-natalia-monsegur\/\">Pablo Milani entrevista a Natalia Monsegur<\/a><\/li><li class=\"posts-by-tag-item Casa de Viaje Minuto Magdalena Natalia Monsegur\" id=\"posts-by-tag-item-2062\"><a class = \"posts-by-tag-item-title\" href=\"https:\/\/viajeraeditorial.ar\/blog\/2014\/05\/natalia-monsegur-minuto-magdalena-3\/\">Natalia Monsegur - Minuto Magdalena<\/a><\/li><li class=\"posts-by-tag-item Casa de Viaje Natalia Monsegur Viajera\" id=\"posts-by-tag-item-2079\"><a class = \"posts-by-tag-item-title\" href=\"https:\/\/viajeraeditorial.ar\/blog\/2014\/04\/una-bandada-de-pajaros-natalia-monsegur\/\">una bandada de p\u00e1jaros - Natalia Monsegur<\/a><\/li><li class=\"posts-by-tag-item Casa de Viaje Natalia Monsegur Viajera\" id=\"posts-by-tag-item-972\"><a class = \"posts-by-tag-item-title\" href=\"https:\/\/viajeraeditorial.ar\/blog\/2013\/12\/el-calor-fue-rotundo-natalia-monsegur\/\">el calor fue rotundo - Natalia Monsegur<\/a><\/li><li class=\"posts-by-tag-item Casa de Viaje Natalia Monsegur Viajera\" id=\"posts-by-tag-item-1234\"><a class = \"posts-by-tag-item-title\" href=\"https:\/\/viajeraeditorial.ar\/blog\/2013\/08\/sobre-casa-de-viaje-de-natalia-monsegur\/\">Sobre \"Casa de Viaje\" de Natalia Monsegur<\/a><\/li><li class=\"posts-by-tag-item Amor Casa de Viaje Natalia Monsegur Viajera\" id=\"posts-by-tag-item-1304\"><a class = \"posts-by-tag-item-title\" href=\"https:\/\/viajeraeditorial.ar\/blog\/2013\/08\/el-amor-en-viajera-natalia-monsegur\/\">El Amor en Viajera - Natalia Monsegur<\/a><\/li><li class=\"posts-by-tag-item Casa de Viaje Natalia Monsegur Viajera\" id=\"posts-by-tag-item-1336\"><a class = \"posts-by-tag-item-title\" href=\"https:\/\/viajeraeditorial.ar\/blog\/2013\/07\/natalia-monsegur-morada-violeta\/\">Natalia Monsegur: Morada Violeta<\/a><\/li><li class=\"posts-by-tag-item Carlos Battilana Casa de Viaje Natalia Monsegur Presente Continuo\" id=\"posts-by-tag-item-1919\"><a class = \"posts-by-tag-item-title\" href=\"https:\/\/viajeraeditorial.ar\/blog\/2010\/11\/presentacion-de-nuevos-titulos\/\">Presentaci\u00f3n de nuevos t\u00edtulos<\/a><\/li><li class=\"posts-by-tag-item Carlos Battilana Casa de Viaje Natalia Monsegur Presente Continuo\" id=\"posts-by-tag-item-1929\"><a class = \"posts-by-tag-item-title\" href=\"https:\/\/viajeraeditorial.ar\/blog\/2010\/11\/cronograma-viajero\/\">Cronograma viajero!<\/a><\/li><li class=\"posts-by-tag-item An\u00edbal Ilguisonis Carlos Battilana Casa de Viaje Cecilia Maugeri clin caja Estuche negro Karina Macci\u00f3 La Cajita de Pandora La P\u00e9rdida o La Perdida La Playa Lengua Espiral Loreley El Jaber malapalabra Mar\u00eda Victoria Verzura Natalia Monsegur Perla Ericl\u00e9e Quinteros Presente Continuo Ricardo Czikk Sentir \u00d3seo Virginia Janza visitante\/the visitor\" id=\"posts-by-tag-item-1941\"><a class = \"posts-by-tag-item-title\" href=\"https:\/\/viajeraeditorial.ar\/blog\/2010\/11\/este-martes-23-de-noviembre-leemos-en-la-casa\/\">Este martes 23 de noviembre leemos en la Casa!<\/a><\/li><li class=\"posts-by-tag-item An\u00edbal Ilguisonis Carlos Battilana Casa de Viaje Cecilia Maugeri clin caja Estuche negro herpes Karina Macci\u00f3 La Cajita de Pandora La P\u00e9rdida o La Perdida La Playa Lengua Espiral Loreley El Jaber malapalabra Mana Mar\u00eda Victoria Verzura Natalia Monsegur Perla Ericl\u00e9e Quinteros Presente Continuo Ricardo Czikk Sentir \u00d3seo Virginia Janza visitante\/the visitor\" id=\"posts-by-tag-item-1946\"><a class = \"posts-by-tag-item-title\" href=\"https:\/\/viajeraeditorial.ar\/blog\/2010\/11\/viajera-visita-la-casa-de-la-lectura-3\/\">Viajera visita la Casa de la Lectura<\/a><\/li><\/ul><\/p>\n","protected":false},"excerpt":{"rendered":"<p>Natalia Monsegur, 2010 ISBN: 978-987-26325-0-2 64 p. Buenos Aires, Barcelona, Par\u00eds, Baleares, Suiza y Suecia, \u00c1frica y Oriente: lugares por los que transita yhabita el yo de Casa de Viaje. Justamente, \u00bfc\u00f3mo pueden enlazarse esos dos verbos? \u00bfc\u00f3mo habitar (ocupar, poseer un espacio \u00edntimo, un hogar que siempre es tiempo y marcas) en continuo movimiento? [&hellip;]<\/p>\n","protected":false},"author":3,"featured_media":0,"parent":30,"menu_order":9,"comment_status":"closed","ping_status":"closed","template":"","meta":[],"_links":{"self":[{"href":"https:\/\/viajeraeditorial.ar\/blog\/wp-json\/wp\/v2\/pages\/380"}],"collection":[{"href":"https:\/\/viajeraeditorial.ar\/blog\/wp-json\/wp\/v2\/pages"}],"about":[{"href":"https:\/\/viajeraeditorial.ar\/blog\/wp-json\/wp\/v2\/types\/page"}],"author":[{"embeddable":true,"href":"https:\/\/viajeraeditorial.ar\/blog\/wp-json\/wp\/v2\/users\/3"}],"replies":[{"embeddable":true,"href":"https:\/\/viajeraeditorial.ar\/blog\/wp-json\/wp\/v2\/comments?post=380"}],"version-history":[{"count":5,"href":"https:\/\/viajeraeditorial.ar\/blog\/wp-json\/wp\/v2\/pages\/380\/revisions"}],"predecessor-version":[{"id":2320,"href":"https:\/\/viajeraeditorial.ar\/blog\/wp-json\/wp\/v2\/pages\/380\/revisions\/2320"}],"up":[{"embeddable":true,"href":"https:\/\/viajeraeditorial.ar\/blog\/wp-json\/wp\/v2\/pages\/30"}],"wp:attachment":[{"href":"https:\/\/viajeraeditorial.ar\/blog\/wp-json\/wp\/v2\/media?parent=380"}],"curies":[{"name":"wp","href":"https:\/\/api.w.org\/{rel}","templated":true}]}}