{"id":386,"date":"2015-05-03T23:13:14","date_gmt":"2015-05-04T02:13:14","guid":{"rendered":"http:\/\/www.viajeraeditorial.com.ar\/?page_id=386"},"modified":"2018-07-29T12:26:56","modified_gmt":"2018-07-29T15:26:56","slug":"bengala-hotel","status":"publish","type":"page","link":"https:\/\/viajeraeditorial.ar\/blog\/descubrir\/bengala-hotel\/","title":{"rendered":"Bengala Hotel"},"content":{"rendered":"<p class=\"plano\"><a href=\"http:\/\/www.viajeraeditorial.ar\/blog\/wp-content\/uploads\/2015\/05\/bengalatapa.jpg\"><img loading=\"lazy\" class=\"alignleft size-full wp-image-639\" src=\"http:\/\/www.viajeraeditorial.ar\/blog\/wp-content\/uploads\/2015\/05\/bengalatapa.jpg\" alt=\"Bengala Hotel\" width=\"322\" height=\"472\" \/><\/a><a href=\"http:\/\/www.viajeraeditorial.ar\/blog\/autores\/eugenia-coiro\/\">Eugenia Coiro<\/a>, 2011<br \/>\nISBN: 978-987-26325-4-0<br \/>\n68 p.<\/p>\n<p class=\"plano\">Advertencia a los pasajeros<\/p>\n<p class=\"plano\" align=\"right\"><em>\u201cAfuera del limbo est\u00e1 la Vida,<br \/>\ntiene ramas en los ojos.\u201d<\/em><\/p>\n<p class=\"plano\" style=\"text-align: left;\" align=\"right\">\u00a0<em>Bengala Hotel<\/em> est\u00e1 construido con ladrillos de palabras reflexivas. Arquitectura que se indaga para no ser s\u00f3lo algo que se halla ah\u00ed, erigido. Despliegue y repliegue son movimientos continuos, como propone Deleuze. Uno repercute en el otro. A medida que avanzamos en la lectura, las paredes imaginarias de este cuarto (hojas) se transforman en pantallas que reverberan con im\u00e1genes, proyectando una variedad de personajes y sensaciones. A su vez, rebotan contra otra pared imaginaria: una identidad que aparece s\u00f3lo por este rebote. Se trata de mirar lo que no est\u00e1, o lo que si alguna vez estuvo, ha dejado una cicatriz, un fantasma, un recuerdo.<\/p>\n<p class=\"plano\">Permanecer en un cuarto de <em>Bengala Hotel<\/em> es animarse a probar el <em>limbo<\/em>: ni la vida, ni la muerte, sino ese intermedio donde fluyen las palabras, como bolas que ruedan, burbujas que flotan, o espuma de oleaje, multiplic\u00e1ndose sin cesar. Espacio de reflexi\u00f3n y b\u00fasqueda, se levanta en un intento por conjurar las quimeras que nos acechan. Este libro de Eugenia Coiro, escrito con el detalle, con la m\u00fasica de quien degusta y dibuja los versos, es una invitaci\u00f3n exquisita a alojarnos entre palabras expectantes, con ojos abiertos.<\/p>\n<p class=\"plano\" style=\"text-align: right;\">Karina Macci\u00f3<\/p>\n<p class=\"plano\"><span style=\"text-decoration: underline;\"><strong>Contenido sobre Bengala Hotel<\/strong><\/span><\/p>\n<p class=\"plano\"><ul class = \"posts-by-tag-list\"><li class=\"posts-by-tag-item Bengala Hotel Eugenia Coiro Gabriela Tavolara Karina Macci\u00f3 La Cajita de Pandora La P\u00e9rdida o La Perdida L\u00e9ame Lorena Garc\u00eda Minuto Fuego Nicol\u00e1s Di Candia Peligrosa Horizontal Strip-Dancer Viajera Virginia Janza\" id=\"posts-by-tag-item-2248\"><a class = \"posts-by-tag-item-title\" href=\"https:\/\/viajeraeditorial.ar\/blog\/2014\/12\/cronicas-viajeras-por-carolina-calvo\/\">Cr\u00f3nicas viajeras, por Carolina Calvo<\/a><\/li><li class=\"posts-by-tag-item Bengala Hotel Eugenia Coiro Minuto Magdalena\" id=\"posts-by-tag-item-2055\"><a class = \"posts-by-tag-item-title\" href=\"https:\/\/viajeraeditorial.ar\/blog\/2014\/05\/eugenia-coiro-minuto-magdalena-2\/\">Eugenia Coiro - Minuto Magdalena<\/a><\/li><li class=\"posts-by-tag-item Bengala Hotel Eugenia Coiro Viajera\" id=\"posts-by-tag-item-2109\"><a class = \"posts-by-tag-item-title\" href=\"https:\/\/viajeraeditorial.ar\/blog\/2014\/03\/intento-escuchar-eugenia-coiro\/\">intento escuchar - Eugenia Coiro<\/a><\/li><li class=\"posts-by-tag-item Bengala Hotel Eugenia Coiro Viajera\" id=\"posts-by-tag-item-855\"><a class = \"posts-by-tag-item-title\" href=\"https:\/\/viajeraeditorial.ar\/blog\/2014\/02\/si-un-rojo-eugenia-coiro\/\">Si un rojo - Eugenia Coiro<\/a><\/li><li class=\"posts-by-tag-item Bengala Hotel Eugenia Coiro Viajera\" id=\"posts-by-tag-item-2033\"><a class = \"posts-by-tag-item-title\" href=\"https:\/\/viajeraeditorial.ar\/blog\/2014\/01\/una-bolita-eugenia-coiro\/\">Una bolita - Eugenia Coiro<\/a><\/li><li class=\"posts-by-tag-item Bengala Hotel Eugenia Coiro\" id=\"posts-by-tag-item-1053\"><a class = \"posts-by-tag-item-title\" href=\"https:\/\/viajeraeditorial.ar\/blog\/2013\/11\/una-suavidad-se-anuda-incluido-en-bengala-hotel\/\">\"Una suavidad se anuda...\", incluido en Bengala Hotel<\/a><\/li><li class=\"posts-by-tag-item Apariciones P\u00fablicas Bengala Hotel Eugenia Coiro Viajera Viajera Visita\" id=\"posts-by-tag-item-1117\"><a class = \"posts-by-tag-item-title\" href=\"https:\/\/viajeraeditorial.ar\/blog\/2013\/10\/performance-poetica-en-clasica-y-moderna-eugenia-coiro\/\">Performance po\u00e9tica en Cl\u00e1sica y Moderna - Eugenia Coiro<\/a><\/li><li class=\"posts-by-tag-item Bengala Hotel Eugenia Coiro Viajera\" id=\"posts-by-tag-item-1251\"><a class = \"posts-by-tag-item-title\" href=\"https:\/\/viajeraeditorial.ar\/blog\/2013\/08\/sobre-bengala-hotel-de-eugenia-coiro\/\">Sobre \"Bengala Hotel\" de Eugenia Coiro<\/a><\/li><li class=\"posts-by-tag-item Amor Bengala Hotel Eugenia Coiro Viajera\" id=\"posts-by-tag-item-1311\"><a class = \"posts-by-tag-item-title\" href=\"https:\/\/viajeraeditorial.ar\/blog\/2013\/07\/el-amor-en-viajera-eugenia-coiro\/\">El Amor en Viajera - Eugenia Coiro<\/a><\/li><li class=\"posts-by-tag-item Bengala Hotel Eugenia Coiro\" id=\"posts-by-tag-item-1345\"><a class = \"posts-by-tag-item-title\" href=\"https:\/\/viajeraeditorial.ar\/blog\/2013\/06\/eugenia-coiro-rojo-oscuro\/\">Eugenia Coiro: Rojo oscuro<\/a><\/li><li class=\"posts-by-tag-item Bengala Hotel Eugenia Coiro Viajera\" id=\"posts-by-tag-item-1370\"><a class = \"posts-by-tag-item-title\" href=\"https:\/\/viajeraeditorial.ar\/blog\/2013\/06\/bengala-hotel-resenado-en-nan\/\">\"Bengala Hotel\" rese\u00f1ado en NaN<\/a><\/li><li class=\"posts-by-tag-item Bengala Hotel Eugenia Coiro Viajera Visita\" id=\"posts-by-tag-item-1590\"><a class = \"posts-by-tag-item-title\" href=\"https:\/\/viajeraeditorial.ar\/blog\/2012\/11\/eugenia-coiro-en-viajera-visita\/\">Eugenia Coiro en Viajera Visita<\/a><\/li><li class=\"posts-by-tag-item Bengala Hotel Eugenia Coiro\" id=\"posts-by-tag-item-1798\"><a class = \"posts-by-tag-item-title\" href=\"https:\/\/viajeraeditorial.ar\/blog\/2012\/05\/bengala-hotel-en-la-maquina-del-tiempo\/\">Bengala hotel en La M\u00e1quina del Tiempo<\/a><\/li><li class=\"posts-by-tag-item Belara Mich\u00e1n Bengala Hotel Cecilia Maugeri cuerpoadentro Diario de la Transformaci\u00f3n Eugenia Coiro Karina Macci\u00f3 Lado G\u00e9minis L\u00e9ame malapalabra Nadina Tauhil Nicol\u00e1s Di Candia ranamadre Virginia Janza\" id=\"posts-by-tag-item-1802\"><a class = \"posts-by-tag-item-title\" href=\"https:\/\/viajeraeditorial.ar\/blog\/2012\/05\/nuestro-paso-por-la-feria-del-libro\/\">Nuestro paso por la Feria del Libro<\/a><\/li><li class=\"posts-by-tag-item Belara Mich\u00e1n Bengala Hotel cuerpoadentro Eugenia Coiro L\u00e9ame Nadina Tauhil Nicol\u00e1s Di Candia ranamadre\" id=\"posts-by-tag-item-1814\"><a class = \"posts-by-tag-item-title\" href=\"https:\/\/viajeraeditorial.ar\/blog\/2012\/04\/andanzas-viajeras-diciembre-2011-abril-2012\/\">Andanzas viajeras Diciembre 2011-Abril 2012<\/a><\/li><li class=\"posts-by-tag-item Belara Mich\u00e1n Bengala Hotel cuerpoadentro Eugenia Coiro Viceversa\" id=\"posts-by-tag-item-1854\"><a class = \"posts-by-tag-item-title\" href=\"https:\/\/viajeraeditorial.ar\/blog\/2012\/01\/sobre-bengala-hotel-de-eugenia-coiro-2\/\">Sobre \"Bengala Hotel\" de Eugenia Coiro<\/a><\/li><li class=\"posts-by-tag-item Belara Mich\u00e1n Bengala Hotel cuerpoadentro Eugenia Coiro Viceversa\" id=\"posts-by-tag-item-1857\"><a class = \"posts-by-tag-item-title\" href=\"https:\/\/viajeraeditorial.ar\/blog\/2012\/01\/sobre-cuerpoadentro-de-belara-michan\/\">Sobre \"cuerpoadentro\" de Belara Mich\u00e1n<\/a><\/li><li class=\"posts-by-tag-item Belara Mich\u00e1n Bengala Hotel cuerpoadentro Eugenia Coiro L\u00e9ame Nadina Tauhil Nicol\u00e1s Di Candia ranamadre\" id=\"posts-by-tag-item-1864\"><a class = \"posts-by-tag-item-title\" href=\"https:\/\/viajeraeditorial.ar\/blog\/2011\/12\/presentacion-de-los-nuevos-libros-de-viajera\/\">Presentaci\u00f3n de los nuevos libros de Viajera!<\/a><\/li><\/ul><\/p>\n","protected":false},"excerpt":{"rendered":"<p>Eugenia Coiro, 2011 ISBN: 978-987-26325-4-0 68 p. Advertencia a los pasajeros \u201cAfuera del limbo est\u00e1 la Vida, tiene ramas en los ojos.\u201d \u00a0Bengala Hotel est\u00e1 construido con ladrillos de palabras reflexivas. Arquitectura que se indaga para no ser s\u00f3lo algo que se halla ah\u00ed, erigido. Despliegue y repliegue son movimientos continuos, como propone Deleuze. Uno [&hellip;]<\/p>\n","protected":false},"author":3,"featured_media":0,"parent":30,"menu_order":11,"comment_status":"closed","ping_status":"open","template":"","meta":[],"_links":{"self":[{"href":"https:\/\/viajeraeditorial.ar\/blog\/wp-json\/wp\/v2\/pages\/386"}],"collection":[{"href":"https:\/\/viajeraeditorial.ar\/blog\/wp-json\/wp\/v2\/pages"}],"about":[{"href":"https:\/\/viajeraeditorial.ar\/blog\/wp-json\/wp\/v2\/types\/page"}],"author":[{"embeddable":true,"href":"https:\/\/viajeraeditorial.ar\/blog\/wp-json\/wp\/v2\/users\/3"}],"replies":[{"embeddable":true,"href":"https:\/\/viajeraeditorial.ar\/blog\/wp-json\/wp\/v2\/comments?post=386"}],"version-history":[{"count":4,"href":"https:\/\/viajeraeditorial.ar\/blog\/wp-json\/wp\/v2\/pages\/386\/revisions"}],"predecessor-version":[{"id":2322,"href":"https:\/\/viajeraeditorial.ar\/blog\/wp-json\/wp\/v2\/pages\/386\/revisions\/2322"}],"up":[{"embeddable":true,"href":"https:\/\/viajeraeditorial.ar\/blog\/wp-json\/wp\/v2\/pages\/30"}],"wp:attachment":[{"href":"https:\/\/viajeraeditorial.ar\/blog\/wp-json\/wp\/v2\/media?parent=386"}],"curies":[{"name":"wp","href":"https:\/\/api.w.org\/{rel}","templated":true}]}}