{"id":388,"date":"2015-05-03T23:13:36","date_gmt":"2015-05-04T02:13:36","guid":{"rendered":"http:\/\/www.viajeraeditorial.com.ar\/?page_id=388"},"modified":"2015-06-14T23:58:10","modified_gmt":"2015-06-15T02:58:10","slug":"ranamadre","status":"publish","type":"page","link":"https:\/\/viajeraeditorial.ar\/blog\/descubrir\/ranamadre\/","title":{"rendered":"ranamadre"},"content":{"rendered":"<p class=\"plano\"><a href=\"http:\/\/www.viajeraeditorial.ar\/blog\/wp-content\/uploads\/2015\/05\/ranamadretapa.jpg\"><img loading=\"lazy\" class=\"alignleft size-full wp-image-647\" src=\"http:\/\/www.viajeraeditorial.ar\/blog\/wp-content\/uploads\/2015\/05\/ranamadretapa.jpg\" alt=\"ranamadre\" width=\"322\" height=\"474\" \/><\/a><a href=\"http:\/\/www.viajeraeditorial.ar\/blog\/autores\/nadina-tauhil\/\">Nadina Tauhil<\/a>, 2011<br \/>\nISBN: 978-987-26325-7-1<br \/>\n120 p.<\/p>\n<p class=\"plano\">\u00bfQu\u00e9 es una madre sin sus hijos? Destinada a la extinci\u00f3n, es un poeta sin palabras, un artista sin inspiraci\u00f3n, una mujer ahuecada, sin \u00fatero. Si una mujer se define por su maternidad biol\u00f3gica, la construcci\u00f3n identitaria femenina se origina en un rechazo. Todos los h\u00e9roes deben atravesar un momento de negaci\u00f3n del Hado cuando se preguntan por qu\u00e9 ellos han sido elegidos para tama\u00f1a empresa. En este libro, el cuerpo de mu\u00f1eca <em>barbie<\/em> pasa a ser una especie de <em>mamushka<\/em> devoradora de sangre, donde se lee una mirada cr\u00edtica sobre ser madre como un requisito de pertenencia a la sociedad y a la familia. El pasaje que conduce a la adultez se vive como una condena impuesta. Se trata de la negaci\u00f3n que sufre la hero\u00edna en el camino hasta aceptar que forma parte de una cadena, que ella misma es otro eslab\u00f3n, l\u00ednea que contin\u00faa, que no se extingue: \u201cahora me toca a m\u00ed\/ un antes de m\u00ed-despu\u00e9s\/ de m\u00ed\/ dando luz al mundo\/ pariendo con dolor\/ no hay otra forma\/ no hay\u201d.<\/p>\n<p class=\"plano\">Nadina Tauhil crea la <em>ranamadre<\/em>, y con ella abre un espacio po\u00e9tico para que nos sumerjamos en un nuevo mito y volvamos a pensar la maternidad y lo femenino.<\/p>\n<p class=\"plano\" style=\"text-align: right;\">Virginia Janza<\/p>\n<p class=\"plano\"><span style=\"text-decoration: underline;\"><strong>Contenido sobre <em>ranamadre<\/em><\/strong><\/span><\/p>\n<p class=\"plano\"><ul class = \"posts-by-tag-list\"><li class=\"posts-by-tag-item Nadina Tauhil ranamadre Viajera\" id=\"posts-by-tag-item-2029\"><a class = \"posts-by-tag-item-title\" href=\"https:\/\/viajeraeditorial.ar\/blog\/2014\/02\/tengo-los-huesos-huecos-nadina-tauhil\/\">tengo los huesos huecos - Nadina Tauhil<\/a><\/li><li class=\"posts-by-tag-item Nadina Tauhil ranamadre Viajera\" id=\"posts-by-tag-item-2034\"><a class = \"posts-by-tag-item-title\" href=\"https:\/\/viajeraeditorial.ar\/blog\/2014\/01\/si-yo-no-quisiera-nadina-tauhil\/\">si yo no quisiera - Nadina Tauhil<\/a><\/li><li class=\"posts-by-tag-item Nadina Tauhil ranamadre Viajera\" id=\"posts-by-tag-item-2041\"><a class = \"posts-by-tag-item-title\" href=\"https:\/\/viajeraeditorial.ar\/blog\/2014\/01\/la-ultima-vez-nadina-tahuil\/\">la \u00faltima vez - Nadina Tahuil<\/a><\/li><li class=\"posts-by-tag-item Nadina Tauhil ranamadre\" id=\"posts-by-tag-item-1029\"><a class = \"posts-by-tag-item-title\" href=\"https:\/\/viajeraeditorial.ar\/blog\/2013\/11\/nadina-tauhil-en-viajera-visita\/\">Nadina Tauhil en Viajera Visita<\/a><\/li><li class=\"posts-by-tag-item Nadina Tauhil ranamadre Viajera\" id=\"posts-by-tag-item-1056\"><a class = \"posts-by-tag-item-title\" href=\"https:\/\/viajeraeditorial.ar\/blog\/2013\/11\/sacar-los-hijos-de-mi-sangre-nadina-tauhil\/\">sacar los hijos de mi sangre * Nadina Tauhil<\/a><\/li><li class=\"posts-by-tag-item Apariciones P\u00fablicas Nadina Tauhil ranamadre Viajera Visita\" id=\"posts-by-tag-item-1106\"><a class = \"posts-by-tag-item-title\" href=\"https:\/\/viajeraeditorial.ar\/blog\/2013\/10\/performance-poetica-en-clasica-y-moderna-nadina-tauhil\/\">Performance Po\u00e9tica en Cl\u00e1sica y Moderna - Nadina Tauhil<\/a><\/li><li class=\"posts-by-tag-item Nadina Tauhil ranamadre Viajera\" id=\"posts-by-tag-item-1138\"><a class = \"posts-by-tag-item-title\" href=\"https:\/\/viajeraeditorial.ar\/blog\/2013\/10\/entonces-lo-siento-incluido-en-ranamadre-de-nadina-tauhil\/\">\"entonces lo siento\" incluido en ranamadre, de Nadina Tauhil<\/a><\/li><li class=\"posts-by-tag-item Nadina Tauhil ranamadre Viajera\" id=\"posts-by-tag-item-1357\"><a class = \"posts-by-tag-item-title\" href=\"https:\/\/viajeraeditorial.ar\/blog\/2013\/06\/nadina-tauhil-verde-rana\/\">Nadina Tauhil: Verde rana<\/a><\/li><li class=\"posts-by-tag-item Nadina Tauhil ranamadre Viajera Visita\" id=\"posts-by-tag-item-1636\"><a class = \"posts-by-tag-item-title\" href=\"https:\/\/viajeraeditorial.ar\/blog\/2012\/09\/nadina-tauhil-en-viajera-visita-2\/\">Nadina Tauhil en Viajera Visita<\/a><\/li><li class=\"posts-by-tag-item Nadina Tauhil ranamadre\" id=\"posts-by-tag-item-1790\"><a class = \"posts-by-tag-item-title\" href=\"https:\/\/viajeraeditorial.ar\/blog\/2012\/05\/ranamadre-en-desmenuzarte-mejor\/\">ranamadre en DesmenuzArte Mejor<\/a><\/li><li class=\"posts-by-tag-item Belara Mich\u00e1n Bengala Hotel Cecilia Maugeri cuerpoadentro Diario de la Transformaci\u00f3n Eugenia Coiro Karina Macci\u00f3 Lado G\u00e9minis L\u00e9ame malapalabra Nadina Tauhil Nicol\u00e1s Di Candia ranamadre Virginia Janza\" id=\"posts-by-tag-item-1802\"><a class = \"posts-by-tag-item-title\" href=\"https:\/\/viajeraeditorial.ar\/blog\/2012\/05\/nuestro-paso-por-la-feria-del-libro\/\">Nuestro paso por la Feria del Libro<\/a><\/li><li class=\"posts-by-tag-item Belara Mich\u00e1n Bengala Hotel cuerpoadentro Eugenia Coiro L\u00e9ame Nadina Tauhil Nicol\u00e1s Di Candia ranamadre\" id=\"posts-by-tag-item-1814\"><a class = \"posts-by-tag-item-title\" href=\"https:\/\/viajeraeditorial.ar\/blog\/2012\/04\/andanzas-viajeras-diciembre-2011-abril-2012\/\">Andanzas viajeras Diciembre 2011-Abril 2012<\/a><\/li><li class=\"posts-by-tag-item Nadina Tauhil ranamadre\" id=\"posts-by-tag-item-1817\"><a class = \"posts-by-tag-item-title\" href=\"https:\/\/viajeraeditorial.ar\/blog\/2012\/04\/salimos-en-pagina12\/\">Salimos en P\u00e1gina\/12!<\/a><\/li><li class=\"posts-by-tag-item Nadina Tauhil ranamadre\" id=\"posts-by-tag-item-1823\"><a class = \"posts-by-tag-item-title\" href=\"https:\/\/viajeraeditorial.ar\/blog\/2012\/04\/ranamadre-en-revista-casquivana\/\">ranamadre en Revista Casquivana<\/a><\/li><li class=\"posts-by-tag-item Nadina Tauhil ranamadre\" id=\"posts-by-tag-item-1830\"><a class = \"posts-by-tag-item-title\" href=\"https:\/\/viajeraeditorial.ar\/blog\/2012\/04\/ranamadre-en-revista-casquivana-2\/\">ranamadre en Revista Casquivana<\/a><\/li><li class=\"posts-by-tag-item L\u00e9ame Nadina Tauhil Nicol\u00e1s Di Candia ranamadre Viceversa\" id=\"posts-by-tag-item-1839\"><a class = \"posts-by-tag-item-title\" href=\"https:\/\/viajeraeditorial.ar\/blog\/2012\/02\/sobre-leame\/\">Sobre \"L\u00e9ame\"<\/a><\/li><li class=\"posts-by-tag-item Nadina Tauhil ranamadre Viceversa\" id=\"posts-by-tag-item-1845\"><a class = \"posts-by-tag-item-title\" href=\"https:\/\/viajeraeditorial.ar\/blog\/2012\/01\/sobre-ranamadre-de-nadina-tauhil\/\">Sobre \"ranamadre\" de Nadina Tauhil<\/a><\/li><li class=\"posts-by-tag-item Belara Mich\u00e1n Bengala Hotel cuerpoadentro Eugenia Coiro L\u00e9ame Nadina Tauhil Nicol\u00e1s Di Candia ranamadre\" id=\"posts-by-tag-item-1864\"><a class = \"posts-by-tag-item-title\" href=\"https:\/\/viajeraeditorial.ar\/blog\/2011\/12\/presentacion-de-los-nuevos-libros-de-viajera\/\">Presentaci\u00f3n de los nuevos libros de Viajera!<\/a><\/li><\/ul><\/p>\n","protected":false},"excerpt":{"rendered":"<p>Nadina Tauhil, 2011 ISBN: 978-987-26325-7-1 120 p. \u00bfQu\u00e9 es una madre sin sus hijos? Destinada a la extinci\u00f3n, es un poeta sin palabras, un artista sin inspiraci\u00f3n, una mujer ahuecada, sin \u00fatero. Si una mujer se define por su maternidad biol\u00f3gica, la construcci\u00f3n identitaria femenina se origina en un rechazo. Todos los h\u00e9roes deben atravesar [&hellip;]<\/p>\n","protected":false},"author":3,"featured_media":0,"parent":30,"menu_order":14,"comment_status":"closed","ping_status":"open","template":"","meta":[],"_links":{"self":[{"href":"https:\/\/viajeraeditorial.ar\/blog\/wp-json\/wp\/v2\/pages\/388"}],"collection":[{"href":"https:\/\/viajeraeditorial.ar\/blog\/wp-json\/wp\/v2\/pages"}],"about":[{"href":"https:\/\/viajeraeditorial.ar\/blog\/wp-json\/wp\/v2\/types\/page"}],"author":[{"embeddable":true,"href":"https:\/\/viajeraeditorial.ar\/blog\/wp-json\/wp\/v2\/users\/3"}],"replies":[{"embeddable":true,"href":"https:\/\/viajeraeditorial.ar\/blog\/wp-json\/wp\/v2\/comments?post=388"}],"version-history":[{"count":4,"href":"https:\/\/viajeraeditorial.ar\/blog\/wp-json\/wp\/v2\/pages\/388\/revisions"}],"predecessor-version":[{"id":2325,"href":"https:\/\/viajeraeditorial.ar\/blog\/wp-json\/wp\/v2\/pages\/388\/revisions\/2325"}],"up":[{"embeddable":true,"href":"https:\/\/viajeraeditorial.ar\/blog\/wp-json\/wp\/v2\/pages\/30"}],"wp:attachment":[{"href":"https:\/\/viajeraeditorial.ar\/blog\/wp-json\/wp\/v2\/media?parent=388"}],"curies":[{"name":"wp","href":"https:\/\/api.w.org\/{rel}","templated":true}]}}