{"id":392,"date":"2015-05-03T23:14:36","date_gmt":"2015-05-04T02:14:36","guid":{"rendered":"http:\/\/www.viajeraeditorial.com.ar\/?page_id=392"},"modified":"2015-06-14T23:58:15","modified_gmt":"2015-06-15T02:58:15","slug":"sonomama","status":"publish","type":"page","link":"https:\/\/viajeraeditorial.ar\/blog\/descubrir\/sonomama\/","title":{"rendered":"Sonomama"},"content":{"rendered":"<p class=\"plano\"><a href=\"http:\/\/www.viajeraeditorial.ar\/blog\/wp-content\/uploads\/2015\/05\/sonomamatapa.jpg\"><img loading=\"lazy\" class=\"alignleft size-full wp-image-650\" src=\"http:\/\/www.viajeraeditorial.ar\/blog\/wp-content\/uploads\/2015\/05\/sonomamatapa.jpg\" alt=\"sonomama\" width=\"322\" height=\"485\" \/><\/a><a href=\"http:\/\/www.viajeraeditorial.ar\/blog\/autores\/nestor-cheb-terrab\/\">N\u00e9stor Cheb Terrab<\/a>, 2012<br \/>\nISBN: 978-987-26325-8-8<br \/>\n200 p.<\/p>\n<p class=\"plano\">El paisaje es on\u00edrico, surrealista: hombres con canas al nacer, canes verdes, tortugas descabezadas, buscadores que comen el resto del cord\u00f3n, cat\u00f3dicos placares, sabios bebiendo agua de los piletones,<em>\u201cmindas\u201d<\/em>, caracoles, escarabajos, corales que recuperan su belleza. De poema en poema dicho espacio tambi\u00e9n se expande o neutraliza, de acuerdo al tr\u00e1nsito del autor. Deambular con \u00e9l conlleva a compartir la recuperaci\u00f3n de la memoria a fin de nacer de una buena vez como seres m\u00e1s conscientes: encontrar la perla y que no se rompa el collar.<\/p>\n<p class=\"plano\">N\u00e9stor Cheb Terrab propone su itinerario, aunque el mismo es tan vasto que parece alentar, simult\u00e1neamente, todas las variantes que pudieran imaginarse del mismo; como una suerte de Aleph o biblioteca bab\u00e9lica en la que la totalidad (como suma, pero sobre todo como integraci\u00f3n) fuera posible. No en vano ah\u00ed va Borges tambi\u00e9n, con un libro bajo el brazo: un ciego agorero y perfectamente l\u00facido, como Tiresias.<\/p>\n<p class=\"plano\" style=\"text-align: right;\">Ana Guillot<\/p>\n<p class=\"plano\"><span style=\"text-decoration: underline;\"><strong>Contenido sobre Sonomama<\/strong><\/span><\/p>\n<p class=\"plano\"><ul class = \"posts-by-tag-list\"><li class=\"posts-by-tag-item La fauna de un topacio N\u00e9stor Cheb Terrab Radio Sonomama\" id=\"posts-by-tag-item-6471\"><a class = \"posts-by-tag-item-title\" href=\"https:\/\/viajeraeditorial.ar\/blog\/2017\/09\/nestor-cheb-terrab-en-el-programa-poetica-viva\/\">N\u00e9stor Cheb Terrab en el programa Po\u00e9tica Viva<\/a><\/li><li class=\"posts-by-tag-item N\u00e9stor Cheb Terrab Sonomama Viajera\" id=\"posts-by-tag-item-2085\"><a class = \"posts-by-tag-item-title\" href=\"https:\/\/viajeraeditorial.ar\/blog\/2014\/04\/cuento-los-pasos-nestor-cheb-terrab\/\">cuento los pasos - N\u00e9stor Cheb Terrab<\/a><\/li><li class=\"posts-by-tag-item Amor N\u00e9stor Cheb Terrab Sonomama Viajera\" id=\"posts-by-tag-item-1312\"><a class = \"posts-by-tag-item-title\" href=\"https:\/\/viajeraeditorial.ar\/blog\/2013\/07\/el-amor-en-viajera-nestor-cheb-terrab\/\">El amor en Viajera - N\u00e9stor Cheb Terrab<\/a><\/li><li class=\"posts-by-tag-item N\u00e9stor Cheb Terrab Sonomama Viajera\" id=\"posts-by-tag-item-1352\"><a class = \"posts-by-tag-item-title\" href=\"https:\/\/viajeraeditorial.ar\/blog\/2013\/06\/nestor-cheb-terrab-rojo-mora\/\">N\u00e9stor Cheb Terrab: Rojo mora<\/a><\/li><li class=\"posts-by-tag-item Apariciones P\u00fablicas N\u00e9stor Cheb Terrab Sonomama Viajera\" id=\"posts-by-tag-item-1424\"><a class = \"posts-by-tag-item-title\" href=\"https:\/\/viajeraeditorial.ar\/blog\/2013\/05\/nestor-cheb-terrab-en-la-feria-del-libro\/\">N\u00e9stor Cheb Terrab en la Feria del Libro<\/a><\/li><li class=\"posts-by-tag-item N\u00e9stor Cheb Terrab Sonomama\" id=\"posts-by-tag-item-1440\"><a class = \"posts-by-tag-item-title\" href=\"https:\/\/viajeraeditorial.ar\/blog\/2013\/04\/sonomama-resenado-en-desmenuzarte-mejor\/\">Sonomama rese\u00f1ado en Desmenuzarte mejor<\/a><\/li><li class=\"posts-by-tag-item Diego Recalde La Meta de Gregorio N\u00e9stor Cheb Terrab Sonomama Viajera Visita\" id=\"posts-by-tag-item-1471\"><a class = \"posts-by-tag-item-title\" href=\"https:\/\/viajeraeditorial.ar\/blog\/2012\/12\/presentacion-de-la-meta-de-gregorio-y-sonomama\/\">Presentaci\u00f3n de \"La meta de Gregorio\" y \"Sonomama\"<\/a><\/li><li class=\"posts-by-tag-item N\u00e9stor Cheb Terrab Sonomama\" id=\"posts-by-tag-item-1534\"><a class = \"posts-by-tag-item-title\" href=\"https:\/\/viajeraeditorial.ar\/blog\/2012\/12\/acerca-de-sonomama-de-nestor-cheb-terrab\/\">Acerca de \"Sonomama\" de N\u00e9stor Cheb Terrab<\/a><\/li><li class=\"posts-by-tag-item Diego Recalde La Meta de Gregorio N\u00e9stor Cheb Terrab Sonomama\" id=\"posts-by-tag-item-1567\"><a class = \"posts-by-tag-item-title\" href=\"https:\/\/viajeraeditorial.ar\/blog\/2012\/11\/presentacion-viajera\/\">Presentaci\u00f3n Viajera!!!<\/a><\/li><li class=\"posts-by-tag-item N\u00e9stor Cheb Terrab Sonomama\" id=\"posts-by-tag-item-1700\"><a class = \"posts-by-tag-item-title\" href=\"https:\/\/viajeraeditorial.ar\/blog\/2012\/09\/nestor-cheb-terrab-en-viajera-visita-2\/\">N\u00e9stor Cheb Terrab en Viajera Visita<\/a><\/li><\/ul><\/p>\n","protected":false},"excerpt":{"rendered":"<p>N\u00e9stor Cheb Terrab, 2012 ISBN: 978-987-26325-8-8 200 p. El paisaje es on\u00edrico, surrealista: hombres con canas al nacer, canes verdes, tortugas descabezadas, buscadores que comen el resto del cord\u00f3n, cat\u00f3dicos placares, sabios bebiendo agua de los piletones,\u201cmindas\u201d, caracoles, escarabajos, corales que recuperan su belleza. De poema en poema dicho espacio tambi\u00e9n se expande o neutraliza, [&hellip;]<\/p>\n","protected":false},"author":3,"featured_media":0,"parent":30,"menu_order":15,"comment_status":"closed","ping_status":"open","template":"","meta":[],"_links":{"self":[{"href":"https:\/\/viajeraeditorial.ar\/blog\/wp-json\/wp\/v2\/pages\/392"}],"collection":[{"href":"https:\/\/viajeraeditorial.ar\/blog\/wp-json\/wp\/v2\/pages"}],"about":[{"href":"https:\/\/viajeraeditorial.ar\/blog\/wp-json\/wp\/v2\/types\/page"}],"author":[{"embeddable":true,"href":"https:\/\/viajeraeditorial.ar\/blog\/wp-json\/wp\/v2\/users\/3"}],"replies":[{"embeddable":true,"href":"https:\/\/viajeraeditorial.ar\/blog\/wp-json\/wp\/v2\/comments?post=392"}],"version-history":[{"count":3,"href":"https:\/\/viajeraeditorial.ar\/blog\/wp-json\/wp\/v2\/pages\/392\/revisions"}],"predecessor-version":[{"id":2326,"href":"https:\/\/viajeraeditorial.ar\/blog\/wp-json\/wp\/v2\/pages\/392\/revisions\/2326"}],"up":[{"embeddable":true,"href":"https:\/\/viajeraeditorial.ar\/blog\/wp-json\/wp\/v2\/pages\/30"}],"wp:attachment":[{"href":"https:\/\/viajeraeditorial.ar\/blog\/wp-json\/wp\/v2\/media?parent=392"}],"curies":[{"name":"wp","href":"https:\/\/api.w.org\/{rel}","templated":true}]}}