{"id":394,"date":"2015-05-03T23:27:53","date_gmt":"2015-05-04T02:27:53","guid":{"rendered":"http:\/\/www.viajeraeditorial.com.ar\/?page_id=394"},"modified":"2015-06-14T23:58:19","modified_gmt":"2015-06-15T02:58:19","slug":"cantata","status":"publish","type":"page","link":"https:\/\/viajeraeditorial.ar\/blog\/descubrir\/cantata\/","title":{"rendered":"Cantata"},"content":{"rendered":"<p class=\"plano\"><a href=\"http:\/\/www.viajeraeditorial.ar\/blog\/wp-content\/uploads\/2015\/05\/cantatatapa.jpg\"><img loading=\"lazy\" class=\"alignleft size-full wp-image-652\" src=\"http:\/\/www.viajeraeditorial.ar\/blog\/wp-content\/uploads\/2015\/05\/cantatatapa.jpg\" alt=\"Cantata\" width=\"322\" height=\"485\" \/><\/a><a href=\"http:\/\/www.viajeraeditorial.ar\/blog\/autores\/maria-florencia-gimenez-de-castro\/\">Mar\u00eda Florencia Gim\u00e9nez de Castro<\/a>, 2013<br \/>\nISBN: 978-987-28476-3-0<br \/>\n90 p.<\/p>\n<div align=\"justify\">\n<p class=\"plano\" align=\"justify\">Relatos, podr\u00eda decirse de cada uno, episodios que se suceden, pero en los que no prevalece una secuencia r\u00edgida, ni una ordenada f\u00e1bula, sino m\u00e1s bien, atm\u00f3sferas (aire) en la tierra corporal, en las relaciones humanas, los contenidos sentimientos, las emisiones de la palabra en que silba el h\u00e1lito, el alma de los seres. (\u2026) <em>Cantata <\/em>es ante todo una \u201ccomposici\u00f3n po\u00e9tica\u201d, en su mixtura, en esa prosa que no acude al llamado \u201clirismo\u201d como una suerte de sublimidad, sino por el espesor de las palabras y lo que se cifra en ellas hasta dar con su necesario fondo, el silencio.<\/p>\n<p class=\"plano\" align=\"right\">Susana Cella<\/p>\n<p class=\"plano\" align=\"justify\">La cantata es una composici\u00f3n musical para una o m\u00e1s voces solistas y posee varios movimientos, hasta puede tener un coro. <em>Cantata <\/em>de Mar\u00eda Florencia Gim\u00e9nez de Castro es una traducci\u00f3n literaria de la primera. En esta serie de cuentos hay una voz que nos lleva a conocer y meternos dentro de la historia de los personajes. S\u00ed, claro, es siempre el narrador, pero ac\u00e1 parece m\u00e1s un solista que entona o que var\u00eda su voz, que la hace permeable de otras voces, que la desaf\u00eda a cada momento. Nos cuenta al o\u00eddo con palabras dulces y crueles, tan bien puestas, historias que sorprenden nuestra sensibilidad. Todo puede cambiar de un momento a otro en estos relatos. Lo fr\u00e1gil es clave y tiene una dimensi\u00f3n enorme. Los ambientes nos transportan, estamos all\u00ed, con esos seres de aire. De pronto, podemos oler, palpar, o\u00edr, degustamos las letras, las vemos convertirse en notas y penetrarnos. Nos dejamos llevar, somos presa de un atrapasue\u00f1os. Y nos gusta.<\/p>\n<p class=\"plano\" align=\"right\">Karina Macci\u00f3<\/p>\n<p class=\"plano\" style=\"text-align: left;\" align=\"right\"><span style=\"text-decoration: underline;\"><strong>Contenido sobre Cantata<\/strong><\/span><\/p>\n<p class=\"plano\" style=\"text-align: left;\" align=\"right\"><ul class = \"posts-by-tag-list\"><li class=\"posts-by-tag-item Cantata Mar\u00eda Florencia Gim\u00e9nez Viajera\" id=\"posts-by-tag-item-2100\"><a class = \"posts-by-tag-item-title\" href=\"https:\/\/viajeraeditorial.ar\/blog\/2014\/03\/zamba-fragmento-maria-florencia-gimenez-de-castro\/\">Zamba (Fragmento) - Mar\u00eda Florencia Gim\u00e9nez de Castro<\/a><\/li><li class=\"posts-by-tag-item Cantata Mar\u00eda Florencia Gim\u00e9nez Viajera\" id=\"posts-by-tag-item-2110\"><a class = \"posts-by-tag-item-title\" href=\"https:\/\/viajeraeditorial.ar\/blog\/2014\/03\/de-putas-que-lloran-fragmento-maria-florencia-gimenez-de-castro\/\">De putas que lloran (fragmento) - Mar\u00eda Florencia Gim\u00e9nez de Castro<\/a><\/li><li class=\"posts-by-tag-item Cantata Mar\u00eda Florencia Gim\u00e9nez Viajera\" id=\"posts-by-tag-item-2047\"><a class = \"posts-by-tag-item-title\" href=\"https:\/\/viajeraeditorial.ar\/blog\/2014\/01\/clementine-fragmento-maria-florencia-gimenez-de-castro\/\">Clementine (fragmento) - Mar\u00eda Florencia Gim\u00e9nez de Castro<\/a><\/li><li class=\"posts-by-tag-item Cantata Eduardo Camisassa El fin de la siesta Hormigas en las venas Mar\u00eda Florencia Gim\u00e9nez Mart\u00edn Jim\u00e9nez Guerra Mauricio Dreiling Vidrio\" id=\"posts-by-tag-item-1022\"><a class = \"posts-by-tag-item-title\" href=\"https:\/\/viajeraeditorial.ar\/blog\/2013\/11\/los-nuevos-titulos-de-viajera-en-fedro-y-quiosquito-de-libros\/\">Los nuevos t\u00edtulos de Viajera en Fedro y Quiosquito de Libros<\/a><\/li><li class=\"posts-by-tag-item Cantata Mar\u00eda Florencia Gim\u00e9nez\" id=\"posts-by-tag-item-1182\"><a class = \"posts-by-tag-item-title\" href=\"https:\/\/viajeraeditorial.ar\/blog\/2013\/09\/sangra-de-maria-florencia-gimenez-de-castro-fragmento\/\">\"Sangra\", de Mar\u00eda Florencia Gim\u00e9nez de Castro. (Fragmento)<\/a><\/li><li class=\"posts-by-tag-item Cantata Mar\u00eda Florencia Gim\u00e9nez\" id=\"posts-by-tag-item-1198\"><a class = \"posts-by-tag-item-title\" href=\"https:\/\/viajeraeditorial.ar\/blog\/2013\/09\/rococo-de-maria-florencia-gimenez-de-castro\/\">\"Rococ\u00f3\", de Mar\u00eda Florencia Gim\u00e9nez de Castro<\/a><\/li><\/ul><\/p>\n<\/div>\n","protected":false},"excerpt":{"rendered":"<p>Mar\u00eda Florencia Gim\u00e9nez de Castro, 2013 ISBN: 978-987-28476-3-0 90 p. Relatos, podr\u00eda decirse de cada uno, episodios que se suceden, pero en los que no prevalece una secuencia r\u00edgida, ni una ordenada f\u00e1bula, sino m\u00e1s bien, atm\u00f3sferas (aire) en la tierra corporal, en las relaciones humanas, los contenidos sentimientos, las emisiones de la palabra en [&hellip;]<\/p>\n","protected":false},"author":3,"featured_media":0,"parent":30,"menu_order":16,"comment_status":"closed","ping_status":"open","template":"","meta":[],"_links":{"self":[{"href":"https:\/\/viajeraeditorial.ar\/blog\/wp-json\/wp\/v2\/pages\/394"}],"collection":[{"href":"https:\/\/viajeraeditorial.ar\/blog\/wp-json\/wp\/v2\/pages"}],"about":[{"href":"https:\/\/viajeraeditorial.ar\/blog\/wp-json\/wp\/v2\/types\/page"}],"author":[{"embeddable":true,"href":"https:\/\/viajeraeditorial.ar\/blog\/wp-json\/wp\/v2\/users\/3"}],"replies":[{"embeddable":true,"href":"https:\/\/viajeraeditorial.ar\/blog\/wp-json\/wp\/v2\/comments?post=394"}],"version-history":[{"count":3,"href":"https:\/\/viajeraeditorial.ar\/blog\/wp-json\/wp\/v2\/pages\/394\/revisions"}],"predecessor-version":[{"id":2327,"href":"https:\/\/viajeraeditorial.ar\/blog\/wp-json\/wp\/v2\/pages\/394\/revisions\/2327"}],"up":[{"embeddable":true,"href":"https:\/\/viajeraeditorial.ar\/blog\/wp-json\/wp\/v2\/pages\/30"}],"wp:attachment":[{"href":"https:\/\/viajeraeditorial.ar\/blog\/wp-json\/wp\/v2\/media?parent=394"}],"curies":[{"name":"wp","href":"https:\/\/api.w.org\/{rel}","templated":true}]}}