{"id":398,"date":"2015-05-03T23:28:57","date_gmt":"2015-05-04T02:28:57","guid":{"rendered":"http:\/\/www.viajeraeditorial.com.ar\/?page_id=398"},"modified":"2015-06-14T23:58:28","modified_gmt":"2015-06-15T02:58:28","slug":"hormigas-en-las-venas","status":"publish","type":"page","link":"https:\/\/viajeraeditorial.ar\/blog\/descubrir\/hormigas-en-las-venas\/","title":{"rendered":"Hormigas en las venas"},"content":{"rendered":"<p class=\"plano\"><a href=\"http:\/\/www.viajeraeditorial.ar\/blog\/wp-content\/uploads\/2015\/05\/hormigastapa.jpg\"><img loading=\"lazy\" class=\"alignleft  wp-image-657\" src=\"http:\/\/www.viajeraeditorial.ar\/blog\/wp-content\/uploads\/2015\/05\/hormigastapa.jpg\" alt=\"Hormigas en las venas\" width=\"324\" height=\"504\" \/><\/a><a href=\"http:\/\/www.viajeraeditorial.ar\/blog\/autores\/martin-jimenez-guerra\/\">Mart\u00edn Jim\u00e9nez Guerra<\/a>, 2013<br \/>\nISBN: 978-987-28476-4-7<br \/>\n116 p.<\/p>\n<div align=\"justify\">\n<p class=\"plano\">El eje de la po\u00e9tica de Mart\u00edn Jim\u00e9nez Guerra es el nombrar. Su palabra no merodea en torno al objeto l\u00edrico sino que lo determina y lo conforma desde el verbo. Explicita lo real desde la ra\u00edz, como dir\u00eda Giannuzzi. El responsable elocutivo de <em>Hormigas en las venas <\/em>enuncia sin dudar, con la certeza, la potencia \u2013y la melancol\u00eda\u2013 del que sabe que la lectura es estallido, pura dispersi\u00f3n. Por eso su mirada, minuciosa, se detiene en el fragmento. La eficacia, el bello acontecimiento de estos poemas se relaciona con el feliz episodio de la atomizaci\u00f3n. El espejo astillado de las cosas devuelve la silueta \u2013siempre compleja\u2013 de un mundo inagotable.<\/p>\n<p class=\"style5\" align=\"right\">Jorge Consiglio<\/p>\n<p><span class=\"plano\">En este libro la idea de \u201crelaci\u00f3n\u201d est\u00e1 plasmada con toda su potencia: soy en relaci\u00f3n con otro, que es en relaci\u00f3n conmigo. Ahora somos esto nuevo, un conjunto con movimiento propio, un cuerpo doble, esf\u00e9rico, como describ\u00eda Arist\u00f3fanes en <em>El Banquete<\/em> . Pero a diferencia de lo que narraba el griego, este cuerpo hecho de dos no se separa en individuos completos cuando la relaci\u00f3n muere. La ruptura invade todo, carcome a los integrantes y a sus espacios. Sin embargo, ef\u00edmera, delicada y poderosa, la poes\u00eda permite desatar el deseo y la imaginaci\u00f3n. Se puede concebir un \u201cnosotros\u201d, un momento ext\u00e1tico de \u201cbaile\u201d. Y son estos instantes los que siguen alimentando la capacidad de sentir m\u00e1s all\u00e1 del dolor y de la angustia existencial. <em>Hormigas en las venas <\/em>nos lleva a explorar c\u00f3mo se siente el amor cuando ya no est\u00e1.<\/span><\/p>\n<p align=\"right\"><span class=\"style5\">Karina Macci\u00f3<\/span><\/p>\n<p style=\"text-align: left;\" align=\"right\"><span style=\"text-decoration: underline;\"><strong>Contenido sobre Hormigas en las venas<\/strong><\/span><\/p>\n<p style=\"text-align: left;\" align=\"right\"><ul class = \"posts-by-tag-list\"><li class=\"posts-by-tag-item Hormigas en las venas Mart\u00edn Jim\u00e9nez Guerra Viajera\" id=\"posts-by-tag-item-2119\"><a class = \"posts-by-tag-item-title\" href=\"https:\/\/viajeraeditorial.ar\/blog\/2014\/03\/fragmentos-del-subconsciente-martin-jimenez-guerra\/\">Fragmentos del subconsciente - Mart\u00edn Jim\u00e9nez Guerra<\/a><\/li><li class=\"posts-by-tag-item Apariciones P\u00fablicas Hormigas en las venas Mart\u00edn Jim\u00e9nez Guerra Viajera\" id=\"posts-by-tag-item-2031\"><a class = \"posts-by-tag-item-title\" href=\"https:\/\/viajeraeditorial.ar\/blog\/2014\/02\/entrevista-a-martin-jimenez-guerra-en-fm-signos\/\">Entrevista a Mart\u00edn Jim\u00e9nez Guerra en FM Signos<\/a><\/li><li class=\"posts-by-tag-item Hormigas en las venas Mart\u00edn Jim\u00e9nez Guerra Viajera\" id=\"posts-by-tag-item-957\"><a class = \"posts-by-tag-item-title\" href=\"https:\/\/viajeraeditorial.ar\/blog\/2014\/01\/mamihlapinatapai-martin-jimenez-guerra\/\">Mamihlapinatapai, Mart\u00edn Jim\u00e9nez Guerra<\/a><\/li><li class=\"posts-by-tag-item Cantata Eduardo Camisassa El fin de la siesta Hormigas en las venas Mar\u00eda Florencia Gim\u00e9nez Mart\u00edn Jim\u00e9nez Guerra Mauricio Dreiling Vidrio\" id=\"posts-by-tag-item-1022\"><a class = \"posts-by-tag-item-title\" href=\"https:\/\/viajeraeditorial.ar\/blog\/2013\/11\/los-nuevos-titulos-de-viajera-en-fedro-y-quiosquito-de-libros\/\">Los nuevos t\u00edtulos de Viajera en Fedro y Quiosquito de Libros<\/a><\/li><li class=\"posts-by-tag-item Hormigas en las venas Mart\u00edn Jim\u00e9nez Guerra\" id=\"posts-by-tag-item-1151\"><a class = \"posts-by-tag-item-title\" href=\"https:\/\/viajeraeditorial.ar\/blog\/2013\/10\/veintitres-vueltas-desesperadas-y-un-poema-devastador\/\">Veintitr\u00e9s vueltas desesperadas y un poema devastador<\/a><\/li><li class=\"posts-by-tag-item Hormigas en las venas Mart\u00edn Jim\u00e9nez Guerra Viajera\" id=\"posts-by-tag-item-1168\"><a class = \"posts-by-tag-item-title\" href=\"https:\/\/viajeraeditorial.ar\/blog\/2013\/10\/anticipo-de-hormigas-en-las-venas-de-martin-jimenez-guerra\/\">Anticipo de \"Hormigas en las venas\" de Mart\u00edn Jim\u00e9nez Guerra<\/a><\/li><li class=\"posts-by-tag-item Hormigas en las venas Mart\u00edn Jim\u00e9nez Guerra Viajera\" id=\"posts-by-tag-item-1202\"><a class = \"posts-by-tag-item-title\" href=\"https:\/\/viajeraeditorial.ar\/blog\/2013\/09\/hormigas-en-las-venas-de-martin-jimenez-guerra-proximo-titulo-de-viajera\/\">\"Hormigas en las venas\", de Mart\u00edn Jim\u00e9nez Guerra - Pr\u00f3ximo t\u00edtulo de Viajera<\/a><\/li><li class=\"posts-by-tag-item Hormigas en las venas Mart\u00edn Jim\u00e9nez Guerra Viajera\" id=\"posts-by-tag-item-1216\"><a class = \"posts-by-tag-item-title\" href=\"https:\/\/viajeraeditorial.ar\/blog\/2013\/09\/hormigas-en-las-venas-de-martin-jimenez-guerra-proximo-titulo-de-viajera-2\/\">\"Hormigas en las venas\" de Mart\u00edn Jim\u00e9nez Guerra - Pr\u00f3ximo t\u00edtulo de Viajera<\/a><\/li><li class=\"posts-by-tag-item Hormigas en las venas Mart\u00edn Jim\u00e9nez Guerra Viajera\" id=\"posts-by-tag-item-1233\"><a class = \"posts-by-tag-item-title\" href=\"https:\/\/viajeraeditorial.ar\/blog\/2013\/09\/hormigas-en-las-venas-de-martin-jimenez-guerra-adelanto\/\">\"Hormigas en las venas\", de Mart\u00edn Jim\u00e9nez Guerra - Adelanto<\/a><\/li><\/ul><\/p>\n<\/div>\n","protected":false},"excerpt":{"rendered":"<p>Mart\u00edn Jim\u00e9nez Guerra, 2013 ISBN: 978-987-28476-4-7 116 p. El eje de la po\u00e9tica de Mart\u00edn Jim\u00e9nez Guerra es el nombrar. Su palabra no merodea en torno al objeto l\u00edrico sino que lo determina y lo conforma desde el verbo. Explicita lo real desde la ra\u00edz, como dir\u00eda Giannuzzi. El responsable elocutivo de Hormigas en las [&hellip;]<\/p>\n","protected":false},"author":3,"featured_media":0,"parent":30,"menu_order":18,"comment_status":"closed","ping_status":"open","template":"","meta":[],"_links":{"self":[{"href":"https:\/\/viajeraeditorial.ar\/blog\/wp-json\/wp\/v2\/pages\/398"}],"collection":[{"href":"https:\/\/viajeraeditorial.ar\/blog\/wp-json\/wp\/v2\/pages"}],"about":[{"href":"https:\/\/viajeraeditorial.ar\/blog\/wp-json\/wp\/v2\/types\/page"}],"author":[{"embeddable":true,"href":"https:\/\/viajeraeditorial.ar\/blog\/wp-json\/wp\/v2\/users\/3"}],"replies":[{"embeddable":true,"href":"https:\/\/viajeraeditorial.ar\/blog\/wp-json\/wp\/v2\/comments?post=398"}],"version-history":[{"count":4,"href":"https:\/\/viajeraeditorial.ar\/blog\/wp-json\/wp\/v2\/pages\/398\/revisions"}],"predecessor-version":[{"id":2329,"href":"https:\/\/viajeraeditorial.ar\/blog\/wp-json\/wp\/v2\/pages\/398\/revisions\/2329"}],"up":[{"embeddable":true,"href":"https:\/\/viajeraeditorial.ar\/blog\/wp-json\/wp\/v2\/pages\/30"}],"wp:attachment":[{"href":"https:\/\/viajeraeditorial.ar\/blog\/wp-json\/wp\/v2\/media?parent=398"}],"curies":[{"name":"wp","href":"https:\/\/api.w.org\/{rel}","templated":true}]}}