{"id":400,"date":"2015-05-03T23:29:31","date_gmt":"2015-05-04T02:29:31","guid":{"rendered":"http:\/\/www.viajeraeditorial.com.ar\/?page_id=400"},"modified":"2015-06-14T23:58:33","modified_gmt":"2015-06-15T02:58:33","slug":"vidrio","status":"publish","type":"page","link":"https:\/\/viajeraeditorial.ar\/blog\/descubrir\/vidrio\/","title":{"rendered":"Vidrio"},"content":{"rendered":"<p><span class=\"plano\"><a href=\"http:\/\/www.viajeraeditorial.ar\/blog\/wp-content\/uploads\/2015\/05\/vidriotapa.jpg\"><img loading=\"lazy\" class=\"alignleft size-full wp-image-660\" src=\"http:\/\/www.viajeraeditorial.ar\/blog\/wp-content\/uploads\/2015\/05\/vidriotapa.jpg\" alt=\"Vidrio\" width=\"322\" height=\"485\" \/><\/a><a href=\"http:\/\/www.viajeraeditorial.ar\/blog\/autores\/mauricio-dreiling\/\">Mauricio Dreiling<\/a>, 2013<br \/>\nISBN: 978-987-28476-2-3<br \/>\n149 p.<br \/>\n<\/span><\/p>\n<p align=\"justify\"><span class=\"plano\"><em>Vidrio <\/em>no es un libro transparente. No es un libro f\u00e1cil. Al menos, no en el <em>sentido Dreiling <\/em>de la vida. <em>Vidrio<\/em>nos mira leer, nos mira so\u00f1ar, nos mira como individuos, sujetos, amantes, como sociedad, como ni\u00f1os. La apelaci\u00f3n inicial que vaticina un cataclismo (\u201cEh, vos.\/ S\u00ed, vos.\/ \u00bfQu\u00e9 hac\u00e9s?\/ \u2026\/ El sol explota\/ y segu\u00eds mirando televisi\u00f3n\/ como si hubiera ma\u00f1ana.\u201d), es constante. <em>Vidrio <\/em>nos mira y se analiza con <strong><em>catalejos<\/em><\/strong>, con<strong><em>gemelos<\/em><\/strong>, desde un <strong><em>prisma <\/em><\/strong>o <strong><em>microscopio <\/em><\/strong>y con <strong><em>lupa<\/em><\/strong>. Se observan distintos mundos, y a medida que se acercan al centro del ojo, al fondo de la mirada, se vuelven m\u00e1s personales. Menos palabras, menos poemas, y m\u00e1s cosas dichas. Como dice en \u201cTrasl\u00facido\u201d \u2013esa yapa o cierre cuasi teatral, cuasi esquizoide\u2013 parafraseando a Clarice Lispector, escribir es horrible. Pero Mauricio Dreiling lo vuelve una experiencia \u00fanica para activar los sentidos y despertar. <em>Vidrio <\/em>fue escrito pisando las baldosas con cara de Borges y bajo un techo lleno de estrellas.<\/span><\/p>\n<p class=\"plano\" align=\"right\">Virginia Janza<\/p>\n<p class=\"plano\" style=\"text-align: left;\" align=\"right\"><span style=\"text-decoration: underline;\"><strong>Contenido sobre Vidrio<\/strong><\/span><\/p>\n<p class=\"plano\" style=\"text-align: left;\" align=\"right\"><ul class = \"posts-by-tag-list\"><li class=\"posts-by-tag-item Andrea Larrieu An\u00edbal Ilguisonis Axel Levin Belara Mich\u00e1n Cat\u00e1logo Feria del Libro Gabriela Tavolara Habitar mi camino\/Dwelling my path Karina Macci\u00f3 Mar\u00eda del Carmen Sarquis Mauricio Dreiling Nicol\u00e1s Di Candia Strip-Dancer Vidrio\" id=\"posts-by-tag-item-2221\"><a class = \"posts-by-tag-item-title\" href=\"https:\/\/viajeraeditorial.ar\/blog\/2015\/05\/viajera-en-la-feria-del-libro-de-buenos-aires-este-domingo-10-de-mayo\/\">Viajera en la Feria del Libro de Buenos Aires este domingo 10 de mayo<\/a><\/li><li class=\"posts-by-tag-item Mauricio Dreiling Viajera Vidrio\" id=\"posts-by-tag-item-2049\"><a class = \"posts-by-tag-item-title\" href=\"https:\/\/viajeraeditorial.ar\/blog\/2014\/06\/desvario-mauricio-dreiling\/\">desvar\u00edo - Mauricio Dreiling<\/a><\/li><li class=\"posts-by-tag-item Mauricio Dreiling Minuto Magdalena Vidrio\" id=\"posts-by-tag-item-2063\"><a class = \"posts-by-tag-item-title\" href=\"https:\/\/viajeraeditorial.ar\/blog\/2014\/05\/mauricio-dreiling-minuto-magdalena-2\/\">Mauricio Dreiling - Minuto Magdalena<\/a><\/li><li class=\"posts-by-tag-item Mauricio Dreiling Viajera Vidrio\" id=\"posts-by-tag-item-2093\"><a class = \"posts-by-tag-item-title\" href=\"https:\/\/viajeraeditorial.ar\/blog\/2014\/04\/nomade-mauricio-dreiling\/\">n\u00f3made - Mauricio Dreiling<\/a><\/li><li class=\"posts-by-tag-item Mauricio Dreiling Viajera Vidrio\" id=\"posts-by-tag-item-2106\"><a class = \"posts-by-tag-item-title\" href=\"https:\/\/viajeraeditorial.ar\/blog\/2014\/03\/alternativas-mauricio-dreiling\/\">alternativas - Mauricio Dreiling<\/a><\/li><li class=\"posts-by-tag-item Mauricio Dreiling Viajera Vidrio\" id=\"posts-by-tag-item-2116\"><a class = \"posts-by-tag-item-title\" href=\"https:\/\/viajeraeditorial.ar\/blog\/2014\/03\/espina-mauricio-dreiling\/\">espina - Mauricio Dreiling<\/a><\/li><li class=\"posts-by-tag-item Mauricio Dreiling Viajera Vidrio\" id=\"posts-by-tag-item-2129\"><a class = \"posts-by-tag-item-title\" href=\"https:\/\/viajeraeditorial.ar\/blog\/2014\/02\/secuencia-mauricio-dreiling\/\">secuencia - Mauricio Dreiling<\/a><\/li><li class=\"posts-by-tag-item Mauricio Dreiling Viajera Viajera inspira Vidrio\" id=\"posts-by-tag-item-1003\"><a class = \"posts-by-tag-item-title\" href=\"https:\/\/viajeraeditorial.ar\/blog\/2013\/12\/viajera-inspira-en-el-colegio-maria-justina-vinson\/\">Viajera inspira en el colegio - Mar\u00eda Justina Vinson<\/a><\/li><li class=\"posts-by-tag-item Mauricio Dreiling Vidrio\" id=\"posts-by-tag-item-1015\"><a class = \"posts-by-tag-item-title\" href=\"https:\/\/viajeraeditorial.ar\/blog\/2013\/12\/baupres-entrevista-a-mauricio-dreiling\/\">Baupr\u00e9s entrevista a Mauricio Dreiling<\/a><\/li><li class=\"posts-by-tag-item Cantata Eduardo Camisassa El fin de la siesta Hormigas en las venas Mar\u00eda Florencia Gim\u00e9nez Mart\u00edn Jim\u00e9nez Guerra Mauricio Dreiling Vidrio\" id=\"posts-by-tag-item-1022\"><a class = \"posts-by-tag-item-title\" href=\"https:\/\/viajeraeditorial.ar\/blog\/2013\/11\/los-nuevos-titulos-de-viajera-en-fedro-y-quiosquito-de-libros\/\">Los nuevos t\u00edtulos de Viajera en Fedro y Quiosquito de Libros<\/a><\/li><li class=\"posts-by-tag-item Mauricio Dreiling Viajera Vidrio\" id=\"posts-by-tag-item-1047\"><a class = \"posts-by-tag-item-title\" href=\"https:\/\/viajeraeditorial.ar\/blog\/2013\/11\/anticipo-de-vidrio-de-mauricio-dreiling\/\">Anticipo de VIDRIO de Mauricio Dreiling<\/a><\/li><li class=\"posts-by-tag-item Mauricio Dreiling Viajera Vidrio\" id=\"posts-by-tag-item-1055\"><a class = \"posts-by-tag-item-title\" href=\"https:\/\/viajeraeditorial.ar\/blog\/2013\/11\/anticipo-del-libro-de-mauricio-dreiling-vidrio\/\">Anticipo del libro de Mauricio Dreiling. Vidrio.<\/a><\/li><li class=\"posts-by-tag-item Mauricio Dreiling Viajera Vidrio\" id=\"posts-by-tag-item-1087\"><a class = \"posts-by-tag-item-title\" href=\"https:\/\/viajeraeditorial.ar\/blog\/2013\/11\/vidrio-de-mauricio-dreiling-anticipo\/\">VIDRIO de Mauricio Dreiling. Anticipo.<\/a><\/li><li class=\"posts-by-tag-item Apariciones P\u00fablicas Mauricio Dreiling Viajera Visita Vidrio\" id=\"posts-by-tag-item-1111\"><a class = \"posts-by-tag-item-title\" href=\"https:\/\/viajeraeditorial.ar\/blog\/2013\/10\/performance-poetica-en-clasica-y-moderna-mauricio-dreiling\/\">Performance Po\u00e9tica en Cl\u00e1sica y Moderna - Mauricio Dreiling<\/a><\/li><li class=\"posts-by-tag-item Mauricio Dreiling Viajera Vidrio\" id=\"posts-by-tag-item-1123\"><a class = \"posts-by-tag-item-title\" href=\"https:\/\/viajeraeditorial.ar\/blog\/2013\/10\/vidrio-de-mauricio-dreiling-proximo-titulo-de-viajera\/\">VIDRIO de Mauricio Dreiling. Pr\u00f3ximo t\u00edtulo de Viajera.<\/a><\/li><li class=\"posts-by-tag-item Mauricio Dreiling Viajera Vidrio\" id=\"posts-by-tag-item-1161\"><a class = \"posts-by-tag-item-title\" href=\"https:\/\/viajeraeditorial.ar\/blog\/2013\/10\/un-adelanto-de-vidrio-de-mauricio-dreiling\/\">Un adelanto de VIDRIO de Mauricio Dreiling<\/a><\/li><li class=\"posts-by-tag-item Mauricio Dreiling Viajera Vidrio\" id=\"posts-by-tag-item-1188\"><a class = \"posts-by-tag-item-title\" href=\"https:\/\/viajeraeditorial.ar\/blog\/2013\/09\/vidrio-de-mauricio-dreiling-adelanto-del-nuevo-libro-de-viajera\/\">VIDRIO de Mauricio Dreiling - Adelanto del nuevo libro de Viajera<\/a><\/li><li class=\"posts-by-tag-item Mauricio Dreiling Viajera Vidrio\" id=\"posts-by-tag-item-1211\"><a class = \"posts-by-tag-item-title\" href=\"https:\/\/viajeraeditorial.ar\/blog\/2013\/09\/vidrio-de-mauricio-dreiling-adelanto-del-nuevo-libro-de-viajera-2\/\">VIDRIO de Mauricio Dreiling - Adelanto del nuevo libro de Viajera<\/a><\/li><li class=\"posts-by-tag-item Mauricio Dreiling Viajera Vidrio\" id=\"posts-by-tag-item-1231\"><a class = \"posts-by-tag-item-title\" href=\"https:\/\/viajeraeditorial.ar\/blog\/2013\/09\/vidrio-de-mauricio-dreiling-adelanto-del-nuevo-libro-de-viajera-3\/\">VIDRIO de Mauricio Dreiling - Adelanto del nuevo libro de Viajera<\/a><\/li><li class=\"posts-by-tag-item Mauricio Dreiling Viajera Vidrio\" id=\"posts-by-tag-item-1248\"><a class = \"posts-by-tag-item-title\" href=\"https:\/\/viajeraeditorial.ar\/blog\/2013\/08\/vidrio-de-mauricio-dreiling-adelanto-del-nuevo-libro-de-viajera-4\/\">VIDRIO de Mauricio Dreiling<\/a><\/li><li class=\"posts-by-tag-item Mauricio Dreiling Viajera Vidrio\" id=\"posts-by-tag-item-1272\"><a class = \"posts-by-tag-item-title\" href=\"https:\/\/viajeraeditorial.ar\/blog\/2013\/08\/vidrio-de-mauricio-dreiling-adelanto-del-nuevo-libro-de-viajera-5\/\">VIDRIO de Mauricio Dreiling - Adelanto del nuevo libro de Viajera<\/a><\/li><li class=\"posts-by-tag-item Mauricio Dreiling Viajera Viajera Visita Vidrio\" id=\"posts-by-tag-item-1426\"><a class = \"posts-by-tag-item-title\" href=\"https:\/\/viajeraeditorial.ar\/blog\/2013\/05\/mauricio-dreiling-en-viajera-visita\/\">Mauricio Dreiling en Viajera Visita<\/a><\/li><\/ul><\/p>\n","protected":false},"excerpt":{"rendered":"<p>Mauricio Dreiling, 2013 ISBN: 978-987-28476-2-3 149 p. Vidrio no es un libro transparente. No es un libro f\u00e1cil. Al menos, no en el sentido Dreiling de la vida. Vidrionos mira leer, nos mira so\u00f1ar, nos mira como individuos, sujetos, amantes, como sociedad, como ni\u00f1os. La apelaci\u00f3n inicial que vaticina un cataclismo (\u201cEh, vos.\/ S\u00ed, vos.\/ [&hellip;]<\/p>\n","protected":false},"author":3,"featured_media":0,"parent":30,"menu_order":19,"comment_status":"closed","ping_status":"open","template":"","meta":[],"_links":{"self":[{"href":"https:\/\/viajeraeditorial.ar\/blog\/wp-json\/wp\/v2\/pages\/400"}],"collection":[{"href":"https:\/\/viajeraeditorial.ar\/blog\/wp-json\/wp\/v2\/pages"}],"about":[{"href":"https:\/\/viajeraeditorial.ar\/blog\/wp-json\/wp\/v2\/types\/page"}],"author":[{"embeddable":true,"href":"https:\/\/viajeraeditorial.ar\/blog\/wp-json\/wp\/v2\/users\/3"}],"replies":[{"embeddable":true,"href":"https:\/\/viajeraeditorial.ar\/blog\/wp-json\/wp\/v2\/comments?post=400"}],"version-history":[{"count":4,"href":"https:\/\/viajeraeditorial.ar\/blog\/wp-json\/wp\/v2\/pages\/400\/revisions"}],"predecessor-version":[{"id":2330,"href":"https:\/\/viajeraeditorial.ar\/blog\/wp-json\/wp\/v2\/pages\/400\/revisions\/2330"}],"up":[{"embeddable":true,"href":"https:\/\/viajeraeditorial.ar\/blog\/wp-json\/wp\/v2\/pages\/30"}],"wp:attachment":[{"href":"https:\/\/viajeraeditorial.ar\/blog\/wp-json\/wp\/v2\/media?parent=400"}],"curies":[{"name":"wp","href":"https:\/\/api.w.org\/{rel}","templated":true}]}}