{"id":402,"date":"2015-05-03T23:33:00","date_gmt":"2015-05-04T02:33:00","guid":{"rendered":"http:\/\/www.viajeraeditorial.com.ar\/?page_id=402"},"modified":"2015-06-14T23:58:37","modified_gmt":"2015-06-15T02:58:37","slug":"encontradas-y-perdidas","status":"publish","type":"page","link":"https:\/\/viajeraeditorial.ar\/blog\/descubrir\/encontradas-y-perdidas\/","title":{"rendered":"Encontradas y Perdidas"},"content":{"rendered":"<p><span class=\"plano\"><a href=\"http:\/\/www.viajeraeditorial.ar\/blog\/wp-content\/uploads\/2015\/05\/encontradastapa.jpg\"><img loading=\"lazy\" class=\"alignleft  wp-image-691\" src=\"http:\/\/www.viajeraeditorial.ar\/blog\/wp-content\/uploads\/2015\/05\/encontradastapa.jpg\" alt=\"Encontradas y Perdidas\" width=\"419\" height=\"633\" \/><\/a><a href=\"http:\/\/www.viajeraeditorial.ar\/blog\/autores\/andrea-larrieu\/\">Andrea Larrieu<\/a>, 2014<br \/>\nISBN: 978-987-28476-9-2<br \/>\n96 p.<br \/>\n<\/span><\/p>\n<p><span class=\"plano\">Algunos personajes femeninos en estos relatos olvidan sus sue\u00f1os m\u00e1s profundos y caen en fantas\u00edas tramposas que los alejan cada vez m\u00e1s de su deseo original. A veces, despiertan gracias a una p\u00e9rdida. Por eso, el encuentro y la p\u00e9rdida terminan siendo dos caras de la misma moneda, que inevitablemente ponen a la mujer frente a otro par indisoluble: la vida y la muerte. Las historias que narra Andrea Larrieu nos transportan a un momento en el que todo puede cambiar: tal es su intensidad.<br \/>\n<\/span><\/p>\n<p align=\"right\"><span class=\"plano\">Cecilia Maugeri<\/span><\/p>\n<p><span class=\"plano\"><br \/>\nEl tiempo corre para todos, pero el cuerpo femenino lo cuenta en s\u00ed mismo. Con esa conciencia general y espec\u00edfica, con la capacidad para desplegar un contexto y la maestr\u00eda para iluminar los detalles, Andrea Larrieu encuentra sus mujeres y las deja perderse en el laberinto de las imposiciones sociales, los planteos \u00edntimos y un azar que puede ser revestido de destino o pura suerte. Entonces se apela al lector, que como un ojo fundamental, es convocado para terminar de construir historias que nunca se acaban, como la mejor pel\u00edcula o la mejor literatura.<br \/>\n<\/span><\/p>\n<p align=\"right\"><span class=\"plano\">Karina Macci\u00f3<\/span><\/p>\n<p style=\"text-align: left;\" align=\"right\"><strong><span style=\"text-decoration: underline;\">Contenido sobre Encontradas y Perdidas<\/span><\/strong><\/p>\n<p style=\"text-align: left;\" align=\"right\"><ul class = \"posts-by-tag-list\"><li class=\"posts-by-tag-item Andrea Larrieu Encontradas y Perdidas libro del mes\" id=\"posts-by-tag-item-8345\"><a class = \"posts-by-tag-item-title\" href=\"https:\/\/viajeraeditorial.ar\/blog\/2020\/03\/se-abre-encontradas-y-perdidas\/\">Se abre * Encontradas y Perdidas<\/a><\/li><li class=\"posts-by-tag-item Andrea Larrieu Encontradas y Perdidas libro del mes\" id=\"posts-by-tag-item-8342\"><a class = \"posts-by-tag-item-title\" href=\"https:\/\/viajeraeditorial.ar\/blog\/2020\/03\/te-imaginas-encontradas-y-perdidas\/\">Te imagin\u00e1s * Encontradas y Perdidas<\/a><\/li><li class=\"posts-by-tag-item Andrea Larrieu Encontradas y Perdidas libro del mes\" id=\"posts-by-tag-item-8339\"><a class = \"posts-by-tag-item-title\" href=\"https:\/\/viajeraeditorial.ar\/blog\/2020\/03\/el-libro-del-mes-escena-final-encontradas-y-perdidas\/\">El libro del mes: Escena final * Encontradas y Perdidas<\/a><\/li><li class=\"posts-by-tag-item Andrea Larrieu Encontradas y Perdidas libro del mes\" id=\"posts-by-tag-item-8336\"><a class = \"posts-by-tag-item-title\" href=\"https:\/\/viajeraeditorial.ar\/blog\/2020\/03\/diez-relatos-diez-mujeres-encontradas-y-perdidas\/\">Diez relatos - Diez mujeres * Encontradas y Perdidas<\/a><\/li><li class=\"posts-by-tag-item Andrea Larrieu Daniel C\u00e1seres Encontradas y Perdidas LEER. LITERATURA EN EL R\u00cdO Mineral Sorteo\" id=\"posts-by-tag-item-8332\"><a class = \"posts-by-tag-item-title\" href=\"https:\/\/viajeraeditorial.ar\/blog\/2020\/03\/sorteamos-el-libro-del-mes-encontradas-y-perdidas\/\">Sorteamos el libro del mes: Encontradas y Perdidas<\/a><\/li><li class=\"posts-by-tag-item Andrea Larrieu Encontradas y Perdidas Mariel Fini\" id=\"posts-by-tag-item-6311\"><a class = \"posts-by-tag-item-title\" href=\"https:\/\/viajeraeditorial.ar\/blog\/2017\/07\/fini-larrieu-catalogo-en-vivo\/\">Fini \/ Larrieu * Cat\u00e1logo en vivo<\/a><\/li><li class=\"posts-by-tag-item Andrea Larrieu Encontradas y Perdidas Minuto Fuego\" id=\"posts-by-tag-item-2233\"><a class = \"posts-by-tag-item-title\" href=\"https:\/\/viajeraeditorial.ar\/blog\/2015\/02\/latente-andrea-larrieu\/\">Latente - Andrea Larrieu<\/a><\/li><li class=\"posts-by-tag-item Andrea Larrieu Encontradas y Perdidas Minuto Fuego Viajera\" id=\"posts-by-tag-item-162\"><a class = \"posts-by-tag-item-title\" href=\"https:\/\/viajeraeditorial.ar\/blog\/2014\/12\/encendida-andrea-larrieu\/\">Encendida - Andrea Larrieu<\/a><\/li><li class=\"posts-by-tag-item Andrea Larrieu B\u00edfida Cecilia Maugeri Encontradas y Perdidas Eugenia Coiro Karina Macci\u00f3 Mis Peores Poemas de Amor\/My Worst Love Poems Nicol\u00e1s Di Candia Ricardo Czikk Viajera Virginia Janza\" id=\"posts-by-tag-item-2202\"><a class = \"posts-by-tag-item-title\" href=\"https:\/\/viajeraeditorial.ar\/blog\/2014\/06\/martes-246-presentacion-mis-peores-poemas-de-amor-y-encontradas-y-perdidas\/\">Martes 24\/6 Presentaci\u00f3n: Mis peores poemas de amor y Encontradas y Perdidas<\/a><\/li><li class=\"posts-by-tag-item Andrea Larrieu Encontradas y Perdidas Viajera\" id=\"posts-by-tag-item-2204\"><a class = \"posts-by-tag-item-title\" href=\"https:\/\/viajeraeditorial.ar\/blog\/2014\/06\/andrea-larrieu-que-mundo-te-espera-detras-de-la-puerta-fragmento\/\">Andrea Larrieu: Qu\u00e9 mundo te espera detr\u00e1s de la puerta (fragmento)<\/a><\/li><li class=\"posts-by-tag-item Andrea Larrieu B\u00edfida Encontradas y Perdidas Karina Macci\u00f3 Mis Peores Poemas de Amor\/My Worst Love Poems\" id=\"posts-by-tag-item-2206\"><a class = \"posts-by-tag-item-title\" href=\"https:\/\/viajeraeditorial.ar\/blog\/2014\/06\/agendaste-el-24-presentacion-viajera-violeta\/\">Agendaste el 24? Presentaci\u00f3n Viajera Violeta!<\/a><\/li><li class=\"posts-by-tag-item Andrea Larrieu Encontradas y Perdidas Viajera\" id=\"posts-by-tag-item-2215\"><a class = \"posts-by-tag-item-title\" href=\"https:\/\/viajeraeditorial.ar\/blog\/2014\/06\/andrea-larrieu-un-tempano-de-hielo-fragmento\/\">Andrea Larrieu: \"Un t\u00e9mpano de hielo\" (fragmento)<\/a><\/li><\/ul><\/p>\n","protected":false},"excerpt":{"rendered":"<p>Andrea Larrieu, 2014 ISBN: 978-987-28476-9-2 96 p. Algunos personajes femeninos en estos relatos olvidan sus sue\u00f1os m\u00e1s profundos y caen en fantas\u00edas tramposas que los alejan cada vez m\u00e1s de su deseo original. A veces, despiertan gracias a una p\u00e9rdida. Por eso, el encuentro y la p\u00e9rdida terminan siendo dos caras de la misma moneda, [&hellip;]<\/p>\n","protected":false},"author":3,"featured_media":0,"parent":30,"menu_order":20,"comment_status":"closed","ping_status":"open","template":"","meta":[],"_links":{"self":[{"href":"https:\/\/viajeraeditorial.ar\/blog\/wp-json\/wp\/v2\/pages\/402"}],"collection":[{"href":"https:\/\/viajeraeditorial.ar\/blog\/wp-json\/wp\/v2\/pages"}],"about":[{"href":"https:\/\/viajeraeditorial.ar\/blog\/wp-json\/wp\/v2\/types\/page"}],"author":[{"embeddable":true,"href":"https:\/\/viajeraeditorial.ar\/blog\/wp-json\/wp\/v2\/users\/3"}],"replies":[{"embeddable":true,"href":"https:\/\/viajeraeditorial.ar\/blog\/wp-json\/wp\/v2\/comments?post=402"}],"version-history":[{"count":4,"href":"https:\/\/viajeraeditorial.ar\/blog\/wp-json\/wp\/v2\/pages\/402\/revisions"}],"predecessor-version":[{"id":2331,"href":"https:\/\/viajeraeditorial.ar\/blog\/wp-json\/wp\/v2\/pages\/402\/revisions\/2331"}],"up":[{"embeddable":true,"href":"https:\/\/viajeraeditorial.ar\/blog\/wp-json\/wp\/v2\/pages\/30"}],"wp:attachment":[{"href":"https:\/\/viajeraeditorial.ar\/blog\/wp-json\/wp\/v2\/media?parent=402"}],"curies":[{"name":"wp","href":"https:\/\/api.w.org\/{rel}","templated":true}]}}