{"id":414,"date":"2015-05-03T23:46:29","date_gmt":"2015-05-04T02:46:29","guid":{"rendered":"http:\/\/www.viajeraeditorial.com.ar\/?page_id=414"},"modified":"2015-06-15T00:01:12","modified_gmt":"2015-06-15T03:01:12","slug":"mis-peores-poemas-de-amor-my-worst-love-poems","status":"publish","type":"page","link":"https:\/\/viajeraeditorial.ar\/blog\/bifida\/mis-peores-poemas-de-amor-my-worst-love-poems\/","title":{"rendered":"Mis Peores Poemas de Amor \/ My Worst Love Poems"},"content":{"rendered":"<p class=\"plano\"><a href=\"http:\/\/www.viajeraeditorial.ar\/blog\/wp-content\/uploads\/2015\/05\/mispeorestapa.jpg\"><img loading=\"lazy\" class=\"alignleft  wp-image-689\" src=\"http:\/\/www.viajeraeditorial.ar\/blog\/wp-content\/uploads\/2015\/05\/mispeorestapa.jpg\" alt=\"Mis Peores Poemas de Amor \/ My Worst Love Poems\" width=\"411\" height=\"614\" \/><\/a><a href=\"http:\/\/www.viajeraeditorial.ar\/blog\/autores\/karina-maccio\/\">Karina Macci\u00f3<\/a>, 2014<br \/>\nTraducci\u00f3n: Annie McDermott<br \/>\nISBN: 978-987-28476-7-8<br \/>\n135 p.<\/p>\n<p>Todos los poemas de amor hablan del espacio entre los amantes. Si esta distancia entre sus cuerpos no existiera, la escritura no ser\u00eda tan necesaria: la lengua de los poemas de amor habita y define el espacio entre los dos protagonistas, mientras al mismo tiempo quiere reducirla a nada. <em>Mis Peores Poemas de Amor<\/em> es un libro preocupado por esta distancia, que cuestiona c\u00f3mo podr\u00eda acortarse a trav\u00e9s de la comunicaci\u00f3n, y de qu\u00e9 clase de comunicaci\u00f3n se tratar\u00eda.<br \/>\n\u201cel sentido comienza cuando se deforma la palabra\u201d<\/p>\n<p>&nbsp;<\/p>\n<p>All love poems are about the space between lovers. If this distance between their bodies did not exist, writing would not be so necessary: the language of love poems inhabits and defines the space between the two protagonists, whilst at the same time wanting to reduce it to nothing. <em>My Worst Love Poems<\/em> is a book preoccupied with this distance, questioning how it might be bridged through communication, and what kind of communication that might be.<br \/>\n\u201csense starts from deforming the word\u201d<\/p>\n<p>&nbsp;<\/p>\n<div align=\"right\">Annie McDermott<\/div>\n<div style=\"text-align: left;\" align=\"right\"><\/div>\n<div style=\"text-align: left;\" align=\"right\"><span style=\"text-decoration: underline;\"><strong>Contenido sobre\u00a0Mis Peores Poemas de Amor \/ My Worst Love Poems<\/strong><\/span><\/div>\n<div style=\"text-align: left;\" align=\"right\"><\/div>\n<div style=\"text-align: left;\" align=\"right\"><ul class = \"posts-by-tag-list\"><li class=\"posts-by-tag-item Karina Macci\u00f3 Mis Peores Poemas de Amor\/My Worst Love Poems\" id=\"posts-by-tag-item-6158\"><a class = \"posts-by-tag-item-title\" href=\"https:\/\/viajeraeditorial.ar\/blog\/2017\/04\/mis-peores-poemas-de-amor-resenado-en-solo-tempestad\/\">Mis peores poemas de amor rese\u00f1ado en Solo Tempestad<\/a><\/li><li class=\"posts-by-tag-item Karina Macci\u00f3 Mis Peores Poemas de Amor\/My Worst Love Poems Nicol\u00e1s Di Candia Viajera Viajera B\u00edfida\" id=\"posts-by-tag-item-2260\"><a class = \"posts-by-tag-item-title\" href=\"https:\/\/viajeraeditorial.ar\/blog\/2014\/11\/karina-maccio-y-nicolas-di-candia-mis-peores-poemas-de-amor-my-worst\/\">Karina Macci\u00f3 y Nicol\u00e1s Di Candia - Mis peores poemas de amor \/ My Worst...<\/a><\/li><li class=\"posts-by-tag-item Karina Macci\u00f3 Mis Peores Poemas de Amor\/My Worst Love Poems Viajera\" id=\"posts-by-tag-item-2158\"><a class = \"posts-by-tag-item-title\" href=\"https:\/\/viajeraeditorial.ar\/blog\/2014\/09\/ruben-sacchi-escribe-sobre-my-worst-love-poems-de-karina-maccio\/\">Ruben Sacchi escribe sobre My Worst Love Poems, de Karina Macci\u00f3<\/a><\/li><li class=\"posts-by-tag-item Andrea Larrieu B\u00edfida Cecilia Maugeri Encontradas y Perdidas Eugenia Coiro Karina Macci\u00f3 Mis Peores Poemas de Amor\/My Worst Love Poems Nicol\u00e1s Di Candia Ricardo Czikk Viajera Virginia Janza\" id=\"posts-by-tag-item-2202\"><a class = \"posts-by-tag-item-title\" href=\"https:\/\/viajeraeditorial.ar\/blog\/2014\/06\/martes-246-presentacion-mis-peores-poemas-de-amor-y-encontradas-y-perdidas\/\">Martes 24\/6 Presentaci\u00f3n: Mis peores poemas de amor y Encontradas y Perdidas<\/a><\/li><li class=\"posts-by-tag-item Andrea Larrieu B\u00edfida Encontradas y Perdidas Karina Macci\u00f3 Mis Peores Poemas de Amor\/My Worst Love Poems\" id=\"posts-by-tag-item-2206\"><a class = \"posts-by-tag-item-title\" href=\"https:\/\/viajeraeditorial.ar\/blog\/2014\/06\/agendaste-el-24-presentacion-viajera-violeta\/\">Agendaste el 24? Presentaci\u00f3n Viajera Violeta!<\/a><\/li><li class=\"posts-by-tag-item B\u00edfida Karina Macci\u00f3 Mis Peores Poemas de Amor\/My Worst Love Poems Viajera Viajera B\u00edfida\" id=\"posts-by-tag-item-2057\"><a class = \"posts-by-tag-item-title\" href=\"https:\/\/viajeraeditorial.ar\/blog\/2014\/05\/tell-me-you-love-me-karina-maccio\/\">Tell me you love me - Karina Macci\u00f3<\/a><\/li><\/ul><\/div>\n","protected":false},"excerpt":{"rendered":"<p>Karina Macci\u00f3, 2014 Traducci\u00f3n: Annie McDermott ISBN: 978-987-28476-7-8 135 p. Todos los poemas de amor hablan del espacio entre los amantes. Si esta distancia entre sus cuerpos no existiera, la escritura no ser\u00eda tan necesaria: la lengua de los poemas de amor habita y define el espacio entre los dos protagonistas, mientras al mismo tiempo [&hellip;]<\/p>\n","protected":false},"author":3,"featured_media":0,"parent":34,"menu_order":3,"comment_status":"closed","ping_status":"open","template":"","meta":[],"_links":{"self":[{"href":"https:\/\/viajeraeditorial.ar\/blog\/wp-json\/wp\/v2\/pages\/414"}],"collection":[{"href":"https:\/\/viajeraeditorial.ar\/blog\/wp-json\/wp\/v2\/pages"}],"about":[{"href":"https:\/\/viajeraeditorial.ar\/blog\/wp-json\/wp\/v2\/types\/page"}],"author":[{"embeddable":true,"href":"https:\/\/viajeraeditorial.ar\/blog\/wp-json\/wp\/v2\/users\/3"}],"replies":[{"embeddable":true,"href":"https:\/\/viajeraeditorial.ar\/blog\/wp-json\/wp\/v2\/comments?post=414"}],"version-history":[{"count":5,"href":"https:\/\/viajeraeditorial.ar\/blog\/wp-json\/wp\/v2\/pages\/414\/revisions"}],"predecessor-version":[{"id":2348,"href":"https:\/\/viajeraeditorial.ar\/blog\/wp-json\/wp\/v2\/pages\/414\/revisions\/2348"}],"up":[{"embeddable":true,"href":"https:\/\/viajeraeditorial.ar\/blog\/wp-json\/wp\/v2\/pages\/34"}],"wp:attachment":[{"href":"https:\/\/viajeraeditorial.ar\/blog\/wp-json\/wp\/v2\/media?parent=414"}],"curies":[{"name":"wp","href":"https:\/\/api.w.org\/{rel}","templated":true}]}}