{"id":431,"date":"2015-05-04T04:48:14","date_gmt":"2015-05-04T07:48:14","guid":{"rendered":"http:\/\/www.viajeraeditorial.com.ar\/?page_id=431"},"modified":"2015-06-14T23:57:29","modified_gmt":"2015-06-15T02:57:29","slug":"estuche-negro","status":"publish","type":"page","link":"https:\/\/viajeraeditorial.ar\/blog\/descubrir\/estuche-negro\/","title":{"rendered":"Estuche Negro"},"content":{"rendered":"<p class=\"plano\"><a href=\"http:\/\/www.viajeraeditorial.ar\/blog\/wp-content\/uploads\/2015\/05\/estuchetapa.jpg\"><img loading=\"lazy\" class=\"alignleft size-full wp-image-617\" src=\"http:\/\/www.viajeraeditorial.ar\/blog\/wp-content\/uploads\/2015\/05\/estuchetapa.jpg\" alt=\"Estuche Negro\" width=\"322\" height=\"486\" \/><\/a><a href=\"http:\/\/www.viajeraeditorial.ar\/blog\/autores\/ricardo-czikk\/\">Ricardo Czikk<\/a>, 2009<br \/>\nISBN: 978-987-24360-4-9<br \/>\n128 p.<\/p>\n<p class=\"plano\">Con un estilo que en s\u00ed mismo tienta los extremos \u2013un gusto barroco que de pronto se concreta y se hace plano n\u00edtido, sin rev\u00e9s\u2013, que encara tanto un relato como un poema que reinventa palabras, este libro se abre para intentar otro camino, \u00e9se plagado de preguntas y descubrimientos. Con intensidad, se aventura a ir de la luz a la sombra, y de vuelta, porque una y otra se llaman, se requieren. Ir, de la contradicci\u00f3n a la paradoja, y aprender a permanecer en la tierra de lo incierto, de la poes\u00eda. Como una miniatura que sin embargo puede desgajarse infinitamente; como una nuez, reino de Hamlet, que es capaz de contener el universo.<\/p>\n<p class=\"plano\">En definitiva, como un libro que s\u00f3lo cerramos para volver abrir:<\/p>\n<p class=\"plano\"><em>\u00abEstuche negro<\/em><br \/>\n<em>sorpresa en su contenido<\/em><br \/>\n<em>un muerto, una alhaja<\/em><br \/>\n<em>un sinf\u00edn de ideales<\/em><br \/>\n<em>y mi deseo<\/em><br \/>\n<em>de no transitar.\u00bb<\/em><\/p>\n<p class=\"plano\" style=\"text-align: right;\">Karina Macci\u00f3<\/p>\n<p class=\"plano\"><span style=\"text-decoration: underline;\"><strong>Contenido sobre Estuche Negro<\/strong><\/span><\/p>\n<p class=\"plano\"><ul class = \"posts-by-tag-list\"><li class=\"posts-by-tag-item Estuche negro Ricardo Czikk Viajera\" id=\"posts-by-tag-item-2095\"><a class = \"posts-by-tag-item-title\" href=\"https:\/\/viajeraeditorial.ar\/blog\/2014\/03\/sone-ricardo-czikk\/\">Son\u00e9 - Ricardo Czikk<\/a><\/li><li class=\"posts-by-tag-item Estuche negro Ricardo Czikk Viajera\" id=\"posts-by-tag-item-2108\"><a class = \"posts-by-tag-item-title\" href=\"https:\/\/viajeraeditorial.ar\/blog\/2014\/03\/mugientes-ricardo-czikk\/\">Mugientes - Ricardo Czikk<\/a><\/li><li class=\"posts-by-tag-item Estuche negro Ricardo Czikk Viajera\" id=\"posts-by-tag-item-2030\"><a class = \"posts-by-tag-item-title\" href=\"https:\/\/viajeraeditorial.ar\/blog\/2014\/02\/el-tiempo-es-una-onomatopeya-ricardo-czikk\/\">El tiempo es una onomatopeya - Ricardo Czikk<\/a><\/li><li class=\"posts-by-tag-item Estuche negro Ricardo Czikk Viajera\" id=\"posts-by-tag-item-2037\"><a class = \"posts-by-tag-item-title\" href=\"https:\/\/viajeraeditorial.ar\/blog\/2014\/01\/la-luz-me-asombra-ricardo-czikk\/\">La luz me asombra - Ricardo Czikk<\/a><\/li><li class=\"posts-by-tag-item Estuche negro Ricardo Czikk\" id=\"posts-by-tag-item-1121\"><a class = \"posts-by-tag-item-title\" href=\"https:\/\/viajeraeditorial.ar\/blog\/2013\/10\/te-y-espejo-de-ricardo-czikk-incluido-en-estuche-negro\/\">\"T\u00e9 y espejo\", de Ricardo Czikk. Incluido en Estuche Negro.<\/a><\/li><li class=\"posts-by-tag-item Estuche negro Ricardo Czikk Viajera\" id=\"posts-by-tag-item-1236\"><a class = \"posts-by-tag-item-title\" href=\"https:\/\/viajeraeditorial.ar\/blog\/2013\/08\/sobre-estuche-negro-de-ricardo-czikk\/\">Sobre \"Estuche Negro\" de Ricardo Czikk<\/a><\/li><li class=\"posts-by-tag-item Estuche negro Ricardo Czikk Viajera\" id=\"posts-by-tag-item-1367\"><a class = \"posts-by-tag-item-title\" href=\"https:\/\/viajeraeditorial.ar\/blog\/2013\/06\/ricardo-czikk-negro\/\">Ricardo Czikk: Negro.<\/a><\/li><li class=\"posts-by-tag-item Estuche negro Ricardo Czikk\" id=\"posts-by-tag-item-1733\"><a class = \"posts-by-tag-item-title\" href=\"https:\/\/viajeraeditorial.ar\/blog\/2012\/08\/ricardo-czikk-en-viajera-visita\/\">Ricardo Czikk en Viajera Visita<\/a><\/li><li class=\"posts-by-tag-item An\u00edbal Ilguisonis Carlos Battilana Casa de Viaje Cecilia Maugeri clin caja Estuche negro Karina Macci\u00f3 La Cajita de Pandora La P\u00e9rdida o La Perdida La Playa Lengua Espiral Loreley El Jaber malapalabra Mar\u00eda Victoria Verzura Natalia Monsegur Perla Ericl\u00e9e Quinteros Presente Continuo Ricardo Czikk Sentir \u00d3seo Virginia Janza visitante\/the visitor\" id=\"posts-by-tag-item-1941\"><a class = \"posts-by-tag-item-title\" href=\"https:\/\/viajeraeditorial.ar\/blog\/2010\/11\/este-martes-23-de-noviembre-leemos-en-la-casa\/\">Este martes 23 de noviembre leemos en la Casa!<\/a><\/li><li class=\"posts-by-tag-item An\u00edbal Ilguisonis Carlos Battilana Casa de Viaje Cecilia Maugeri clin caja Estuche negro herpes Karina Macci\u00f3 La Cajita de Pandora La P\u00e9rdida o La Perdida La Playa Lengua Espiral Loreley El Jaber malapalabra Mana Mar\u00eda Victoria Verzura Natalia Monsegur Perla Ericl\u00e9e Quinteros Presente Continuo Ricardo Czikk Sentir \u00d3seo Virginia Janza visitante\/the visitor\" id=\"posts-by-tag-item-1946\"><a class = \"posts-by-tag-item-title\" href=\"https:\/\/viajeraeditorial.ar\/blog\/2010\/11\/viajera-visita-la-casa-de-la-lectura-3\/\">Viajera visita la Casa de la Lectura<\/a><\/li><li class=\"posts-by-tag-item Cr\u00f3nicas Estuche negro Mar\u00eda Victoria Verzura Ricardo Czikk Sentir \u00d3seo\" id=\"posts-by-tag-item-1952\"><a class = \"posts-by-tag-item-title\" href=\"https:\/\/viajeraeditorial.ar\/blog\/2010\/11\/cronica-viajera-empezamos-la-primavera-en-la-libreria-cobra\/\">Cr\u00f3nica viajera: empezamos la Primavera en la librer\u00eda Cobra<\/a><\/li><li class=\"posts-by-tag-item An\u00edbal Ilguisonis Cecilia Maugeri clin caja Estuche negro herpes Karina Macci\u00f3 La Cajita de Pandora La P\u00e9rdida o La Perdida La Playa Lengua Espiral Loreley El Jaber malapalabra Mana Mar\u00eda Victoria Verzura Perla Ericl\u00e9e Quinteros Ricardo Czikk Sentir \u00d3seo Virginia Janza\" id=\"posts-by-tag-item-2012\"><a class = \"posts-by-tag-item-title\" href=\"https:\/\/viajeraeditorial.ar\/blog\/2010\/05\/viajera-en-el-festival-buen-dia\/\">Viajera en el festival Buen D\u00eda!<\/a><\/li><li class=\"posts-by-tag-item An\u00edbal Ilguisonis Cecilia Maugeri clin caja Estuche negro herpes Karina Macci\u00f3 La Cajita de Pandora La P\u00e9rdida o La Perdida La Playa Lengua Espiral Loreley El Jaber malapalabra Mana Mar\u00eda Victoria Verzura Perla Ericl\u00e9e Quinteros Ricardo Czikk Sentir \u00d3seo Viajera Visita Virginia Janza\" id=\"posts-by-tag-item-2026\"><a class = \"posts-by-tag-item-title\" href=\"https:\/\/viajeraeditorial.ar\/blog\/2010\/04\/2026\/\">Viajera Visita Garrick<\/a><\/li><li class=\"posts-by-tag-item An\u00edbal Ilguisonis Cecilia Maugeri clin caja Estuche negro Karina Macci\u00f3 La Cajita de Pandora La P\u00e9rdida o La Perdida malapalabra Ricardo Czikk Viajera Visita Virginia Janza\" id=\"posts-by-tag-item-2028\"><a class = \"posts-by-tag-item-title\" href=\"https:\/\/viajeraeditorial.ar\/blog\/2009\/11\/viajera-editorial-en-la-casa-de-la-lectura\/\">Viajera Editorial en la Casa de la Lectura<\/a><\/li><\/ul><\/p>\n","protected":false},"excerpt":{"rendered":"<p>Ricardo Czikk, 2009 ISBN: 978-987-24360-4-9 128 p. Con un estilo que en s\u00ed mismo tienta los extremos \u2013un gusto barroco que de pronto se concreta y se hace plano n\u00edtido, sin rev\u00e9s\u2013, que encara tanto un relato como un poema que reinventa palabras, este libro se abre para intentar otro camino, \u00e9se plagado de preguntas [&hellip;]<\/p>\n","protected":false},"author":3,"featured_media":0,"parent":30,"menu_order":4,"comment_status":"closed","ping_status":"open","template":"","meta":[],"_links":{"self":[{"href":"https:\/\/viajeraeditorial.ar\/blog\/wp-json\/wp\/v2\/pages\/431"}],"collection":[{"href":"https:\/\/viajeraeditorial.ar\/blog\/wp-json\/wp\/v2\/pages"}],"about":[{"href":"https:\/\/viajeraeditorial.ar\/blog\/wp-json\/wp\/v2\/types\/page"}],"author":[{"embeddable":true,"href":"https:\/\/viajeraeditorial.ar\/blog\/wp-json\/wp\/v2\/users\/3"}],"replies":[{"embeddable":true,"href":"https:\/\/viajeraeditorial.ar\/blog\/wp-json\/wp\/v2\/comments?post=431"}],"version-history":[{"count":5,"href":"https:\/\/viajeraeditorial.ar\/blog\/wp-json\/wp\/v2\/pages\/431\/revisions"}],"predecessor-version":[{"id":618,"href":"https:\/\/viajeraeditorial.ar\/blog\/wp-json\/wp\/v2\/pages\/431\/revisions\/618"}],"up":[{"embeddable":true,"href":"https:\/\/viajeraeditorial.ar\/blog\/wp-json\/wp\/v2\/pages\/30"}],"wp:attachment":[{"href":"https:\/\/viajeraeditorial.ar\/blog\/wp-json\/wp\/v2\/media?parent=431"}],"curies":[{"name":"wp","href":"https:\/\/api.w.org\/{rel}","templated":true}]}}