{"id":463,"date":"2015-05-04T06:00:54","date_gmt":"2015-05-04T09:00:54","guid":{"rendered":"http:\/\/www.viajeraeditorial.com.ar\/?page_id=463"},"modified":"2015-06-14T23:57:54","modified_gmt":"2015-06-15T02:57:54","slug":"pecespajaros","status":"publish","type":"page","link":"https:\/\/viajeraeditorial.ar\/blog\/descubrir\/pecespajaros\/","title":{"rendered":"pecesp\u00e1jaros"},"content":{"rendered":"<p><a href=\"http:\/\/www.viajeraeditorial.ar\/blog\/wp-content\/uploads\/2015\/05\/pecespajarostapa.jpg\"><img loading=\"lazy\" class=\"alignleft size-full wp-image-637\" src=\"http:\/\/www.viajeraeditorial.ar\/blog\/wp-content\/uploads\/2015\/05\/pecespajarostapa.jpg\" alt=\"pecesp\u00e1jaros\" width=\"322\" height=\"477\" \/><\/a><a href=\"http:\/\/www.viajeraeditorial.ar\/blog\/autores\/gabriel-kirchuk\/\">Gabriel Kirchuk<\/a>, 2011<br \/>\nISBN: 978-987-26325-1-9<br \/>\n152 p.<\/p>\n<p><em>pecesp\u00e1jaros<\/em> nos conduce por un mundo inventado, hecho de m\u00faltiples partes que se van uniendo, peque\u00f1os fragmentos que han sido recortados, moldeados, cuidadosamente adheridos, como si se tratara de un mural de venecitas. Si nos alejamos lo suficiente, podremos ver que se arma un dibujo. Si nos acercamos, y llegamos a sumergirnos, seremos impactados por el color de esas piedras, por sus formas y texturas. Es un momento donde lo duro se pierde, abland\u00e1ndose. Para Gabriel Kirchuk las palabras valen en tanto se transforman en m\u00fasica, color, pura sensaci\u00f3n:<\/p>\n<p style=\"padding-left: 60px;\">\u201cLos conectores empiezan a perder sentido, y tambi\u00e9n las dem\u00e1s palabras\u2026 La m\u00fasica inunda cada lapso espacial. Sin lenguaje, le pido, no deje de nadar pez, no deje de nadar, hasta que mi vuelo llegue a tus escamas, y luego s\u00f3lo flotar sobre hielo naranja.\u201d<\/p>\n<p>Que esta invocaci\u00f3n sirva al lector para no imponer su l\u00f3gica, sino descubrir una nueva. Hay que saber fluir, abrir los ojos debajo del agua, dejarse llevar. Que la lectura sea \u00e1gil, original, disfrutable. Abrir y leer, aunque el gui\u00f1o a Cort\u00e1zar tambi\u00e9n supone que estas l\u00edneas se traman hasta el final. Como si fuera un cuento, mezcla de chino y argentino -por las vueltas y las resoluciones-, tropical y fant\u00e1stico, que pone en evidencia a un escritor, a su est\u00e9tica.<\/p>\n<p>El humor y la parodia son claves en este libro. Quiz\u00e1s sean mecanismos imprescindibles para hablar de ciertos temas: el pasaje de la infancia a la madurez, los espacios y las personas que nos marcaron, la aventura \u2013el desaf\u00edo\u2013 de seguir buscando como un ni\u00f1o, con esa avidez, pero ya sin serlo. \u201cLa \u00fanica forma de sobrevivir es siguiendo el ritmo.\/El ritmo.\u201d<\/p>\n<p style=\"text-align: right;\">Karina Macci\u00f3<\/p>\n<p><span style=\"text-decoration: underline;\"><strong>Contenido sobre <em>pecesp\u00e1jaros<\/em><\/strong><\/span><\/p>\n<ul class = \"posts-by-tag-list\"><li class=\"posts-by-tag-item Gabriel Kirchuk pecesp\u00e1jaros Viajera\" id=\"posts-by-tag-item-2083\"><a class = \"posts-by-tag-item-title\" href=\"https:\/\/viajeraeditorial.ar\/blog\/2014\/04\/ellen-page-gabriel-kirchuk\/\">Ellen Page - Gabriel Kirchuk<\/a><\/li><li class=\"posts-by-tag-item Gabriel Kirchuk pecesp\u00e1jaros Viajera\" id=\"posts-by-tag-item-991\"><a class = \"posts-by-tag-item-title\" href=\"https:\/\/viajeraeditorial.ar\/blog\/2013\/12\/viajera-inspira-en-el-colegio-zoe-taricco-garcia\/\">Viajera Inspira en el colegio - Zoe Taricco Garc\u00eda<\/a><\/li><li class=\"posts-by-tag-item Apariciones P\u00fablicas Gabriel Kirchuk pecesp\u00e1jaros Viajera Visita\" id=\"posts-by-tag-item-1107\"><a class = \"posts-by-tag-item-title\" href=\"https:\/\/viajeraeditorial.ar\/blog\/2013\/10\/gabriel-kirchuk-en-el-ciclo-intervenciones-literarias-no-convencionales-clasica-y-moderna\/\">Gabriel Kirchuk en el ciclo Intervenciones Literarias No Convencionales - Cl\u00e1sica y Moderna<\/a><\/li><li class=\"posts-by-tag-item Amor Gabriel Kirchuk pecesp\u00e1jaros Viajera\" id=\"posts-by-tag-item-1300\"><a class = \"posts-by-tag-item-title\" href=\"https:\/\/viajeraeditorial.ar\/blog\/2013\/08\/el-amor-en-viajera-sin-arrugas-de-gabriel-kirchuk\/\">El Amor en Viajera - \"Sin arrugas\" de Gabriel Kirchuk<\/a><\/li><li class=\"posts-by-tag-item Gabriel Kirchuk La Playa Loreley El Jaber pecesp\u00e1jaros Viajera\" id=\"posts-by-tag-item-1365\"><a class = \"posts-by-tag-item-title\" href=\"https:\/\/viajeraeditorial.ar\/blog\/2013\/06\/gabriel-kirchuk-amarillo\/\">Gabriel Kirchuk: Amarillo<\/a><\/li><li class=\"posts-by-tag-item Gabriel Kirchuk pecesp\u00e1jaros\" id=\"posts-by-tag-item-1869\"><a class = \"posts-by-tag-item-title\" href=\"https:\/\/viajeraeditorial.ar\/blog\/2011\/11\/pecespajaros-en-revista-casquiavana\/\">pecesp\u00e1jaros en Revista Casquiavana<\/a><\/li><li class=\"posts-by-tag-item Cecilia Maugeri Diario de la Transformaci\u00f3n Gabriel Kirchuk Karina Macci\u00f3 pecesp\u00e1jaros visitante\/the visitor\" id=\"posts-by-tag-item-1898\"><a class = \"posts-by-tag-item-title\" href=\"https:\/\/viajeraeditorial.ar\/blog\/2011\/06\/el-1ro-de-julio-viajera-lanza-nuevos-titulos\/\">El 1ro de julio Viajera lanza nuevos t\u00edtulos<\/a><\/li><li class=\"posts-by-tag-item Cecilia Maugeri Diario de la Transformaci\u00f3n Gabriel Kirchuk Karina Macci\u00f3 pecesp\u00e1jaros visitante\/the visitor\" id=\"posts-by-tag-item-1901\"><a class = \"posts-by-tag-item-title\" href=\"https:\/\/viajeraeditorial.ar\/blog\/2011\/05\/algo-de-lo-que-fue-viajera-visita-en-el-ccc\/\">Algo de lo que fue Viajera visita en el CCC<\/a><\/li><\/ul>\n","protected":false},"excerpt":{"rendered":"<p>Gabriel Kirchuk, 2011 ISBN: 978-987-26325-1-9 152 p. pecesp\u00e1jaros nos conduce por un mundo inventado, hecho de m\u00faltiples partes que se van uniendo, peque\u00f1os fragmentos que han sido recortados, moldeados, cuidadosamente adheridos, como si se tratara de un mural de venecitas. Si nos alejamos lo suficiente, podremos ver que se arma un dibujo. Si nos acercamos, [&hellip;]<\/p>\n","protected":false},"author":3,"featured_media":0,"parent":30,"menu_order":10,"comment_status":"closed","ping_status":"open","template":"","meta":[],"_links":{"self":[{"href":"https:\/\/viajeraeditorial.ar\/blog\/wp-json\/wp\/v2\/pages\/463"}],"collection":[{"href":"https:\/\/viajeraeditorial.ar\/blog\/wp-json\/wp\/v2\/pages"}],"about":[{"href":"https:\/\/viajeraeditorial.ar\/blog\/wp-json\/wp\/v2\/types\/page"}],"author":[{"embeddable":true,"href":"https:\/\/viajeraeditorial.ar\/blog\/wp-json\/wp\/v2\/users\/3"}],"replies":[{"embeddable":true,"href":"https:\/\/viajeraeditorial.ar\/blog\/wp-json\/wp\/v2\/comments?post=463"}],"version-history":[{"count":4,"href":"https:\/\/viajeraeditorial.ar\/blog\/wp-json\/wp\/v2\/pages\/463\/revisions"}],"predecessor-version":[{"id":2321,"href":"https:\/\/viajeraeditorial.ar\/blog\/wp-json\/wp\/v2\/pages\/463\/revisions\/2321"}],"up":[{"embeddable":true,"href":"https:\/\/viajeraeditorial.ar\/blog\/wp-json\/wp\/v2\/pages\/30"}],"wp:attachment":[{"href":"https:\/\/viajeraeditorial.ar\/blog\/wp-json\/wp\/v2\/media?parent=463"}],"curies":[{"name":"wp","href":"https:\/\/api.w.org\/{rel}","templated":true}]}}