{"id":491,"date":"2015-05-04T19:37:23","date_gmt":"2015-05-04T22:37:23","guid":{"rendered":"http:\/\/www.viajeraeditorial.com.ar\/?page_id=491"},"modified":"2020-11-02T21:02:39","modified_gmt":"2020-11-03T00:02:39","slug":"mario-nosotti","status":"publish","type":"page","link":"https:\/\/viajeraeditorial.ar\/blog\/catalogo\/mario-nosotti\/","title":{"rendered":"Mario Nosotti"},"content":{"rendered":"<p><a href=\"http:\/\/www.viajeraeditorial.ar\/blog\/wp-content\/uploads\/2015\/05\/fotomarionosotti.jpg\"><img loading=\"lazy\" class=\"alignright size-full wp-image-492\" src=\"http:\/\/www.viajeraeditorial.ar\/blog\/wp-content\/uploads\/2015\/05\/fotomarionosotti.jpg\" alt=\"Mario Nosotti\" width=\"350\" height=\"279\" \/><\/a>Naci\u00f3 en San Fernando, provincia de Buenos Aires, en 1966. Curs\u00f3 estudios de Letras (UBA). Form\u00f3 parte de la antolog\u00eda de la 1\u00aa Bienal Iberoamericana de Arte Joven (Buenos Aires, 1989), seleccionada por Joaqu\u00edn Giannuzzi. Colabor\u00f3 con las revistas de divulgaci\u00f3n cultural <em>Ts\u00e9-Ts\u00e9<\/em>, <em>Parte de Guerra<\/em> y <em>La Otra<\/em>. En 1998 public\u00f3 <em>Parto Mular<\/em> (Poes\u00eda\/Ed. \u00daltimo Reino). Entre 2004 y 2006 edit\u00f3 la hoja de poes\u00eda de <em>M\u00fasica Rara<\/em>. En 2006 organiz\u00f3 las <em>\u00ednsulas extra\u00f1as<\/em>, Primer Encuentro de Revistas de Poes\u00eda en la Biblioteca Nacional. Actualmente rese\u00f1a libros para las revistas <em>\u00d1<\/em>, <em>Los Inrockuptibles<\/em>, y el suplemento <em>Radar libros<\/em> de <em>P\u00e1gina 12<\/em>. En 2014 obtuvo la beca del Fondo Nacional de las Artes en el \u00e1rea de Letras. Coordina talleres de\u00a0lectura y escritura creativa.<\/p>\n<p><strong><span style=\"text-decoration: underline;\">En Viajera<\/span><\/strong><\/p>\n<p style=\"padding-left: 30px;\"><a href=\"http:\/\/www.viajeraeditorial.ar\/blog\/explorar\/el-proceso-de-fotografiar\/\"><img loading=\"lazy\" class=\"alignnone size-full wp-image-4531\" src=\"http:\/\/www.viajeraeditorial.ar\/blog\/wp-content\/uploads\/2015\/03\/elprocesotapa_tn20.jpg\" alt=\"El proceso de fotografiar\" width=\"13\" height=\"20\" \/><\/a>\u00a0<a href=\"http:\/\/www.viajeraeditorial.ar\/blog\/explorar\/el-proceso-de-fotografiar\/\">El proceso de fotografiar<\/a> (<a href=\"http:\/\/www.viajeraeditorial.ar\/blog\/explorar\/\">Explorar<\/a>, 2014)<\/p>\n<p><strong><span style=\"text-decoration: underline;\">Fuera de Viajera<\/span><\/strong><\/p>\n<p style=\"padding-left: 30px;\">Parto Mular (\u00daltimo Reino, 1998)<\/p>\n<p><strong><span style=\"text-decoration: underline;\">Contactar a Mario<\/span><\/strong><\/p>\n<p style=\"padding-left: 30px;\"><a href=\"http:\/\/musicararablog.wordpress.com\/\">Blog<\/a><\/p>\n<p><strong><span style=\"text-decoration: underline;\">Contenido sobre Mario<\/span><\/strong><\/p>\n<ul class = \"posts-by-tag-list\"><li class=\"posts-by-tag-item Karina Macci\u00f3 Mario Nosotti\" id=\"posts-by-tag-item-7171\"><a class = \"posts-by-tag-item-title\" href=\"https:\/\/viajeraeditorial.ar\/blog\/2018\/07\/maccio-nosotti-ponce-presentan-impasse-de-la-ballena\/\">Macci\u00f3, Nosotti, Ponce presentan Impasse de la ballena<\/a><\/li><li class=\"posts-by-tag-item El proceso de fotografiar Mario Nosotti\" id=\"posts-by-tag-item-6728\"><a class = \"posts-by-tag-item-title\" href=\"https:\/\/viajeraeditorial.ar\/blog\/2018\/01\/mario-nosotti-entrevistado-por-augusto-munaro\/\">Mario Nosotti entrevistado por Augusto Munaro<\/a><\/li><li class=\"posts-by-tag-item Mario Nosotti Viaje Fant\u00e1stico\" id=\"posts-by-tag-item-6447\"><a class = \"posts-by-tag-item-title\" href=\"https:\/\/viajeraeditorial.ar\/blog\/2017\/08\/mario-nosotti-en-viaje-fantastico-288\/\">Mario Nosotti en Viaje Fant\u00e1stico * 28\/8<\/a><\/li><li class=\"posts-by-tag-item El proceso de fotografiar Mario Nosotti\" id=\"posts-by-tag-item-6082\"><a class = \"posts-by-tag-item-title\" href=\"https:\/\/viajeraeditorial.ar\/blog\/2017\/02\/lectura-de-mario-nosotti\/\">Lectura de Mario Nosotti<\/a><\/li><li class=\"posts-by-tag-item Mario Nosotti Radio\" id=\"posts-by-tag-item-5931\"><a class = \"posts-by-tag-item-title\" href=\"https:\/\/viajeraeditorial.ar\/blog\/2016\/11\/mario-nosotti-en-poetica-viva\/\">Mario Nosotti en Po\u00e9tica Viva<\/a><\/li><li class=\"posts-by-tag-item El proceso de fotografiar Mario Nosotti Viajera\" id=\"posts-by-tag-item-2245\"><a class = \"posts-by-tag-item-title\" href=\"https:\/\/viajeraeditorial.ar\/blog\/2014\/12\/pregunta-de-esta-noche-mario-nosotti\/\">Pregunta de esta noche - Mario Nosotti<\/a><\/li><li class=\"posts-by-tag-item El proceso de fotografiar Mario Nosotti Viajera\" id=\"posts-by-tag-item-2247\"><a class = \"posts-by-tag-item-title\" href=\"https:\/\/viajeraeditorial.ar\/blog\/2014\/12\/el-proceso-de-fotografiar-resena-en-revista-aglaura\/\">El proceso de fotografiar, rese\u00f1a en revista Aglaura<\/a><\/li><li class=\"posts-by-tag-item El proceso de fotografiar Mario Nosotti Viajera\" id=\"posts-by-tag-item-164\"><a class = \"posts-by-tag-item-title\" href=\"https:\/\/viajeraeditorial.ar\/blog\/2014\/12\/supongase-que-un-rayo-mario-nosotti\/\">Sup\u00f3ngase que un rayo... - Mario Nosotti<\/a><\/li><li class=\"posts-by-tag-item El proceso de fotografiar Mario Nosotti Viajera\" id=\"posts-by-tag-item-171\"><a class = \"posts-by-tag-item-title\" href=\"https:\/\/viajeraeditorial.ar\/blog\/2014\/12\/o-mirando-la-foto-sorprender-mario-nosotti\/\">O mirando la foto sorprender - Mario Nosotti<\/a><\/li><li class=\"posts-by-tag-item El proceso de fotografiar Mario Nosotti Viajera\" id=\"posts-by-tag-item-206\"><a class = \"posts-by-tag-item-title\" href=\"https:\/\/viajeraeditorial.ar\/blog\/2014\/11\/sacude-el-bosque-mario-nosotti\/\">Sacude el bosque - Mario Nosotti<\/a><\/li><li class=\"posts-by-tag-item Brett Eston El proceso de fotografiar Mario Nosotti Viajera\" id=\"posts-by-tag-item-208\"><a class = \"posts-by-tag-item-title\" href=\"https:\/\/viajeraeditorial.ar\/blog\/2014\/11\/si-me-pierdo-en-lanus-mario-nosotti\/\">Si me pierdo en Lan\u00fas - Mario Nosotti<\/a><\/li><li class=\"posts-by-tag-item Mario Nosotti musicalpoes\u00eda!\" id=\"posts-by-tag-item-211\"><a class = \"posts-by-tag-item-title\" href=\"https:\/\/viajeraeditorial.ar\/blog\/2014\/11\/mario-nosotti-musicalpoesia-vol-i-viajera-editorial-2014\/\">Mario Nosotti musicalpoes\u00eda vol. I Viajera Editorial 2014<\/a><\/li><li class=\"posts-by-tag-item El proceso de fotografiar Mario Nosotti Viajera\" id=\"posts-by-tag-item-2250\"><a class = \"posts-by-tag-item-title\" href=\"https:\/\/viajeraeditorial.ar\/blog\/2014\/11\/ya-cerca-del-final-mario-nosotti\/\">Ya cerca del final - Mario Nosotti<\/a><\/li><li class=\"posts-by-tag-item El proceso de fotografiar Mario Nosotti Viajera\" id=\"posts-by-tag-item-2252\"><a class = \"posts-by-tag-item-title\" href=\"https:\/\/viajeraeditorial.ar\/blog\/2014\/11\/glosa-mario-nosotti\/\">Glosa - Mario Nosotti<\/a><\/li><li class=\"posts-by-tag-item El proceso de fotografiar Mario Nosotti Viajera\" id=\"posts-by-tag-item-224\"><a class = \"posts-by-tag-item-title\" href=\"https:\/\/viajeraeditorial.ar\/blog\/2014\/11\/presentamos-el-proceso-de-fotografiar-de-mario-nosotti-2111\/\">Presentamos El proceso de fotografiar, de Mario Nosotti - 21\/11<\/a><\/li><li class=\"posts-by-tag-item Mario Nosotti Minuto Magdalena\" id=\"posts-by-tag-item-2178\"><a class = \"posts-by-tag-item-title\" href=\"https:\/\/viajeraeditorial.ar\/blog\/2014\/08\/mario-nosotti-minuto-magdalena\/\">Mario Nosotti: Minuto Magdalena<\/a><\/li><li class=\"posts-by-tag-item Alejo Steimberg Eugenia Coiro Fabio Rivas Rivera Jan De Jager Juan Rearte Karina Macci\u00f3 Lorena Garc\u00eda Mario Nosotti Natalia Monsegur Viajera\" id=\"posts-by-tag-item-2183\"><a class = \"posts-by-tag-item-title\" href=\"https:\/\/viajeraeditorial.ar\/blog\/2014\/07\/musicalpoesia-247-en-rechazando-coimas\/\">musicalpoes\u00eda! 24\/7 en Rechazando Coimas<\/a><\/li><li class=\"posts-by-tag-item Mario Nosotti Minuto Magdalena\" id=\"posts-by-tag-item-2052\"><a class = \"posts-by-tag-item-title\" href=\"https:\/\/viajeraeditorial.ar\/blog\/2014\/06\/mario-nosotti-minuto-magdalena-2\/\">Mario Nosotti - Minuto Magdalena<\/a><\/li><\/ul>\n","protected":false},"excerpt":{"rendered":"<p>Naci\u00f3 en San Fernando, provincia de Buenos Aires, en 1966. Curs\u00f3 estudios de Letras (UBA). Form\u00f3 parte de la antolog\u00eda de la 1\u00aa Bienal Iberoamericana de Arte Joven (Buenos Aires, 1989), seleccionada por Joaqu\u00edn Giannuzzi. Colabor\u00f3 con las revistas de divulgaci\u00f3n cultural Ts\u00e9-Ts\u00e9, Parte de Guerra y La Otra. En 1998 public\u00f3 Parto Mular (Poes\u00eda\/Ed. [&hellip;]<\/p>\n","protected":false},"author":3,"featured_media":0,"parent":8710,"menu_order":0,"comment_status":"closed","ping_status":"open","template":"","meta":[],"_links":{"self":[{"href":"https:\/\/viajeraeditorial.ar\/blog\/wp-json\/wp\/v2\/pages\/491"}],"collection":[{"href":"https:\/\/viajeraeditorial.ar\/blog\/wp-json\/wp\/v2\/pages"}],"about":[{"href":"https:\/\/viajeraeditorial.ar\/blog\/wp-json\/wp\/v2\/types\/page"}],"author":[{"embeddable":true,"href":"https:\/\/viajeraeditorial.ar\/blog\/wp-json\/wp\/v2\/users\/3"}],"replies":[{"embeddable":true,"href":"https:\/\/viajeraeditorial.ar\/blog\/wp-json\/wp\/v2\/comments?post=491"}],"version-history":[{"count":4,"href":"https:\/\/viajeraeditorial.ar\/blog\/wp-json\/wp\/v2\/pages\/491\/revisions"}],"predecessor-version":[{"id":4577,"href":"https:\/\/viajeraeditorial.ar\/blog\/wp-json\/wp\/v2\/pages\/491\/revisions\/4577"}],"up":[{"embeddable":true,"href":"https:\/\/viajeraeditorial.ar\/blog\/wp-json\/wp\/v2\/pages\/8710"}],"wp:attachment":[{"href":"https:\/\/viajeraeditorial.ar\/blog\/wp-json\/wp\/v2\/media?parent=491"}],"curies":[{"name":"wp","href":"https:\/\/api.w.org\/{rel}","templated":true}]}}