{"id":5606,"date":"2016-08-21T17:52:51","date_gmt":"2016-08-21T20:52:51","guid":{"rendered":"http:\/\/www.viajeraeditorial.com.ar\/?page_id=5606"},"modified":"2020-11-02T21:07:47","modified_gmt":"2020-11-03T00:07:47","slug":"cristina-eseiza","status":"publish","type":"page","link":"https:\/\/viajeraeditorial.ar\/blog\/catalogo\/cristina-eseiza\/","title":{"rendered":"Cristina Eseiza"},"content":{"rendered":"<p>&nbsp;<\/p>\n<p>Cristina Eseiza naci\u00f3 escritora. Luego de inundar la casa con poemas, muchos poemas, a los diez a\u00f1os escribi\u00f3 su primera novela. Todav\u00eda conserva el original, escrito en hojas sin pautar, con su migrante letra de ni\u00f1a.<a href=\"http:\/\/www.viajeraeditorial.ar\/blog\/wp-content\/uploads\/2016\/08\/14080060-10154447911139904-5547179614499555801-n.jpg\" rel=\"attachment wp-att-5607\"><img loading=\"lazy\" class=\"wp-image-5607 alignright\" src=\"http:\/\/www.viajeraeditorial.ar\/blog\/wp-content\/uploads\/2016\/08\/14080060-10154447911139904-5547179614499555801-n-632x632.jpg\" alt=\"14080060_10154447911139904_5547179614499555801_n\" width=\"258\" height=\"258\" srcset=\"https:\/\/viajeraeditorial.ar\/blog\/wp-content\/uploads\/2016\/08\/14080060-10154447911139904-5547179614499555801-n-632x632.jpg 632w, https:\/\/viajeraeditorial.ar\/blog\/wp-content\/uploads\/2016\/08\/14080060-10154447911139904-5547179614499555801-n-257x257.jpg 257w, https:\/\/viajeraeditorial.ar\/blog\/wp-content\/uploads\/2016\/08\/14080060-10154447911139904-5547179614499555801-n-350x350.jpg 350w, https:\/\/viajeraeditorial.ar\/blog\/wp-content\/uploads\/2016\/08\/14080060-10154447911139904-5547179614499555801-n.jpg 960w\" sizes=\"(max-width: 258px) 100vw, 258px\" \/><\/a><br \/>\nSigui\u00f3 escribiendo poemas sin parar hasta que apareci\u00f3 la otra personalidad. Terminado sexto a\u00f1o en el Colegio Nacional de Buenos Aires, ingres\u00f3 a la Facultad de Filosof\u00eda y Letras de la UBA para estudiar Letras, carrera que la enamor\u00f3 y le permiti\u00f3 acercarse a la literatura con otra mirada. Sin dudas, Cristina est\u00e1 m\u00e1s orgullosa de sus lecturas que de su obra.<br \/>\nDe la mano de este nuevo amor, fue profesora en numerosas instituciones educativas, en los niveles secundario, terciario y universitario. Tambi\u00e9n hubo lugar para la educaci\u00f3n especial, abriendo un universo, una energ\u00eda inexplorados, desconcertantes.<br \/>\nDict\u00f3 cursos de capacitaci\u00f3n en todo el pa\u00eds, a docentes y a profesionales de diversas disciplinas. Asesor\u00f3 a empresas y asociaciones p\u00fablicas y privadas. Particip\u00f3 de proyectos teatrales, desde la asesor\u00eda y la traducci\u00f3n de textos, hasta la puesta en escena de varias obras. Fue correctora para editoriales y gremios.<br \/>\nPublic\u00f3 en la web art\u00edculos sobre comunicaci\u00f3n, fi losof\u00eda, an\u00e1lisis del discurso, algunos son de consulta obligatoria en seminarios de la UNLA. Coordin\u00f3 talleres de escritura durante muchos a\u00f1os.<br \/>\nDe larga trayectoria en medios, ha sido columnista de programas radiales y televisivos, adem\u00e1s de jurado en una competencia internacional sobre Literatura en lengua espa\u00f1ola. Mientras tanto, la escritora esperaba, paciente, su renacer. Agotada la pasi\u00f3n por su otra personalidad, Cristina retom\u00f3 lapluma y tuvo consigo misma la reedici\u00f3n del antiguo romance:<br \/>\nescribi\u00f3 su segunda novela, Sol en Leo.<br \/>\nMucho dicho, mucho vivido, mucho caminado. Quien quiera o\u00edr que oiga.<\/p>\n<p><strong><span style=\"text-decoration: underline;\">En Viajera<\/span><\/strong><\/p>\n<p style=\"padding-left: 30px;\"><img loading=\"lazy\" class=\"wp-image-5608 alignnone\" src=\"http:\/\/www.viajeraeditorial.ar\/blog\/wp-content\/uploads\/2016\/08\/sol.jpg\" alt=\"sol\" width=\"17\" height=\"23\" srcset=\"https:\/\/viajeraeditorial.ar\/blog\/wp-content\/uploads\/2016\/08\/sol.jpg 485w, https:\/\/viajeraeditorial.ar\/blog\/wp-content\/uploads\/2016\/08\/sol-257x343.jpg 257w, https:\/\/viajeraeditorial.ar\/blog\/wp-content\/uploads\/2016\/08\/sol-350x468.jpg 350w\" sizes=\"(max-width: 17px) 100vw, 17px\" \/>\u00a0<a href=\"http:\/\/viajeraeditorial.ar\/blog\/descubrir\/solenleo\/\">Sol en leo<\/a><\/p>\n<p style=\"padding-left: 30px;\"><img loading=\"lazy\" class=\"wp-image-7196 alignnone\" src=\"http:\/\/www.viajeraeditorial.ar\/blog\/wp-content\/uploads\/2018\/08\/montgomery-t-01-632x941.jpg\" alt=\"\" width=\"15\" height=\"23\" \/>\u00a0<a href=\"http:\/\/www.viajeraeditorial.ar\/blog\/explorar\/montgomery-de-lana-roja\/\">Montgomery de lana roja<\/a><\/p>\n<p><strong><span style=\"text-decoration: underline;\">Contenido sobre\u00a0Cristina<\/span><\/strong><\/p>\n<ul class = \"posts-by-tag-list\"><li class=\"posts-by-tag-item Alicia Saliva Anibal Ilguisonis Axel Levin Cristina Eseiza Eduardo G\u00e1lvez Eugenia Coiro Festival de Poes\u00eda de Rosario Ignacio Uranga Jan De Jager Jos\u00e9 Lupia Karina Macci\u00f3 Marcela Manuel Nicol\u00e1s Alonso Sof\u00eda\" id=\"posts-by-tag-item-8738\"><a class = \"posts-by-tag-item-title\" href=\"https:\/\/viajeraeditorial.ar\/blog\/2020\/11\/estamos-en-el-fipr\/\">Estamos en el FIPR<\/a><\/li><li class=\"posts-by-tag-item Cristina Eseiza Montgomery de lana roja\" id=\"posts-by-tag-item-8275\"><a class = \"posts-by-tag-item-title\" href=\"https:\/\/viajeraeditorial.ar\/blog\/2020\/04\/los-mocosos-de-liniers-frag-cristina-eseiza\/\">Los mocosos de Liniers (frag.) * Cristina Eseiza<\/a><\/li><li class=\"posts-by-tag-item Cristina Eseiza Montgomery de lana roja\" id=\"posts-by-tag-item-8272\"><a class = \"posts-by-tag-item-title\" href=\"https:\/\/viajeraeditorial.ar\/blog\/2020\/03\/vestido-de-novia-frag-cristina-eseiza\/\">Vestido de novia (frag.) * Cristina Eseiza<\/a><\/li><li class=\"posts-by-tag-item Cristina Eseiza Montgomery de lana roja\" id=\"posts-by-tag-item-8269\"><a class = \"posts-by-tag-item-title\" href=\"https:\/\/viajeraeditorial.ar\/blog\/2020\/01\/el-episodio-de-las-arcas-de-arena-cristina-eseiza\/\">El episodio de las arcas de arena * Cristina Eseiza<\/a><\/li><li class=\"posts-by-tag-item Cristina Eseiza Tu viaje del a\u00f1o\" id=\"posts-by-tag-item-7546\"><a class = \"posts-by-tag-item-title\" href=\"https:\/\/viajeraeditorial.ar\/blog\/2019\/01\/ignominia-cristina-eseiza\/\">Ignominia * Cristina Eseiza<\/a><\/li><li class=\"posts-by-tag-item Cristina Eseiza Montgomery de lana roja\" id=\"posts-by-tag-item-7452\"><a class = \"posts-by-tag-item-title\" href=\"https:\/\/viajeraeditorial.ar\/blog\/2018\/11\/rezuman-kol-cristina-eseiza\/\">Rezuman k\u00f6l * Cristina Eseiza<\/a><\/li><li class=\"posts-by-tag-item Cristina Eseiza Montgomery de lana roja\" id=\"posts-by-tag-item-7256\"><a class = \"posts-by-tag-item-title\" href=\"https:\/\/viajeraeditorial.ar\/blog\/2018\/09\/geronte-geografia-fragmento-cristina-eseiza\/\">Geronte geograf\u00eda (fragmento) *Cristina Eseiza<\/a><\/li><li class=\"posts-by-tag-item Cristina Eseiza Montgomery de lana roja\" id=\"posts-by-tag-item-7251\"><a class = \"posts-by-tag-item-title\" href=\"https:\/\/viajeraeditorial.ar\/blog\/2018\/08\/montgomery-de-lana-roja-cristina-eseiza-2\/\">Montgomery de lana roja * Cristina Eseiza<\/a><\/li><li class=\"posts-by-tag-item Cristina Eseiza Montgomery de lana roja\" id=\"posts-by-tag-item-7232\"><a class = \"posts-by-tag-item-title\" href=\"https:\/\/viajeraeditorial.ar\/blog\/2018\/08\/yo-fluia-cristina-eseiza\/\">yo, flu\u00eda * Cristina Eseiza<\/a><\/li><li class=\"posts-by-tag-item Cristina Eseiza Montgomery de lana roja\" id=\"posts-by-tag-item-7154\"><a class = \"posts-by-tag-item-title\" href=\"https:\/\/viajeraeditorial.ar\/blog\/2018\/06\/infidelidad-cristina-eseiza\/\">Infidelidad * Cristina Eseiza<\/a><\/li><li class=\"posts-by-tag-item Cristina Eseiza Feria Internacional del Libro de Buenos Aires Montgomery de lana roja\" id=\"posts-by-tag-item-6995\"><a class = \"posts-by-tag-item-title\" href=\"https:\/\/viajeraeditorial.ar\/blog\/2018\/05\/casamientos-cristina-eseiza-en-la-feria-del-libro-135\/\">Casamientos * Cristina Eseiza en la Feria del Libro 13\/5<\/a><\/li><li class=\"posts-by-tag-item Axel Levin Cristina Eseiza Gloria Candioti Javier Pizarro Lorena Suez\" id=\"posts-by-tag-item-6650\"><a class = \"posts-by-tag-item-title\" href=\"https:\/\/viajeraeditorial.ar\/blog\/2017\/12\/escucha-viajeros-en-la-luna-enlozada\/\">Escuch\u00e1 viajeros en la Luna Enlozada<\/a><\/li><li class=\"posts-by-tag-item Axel Levin Cristina Eseiza Gloria Candioti Javier Pizarro Lorena Suez\" id=\"posts-by-tag-item-6641\"><a class = \"posts-by-tag-item-title\" href=\"https:\/\/viajeraeditorial.ar\/blog\/2017\/11\/eseiza-candioti-pizarro-levin-y-suez-en-luna-enlozada-2311\/\">Eseiza, Candioti, Pizarro, Levin y Suez en Luna Enlozada * 23\/11<\/a><\/li><li class=\"posts-by-tag-item Cristina Eseiza\" id=\"posts-by-tag-item-6153\"><a class = \"posts-by-tag-item-title\" href=\"https:\/\/viajeraeditorial.ar\/blog\/2017\/09\/la-toalla\/\">La toalla<\/a><\/li><li class=\"posts-by-tag-item Cristina Eseiza Sol en Leo\" id=\"posts-by-tag-item-6390\"><a class = \"posts-by-tag-item-title\" href=\"https:\/\/viajeraeditorial.ar\/blog\/2017\/08\/sol-en-leo-resena-en-solo-tempestad\/\">Sol en Leo \/ rese\u00f1a en Solo Tempestad<\/a><\/li><li class=\"posts-by-tag-item Cristina Eseiza Daniel C\u00e1seres Karina Macci\u00f3 Mineral Sol en Leo\" id=\"posts-by-tag-item-6396\"><a class = \"posts-by-tag-item-title\" href=\"https:\/\/viajeraeditorial.ar\/blog\/2017\/07\/karina-maccio-sobre-mineral-y-sol-en-leo\/\">Karina Macci\u00f3 sobre Mineral y Sol en Leo<\/a><\/li><li class=\"posts-by-tag-item Cristina Eseiza\" id=\"posts-by-tag-item-6151\"><a class = \"posts-by-tag-item-title\" href=\"https:\/\/viajeraeditorial.ar\/blog\/2017\/07\/el-diploma-cristina-eseiza\/\">El diploma * Cristina Eseiza<\/a><\/li><li class=\"posts-by-tag-item Cristina Eseiza\" id=\"posts-by-tag-item-6039\"><a class = \"posts-by-tag-item-title\" href=\"https:\/\/viajeraeditorial.ar\/blog\/2017\/03\/madre-de-madre-cristina-eseiza\/\">Madre de Madre * Cristina Eseiza<\/a><\/li><li class=\"posts-by-tag-item Cristina Eseiza Eugenia Coiro Fragmentos del fin\" id=\"posts-by-tag-item-6036\"><a class = \"posts-by-tag-item-title\" href=\"https:\/\/viajeraeditorial.ar\/blog\/2017\/02\/cristina-eseiza-sobre-fragmentos-del-fin-de-eugenia-coiro\/\">Cristina Eseiza sobre Fragmentos del fin de Eugenia Coiro<\/a><\/li><li class=\"posts-by-tag-item Cristina Eseiza Sol en Leo\" id=\"posts-by-tag-item-5990\"><a class = \"posts-by-tag-item-title\" href=\"https:\/\/viajeraeditorial.ar\/blog\/2017\/01\/la-cantata-cristina-eseiza\/\">La cantata * Cristina Eseiza<\/a><\/li><li class=\"posts-by-tag-item Cristina Eseiza\" id=\"posts-by-tag-item-5653\"><a class = \"posts-by-tag-item-title\" href=\"https:\/\/viajeraeditorial.ar\/blog\/2016\/08\/cnn-entrevista-a-cristina-eseiza\/\">CNN entrevista a Cristina Eseiza<\/a><\/li><li class=\"posts-by-tag-item Cristina Eseiza\" id=\"posts-by-tag-item-5603\"><a class = \"posts-by-tag-item-title\" href=\"https:\/\/viajeraeditorial.ar\/blog\/2016\/08\/sol-en-leo-en-la-nacion\/\">Sol en Leo en La naci\u00f3n<\/a><\/li><li class=\"posts-by-tag-item Cristina Eseiza Portada\" id=\"posts-by-tag-item-5493\"><a class = \"posts-by-tag-item-title\" href=\"https:\/\/viajeraeditorial.ar\/blog\/2016\/07\/los-mocosos-de-liniers-cristina-eseiza\/\">Los Mocosos de Liniers * Cristina Eseiza<\/a><\/li><li class=\"posts-by-tag-item Cristina Eseiza Portada\" id=\"posts-by-tag-item-5338\"><a class = \"posts-by-tag-item-title\" href=\"https:\/\/viajeraeditorial.ar\/blog\/2016\/04\/montgomery-de-lana-roja-cristina-eseiza\/\">Montgomery de lana roja * Cristina Eseiza<\/a><\/li><li class=\"posts-by-tag-item Cristina Eseiza\" id=\"posts-by-tag-item-5265\"><a class = \"posts-by-tag-item-title\" href=\"https:\/\/viajeraeditorial.ar\/blog\/2016\/02\/retornados-cristina-eseiza\/\">Retornados * Cristina Eseiza<\/a><\/li><li class=\"posts-by-tag-item Cristina Eseiza Portada\" id=\"posts-by-tag-item-4893\"><a class = \"posts-by-tag-item-title\" href=\"https:\/\/viajeraeditorial.ar\/blog\/2015\/09\/cristina-eseiza-libano-provincia-de-buenos-aires\/\">Cristina Eseiza * L\u00edbano, Provincia de Buenos Aires<\/a><\/li><\/ul>\n","protected":false},"excerpt":{"rendered":"<p>&nbsp; Cristina Eseiza naci\u00f3 escritora. Luego de inundar la casa con poemas, muchos poemas, a los diez a\u00f1os escribi\u00f3 su primera novela. Todav\u00eda conserva el original, escrito en hojas sin pautar, con su migrante letra de ni\u00f1a. Sigui\u00f3 escribiendo poemas sin parar hasta que apareci\u00f3 la otra personalidad. Terminado sexto a\u00f1o en el Colegio Nacional [&hellip;]<\/p>\n","protected":false},"author":4,"featured_media":0,"parent":8710,"menu_order":0,"comment_status":"closed","ping_status":"open","template":"","meta":[],"_links":{"self":[{"href":"https:\/\/viajeraeditorial.ar\/blog\/wp-json\/wp\/v2\/pages\/5606"}],"collection":[{"href":"https:\/\/viajeraeditorial.ar\/blog\/wp-json\/wp\/v2\/pages"}],"about":[{"href":"https:\/\/viajeraeditorial.ar\/blog\/wp-json\/wp\/v2\/types\/page"}],"author":[{"embeddable":true,"href":"https:\/\/viajeraeditorial.ar\/blog\/wp-json\/wp\/v2\/users\/4"}],"replies":[{"embeddable":true,"href":"https:\/\/viajeraeditorial.ar\/blog\/wp-json\/wp\/v2\/comments?post=5606"}],"version-history":[{"count":5,"href":"https:\/\/viajeraeditorial.ar\/blog\/wp-json\/wp\/v2\/pages\/5606\/revisions"}],"predecessor-version":[{"id":7199,"href":"https:\/\/viajeraeditorial.ar\/blog\/wp-json\/wp\/v2\/pages\/5606\/revisions\/7199"}],"up":[{"embeddable":true,"href":"https:\/\/viajeraeditorial.ar\/blog\/wp-json\/wp\/v2\/pages\/8710"}],"wp:attachment":[{"href":"https:\/\/viajeraeditorial.ar\/blog\/wp-json\/wp\/v2\/media?parent=5606"}],"curies":[{"name":"wp","href":"https:\/\/api.w.org\/{rel}","templated":true}]}}