{"id":5619,"date":"2016-08-24T18:59:51","date_gmt":"2016-08-24T21:59:51","guid":{"rendered":"http:\/\/www.viajeraeditorial.com.ar\/?page_id=5619"},"modified":"2020-11-02T21:07:47","modified_gmt":"2020-11-03T00:07:47","slug":"daniel-caseres","status":"publish","type":"page","link":"https:\/\/viajeraeditorial.ar\/blog\/catalogo\/daniel-caseres\/","title":{"rendered":"Daniel C\u00e1seres"},"content":{"rendered":"<p>&nbsp;<\/p>\n<p style=\"text-align: justify;\">\u00a0Daniel C\u00e1seres naci\u00f3 en la ciudad de Mor\u00f3n, provincia de Buenos Aires, un 24 de enero. Es analista de sistemas. Trabaja en el \u00e1rea comercial de una empresa de productos de consumo masivo. Tambi\u00e9n es catequista y coordina grupos de formaci\u00f3n espiritual para j\u00f3venes y adultos.\u00a0Muy joven, inspirado en las letras, empez\u00f3 a escribir y desde entonces contin\u00faa.<a href=\"http:\/\/www.viajeraeditorial.ar\/blog\/wp-content\/uploads\/2016\/08\/dani.jpg\" rel=\"attachment wp-att-5621\"><img loading=\"lazy\" class=\"wp-image-5621 alignright\" src=\"http:\/\/www.viajeraeditorial.ar\/blog\/wp-content\/uploads\/2016\/08\/dani-632x728.jpg\" alt=\"dani\" width=\"266\" height=\"306\" srcset=\"https:\/\/viajeraeditorial.ar\/blog\/wp-content\/uploads\/2016\/08\/dani-632x728.jpg 632w, https:\/\/viajeraeditorial.ar\/blog\/wp-content\/uploads\/2016\/08\/dani-1020x1175.jpg 1020w, https:\/\/viajeraeditorial.ar\/blog\/wp-content\/uploads\/2016\/08\/dani-257x296.jpg 257w, https:\/\/viajeraeditorial.ar\/blog\/wp-content\/uploads\/2016\/08\/dani-350x403.jpg 350w, https:\/\/viajeraeditorial.ar\/blog\/wp-content\/uploads\/2016\/08\/dani.jpg 1129w\" sizes=\"(max-width: 266px) 100vw, 266px\" \/><\/a><\/p>\n<p style=\"text-align: justify;\">Con sus poemas particip\u00f3 de diversas antolog\u00edas, virtuales y en papel. Tambi\u00e9n con un relato, form\u00f3 parte de Tetas. Historias de pecho (Textos Intrusos, 2015). Sus textos fueron le\u00eddos en m\u00faltiples espacios y eventos culturales.<\/p>\n<p style=\"text-align: justify;\">Desde hace cuatro a\u00f1os, asiste a los talleres literarios de Siempre de Viaje Literatura en Progreso.<\/p>\n<p style=\"text-align: justify;\">Actualmente se encuentra escribiendo su primera novela y su segundo libro de poemas.<\/p>\n<p><strong><span style=\"text-decoration: underline;\">En Viajera<\/span><\/strong><\/p>\n<p style=\"padding-left: 30px;\">\u00a0<img loading=\"lazy\" class=\"wp-image-5620 alignnone\" src=\"http:\/\/www.viajeraeditorial.ar\/blog\/wp-content\/uploads\/2016\/08\/mineralt.jpg\" alt=\"mineralT\" width=\"13\" height=\"19\" \/>\u00a0<a href=\"http:\/\/www.viajeraeditorial.ar\/blog\/descubrir\/mineral\/\">Mineral<\/a> (<a href=\"http:\/\/www.viajeraeditorial.ar\/blog\/descubrir\/\">Descubrir<\/a>, 2016)<\/p>\n<p>&nbsp;<\/p>\n<p><strong><span style=\"text-decoration: underline;\">Contenido sobre\u00a0Daniel<\/span><\/strong><\/p>\n<ul class = \"posts-by-tag-list\"><li class=\"posts-by-tag-item Andrea Larrieu Daniel C\u00e1seres Encontradas y Perdidas LEER. LITERATURA EN EL R\u00cdO Mineral Sorteo\" id=\"posts-by-tag-item-8332\"><a class = \"posts-by-tag-item-title\" href=\"https:\/\/viajeraeditorial.ar\/blog\/2020\/03\/sorteamos-el-libro-del-mes-encontradas-y-perdidas\/\">Sorteamos el libro del mes: Encontradas y Perdidas<\/a><\/li><li class=\"posts-by-tag-item Daniel C\u00e1seres Mineral\" id=\"posts-by-tag-item-7575\"><a class = \"posts-by-tag-item-title\" href=\"https:\/\/viajeraeditorial.ar\/blog\/2019\/01\/el-destino-descansa-daniel-caseres\/\">El destino descansa * Daniel C\u00e1seres<\/a><\/li><li class=\"posts-by-tag-item Daniel C\u00e1seres\" id=\"posts-by-tag-item-6566\"><a class = \"posts-by-tag-item-title\" href=\"https:\/\/viajeraeditorial.ar\/blog\/2017\/10\/hoy-daniel-caseres-en-luna-enlozada\/\">HOY: Daniel C\u00e1seres en Luna enlozada<\/a><\/li><li class=\"posts-by-tag-item Daniel C\u00e1seres\" id=\"posts-by-tag-item-6265\"><a class = \"posts-by-tag-item-title\" href=\"https:\/\/viajeraeditorial.ar\/blog\/2017\/09\/daniel-caseres-ella-se-desnudaba\/\">Daniel C\u00e1seres * Ella se desnudaba<\/a><\/li><li class=\"posts-by-tag-item Cristina Eseiza Daniel C\u00e1seres Karina Macci\u00f3 Mineral Sol en Leo\" id=\"posts-by-tag-item-6396\"><a class = \"posts-by-tag-item-title\" href=\"https:\/\/viajeraeditorial.ar\/blog\/2017\/07\/karina-maccio-sobre-mineral-y-sol-en-leo\/\">Karina Macci\u00f3 sobre Mineral y Sol en Leo<\/a><\/li><li class=\"posts-by-tag-item Daniel C\u00e1seres Portada\" id=\"posts-by-tag-item-5534\"><a class = \"posts-by-tag-item-title\" href=\"https:\/\/viajeraeditorial.ar\/blog\/2016\/09\/el-cielo-dispersa-los-colores-daniel-caseres\/\">El cielo dispersa los colores * Daniel C\u00e1seres<\/a><\/li><li class=\"posts-by-tag-item Daniel C\u00e1seres\" id=\"posts-by-tag-item-5615\"><a class = \"posts-by-tag-item-title\" href=\"https:\/\/viajeraeditorial.ar\/blog\/2016\/08\/daniel-caseres-en-radio-atomika\/\">Daniel C\u00e1seres en Radio at\u00f3mika<\/a><\/li><li class=\"posts-by-tag-item Daniel C\u00e1seres Portada\" id=\"posts-by-tag-item-5541\"><a class = \"posts-by-tag-item-title\" href=\"https:\/\/viajeraeditorial.ar\/blog\/2016\/08\/los-besos-encienden-daniel-caseres\/\">Los besos encienden * Daniel C\u00e1seres<\/a><\/li><li class=\"posts-by-tag-item Daniel C\u00e1seres Gabriela Oyola Ignacio Uranga Karina Macci\u00f3 Mauricio Dreiling No\u00e9 Jitrik Pedro Lastra Portada Tania del Pilar\" id=\"posts-by-tag-item-5451\"><a class = \"posts-by-tag-item-title\" href=\"https:\/\/viajeraeditorial.ar\/blog\/2016\/06\/un-viaje-por-la-poesia-nota-de-demian-paredes\/\">Un viaje por la poes\u00eda, nota de Demi\u00e1n Paredes<\/a><\/li><li class=\"posts-by-tag-item Daniel C\u00e1seres\" id=\"posts-by-tag-item-5312\"><a class = \"posts-by-tag-item-title\" href=\"https:\/\/viajeraeditorial.ar\/blog\/2016\/02\/el-oficio-femenino-de-tus-manos-daniel-caseres\/\">El oficio femenino de tus manos * Daniel C\u00e1seres<\/a><\/li><li class=\"posts-by-tag-item Daniel C\u00e1seres Eugenia Coiro Gabriela Oyola Gabriela Pedrotti Gloria Candioti Karina Macci\u00f3 Lorena Garc\u00eda Mariana Faierman Pablo M\u00fcllner\" id=\"posts-by-tag-item-5220\"><a class = \"posts-by-tag-item-title\" href=\"https:\/\/viajeraeditorial.ar\/blog\/2015\/12\/adelantos-en-festival-tienda-safiras-2012\/\">Adelantos en Festival Tienda Safiras * 20\/12<\/a><\/li><li class=\"posts-by-tag-item Daniel C\u00e1seres Portada viajeraprimavera\" id=\"posts-by-tag-item-4902\"><a class = \"posts-by-tag-item-title\" href=\"https:\/\/viajeraeditorial.ar\/blog\/2015\/09\/daniel-caseres-en-el-museo-del-libro-y-de-la-lengua\/\">Daniel C\u00e1seres en el Museo del Libro y de la Lengua<\/a><\/li><li class=\"posts-by-tag-item Daniel C\u00e1seres Viajera Visita\" id=\"posts-by-tag-item-2217\"><a class = \"posts-by-tag-item-title\" href=\"https:\/\/viajeraeditorial.ar\/blog\/2015\/06\/viajera-de-otono-daniel-caseres\/\">Viajera de Oto\u00f1o * Daniel C\u00e1seres<\/a><\/li><li class=\"posts-by-tag-item Daniel C\u00e1seres Gabriela Oyola Gabriela Pedrotti H\u00e9ctor Urrusputu Juan Alberto Crasci Julia Magistratti Lorena Suez Nicol\u00e1s Pazos Sof\u00eda Ciravegna Viajera Viajera Visita\" id=\"posts-by-tag-item-23\"><a class = \"posts-by-tag-item-title\" href=\"https:\/\/viajeraeditorial.ar\/blog\/2015\/05\/viajera-de-otono-46-espiche\/\">Viajera de Oto\u00f1o * 4\/6-Espiche<\/a><\/li><li class=\"posts-by-tag-item Alicia \u00c1lvarez Axel Levin Carolina Lesta Dami\u00e1n Boggino Daniel C\u00e1seres Diamar Pretelt Marrugo Eduardo Adrogu\u00e9 Eduardo Bunitow El Benny Elizabeth Vita Esther Ferrari Eugenia Coiro Gabriela Aristegui Gabriela Oyola Jos\u00e9 Lupia Juan Castro Walker Karina Macci\u00f3 Laura Amori Lorena Suez Macarena Cifuentes Mar\u00eda Victoria Verzura Mauricio Dreiling Minuto Sue\u00f1o N\u00e9stor Cheb Terrab Portada Virginia Janza\" id=\"posts-by-tag-item-870\"><a class = \"posts-by-tag-item-title\" href=\"https:\/\/viajeraeditorial.ar\/blog\/2015\/05\/minuto-sueno\/\">Minuto Sue\u00f1o<\/a><\/li><li class=\"posts-by-tag-item Alain Lawo-Sukam Amalia Sato Cecilia Maugeri Daniel C\u00e1seres Karina Macci\u00f3 Roc\u00edo Mari\u00f1o Viajera Virginia Janza\" id=\"posts-by-tag-item-1385\"><a class = \"posts-by-tag-item-title\" href=\"https:\/\/viajeraeditorial.ar\/blog\/2013\/05\/sueno-con-africa-imagenes-de-la-presentacion\/\">Sue\u00f1o con \u00c1frica. Im\u00e1genes de la presentaci\u00f3n.<\/a><\/li><li class=\"posts-by-tag-item Alain Lawo-Sukam Amalia Sato Cecilia Maugeri Daniel C\u00e1seres Karina Macci\u00f3 Mauricio Dreiling Nicol\u00e1s Di Candia Roc\u00edo Mari\u00f1o Viajera Virginia Janza\" id=\"posts-by-tag-item-1392\"><a class = \"posts-by-tag-item-title\" href=\"https:\/\/viajeraeditorial.ar\/blog\/2013\/05\/presentacion-de-sueno-con-africa-de-alain-lawo-sukam\/\">Presentaci\u00f3n de Sue\u00f1o con \u00c1frica de Alain Lawo-Sukam<\/a><\/li><\/ul>\n","protected":false},"excerpt":{"rendered":"<p>&nbsp; \u00a0Daniel C\u00e1seres naci\u00f3 en la ciudad de Mor\u00f3n, provincia de Buenos Aires, un 24 de enero. Es analista de sistemas. Trabaja en el \u00e1rea comercial de una empresa de productos de consumo masivo. Tambi\u00e9n es catequista y coordina grupos de formaci\u00f3n espiritual para j\u00f3venes y adultos.\u00a0Muy joven, inspirado en las letras, empez\u00f3 a escribir [&hellip;]<\/p>\n","protected":false},"author":4,"featured_media":0,"parent":8710,"menu_order":0,"comment_status":"closed","ping_status":"open","template":"","meta":[],"_links":{"self":[{"href":"https:\/\/viajeraeditorial.ar\/blog\/wp-json\/wp\/v2\/pages\/5619"}],"collection":[{"href":"https:\/\/viajeraeditorial.ar\/blog\/wp-json\/wp\/v2\/pages"}],"about":[{"href":"https:\/\/viajeraeditorial.ar\/blog\/wp-json\/wp\/v2\/types\/page"}],"author":[{"embeddable":true,"href":"https:\/\/viajeraeditorial.ar\/blog\/wp-json\/wp\/v2\/users\/4"}],"replies":[{"embeddable":true,"href":"https:\/\/viajeraeditorial.ar\/blog\/wp-json\/wp\/v2\/comments?post=5619"}],"version-history":[{"count":5,"href":"https:\/\/viajeraeditorial.ar\/blog\/wp-json\/wp\/v2\/pages\/5619\/revisions"}],"predecessor-version":[{"id":7186,"href":"https:\/\/viajeraeditorial.ar\/blog\/wp-json\/wp\/v2\/pages\/5619\/revisions\/7186"}],"up":[{"embeddable":true,"href":"https:\/\/viajeraeditorial.ar\/blog\/wp-json\/wp\/v2\/pages\/8710"}],"wp:attachment":[{"href":"https:\/\/viajeraeditorial.ar\/blog\/wp-json\/wp\/v2\/media?parent=5619"}],"curies":[{"name":"wp","href":"https:\/\/api.w.org\/{rel}","templated":true}]}}