{"id":5624,"date":"2016-08-24T19:37:14","date_gmt":"2016-08-24T22:37:14","guid":{"rendered":"http:\/\/www.viajeraeditorial.com.ar\/?page_id=5624"},"modified":"2017-07-18T08:08:46","modified_gmt":"2017-07-18T11:08:46","slug":"mineral","status":"publish","type":"page","link":"https:\/\/viajeraeditorial.ar\/blog\/descubrir\/mineral\/","title":{"rendered":"Mineral"},"content":{"rendered":"<p><span class=\"plano\"><a href=\"http:\/\/www.viajeraeditorial.ar\/blog\/autores\/daniel-caseres\/\" rel=\"attachment wp-att-5620\"><img loading=\"lazy\" class=\"alignleft wp-image-5620\" src=\"http:\/\/www.viajeraeditorial.ar\/blog\/wp-content\/uploads\/2016\/08\/mineralt.jpg\" alt=\"mineralT\" width=\"275\" height=\"407\" \/><\/a><a href=\"http:\/\/www.viajeraeditorial.ar\/blog\/autores\/daniel-caseres\/\">Daniel C\u00e1seres<\/a>, 2016<br \/>\nISBN: 978-987-3719-20-2<br \/>\n93 p.<br \/>\n<\/span><\/p>\n<p class=\"western\"><em>Mineral<\/em> describe el camino del h\u00e9roe enamorado, del poeta m\u00edtico. El h\u00e9roe de los cuentos antiguos, previo al enamorado del romanticismo alem\u00e1n. El h\u00e9roe pr\u00edncipe azul que luchaba con bestias mitol\u00f3gicas y dragones, atravesaba laberintos y se hund\u00eda en el infierno para encontrar y salvar a la amada. \u00bfSalvarla de qu\u00e9? De la soledad, claro. Y en ese encuentro se descubre tambi\u00e9n la propia salvaci\u00f3n.<\/p>\n<p class=\"western\">\u201cPero hubo otras piedras, en las que quiso tallar su propia alma, para latir por siempre dentro de ellas\u201d. Piedras son las palabras que se esculpen, con la sutileza del artesano y la fuerza del tallador.<\/p>\n<p class=\"western\">Las palabras se encuentran en los acantilados, en el fondo del mar, en un territorio despoblado, en el cuerpo de la persona amada, \u201cen el registro de lo que vive\u201d. Ese lugar al que siempre deber\u00edamos ir aquellos que buscamos poes\u00eda.<\/p>\n<p class=\"plano\" align=\"right\">Virginia Janza<\/p>\n<p class=\"plano\" style=\"text-align: left;\" align=\"right\"><span style=\"text-decoration: underline;\"><strong>Contenido sobre Mineral<\/strong><\/span><\/p>\n<p class=\"plano\" style=\"text-align: left;\" align=\"right\"><ul class = \"posts-by-tag-list\"><li class=\"posts-by-tag-item Andrea Larrieu Daniel C\u00e1seres Encontradas y Perdidas LEER. LITERATURA EN EL R\u00cdO Mineral Sorteo\" id=\"posts-by-tag-item-8332\"><a class = \"posts-by-tag-item-title\" href=\"https:\/\/viajeraeditorial.ar\/blog\/2020\/03\/sorteamos-el-libro-del-mes-encontradas-y-perdidas\/\">Sorteamos el libro del mes: Encontradas y Perdidas<\/a><\/li><li class=\"posts-by-tag-item Daniel C\u00e1seres Mineral\" id=\"posts-by-tag-item-7575\"><a class = \"posts-by-tag-item-title\" href=\"https:\/\/viajeraeditorial.ar\/blog\/2019\/01\/el-destino-descansa-daniel-caseres\/\">El destino descansa * Daniel C\u00e1seres<\/a><\/li><li class=\"posts-by-tag-item Cristina Eseiza Daniel C\u00e1seres Karina Macci\u00f3 Mineral Sol en Leo\" id=\"posts-by-tag-item-6396\"><a class = \"posts-by-tag-item-title\" href=\"https:\/\/viajeraeditorial.ar\/blog\/2017\/07\/karina-maccio-sobre-mineral-y-sol-en-leo\/\">Karina Macci\u00f3 sobre Mineral y Sol en Leo<\/a><\/li><\/ul><\/p>\n","protected":false},"excerpt":{"rendered":"<p>Daniel C\u00e1seres, 2016 ISBN: 978-987-3719-20-2 93 p. Mineral describe el camino del h\u00e9roe enamorado, del poeta m\u00edtico. El h\u00e9roe de los cuentos antiguos, previo al enamorado del romanticismo alem\u00e1n. El h\u00e9roe pr\u00edncipe azul que luchaba con bestias mitol\u00f3gicas y dragones, atravesaba laberintos y se hund\u00eda en el infierno para encontrar y salvar a la amada. [&hellip;]<\/p>\n","protected":false},"author":4,"featured_media":0,"parent":30,"menu_order":19,"comment_status":"closed","ping_status":"open","template":"","meta":[],"_links":{"self":[{"href":"https:\/\/viajeraeditorial.ar\/blog\/wp-json\/wp\/v2\/pages\/5624"}],"collection":[{"href":"https:\/\/viajeraeditorial.ar\/blog\/wp-json\/wp\/v2\/pages"}],"about":[{"href":"https:\/\/viajeraeditorial.ar\/blog\/wp-json\/wp\/v2\/types\/page"}],"author":[{"embeddable":true,"href":"https:\/\/viajeraeditorial.ar\/blog\/wp-json\/wp\/v2\/users\/4"}],"replies":[{"embeddable":true,"href":"https:\/\/viajeraeditorial.ar\/blog\/wp-json\/wp\/v2\/comments?post=5624"}],"version-history":[{"count":3,"href":"https:\/\/viajeraeditorial.ar\/blog\/wp-json\/wp\/v2\/pages\/5624\/revisions"}],"predecessor-version":[{"id":6376,"href":"https:\/\/viajeraeditorial.ar\/blog\/wp-json\/wp\/v2\/pages\/5624\/revisions\/6376"}],"up":[{"embeddable":true,"href":"https:\/\/viajeraeditorial.ar\/blog\/wp-json\/wp\/v2\/pages\/30"}],"wp:attachment":[{"href":"https:\/\/viajeraeditorial.ar\/blog\/wp-json\/wp\/v2\/media?parent=5624"}],"curies":[{"name":"wp","href":"https:\/\/api.w.org\/{rel}","templated":true}]}}