{"id":563,"date":"2015-05-05T00:42:17","date_gmt":"2015-05-05T03:42:17","guid":{"rendered":"http:\/\/www.viajeraeditorial.com.ar\/?page_id=563"},"modified":"2020-11-02T21:07:47","modified_gmt":"2020-11-03T00:07:47","slug":"ignacio-uranga","status":"publish","type":"page","link":"https:\/\/viajeraeditorial.ar\/blog\/catalogo\/ignacio-uranga\/","title":{"rendered":"Ignacio Uranga"},"content":{"rendered":"<p><a href=\"http:\/\/www.viajeraeditorial.ar\/blog\/wp-content\/uploads\/2015\/05\/fotoignaciouranga.jpg\"><img loading=\"lazy\" class=\"alignright size-full wp-image-566\" src=\"http:\/\/www.viajeraeditorial.ar\/blog\/wp-content\/uploads\/2015\/05\/fotoignaciouranga.jpg\" alt=\"Ignacio Uranga\" width=\"233\" height=\"350\" \/><\/a>Naci\u00f3 en Bah\u00eda Blanca en 1982. Ha publicado los libros\u00a0<em>El ella real<\/em> (Argentina, 2009; Ediciones Liliputienses, Espa\u00f1a, 2013),\u00a0<em>a-letheia\/ramalaje<\/em> (obra finalista que obtuvo el primer premio en la Convocatoria Nacional Ediciones En Danza 2012, Argentina),\u00a0<em>ramalaje<\/em> (Ediciones OREM, Per\u00fa, 2013),\u00a0<em>Materna<\/em>, prologado por el premio Cervantes Juan Gelman y publicado por primera vez en M\u00e9xico (Trilce Ediciones, 2013). Un adelanto de\u00a0<em>Al grave aparecer de lo que ser ah\u00ed<\/em> fue incluido en la Casa de las Am\u00e9ricas de Cuba (La Habana, 2014). Su \u00faltimo libro\u00a0<em>entonces Daniela<\/em> permanece in\u00e9dito.<\/p>\n<p>Varios de sus poemas han sido incluidos en diversas publicaciones de Argentina, Chile, M\u00e9xico, Cuba, Per\u00fa, Espa\u00f1a, Estados Unidos e Inglaterra; entre otras, en la revista\u00a0<em>Nayagua<\/em> de la Fundaci\u00f3n Centro de Poes\u00eda Jos\u00e9 Hierro (Madrid) y en la revista-libro\u00a0<em>Sibila<\/em> (Sevilla, Espa\u00f1a), incluido por el Premio Nobel de Literatura Mario Vargas Llosa, junto a Pedro Lastra y Antonio Gamoneda.<\/p>\n<p><span style=\"text-decoration: underline;\"><strong>En Viajera<\/strong><\/span><\/p>\n<p style=\"padding-left: 30px;\"><a href=\"http:\/\/www.viajeraeditorial.ar\/blog\/explorar\/materna\/\"><img loading=\"lazy\" class=\"alignnone size-full wp-image-4539\" src=\"http:\/\/www.viajeraeditorial.ar\/blog\/wp-content\/uploads\/2015\/03\/maternatapa_tn20.jpg\" alt=\"Materna\" width=\"13\" height=\"20\" \/><\/a>\u00a0<a href=\"http:\/\/www.viajeraeditorial.ar\/blog\/explorar\/materna\/\">Materna<\/a> (<a href=\"http:\/\/www.viajeraeditorial.ar\/blog\/explorar\/\">Explorar<\/a>, 2015)<\/p>\n<p><span style=\"text-decoration: underline;\"><strong>Fuera de Viajera<\/strong><\/span><\/p>\n<p style=\"padding-left: 30px;\"><em>El ella real<\/em> (Argentina, 2009; Ediciones Liliputienses, Espa\u00f1a, 2013)<br \/>\n<em>a-letheia\/ramalaje<\/em> (En Danza, 2012)<br \/>\n<em>Materna<\/em> (Trilce, M\u00e9xico, 2013)<\/p>\n<p><span style=\"text-decoration: underline;\"><strong>Contenido sobre Ignacio<\/strong><\/span><\/p>\n<ul class = \"posts-by-tag-list\"><li class=\"posts-by-tag-item El hombre que no duerme entrevista Ignacio Uranga Karina Macci\u00f3\" id=\"posts-by-tag-item-8769\"><a class = \"posts-by-tag-item-title\" href=\"https:\/\/viajeraeditorial.ar\/blog\/2021\/04\/ignacio-uranga-adelanta-su-novela-el-hombre-que-no-duerme-10-4\/\">Ignacio Uranga adelanta su novela: El hombre que no duerme * 10\/4<\/a><\/li><li class=\"posts-by-tag-item Alicia Saliva Anibal Ilguisonis Axel Levin Cristina Eseiza Eduardo G\u00e1lvez Eugenia Coiro Festival de Poes\u00eda de Rosario Ignacio Uranga Jan De Jager Jos\u00e9 Lupia Karina Macci\u00f3 Marcela Manuel Nicol\u00e1s Alonso Sof\u00eda\" id=\"posts-by-tag-item-8738\"><a class = \"posts-by-tag-item-title\" href=\"https:\/\/viajeraeditorial.ar\/blog\/2020\/11\/estamos-en-el-fipr\/\">Estamos en el FIPR<\/a><\/li><li class=\"posts-by-tag-item Ignacio Uranga Materna\" id=\"posts-by-tag-item-7497\"><a class = \"posts-by-tag-item-title\" href=\"https:\/\/viajeraeditorial.ar\/blog\/2018\/12\/ignacio-uranga-premiado-por-el-fna\/\">Ignacio Uranga premiado por el FNA<\/a><\/li><li class=\"posts-by-tag-item Ignacio Uranga Materna\" id=\"posts-by-tag-item-6051\"><a class = \"posts-by-tag-item-title\" href=\"https:\/\/viajeraeditorial.ar\/blog\/2017\/02\/materna-fragmento-ignacio-uranga\/\">Materna (Fragmento) * Ignacio Uranga<\/a><\/li><li class=\"posts-by-tag-item Daniel C\u00e1seres Gabriela Oyola Ignacio Uranga Karina Macci\u00f3 Mauricio Dreiling No\u00e9 Jitrik Pedro Lastra Portada Tania del Pilar\" id=\"posts-by-tag-item-5451\"><a class = \"posts-by-tag-item-title\" href=\"https:\/\/viajeraeditorial.ar\/blog\/2016\/06\/un-viaje-por-la-poesia-nota-de-demian-paredes\/\">Un viaje por la poes\u00eda, nota de Demi\u00e1n Paredes<\/a><\/li><li class=\"posts-by-tag-item Ignacio Uranga Portada\" id=\"posts-by-tag-item-5345\"><a class = \"posts-by-tag-item-title\" href=\"https:\/\/viajeraeditorial.ar\/blog\/2016\/03\/materna-ignacio-uranga\/\">Materna * Ignacio Uranga<\/a><\/li><li class=\"posts-by-tag-item Ignacio Uranga Materna\" id=\"posts-by-tag-item-2218\"><a class = \"posts-by-tag-item-title\" href=\"https:\/\/viajeraeditorial.ar\/blog\/2015\/06\/alvaro-luquin-resena-materna\/\">Alvaro Luquin rese\u00f1a Materna<\/a><\/li><li class=\"posts-by-tag-item Ignacio Uranga Materna Viajera\" id=\"posts-by-tag-item-2223\"><a class = \"posts-by-tag-item-title\" href=\"https:\/\/viajeraeditorial.ar\/blog\/2015\/04\/materna-este-sabado-en-clasica-y-moderna\/\">Materna este s\u00e1bado en Cl\u00e1sica y Moderna<\/a><\/li><li class=\"posts-by-tag-item Ignacio Uranga Materna Viajera\" id=\"posts-by-tag-item-2224\"><a class = \"posts-by-tag-item-title\" href=\"https:\/\/viajeraeditorial.ar\/blog\/2015\/04\/fuegos-sobre-el-lago-ignacio-urangamaterna\/\">fuegos sobre el lago - Ignacio Uranga\/Materna<\/a><\/li><li class=\"posts-by-tag-item Ignacio Uranga Materna No\u00e9 Jitrik Viajera\" id=\"posts-by-tag-item-2225\"><a class = \"posts-by-tag-item-title\" href=\"https:\/\/viajeraeditorial.ar\/blog\/2015\/04\/materna-de-ignacio-uranga-224-ccc\/\">Materna, de Ignacio Uranga - 22\/4 CCC<\/a><\/li><li class=\"posts-by-tag-item Ignacio Uranga Materna Viajera\" id=\"posts-by-tag-item-2228\"><a class = \"posts-by-tag-item-title\" href=\"https:\/\/viajeraeditorial.ar\/blog\/2015\/04\/no-tendra-lugar-manana-no-sino-meses-ignacio-uranga\/\">no tendr\u00e1 lugar ma\u00f1ana, no: sino meses - Ignacio Uranga<\/a><\/li><li class=\"posts-by-tag-item Ignacio Uranga Materna Viajera\" id=\"posts-by-tag-item-69\"><a class = \"posts-by-tag-item-title\" href=\"https:\/\/viajeraeditorial.ar\/blog\/2015\/03\/urdir-tras-el-apague-en-la-palabra-una-puerta-ignacio-uranga\/\">urdir tras el apague en la palabra una puerta - Ignacio Uranga<\/a><\/li><li class=\"posts-by-tag-item Ignacio Uranga Materna Viajera\" id=\"posts-by-tag-item-2231\"><a class = \"posts-by-tag-item-title\" href=\"https:\/\/viajeraeditorial.ar\/blog\/2015\/02\/no-fue-una-especie-nueva-no-el-rojo-bello-ignacio-uranga\/\">no fue una especie nueva, no, el rojo bello - Ignacio Uranga<\/a><\/li><li class=\"posts-by-tag-item Ignacio Uranga Materna Viajera\" id=\"posts-by-tag-item-2238\"><a class = \"posts-by-tag-item-title\" href=\"https:\/\/viajeraeditorial.ar\/blog\/2015\/01\/adelanto-de-materna-ignacio-uranga\/\">Adelanto de Materna * Ignacio Uranga<\/a><\/li><li class=\"posts-by-tag-item Ignacio Uranga Viajera\" id=\"posts-by-tag-item-172\"><a class = \"posts-by-tag-item-title\" href=\"https:\/\/viajeraeditorial.ar\/blog\/2014\/12\/un-poema-de-ignacio-uranga\/\">Un poema de Ignacio Uranga<\/a><\/li><li class=\"posts-by-tag-item Ignacio Uranga Materna Viajera\" id=\"posts-by-tag-item-2261\"><a class = \"posts-by-tag-item-title\" href=\"https:\/\/viajeraeditorial.ar\/blog\/2014\/11\/un-poema-de-ignacio-uranga-pronto-por-viajera-editorial\/\">Un poema de Ignacio Uranga, pronto por Viajera Editorial<\/a><\/li><li class=\"posts-by-tag-item Ignacio Uranga La Ruptura Materna\" id=\"posts-by-tag-item-2177\"><a class = \"posts-by-tag-item-title\" href=\"https:\/\/viajeraeditorial.ar\/blog\/2014\/08\/ignacio-uranga-desde-bahia-blanca\/\">Ignacio Uranga desde Bah\u00eda Blanca<\/a><\/li><\/ul>\n","protected":false},"excerpt":{"rendered":"<p>Naci\u00f3 en Bah\u00eda Blanca en 1982. Ha publicado los libros\u00a0El ella real (Argentina, 2009; Ediciones Liliputienses, Espa\u00f1a, 2013),\u00a0a-letheia\/ramalaje (obra finalista que obtuvo el primer premio en la Convocatoria Nacional Ediciones En Danza 2012, Argentina),\u00a0ramalaje (Ediciones OREM, Per\u00fa, 2013),\u00a0Materna, prologado por el premio Cervantes Juan Gelman y publicado por primera vez en M\u00e9xico (Trilce Ediciones, 2013). [&hellip;]<\/p>\n","protected":false},"author":3,"featured_media":0,"parent":8710,"menu_order":0,"comment_status":"closed","ping_status":"open","template":"","meta":[],"_links":{"self":[{"href":"https:\/\/viajeraeditorial.ar\/blog\/wp-json\/wp\/v2\/pages\/563"}],"collection":[{"href":"https:\/\/viajeraeditorial.ar\/blog\/wp-json\/wp\/v2\/pages"}],"about":[{"href":"https:\/\/viajeraeditorial.ar\/blog\/wp-json\/wp\/v2\/types\/page"}],"author":[{"embeddable":true,"href":"https:\/\/viajeraeditorial.ar\/blog\/wp-json\/wp\/v2\/users\/3"}],"replies":[{"embeddable":true,"href":"https:\/\/viajeraeditorial.ar\/blog\/wp-json\/wp\/v2\/comments?post=563"}],"version-history":[{"count":5,"href":"https:\/\/viajeraeditorial.ar\/blog\/wp-json\/wp\/v2\/pages\/563\/revisions"}],"predecessor-version":[{"id":4565,"href":"https:\/\/viajeraeditorial.ar\/blog\/wp-json\/wp\/v2\/pages\/563\/revisions\/4565"}],"up":[{"embeddable":true,"href":"https:\/\/viajeraeditorial.ar\/blog\/wp-json\/wp\/v2\/pages\/8710"}],"wp:attachment":[{"href":"https:\/\/viajeraeditorial.ar\/blog\/wp-json\/wp\/v2\/media?parent=563"}],"curies":[{"name":"wp","href":"https:\/\/api.w.org\/{rel}","templated":true}]}}