{"id":5634,"date":"2016-08-25T08:17:52","date_gmt":"2016-08-25T11:17:52","guid":{"rendered":"http:\/\/www.viajeraeditorial.com.ar\/?page_id=5634"},"modified":"2020-11-02T21:07:47","modified_gmt":"2020-11-03T00:07:47","slug":"gabriela-pedrotti","status":"publish","type":"page","link":"https:\/\/viajeraeditorial.ar\/blog\/catalogo\/gabriela-pedrotti\/","title":{"rendered":"Gabriela Pedrotti"},"content":{"rendered":"<p>&nbsp;<\/p>\n<p>Gabriela Pedrotti naci\u00f3 un verano del 67. Pas\u00f3 su infancia en el sur de la provincia de Buenos Aires, Berazategui, y su adolescencia, en Quilmes, lugar al que retorn\u00f3. Se recibi\u00f3 de licenciada en Psicolog\u00eda y <a href=\"http:\/\/www.viajeraeditorial.ar\/blog\/wp-content\/uploads\/2016\/08\/10363478-755856207829824-7849648456095296637-n.jpg\" rel=\"attachment wp-att-5635\"><img loading=\"lazy\" class=\"wp-image-5635 alignright\" src=\"http:\/\/www.viajeraeditorial.ar\/blog\/wp-content\/uploads\/2016\/08\/10363478-755856207829824-7849648456095296637-n.jpg\" alt=\"10363478_755856207829824_7849648456095296637_n\" width=\"213\" height=\"321\" srcset=\"https:\/\/viajeraeditorial.ar\/blog\/wp-content\/uploads\/2016\/08\/10363478-755856207829824-7849648456095296637-n.jpg 421w, https:\/\/viajeraeditorial.ar\/blog\/wp-content\/uploads\/2016\/08\/10363478-755856207829824-7849648456095296637-n-100x150.jpg 100w, https:\/\/viajeraeditorial.ar\/blog\/wp-content\/uploads\/2016\/08\/10363478-755856207829824-7849648456095296637-n-257x387.jpg 257w, https:\/\/viajeraeditorial.ar\/blog\/wp-content\/uploads\/2016\/08\/10363478-755856207829824-7849648456095296637-n-348x525.jpg 348w\" sizes=\"(max-width: 213px) 100vw, 213px\" \/><\/a>curs\u00f3 a la par la carrera de Psicolog\u00eda Social de Pichon Rivi\u00e8re. Se form\u00f3 en Psicoan\u00e1lisis en la Escuela Freudiana de Buenos Aires, lugar del cual es miembro AME. Escribi\u00f3 art\u00edculos que han sido publicados en distintos medios. Su gusto por las artes se reparte entre la escultura y la escritura. \u00c9sta, hoy, se vuelve p\u00fablica. Conjugada es su primer libro.<\/p>\n<p><strong><span style=\"text-decoration: underline;\">En Viajera<\/span><\/strong><\/p>\n<p style=\"padding-left: 30px;\"><a href=\"http:\/\/www.viajeraeditorial.ar\/blog\/bifida\/sueno-con-africa-dream-of-africa-reve-dafrique\/\"><img loading=\"lazy\" class=\"wp-image-6959  alignnone\" src=\"http:\/\/www.viajeraeditorial.ar\/blog\/wp-content\/uploads\/2016\/08\/conjugadat-e1472171889960.jpg\" alt=\"\" width=\"16\" height=\"26\" srcset=\"https:\/\/viajeraeditorial.ar\/blog\/wp-content\/uploads\/2016\/08\/conjugadat-e1472171889960.jpg 401w, https:\/\/viajeraeditorial.ar\/blog\/wp-content\/uploads\/2016\/08\/conjugadat-e1472171889960-237x387.jpg 237w, https:\/\/viajeraeditorial.ar\/blog\/wp-content\/uploads\/2016\/08\/conjugadat-e1472171889960-322x525.jpg 322w\" sizes=\"(max-width: 16px) 100vw, 16px\" \/><\/a>\u00a0<a href=\"http:\/\/www.viajeraeditorial.ar\/blog\/descubrir\/conjugada\/\">Conjugada<\/a> (<a href=\"http:\/\/www.viajeraeditorial.ar\/blog\/descubrir\/\">Descubrir<\/a>, 2015)<\/p>\n<p><strong><span style=\"text-decoration: underline;\">Contenido sobre\u00a0Gabriela<\/span><\/strong><\/p>\n<ul class = \"posts-by-tag-list\"><li class=\"posts-by-tag-item Gabriela Pedrotti Karina Macci\u00f3\" id=\"posts-by-tag-item-7601\"><a class = \"posts-by-tag-item-title\" href=\"https:\/\/viajeraeditorial.ar\/blog\/2019\/02\/mesa-de-poetas-en-la-radio-hoy-a-las-22\/\">Mesa de poetas en la radio * Hoy a las 22<\/a><\/li><li class=\"posts-by-tag-item Conjugada Gabriela Pedrotti\" id=\"posts-by-tag-item-7538\"><a class = \"posts-by-tag-item-title\" href=\"https:\/\/viajeraeditorial.ar\/blog\/2019\/01\/agotada-gabriela-pedrotti-2\/\">Agotada * Gabriela Pedrotti<\/a><\/li><li class=\"posts-by-tag-item Conjugada Gabriela Pedrotti\" id=\"posts-by-tag-item-7487\"><a class = \"posts-by-tag-item-title\" href=\"https:\/\/viajeraeditorial.ar\/blog\/2018\/12\/por-favor-gabriela-pedrotti\/\">Por favor * Gabriela Pedrotti<\/a><\/li><li class=\"posts-by-tag-item Conjugada Gabriela Pedrotti\" id=\"posts-by-tag-item-7157\"><a class = \"posts-by-tag-item-title\" href=\"https:\/\/viajeraeditorial.ar\/blog\/2018\/06\/tiempo-gabriela-pedrotti\/\">Tiempo * Gabriela Pedrotti<\/a><\/li><li class=\"posts-by-tag-item Conjugada Gabriela Pedrotti\" id=\"posts-by-tag-item-6955\"><a class = \"posts-by-tag-item-title\" href=\"https:\/\/viajeraeditorial.ar\/blog\/2018\/04\/a-mi-analista-gabriela-pedrotti\/\">A mi analista * Gabriela Pedrotti<\/a><\/li><li class=\"posts-by-tag-item Conjugada Gabriela Pedrotti\" id=\"posts-by-tag-item-6737\"><a class = \"posts-by-tag-item-title\" href=\"https:\/\/viajeraeditorial.ar\/blog\/2018\/02\/agotada-gabriela-pedrotti\/\">Agotada * Gabriela Pedrotti<\/a><\/li><li class=\"posts-by-tag-item Conjugada Gabriela Pedrotti\" id=\"posts-by-tag-item-6734\"><a class = \"posts-by-tag-item-title\" href=\"https:\/\/viajeraeditorial.ar\/blog\/2018\/01\/la-bailarina-gabriela-pedrotti\/\">La bailarina * Gabriela Pedrotti<\/a><\/li><li class=\"posts-by-tag-item Gabriela Pedrotti\" id=\"posts-by-tag-item-6276\"><a class = \"posts-by-tag-item-title\" href=\"https:\/\/viajeraeditorial.ar\/blog\/2017\/07\/la-voz-gabriela-pedrotti\/\">La voz * Gabriela Pedrotti<\/a><\/li><li class=\"posts-by-tag-item Gabriela Pedrotti\" id=\"posts-by-tag-item-6273\"><a class = \"posts-by-tag-item-title\" href=\"https:\/\/viajeraeditorial.ar\/blog\/2017\/07\/vitta-y-obra-gabriela-pedrotti\/\">Vitta y obra * Gabriela Pedrotti<\/a><\/li><li class=\"posts-by-tag-item Conjugada Festival Federal de Poes\u00eda Gabriela Pedrotti\" id=\"posts-by-tag-item-6073\"><a class = \"posts-by-tag-item-title\" href=\"https:\/\/viajeraeditorial.ar\/blog\/2017\/02\/gabriela-pedrotti-en-el-centro-cultural-nestor-kirchner\/\">Gabriela Pedrotti en el Centro Cultural N\u00e9stor Kirchner<\/a><\/li><li class=\"posts-by-tag-item Gabriela Pedrotti\" id=\"posts-by-tag-item-5577\"><a class = \"posts-by-tag-item-title\" href=\"https:\/\/viajeraeditorial.ar\/blog\/2016\/12\/las-veces-que-vivi-en-el-paraiso-gabriela-pedrotti\/\">Las veces que viv\u00ed en el para\u00edso * Gabriela Pedrotti<\/a><\/li><li class=\"posts-by-tag-item Gabriela Pedrotti\" id=\"posts-by-tag-item-5568\"><a class = \"posts-by-tag-item-title\" href=\"https:\/\/viajeraeditorial.ar\/blog\/2016\/10\/la-ternura-gabriela-pedrotti\/\">La ternura * Gabriela Pedrotti<\/a><\/li><li class=\"posts-by-tag-item Gabriela Pedrotti\" id=\"posts-by-tag-item-5565\"><a class = \"posts-by-tag-item-title\" href=\"https:\/\/viajeraeditorial.ar\/blog\/2016\/10\/la-lengua-gabriela-pedrotti\/\">La lengua * Gabriela Pedrotti<\/a><\/li><li class=\"posts-by-tag-item Gabriela Pedrotti\" id=\"posts-by-tag-item-5574\"><a class = \"posts-by-tag-item-title\" href=\"https:\/\/viajeraeditorial.ar\/blog\/2016\/09\/las-olas-gabriela-pedrotti\/\">Las olas * Gabriela Pedrotti<\/a><\/li><li class=\"posts-by-tag-item Gabriela Pedrotti\" id=\"posts-by-tag-item-5571\"><a class = \"posts-by-tag-item-title\" href=\"https:\/\/viajeraeditorial.ar\/blog\/2016\/08\/un-barrio-gabriela-pedrotti\/\">Un barrio * Gabriela Pedrotti<\/a><\/li><li class=\"posts-by-tag-item Gabriela Pedrotti Mar\u00eda del Carmen Sarquis\" id=\"posts-by-tag-item-5368\"><a class = \"posts-by-tag-item-title\" href=\"https:\/\/viajeraeditorial.ar\/blog\/2016\/03\/viajera-en-rio-cuarto\/\">Viajera en R\u00edo Cuarto<\/a><\/li><li class=\"posts-by-tag-item Conjugada Gabriela Pedrotti Portada\" id=\"posts-by-tag-item-5253\"><a class = \"posts-by-tag-item-title\" href=\"https:\/\/viajeraeditorial.ar\/blog\/2016\/01\/vuelo-a-la-oscuridad-gabriela-pedrotti\/\">Vuelo a la oscuridad * Gabriela Pedrotti<\/a><\/li><li class=\"posts-by-tag-item Daniel C\u00e1seres Eugenia Coiro Gabriela Oyola Gabriela Pedrotti Gloria Candioti Karina Macci\u00f3 Lorena Garc\u00eda Mariana Faierman Pablo M\u00fcllner\" id=\"posts-by-tag-item-5220\"><a class = \"posts-by-tag-item-title\" href=\"https:\/\/viajeraeditorial.ar\/blog\/2015\/12\/adelantos-en-festival-tienda-safiras-2012\/\">Adelantos en Festival Tienda Safiras * 20\/12<\/a><\/li><li class=\"posts-by-tag-item Conjugada Gabriela Pedrotti Karina Macci\u00f3 Portada\" id=\"posts-by-tag-item-5161\"><a class = \"posts-by-tag-item-title\" href=\"https:\/\/viajeraeditorial.ar\/blog\/2015\/12\/en-la-presentacion-de-conjugada-karina-maccio\/\">En la presentaci\u00f3n de Conjugada * Karina Macci\u00f3<\/a><\/li><li class=\"posts-by-tag-item Gabriela Pedrotti Portada\" id=\"posts-by-tag-item-5152\"><a class = \"posts-by-tag-item-title\" href=\"https:\/\/viajeraeditorial.ar\/blog\/2015\/11\/el-infinito-gabriela-pedrotti\/\">El infinito * Gabriela Pedrotti<\/a><\/li><li class=\"posts-by-tag-item Gabriela Pedrotti Portada\" id=\"posts-by-tag-item-5149\"><a class = \"posts-by-tag-item-title\" href=\"https:\/\/viajeraeditorial.ar\/blog\/2015\/11\/quiero-que-tu-cuerpo-conjugada-de-gabriela-pedrotti\/\">Quiero que tu cuerpo * Conjugada, de Gabriela Pedrotti<\/a><\/li><li class=\"posts-by-tag-item Eugenia Coiro Festival Federal de Poes\u00eda Gabriela Aristegui Gabriela Pedrotti Karina Macci\u00f3 Marcela Manuel Portada Virginia Janza\" id=\"posts-by-tag-item-5044\"><a class = \"posts-by-tag-item-title\" href=\"https:\/\/viajeraeditorial.ar\/blog\/2015\/10\/festival-federal-de-poesia-1110\/\">Festival Federal de Poes\u00eda 11\/10<\/a><\/li><li class=\"posts-by-tag-item Gabriela Pedrotti Portada viajeraprimavera\" id=\"posts-by-tag-item-4874\"><a class = \"posts-by-tag-item-title\" href=\"https:\/\/viajeraeditorial.ar\/blog\/2015\/09\/gabriela-pedrotti-en-el-museo-de-la-lengua-y-la-literatura\/\">Gabriela Pedrotti en el Museo de la Lengua y la Literatura<\/a><\/li><li class=\"posts-by-tag-item Gabriela Pedrotti\" id=\"posts-by-tag-item-5\"><a class = \"posts-by-tag-item-title\" href=\"https:\/\/viajeraeditorial.ar\/blog\/2015\/06\/viajera-de-otono-gabriela-pedrotti\/\">Viajera de Oto\u00f1o * Gabriela Pedrotti<\/a><\/li><li class=\"posts-by-tag-item Daniel C\u00e1seres Gabriela Oyola Gabriela Pedrotti H\u00e9ctor Urrusputu Juan Alberto Crasci Julia Magistratti Lorena Suez Nicol\u00e1s Pazos Sof\u00eda Ciravegna Viajera Viajera Visita\" id=\"posts-by-tag-item-23\"><a class = \"posts-by-tag-item-title\" href=\"https:\/\/viajeraeditorial.ar\/blog\/2015\/05\/viajera-de-otono-46-espiche\/\">Viajera de Oto\u00f1o * 4\/6-Espiche<\/a><\/li><li class=\"posts-by-tag-item Axel Levin Belara Mich\u00e1n Diego Recalde Eugenia Coiro Feria del Libro Gabriela Aristegui Gabriela Pedrotti Karina Macci\u00f3 Lola Ullmann Lorena Garc\u00eda Marcela Manuel Mar\u00eda del Carmen Sarquis Mar\u00eda Victoria Verzura Mauricio Dreiling Minuto4 Nicol\u00e1s Di Candia Pablo M\u00fcllner Paula Maff\u00eda Portada Sof\u00eda Ciravegna Viajera Viajera Visita Virginia Janza\" id=\"posts-by-tag-item-814\"><a class = \"posts-by-tag-item-title\" href=\"https:\/\/viajeraeditorial.ar\/blog\/2015\/05\/viajera-en-la-feria-del-libro\/\">Viajera en la Feria del Libro<\/a><\/li><\/ul>\n","protected":false},"excerpt":{"rendered":"<p>&nbsp; Gabriela Pedrotti naci\u00f3 un verano del 67. Pas\u00f3 su infancia en el sur de la provincia de Buenos Aires, Berazategui, y su adolescencia, en Quilmes, lugar al que retorn\u00f3. Se recibi\u00f3 de licenciada en Psicolog\u00eda y curs\u00f3 a la par la carrera de Psicolog\u00eda Social de Pichon Rivi\u00e8re. Se form\u00f3 en Psicoan\u00e1lisis en la [&hellip;]<\/p>\n","protected":false},"author":4,"featured_media":0,"parent":8710,"menu_order":0,"comment_status":"closed","ping_status":"open","template":"","meta":[],"_links":{"self":[{"href":"https:\/\/viajeraeditorial.ar\/blog\/wp-json\/wp\/v2\/pages\/5634"}],"collection":[{"href":"https:\/\/viajeraeditorial.ar\/blog\/wp-json\/wp\/v2\/pages"}],"about":[{"href":"https:\/\/viajeraeditorial.ar\/blog\/wp-json\/wp\/v2\/types\/page"}],"author":[{"embeddable":true,"href":"https:\/\/viajeraeditorial.ar\/blog\/wp-json\/wp\/v2\/users\/4"}],"replies":[{"embeddable":true,"href":"https:\/\/viajeraeditorial.ar\/blog\/wp-json\/wp\/v2\/comments?post=5634"}],"version-history":[{"count":3,"href":"https:\/\/viajeraeditorial.ar\/blog\/wp-json\/wp\/v2\/pages\/5634\/revisions"}],"predecessor-version":[{"id":6960,"href":"https:\/\/viajeraeditorial.ar\/blog\/wp-json\/wp\/v2\/pages\/5634\/revisions\/6960"}],"up":[{"embeddable":true,"href":"https:\/\/viajeraeditorial.ar\/blog\/wp-json\/wp\/v2\/pages\/8710"}],"wp:attachment":[{"href":"https:\/\/viajeraeditorial.ar\/blog\/wp-json\/wp\/v2\/media?parent=5634"}],"curies":[{"name":"wp","href":"https:\/\/api.w.org\/{rel}","templated":true}]}}