{"id":5637,"date":"2016-08-25T08:24:33","date_gmt":"2016-08-25T11:24:33","guid":{"rendered":"http:\/\/www.viajeraeditorial.com.ar\/?page_id=5637"},"modified":"2020-11-02T21:07:47","modified_gmt":"2020-11-03T00:07:47","slug":"gloria-candioti","status":"publish","type":"page","link":"https:\/\/viajeraeditorial.ar\/blog\/catalogo\/gloria-candioti\/","title":{"rendered":"Gloria Candioti"},"content":{"rendered":"<p>&nbsp;<\/p>\n<p align=\"JUSTIFY\">Gloria Candioti naci\u00f3 en Buenos Aires en abril de 1955. Es profesora de Letras, licenciada en Gesti\u00f3n Educativa. Actualmente se desempe\u00f1a como Rectora de un colegio en la Ciudad de Buenos Aires. Egres\u00f3 <a href=\"http:\/\/www.viajeraeditorial.ar\/blog\/wp-content\/uploads\/2016\/08\/11699041-10207253361470850-3190095078630238988-o.jpg\" rel=\"attachment wp-att-5639\"><img loading=\"lazy\" class=\"wp-image-5639 alignright\" src=\"http:\/\/www.viajeraeditorial.ar\/blog\/wp-content\/uploads\/2016\/08\/11699041-10207253361470850-3190095078630238988-o-632x873.jpg\" alt=\"11699041_10207253361470850_3190095078630238988_o\" width=\"224\" height=\"309\" srcset=\"https:\/\/viajeraeditorial.ar\/blog\/wp-content\/uploads\/2016\/08\/11699041-10207253361470850-3190095078630238988-o-632x873.jpg 632w, https:\/\/viajeraeditorial.ar\/blog\/wp-content\/uploads\/2016\/08\/11699041-10207253361470850-3190095078630238988-o-257x355.jpg 257w, https:\/\/viajeraeditorial.ar\/blog\/wp-content\/uploads\/2016\/08\/11699041-10207253361470850-3190095078630238988-o-350x484.jpg 350w, https:\/\/viajeraeditorial.ar\/blog\/wp-content\/uploads\/2016\/08\/11699041-10207253361470850-3190095078630238988-o.jpg 681w\" sizes=\"(max-width: 224px) 100vw, 224px\" \/><\/a>del Programa de Capacitaci\u00f3n en Literatura Infanto Juvenil de Casa de Letras , habiendo realizado talleres con la especialista en Literatura Infanto Juvenil, Lic. Alicia Salvi, con los escritores Eduardo Day\u00e1n, Esteban Valentino, Istvansch, Cecilia Pisos y la narradora oral, Viv\u00ed Garc\u00eda. Actualmente toma clases de narraci\u00f3n oral esc\u00e9nica con Maryta Berenguer. Particip\u00f3 de talleres de reflexi\u00f3n sobre novela con la escritora Liliana Bodoc. Curs\u00f3 Alas de ida y Vuelta &#8211; Leer y escribir textos para chicos con la escritora Cecilia Pisos y el escritor e ilustrador Istvansch, en Casa de Letras. Como escritora ha publicado para chicos: El cuarto de juegos fue finalista del Concurso de Literatura Infantil y Juvenil Julio C. Coba 2013 y publicada por editorial Libresa. El hada de las flores (cuento) ha sido seleccionado por la Universidad Iberoamericana de Le\u00f3n \u2013M\u00e9xico \u2013 para integrar la Antolog\u00eda de cuentos ilustrados con enfoque \u00e9tico. En Argentina se public\u00f3 por la editorial De los cuatro vientos en 2015.<\/p>\n<p align=\"JUSTIFY\">El caballero de las zapatillas verdes y otros (cuentos con Pictogramas) por Salim Ediciones. Para j\u00f3venes: Hola Princess editada por Quipu ediciones en 2015. No me tom\u00e9s a la chacota fue finalista del Premio Sigmar 2015 (in\u00e9dita) La tribu del relojero Editada por Libresa \u2013Ecuador- 2016 Participa de los talleres de escritura en Siempre de Viaje Literatura en Progreso con la poeta Virginia Janza desde el 2011.<\/p>\n<p><strong><span style=\"text-decoration: underline;\">En Viajera<\/span><\/strong><\/p>\n<p style=\"padding-left: 30px;\"><a href=\"http:\/\/www.viajeraeditorial.ar\/blog\/wp-content\/uploads\/2016\/08\/ventanales-tdifusion.jpg\" rel=\"attachment wp-att-5638\"><img loading=\"lazy\" class=\"wp-image-5638 alignnone\" src=\"http:\/\/www.viajeraeditorial.ar\/blog\/wp-content\/uploads\/2016\/08\/ventanales-tdifusion-632x933.jpg\" alt=\"Ventanales Tdifusion\" width=\"12\" height=\"18\" \/><\/a>\u00a0<a href=\"http:\/\/www.viajeraeditorial.ar\/blog\/explorar\/ventanales\/\">Ventanales<\/a> (<a href=\"http:\/\/www.viajeraeditorial.ar\/blog\/explorar\/\">Explorar<\/a>, 2013)<\/p>\n<p><strong><span style=\"text-decoration: underline;\">Contenido sobre Gloria<\/span><\/strong><\/p>\n<ul class = \"posts-by-tag-list\"><li class=\"posts-by-tag-item Gloria Candioti Ventanales\" id=\"posts-by-tag-item-7683\"><a class = \"posts-by-tag-item-title\" href=\"https:\/\/viajeraeditorial.ar\/blog\/2019\/06\/algo-de-mi-gloria-candioti\/\">Algo de m\u00ed * Gloria Candioti<\/a><\/li><li class=\"posts-by-tag-item Gloria Candioti Ventanales\" id=\"posts-by-tag-item-7686\"><a class = \"posts-by-tag-item-title\" href=\"https:\/\/viajeraeditorial.ar\/blog\/2019\/05\/otra-luz-gloria-candioti\/\">Otra luz * Gloria Candioti<\/a><\/li><li class=\"posts-by-tag-item Gloria Candioti Ventanales\" id=\"posts-by-tag-item-7689\"><a class = \"posts-by-tag-item-title\" href=\"https:\/\/viajeraeditorial.ar\/blog\/2019\/03\/penelope-gloria-candioti\/\">Pen\u00e9lope * Gloria Candioti<\/a><\/li><li class=\"posts-by-tag-item Gloria Candioti Ventanales\" id=\"posts-by-tag-item-7692\"><a class = \"posts-by-tag-item-title\" href=\"https:\/\/viajeraeditorial.ar\/blog\/2019\/03\/mediodias-de-verano-gloria-candioti\/\">Mediod\u00edas de verano * Gloria Candioti<\/a><\/li><li class=\"posts-by-tag-item Gloria Candioti Ventanales\" id=\"posts-by-tag-item-7680\"><a class = \"posts-by-tag-item-title\" href=\"https:\/\/viajeraeditorial.ar\/blog\/2019\/03\/vacia-y-quieta-gloria-candioti\/\">Vac\u00eda y quieta * Gloria Candioti<\/a><\/li><li class=\"posts-by-tag-item Axel Levin Cristina Eseiza Gloria Candioti Javier Pizarro Lorena Suez\" id=\"posts-by-tag-item-6650\"><a class = \"posts-by-tag-item-title\" href=\"https:\/\/viajeraeditorial.ar\/blog\/2017\/12\/escucha-viajeros-en-la-luna-enlozada\/\">Escuch\u00e1 viajeros en la Luna Enlozada<\/a><\/li><li class=\"posts-by-tag-item Axel Levin Cristina Eseiza Gloria Candioti Javier Pizarro Lorena Suez\" id=\"posts-by-tag-item-6641\"><a class = \"posts-by-tag-item-title\" href=\"https:\/\/viajeraeditorial.ar\/blog\/2017\/11\/eseiza-candioti-pizarro-levin-y-suez-en-luna-enlozada-2311\/\">Eseiza, Candioti, Pizarro, Levin y Suez en Luna Enlozada * 23\/11<\/a><\/li><li class=\"posts-by-tag-item Gloria Candioti Ventanales\" id=\"posts-by-tag-item-5562\"><a class = \"posts-by-tag-item-title\" href=\"https:\/\/viajeraeditorial.ar\/blog\/2016\/08\/alicia-saliva-sobre-ventanales\/\">Alicia Saliva sobre Ventanales<\/a><\/li><li class=\"posts-by-tag-item Gloria Candioti Ventanales\" id=\"posts-by-tag-item-5513\"><a class = \"posts-by-tag-item-title\" href=\"https:\/\/viajeraeditorial.ar\/blog\/2016\/07\/noche-de-apagon-gloria-candioti\/\">Noche de apag\u00f3n * Gloria Candioti<\/a><\/li><li class=\"posts-by-tag-item Gloria Candioti Ventanales\" id=\"posts-by-tag-item-5510\"><a class = \"posts-by-tag-item-title\" href=\"https:\/\/viajeraeditorial.ar\/blog\/2016\/07\/ventanales-de-gloria-candioti-en-el-museo-del-libro-y-de-la-lengua\/\">Ventanales de Gloria Candioti en el Museo del Libro y de la Lengua<\/a><\/li><li class=\"posts-by-tag-item Gloria Candioti Portada Ventanales\" id=\"posts-by-tag-item-5426\"><a class = \"posts-by-tag-item-title\" href=\"https:\/\/viajeraeditorial.ar\/blog\/2016\/04\/la-luna-del-20-gloria-candioti\/\">La luna del 20 * Gloria Candioti<\/a><\/li><li class=\"posts-by-tag-item Daniel C\u00e1seres Eugenia Coiro Gabriela Oyola Gabriela Pedrotti Gloria Candioti Karina Macci\u00f3 Lorena Garc\u00eda Mariana Faierman Pablo M\u00fcllner\" id=\"posts-by-tag-item-5220\"><a class = \"posts-by-tag-item-title\" href=\"https:\/\/viajeraeditorial.ar\/blog\/2015\/12\/adelantos-en-festival-tienda-safiras-2012\/\">Adelantos en Festival Tienda Safiras * 20\/12<\/a><\/li><li class=\"posts-by-tag-item Gloria Candioti\" id=\"posts-by-tag-item-4648\"><a class = \"posts-by-tag-item-title\" href=\"https:\/\/viajeraeditorial.ar\/blog\/2015\/07\/4648\/\">La cantora (fragmento) de Gloria Candioti<\/a><\/li><li class=\"posts-by-tag-item Biblioteca Nacional Delfina Uriburu Eugenia Coiro Gabriela Aristegui Gabriela Oyola Gabriela Tavolara Gloria Candioti Mauricio Dreiling Nicol\u00e1s Di Candia Pablo M\u00fcllner Portada Susana Cella Viajera Invernal Virginia Janza\" id=\"posts-by-tag-item-4628\"><a class = \"posts-by-tag-item-title\" href=\"https:\/\/viajeraeditorial.ar\/blog\/2015\/06\/viajera-de-invierno-en-la-biblioteca-nacional\/\">Viajera de Invierno en la Biblioteca Nacional<\/a><\/li><\/ul>\n","protected":false},"excerpt":{"rendered":"<p>&nbsp; Gloria Candioti naci\u00f3 en Buenos Aires en abril de 1955. Es profesora de Letras, licenciada en Gesti\u00f3n Educativa. Actualmente se desempe\u00f1a como Rectora de un colegio en la Ciudad de Buenos Aires. Egres\u00f3 del Programa de Capacitaci\u00f3n en Literatura Infanto Juvenil de Casa de Letras , habiendo realizado talleres con la especialista en Literatura [&hellip;]<\/p>\n","protected":false},"author":4,"featured_media":0,"parent":8710,"menu_order":0,"comment_status":"closed","ping_status":"open","template":"","meta":[],"_links":{"self":[{"href":"https:\/\/viajeraeditorial.ar\/blog\/wp-json\/wp\/v2\/pages\/5637"}],"collection":[{"href":"https:\/\/viajeraeditorial.ar\/blog\/wp-json\/wp\/v2\/pages"}],"about":[{"href":"https:\/\/viajeraeditorial.ar\/blog\/wp-json\/wp\/v2\/types\/page"}],"author":[{"embeddable":true,"href":"https:\/\/viajeraeditorial.ar\/blog\/wp-json\/wp\/v2\/users\/4"}],"replies":[{"embeddable":true,"href":"https:\/\/viajeraeditorial.ar\/blog\/wp-json\/wp\/v2\/comments?post=5637"}],"version-history":[{"count":1,"href":"https:\/\/viajeraeditorial.ar\/blog\/wp-json\/wp\/v2\/pages\/5637\/revisions"}],"predecessor-version":[{"id":5640,"href":"https:\/\/viajeraeditorial.ar\/blog\/wp-json\/wp\/v2\/pages\/5637\/revisions\/5640"}],"up":[{"embeddable":true,"href":"https:\/\/viajeraeditorial.ar\/blog\/wp-json\/wp\/v2\/pages\/8710"}],"wp:attachment":[{"href":"https:\/\/viajeraeditorial.ar\/blog\/wp-json\/wp\/v2\/media?parent=5637"}],"curies":[{"name":"wp","href":"https:\/\/api.w.org\/{rel}","templated":true}]}}